{"id":15962,"date":"2023-10-10T16:24:29","date_gmt":"2023-10-10T16:24:29","guid":{"rendered":"https:\/\/holdingtrade.es\/producto\/quixote-merlot-tempranillo-petit-verdot\/"},"modified":"2024-05-09T03:24:36","modified_gmt":"2024-05-09T03:24:36","slug":"quixote-merlot-tempranillo-petit-verdot","status":"publish","type":"product","link":"http:\/\/holdingtrade.es\/en\/producto\/quixote-merlot-tempranillo-petit-verdot\/","title":{"rendered":"Quixote Merlot, Tempranillo &#038; Petit Verdot"},"content":{"rendered":"\t\t<div data-elementor-type=\"wp-post\" data-elementor-id=\"15962\" class=\"elementor elementor-15962\" data-elementor-post-type=\"product\">\n\t\t\t\t<div class=\"wd-negative-gap elementor-element elementor-element-13932c10 e-flex e-con-boxed wd-section-disabled e-con e-parent\" data-id=\"13932c10\" data-element_type=\"container\">\n\t\t\t\t\t<div class=\"e-con-inner\">\n\t\t\t\t<div class=\"elementor-element elementor-element-4013fcd color-scheme-inherit text-left elementor-widget elementor-widget-text-editor\" data-id=\"4013fcd\" data-element_type=\"widget\" data-widget_type=\"text-editor.default\">\n\t\t\t\t<div class=\"elementor-widget-container\">\n\t\t\t<style>\/*! elementor - v3.22.0 - 26-06-2024 *\/\n.elementor-widget-text-editor.elementor-drop-cap-view-stacked .elementor-drop-cap{background-color:#69727d;color:#fff}.elementor-widget-text-editor.elementor-drop-cap-view-framed .elementor-drop-cap{color:#69727d;border:3px solid;background-color:transparent}.elementor-widget-text-editor:not(.elementor-drop-cap-view-default) .elementor-drop-cap{margin-top:8px}.elementor-widget-text-editor:not(.elementor-drop-cap-view-default) .elementor-drop-cap-letter{width:1em;height:1em}.elementor-widget-text-editor .elementor-drop-cap{float:left;text-align:center;line-height:1;font-size:50px}.elementor-widget-text-editor .elementor-drop-cap-letter{display:inline-block}<\/style>\t\t\t\tEn este Quixote la fiel Tempranillo se mezcla, en perfecta armon\u00eda, con la fragante Merlot y con la fresca Petit verdot. El resultado nos acerca a un tinto m\u00e1s que agradable. Con recuerdos de monte bajo y bals\u00e1micos, tiene un paso por boca potente.\t\t\t\t\t\t<\/div>\n\t\t\t\t<\/div>\n\t\t\t\t\t<\/div>\n\t\t\t\t<\/div>\n\t\t<div class=\"wd-negative-gap elementor-element elementor-element-527bf3ac wd-section-stretch e-flex e-con-boxed e-con e-parent\" data-id=\"527bf3ac\" data-element_type=\"container\" data-settings=\"{&quot;background_background&quot;:&quot;video&quot;,&quot;background_video_link&quot;:&quot;https:\\\/\\\/holdingtrade.es\\\/wp-content\\\/uploads\\\/2023\\\/10\\\/homepage_v2_compressed.mp4&quot;}\">\n\t\t\t\t\t<div class=\"e-con-inner\">\n\t\t<div class=\"elementor-background-video-container elementor-hidden-phone\">\n\t\t\t\t\t\t\t<video class=\"elementor-background-video-hosted elementor-html5-video\" autoplay muted playsinline loop><\/video>\n\t\t\t\t\t<\/div><div class=\"elementor-element elementor-element-7a336555 e-con-full e-flex wd-section-disabled e-con e-child\" data-id=\"7a336555\" data-element_type=\"container\" data-settings=\"{&quot;background_background&quot;:&quot;classic&quot;}\">\n\t\t\t\t<div class=\"elementor-element elementor-element-7f2e8233 elementor-widget elementor-widget-image\" data-id=\"7f2e8233\" data-element_type=\"widget\" data-widget_type=\"image.default\">\n\t\t\t\t<div class=\"elementor-widget-container\">\n\t\t\t<style>\/*! elementor - v3.22.0 - 26-06-2024 *\/\n.elementor-widget-image{text-align:center}.elementor-widget-image a{display:inline-block}.elementor-widget-image a img[src$=\".svg\"]{width:48px}.elementor-widget-image img{vertical-align:middle;display:inline-block}<\/style>\t\t\t\t\t\t\t\t\t\t<img decoding=\"async\" width=\"160\" height=\"95\" src=\"http:\/\/holdingtrade.es\/wp-content\/uploads\/2023\/10\/logo_pagocasadelblanco.png\" class=\"attachment-full size-full wp-image-16109\" alt=\"\" srcset=\"http:\/\/holdingtrade.es\/wp-content\/uploads\/2023\/10\/logo_pagocasadelblanco.png 160w, http:\/\/holdingtrade.es\/wp-content\/uploads\/2023\/10\/logo_pagocasadelblanco-150x89.png 150w\" sizes=\"(max-width: 160px) 100vw, 160px\" \/>\t\t\t\t\t\t\t\t\t\t\t\t\t<\/div>\n\t\t\t\t<\/div>\n\t\t\t\t<div class=\"elementor-element elementor-element-2fc4d6f1 color-scheme-inherit text-left elementor-widget elementor-widget-text-editor\" data-id=\"2fc4d6f1\" data-element_type=\"widget\" data-widget_type=\"text-editor.default\">\n\t\t\t\t<div class=\"elementor-widget-container\">\n\t\t\t\t\t\t\t<p>El c\u00e1lido elixir que nace en nuestra tierra tiene cuerpo y tiene alma. Y acompa\u00f1a en la historia a nuestro hidalgo m\u00e1s universal, sanando sus mortales heridas despu\u00e9s de la batalla. &#8220;La receta del b\u00e1lsamo de Fierabr\u00e1s se compone de aceite, sal, romero y vino&#8221;. En efecto, el microclima de nuestros vi\u00f1edos otorga al Quixote la cualidad de vino de Pago, corroborando las propiedades que ya anunci\u00f3 nuestro admirado Cervantes. A\u00f1o a a\u00f1o nuestra p\u00f3cima culmina el buen hacer de generaciones, que desde mediados del siglo XIX dedicaron sus d\u00edas y sus noches, sus sue\u00f1os y sus desvelos, a envolver nuestras papilas. As\u00ed que cerremos los ojos, brindemos juntos y confundamos a los molinos con gigantes.<\/p>\t\t\t\t\t\t<\/div>\n\t\t\t\t<\/div>\n\t\t\t\t<\/div>\n\t\t\t\t\t<\/div>\n\t\t\t\t<\/div>\n\t\t\t\t<section class=\"elementor-section elementor-top-section elementor-element elementor-element-6e878ecb elementor-section-content-middle elementor-section-full_width wd-section-stretch elementor-section-height-default elementor-section-height-default\" data-id=\"6e878ecb\" data-element_type=\"section\" data-settings=\"{&quot;background_background&quot;:&quot;classic&quot;}\">\n\t\t\t\t\t\t<div class=\"elementor-container elementor-column-gap-default\">\n\t\t\t\t\t<div class=\"elementor-column elementor-col-50 elementor-top-column elementor-element elementor-element-326cb399\" data-id=\"326cb399\" data-element_type=\"column\">\n\t\t\t<div class=\"elementor-widget-wrap elementor-element-populated\">\n\t\t\t\t\t\t<div class=\"elementor-element elementor-element-7bd8230f elementor-widget elementor-widget-video\" data-id=\"7bd8230f\" data-element_type=\"widget\" data-settings=\"{&quot;youtube_url&quot;:&quot;https:\\\/\\\/www.youtube.com\\\/embed\\\/3aP1EumotNw&quot;,&quot;video_type&quot;:&quot;youtube&quot;,&quot;controls&quot;:&quot;yes&quot;}\" data-widget_type=\"video.default\">\n\t\t\t\t<div class=\"elementor-widget-container\">\n\t\t\t<style>\/*! elementor - v3.22.0 - 26-06-2024 *\/\n.elementor-widget-video .elementor-widget-container{overflow:hidden;transform:translateZ(0)}.elementor-widget-video .elementor-wrapper{aspect-ratio:var(--video-aspect-ratio)}.elementor-widget-video .elementor-wrapper iframe,.elementor-widget-video .elementor-wrapper video{height:100%;width:100%;display:flex;border:none;background-color:#000}@supports not (aspect-ratio:1\/1){.elementor-widget-video .elementor-wrapper{position:relative;overflow:hidden;height:0;padding-bottom:calc(100% \/ var(--video-aspect-ratio))}.elementor-widget-video .elementor-wrapper iframe,.elementor-widget-video .elementor-wrapper video{position:absolute;top:0;right:0;bottom:0;left:0}}.elementor-widget-video .elementor-open-inline .elementor-custom-embed-image-overlay{position:absolute;top:0;right:0;bottom:0;left:0;background-size:cover;background-position:50%}.elementor-widget-video .elementor-custom-embed-image-overlay{cursor:pointer;text-align:center}.elementor-widget-video .elementor-custom-embed-image-overlay:hover .elementor-custom-embed-play i{opacity:1}.elementor-widget-video .elementor-custom-embed-image-overlay img{display:block;width:100%;aspect-ratio:var(--video-aspect-ratio);-o-object-fit:cover;object-fit:cover;-o-object-position:center center;object-position:center center}@supports not (aspect-ratio:1\/1){.elementor-widget-video .elementor-custom-embed-image-overlay{position:relative;overflow:hidden;height:0;padding-bottom:calc(100% \/ var(--video-aspect-ratio))}.elementor-widget-video .elementor-custom-embed-image-overlay img{position:absolute;top:0;right:0;bottom:0;left:0}}.elementor-widget-video .e-hosted-video .elementor-video{-o-object-fit:cover;object-fit:cover}.e-con-inner>.elementor-widget-video,.e-con>.elementor-widget-video{width:var(--container-widget-width);--flex-grow:var(--container-widget-flex-grow)}<\/style>\t\t<div class=\"elementor-wrapper elementor-open-inline\">\n\t\t\t<div class=\"elementor-video\"><\/div>\t\t<\/div>\n\t\t\t\t<\/div>\n\t\t\t\t<\/div>\n\t\t\t\t\t<\/div>\n\t\t<\/div>\n\t\t\t\t<div class=\"elementor-column elementor-col-50 elementor-top-column elementor-element elementor-element-684d4553 text-center\" data-id=\"684d4553\" data-element_type=\"column\">\n\t\t\t<div class=\"elementor-widget-wrap elementor-element-populated\">\n\t\t\t\t\t\t<div class=\"elementor-element elementor-element-225168 elementor-widget elementor-widget-image\" data-id=\"225168\" data-element_type=\"widget\" data-widget_type=\"image.default\">\n\t\t\t\t<div class=\"elementor-widget-container\">\n\t\t\t\t\t\t\t\t\t\t\t\t\t<img fetchpriority=\"high\" decoding=\"async\" width=\"512\" height=\"512\" src=\"http:\/\/holdingtrade.es\/wp-content\/uploads\/2021\/08\/degustacao-icone.png\" class=\"attachment-large size-large wp-image-15876\" alt=\"\" srcset=\"http:\/\/holdingtrade.es\/wp-content\/uploads\/2021\/08\/degustacao-icone.png 512w, http:\/\/holdingtrade.es\/wp-content\/uploads\/2021\/08\/degustacao-icone-430x430.png 430w, http:\/\/holdingtrade.es\/wp-content\/uploads\/2021\/08\/degustacao-icone-150x150.png 150w, http:\/\/holdingtrade.es\/wp-content\/uploads\/2021\/08\/degustacao-icone-300x300.png 300w\" sizes=\"(max-width: 512px) 100vw, 512px\" \/>\t\t\t\t\t\t\t\t\t\t\t\t\t<\/div>\n\t\t\t\t<\/div>\n\t\t\t\t<div class=\"elementor-element elementor-element-50d42d27 elementor-widget elementor-widget-wd_title\" data-id=\"50d42d27\" data-element_type=\"widget\" data-widget_type=\"wd_title.default\">\n\t\t\t\t<div class=\"elementor-widget-container\">\n\t\t\t\t\t<div class=\"title-wrapper set-mb-s reset-last-child wd-title-color-default wd-title-style-default wd-title-size-extra-large text-left\">\n\n\t\t\t\n\t\t\t<div class=\"liner-continer\">\n\t\t\t\t<h4 class=\"woodmart-title-container title wd-fontsize-xxxl\">Cata ONLINE<\/h4> \n\t\t\t\t\t\t\t<\/div>\n\n\t\t\t\t\t\t\t<div class=\"title-after_title set-cont-mb-s reset-last-child wd-fontsize-s\">\n\t\t\t\t\t<p><strong>CATA VISUAL<\/strong>: Color cereza de capa alta.<br \/><strong>CATA OLFATIVA:<\/strong> Muy potente con recuerdos de monte bajo y bals\u00e1micos.<br \/><strong>CATA GUSTATIVA<\/strong>: En boca se muestra un perfecto equilibrio entre las maderas nobles y las frutas rojas. Presenta una marcada personalidad, potente, con final especiado y persistente.<\/p>\t\t\t\t<\/div>\n\t\t\t\t\t<\/div>\n\t\t\t\t<\/div>\n\t\t\t\t<\/div>\n\t\t\t\t\t<\/div>\n\t\t<\/div>\n\t\t\t\t\t<\/div>\n\t\t<\/section>\n\t\t<div class=\"wd-negative-gap elementor-element elementor-element-6c8579fa e-flex e-con-boxed wd-section-disabled e-con e-parent\" data-id=\"6c8579fa\" data-element_type=\"container\">\n\t\t\t\t\t<div class=\"e-con-inner\">\n\t\t\t\t<div class=\"elementor-element elementor-element-1a2838c0 elementor-widget elementor-widget-heading\" data-id=\"1a2838c0\" data-element_type=\"widget\" data-widget_type=\"heading.default\">\n\t\t\t\t<div class=\"elementor-widget-container\">\n\t\t\t<style>\/*! elementor - v3.22.0 - 26-06-2024 *\/\n.elementor-heading-title{padding:0;margin:0;line-height:1}.elementor-widget-heading .elementor-heading-title[class*=elementor-size-]>a{color:inherit;font-size:inherit;line-height:inherit}.elementor-widget-heading .elementor-heading-title.elementor-size-small{font-size:15px}.elementor-widget-heading .elementor-heading-title.elementor-size-medium{font-size:19px}.elementor-widget-heading .elementor-heading-title.elementor-size-large{font-size:29px}.elementor-widget-heading .elementor-heading-title.elementor-size-xl{font-size:39px}.elementor-widget-heading .elementor-heading-title.elementor-size-xxl{font-size:59px}<\/style><h2 class=\"elementor-heading-title elementor-size-default\">PREMIOS<\/h2>\t\t<\/div>\n\t\t\t\t<\/div>\n\t\t<div class=\"wd-negative-gap elementor-element elementor-element-3841215 e-flex e-con-boxed wd-section-disabled e-con e-child\" data-id=\"3841215\" data-element_type=\"container\">\n\t\t\t\t\t<div class=\"e-con-inner\">\n\t\t<div class=\"elementor-element elementor-element-38165a8 e-con-full e-flex wd-section-disabled e-con e-child\" data-id=\"38165a8\" data-element_type=\"container\">\n\t\t\t\t<div class=\"elementor-element elementor-element-62a84ac color-scheme-inherit text-left elementor-widget elementor-widget-text-editor\" data-id=\"62a84ac\" data-element_type=\"widget\" data-widget_type=\"text-editor.default\">\n\t\t\t\t<div class=\"elementor-widget-container\">\n\t\t\t\t\t\t\t<h4 class=\"elementor-widget-container\">A\u00f1ada 2006<\/h4><ul><li>X Concurso Internacional de Vinos Bacchus 2012<br \/>Medalla de Oro: QuiXote Merlot-Tempranillo-Petit Verdot 2006<\/li><li>III Edici\u00f3n del concurso \u201cChallenge to the Best Spanish Wines for Asia\u201d<br \/>Medalla de Plata: QuiXote Merlot-Tempranillo-Petit Verdot 2006<\/li><li>VI\u00aa Edici\u00f3n del concurso Tempranillos al Mundo Noviembre 2010<br \/>Tempranillo de Oro: QuiXote Merlot-Tempranillo-Petit Verdot 2006<\/li><\/ul><h4 class=\"elementor-widget-container\">A\u00f1ada 2005<\/h4><ul><li>XV Edici\u00f3n Nacional del Concurso Premios Mezquita C\u00f3rdoba 2009<br \/><strong>Premio Mezquita de Plata<\/strong>: Merlot-Tempranillo-Petit Verdot 2005<\/li><\/ul>\t\t\t\t\t\t<\/div>\n\t\t\t\t<\/div>\n\t\t\t\t<\/div>\n\t\t<div class=\"elementor-element elementor-element-b7a3d5d e-con-full e-flex wd-section-disabled e-con e-child\" data-id=\"b7a3d5d\" data-element_type=\"container\">\n\t\t\t\t<div class=\"elementor-element elementor-element-5acd3b1 color-scheme-inherit text-left elementor-widget elementor-widget-text-editor\" data-id=\"5acd3b1\" data-element_type=\"widget\" data-widget_type=\"text-editor.default\">\n\t\t\t\t<div class=\"elementor-widget-container\">\n\t\t\t\t\t\t\t<ul><li>I Edici\u00f3n de Wine Innovation Awards 2009<br \/>Mencion Especial: QuiXote Merlot-Tempranillo-Petit Verdot 2005<\/li><li>V\u00aa Edici\u00f3n del concurso Tempranillos al Mundo 26-29 Mayo 2009<br \/>Tempranillo de Plata: QuiXote Tempranillo-Merlot 2005<\/li><li>VI Edici\u00f3n Internacional de los premios Zarcillo 2009<br \/>Zarcillo de Plata: QuiXote Tempranillo \u2013 Merlot 2005<\/li><li>Concurso IBERWINE 2008<br \/>Medalla de Plata: QuiXote Merlot-Tempranillo-Petit Verdot 2005<\/li><li>III\u00aa Edici\u00f3n del concurso Tempranillos al Mundo 2008-12-15<br \/>Tempranillo de Plata: QuiXote Merlot-Tempranillo-Petit Verdot 2005<\/li><li>Cata-Concurso Premios Bacchus 2008<br \/>Bacchus de Plata: QuiXote Merlot-Tempranillo-Petit Verdot 2005<\/li><\/ul>\t\t\t\t\t\t<\/div>\n\t\t\t\t<\/div>\n\t\t\t\t<\/div>\n\t\t<div class=\"elementor-element elementor-element-d9c0c06 e-con-full e-flex wd-section-disabled e-con e-child\" data-id=\"d9c0c06\" data-element_type=\"container\">\n\t\t\t\t<div class=\"elementor-element elementor-element-7b8e45f color-scheme-inherit text-left elementor-widget elementor-widget-text-editor\" data-id=\"7b8e45f\" data-element_type=\"widget\" data-widget_type=\"text-editor.default\">\n\t\t\t\t<div class=\"elementor-widget-container\">\n\t\t\t\t\t\t\t<h4 class=\"elementor-widget-container\">Otros Premios<\/h4><ul><li>III Concurso, oficialmente reconocido, de Los Mejores Vinos de la Tierra Espa\u00f1oles\u201d 2008<\/li><li>Primer Premio, Medalla de Oro: \u201cQuiXote Merlot-Tempranillo-Petit Verdot 2005\u201d<\/li><\/ul>\t\t\t\t\t\t<\/div>\n\t\t\t\t<\/div>\n\t\t\t\t<\/div>\n\t\t\t\t\t<\/div>\n\t\t\t\t<\/div>\n\t\t\t\t\t<\/div>\n\t\t\t\t<\/div>\n\t\t\t\t<\/div>\n\t\t","protected":false},"excerpt":{"rendered":"<p>Elaboraci\u00f3n y Crianza:<br \/>\nFermentaci\u00f3n alcoh\u00f3lica: 14 d\u00edas a 23\u00baC en dep\u00f3sitos de acero inoxidable.<br \/>\nMaceraci\u00f3n: 3 d\u00edas<br \/>\nEnvejece: 12 meses en roble franc\u00e9s y americano.<br \/>\nEmbotellado: julio 2021.<br \/>\nConsumo: hasta 2031.<\/p>\n<p>Datos de Campo<br \/>\nSuelo: Calizo, franco arenoso y de pH b\u00e1sico, con la peculiaridad de tener una alta concentraci\u00f3n de iones litio.<br \/>\nVendimia: del 28 de agosto al 2 de septiembre (seg\u00fan variedad).<br \/>\nRendimiento del vi\u00f1edo: M\u00e1ximo 7.500 kg.\/Ha.<\/p>\n<p>PREMIOS:<br \/>\nX Concurso Internacional de Vinos Bacchus 2012<br \/>\nMedalla de Oro: QuiXote Merlot-Tempranillo-Petit Verdot 2006<\/p>\n<p>III Edici\u00f3n del concurso \u201cChallenge to the Best Spanish Wines for Asia\u201d<br \/>\nMedalla de Plata: QuiXote Merlot-Tempranillo-Petit Verdot 2006<\/p>\n<p>VI\u00aa Edici\u00f3n del concurso Tempranillos al Mundo Noviembre 2010<br \/>\nTempranillo de Oro: QuiXote Merlot-Tempranillo-Petit Verdot 2006<\/p>\n<p>XV Edici\u00f3n Nacional del Concurso Premios Mezquita C\u00f3rdoba 2009<br \/>\nPremio Mezquita de Plata: Merlot-Tempranillo-Petit Verdot 2005<\/p>\n<p>I Edici\u00f3n de Wine Innovation Awards 2009<br \/>\nMencion Especial: QuiXote Merlot-Tempranillo-Petit Verdot 2005<\/p>\n<p>V\u00aa Edici\u00f3n del concurso Tempranillos al Mundo 26-29 Mayo 2009<br \/>\nTempranillo de Plata: QuiXote Tempranillo-Merlot 2005<\/p>\n<p>VI Edici\u00f3n Internacional de los premios Zarcillo 2009<br \/>\nZarcillo de Plata: QuiXote Tempranillo \u2013 Merlot 2005<\/p>\n<p>Concurso IBERWINE 2008<br \/>\nMedalla de Plata: QuiXote Merlot-Tempranillo-Petit Verdot 2005<\/p>\n<p>III\u00aa Edici\u00f3n del concurso Tempranillos al Mundo 2008-12-15<br \/>\nTempranillo de Plata: QuiXote Merlot-Tempranillo-Petit Verdot 2005<\/p>\n<p>Cata-Concurso Premios Bacchus 2008<br \/>\nBacchus de Plata: QuiXote Merlot-Tempranillo-Petit Verdot 2005<\/p>\n<p>Vinalies Internacional 2008<br \/>\nMedalla de Plata: QuiXote Merlot-Tempranillo-Petit Verdot 2005<\/p>\n<p>III Concurso, oficialmente reconocido, de Los Mejores Vinos de la Tierra Espa\u00f1oles&#8221; 2008<br \/>\nPrimer Premio, Medalla de Oro: &#8220;QuiXote Merlot-Tempranillo-Petit Verdot 2005&#8221;<\/p>\n","protected":false},"featured_media":16055,"template":"","meta":{"_joinchat":[]},"product_cat":[32],"product_tag":[],"_links":{"self":[{"href":"http:\/\/holdingtrade.es\/en\/wp-json\/wp\/v2\/product\/15962"}],"collection":[{"href":"http:\/\/holdingtrade.es\/en\/wp-json\/wp\/v2\/product"}],"about":[{"href":"http:\/\/holdingtrade.es\/en\/wp-json\/wp\/v2\/types\/product"}],"version-history":[{"count":0,"href":"http:\/\/holdingtrade.es\/en\/wp-json\/wp\/v2\/product\/15962\/revisions"}],"wp:featuredmedia":[{"embeddable":true,"href":"http:\/\/holdingtrade.es\/en\/wp-json\/wp\/v2\/media\/16055"}],"wp:attachment":[{"href":"http:\/\/holdingtrade.es\/en\/wp-json\/wp\/v2\/media?parent=15962"}],"wp:term":[{"taxonomy":"product_cat","embeddable":true,"href":"http:\/\/holdingtrade.es\/en\/wp-json\/wp\/v2\/product_cat?post=15962"},{"taxonomy":"product_tag","embeddable":true,"href":"http:\/\/holdingtrade.es\/en\/wp-json\/wp\/v2\/product_tag?post=15962"}],"curies":[{"name":"wp","href":"https:\/\/api.w.org\/{rel}","templated":true}]}}