{"id":16756,"date":"2024-03-23T20:46:22","date_gmt":"2024-03-23T20:46:22","guid":{"rendered":"https:\/\/holdingtrade.es\/producto\/almaoliva-aove-bio-100ml\/"},"modified":"2024-05-18T03:26:30","modified_gmt":"2024-05-18T03:26:30","slug":"almaoliva-aove-bio-100ml","status":"publish","type":"product","link":"http:\/\/holdingtrade.es\/en\/producto\/almaoliva-aove-bio-100ml\/","title":{"rendered":"Almaoliva Aove Bio 100ml"},"content":{"rendered":"\t\t<div data-elementor-type=\"wp-post\" data-elementor-id=\"16756\" class=\"elementor elementor-16756\" data-elementor-post-type=\"product\">\n\t\t\t\t<div class=\"elementor-element elementor-element-3f980d4 e-con-full wd-section-stretch e-flex e-con e-parent\" data-id=\"3f980d4\" data-element_type=\"container\" data-settings=\"{&quot;background_background&quot;:&quot;video&quot;,&quot;background_video_link&quot;:&quot;https:\\\/\\\/almazarasdelasubbetica.com\\\/wp-content\\\/uploads\\\/2022\\\/11\\\/Slide20221-Compressed-with-FlexClip.mp4&quot;}\">\n\t\t<div class=\"elementor-background-video-container elementor-hidden-phone\">\n\t\t\t\t\t\t\t<video class=\"elementor-background-video-hosted elementor-html5-video\" autoplay muted playsinline loop><\/video>\n\t\t\t\t\t<\/div><div class=\"elementor-element elementor-element-1102675 e-con-full e-flex wd-section-disabled e-con e-child\" data-id=\"1102675\" data-element_type=\"container\">\n\t\t\t\t<\/div>\n\t\t<div class=\"elementor-element elementor-element-0ca2824 e-con-full e-flex wd-section-disabled e-con e-child\" data-id=\"0ca2824\" data-element_type=\"container\" data-settings=\"{&quot;background_background&quot;:&quot;classic&quot;}\">\n\t\t\t\t<div class=\"elementor-element elementor-element-1d38aa0 elementor-widget__width-initial elementor-widget elementor-widget-image\" data-id=\"1d38aa0\" data-element_type=\"widget\" data-widget_type=\"image.default\">\n\t\t\t\t<div class=\"elementor-widget-container\">\n\t\t\t<style>\/*! elementor - v3.22.0 - 26-06-2024 *\/\n.elementor-widget-image{text-align:center}.elementor-widget-image a{display:inline-block}.elementor-widget-image a img[src$=\".svg\"]{width:48px}.elementor-widget-image img{vertical-align:middle;display:inline-block}<\/style>\t\t\t\t\t\t\t\t\t\t<img decoding=\"async\" width=\"400\" height=\"88\" src=\"http:\/\/holdingtrade.es\/wp-content\/uploads\/2024\/04\/almaras-de-subetica-logo.png\" class=\"attachment-full size-full wp-image-16979\" alt=\"\" srcset=\"http:\/\/holdingtrade.es\/wp-content\/uploads\/2024\/04\/almaras-de-subetica-logo.png 400w, http:\/\/holdingtrade.es\/wp-content\/uploads\/2024\/04\/almaras-de-subetica-logo-150x33.png 150w\" sizes=\"(max-width: 400px) 100vw, 400px\" \/>\t\t\t\t\t\t\t\t\t\t\t\t\t<\/div>\n\t\t\t\t<\/div>\n\t\t\t\t<div class=\"elementor-element elementor-element-7bace8d color-scheme-inherit text-left elementor-widget elementor-widget-text-editor\" data-id=\"7bace8d\" data-element_type=\"widget\" data-widget_type=\"text-editor.default\">\n\t\t\t\t<div class=\"elementor-widget-container\">\n\t\t\t<style>\/*! elementor - v3.22.0 - 26-06-2024 *\/\n.elementor-widget-text-editor.elementor-drop-cap-view-stacked .elementor-drop-cap{background-color:#69727d;color:#fff}.elementor-widget-text-editor.elementor-drop-cap-view-framed .elementor-drop-cap{color:#69727d;border:3px solid;background-color:transparent}.elementor-widget-text-editor:not(.elementor-drop-cap-view-default) .elementor-drop-cap{margin-top:8px}.elementor-widget-text-editor:not(.elementor-drop-cap-view-default) .elementor-drop-cap-letter{width:1em;height:1em}.elementor-widget-text-editor .elementor-drop-cap{float:left;text-align:center;line-height:1;font-size:50px}.elementor-widget-text-editor .elementor-drop-cap-letter{display:inline-block}<\/style>\t\t\t\t<h4 style=\"text-align: center;\"><strong><em>Con m\u00e1s de 60 a\u00f1os de experiencia, somos referente de los aceites de oliva virgen extra a nivel mundial.<\/em><\/strong><\/h4><p>Bienvenidos a Almazaras de la Subb\u00e9tica, una\u00a0<strong>Cooperativa Agr\u00edcola de primer grado<\/strong>\u00a0dedicada a la producci\u00f3n de aceite de oliva virgen extra de la m\u00e1s alta calidad. Situados en pleno\u00a0<strong>Parque Natural de las Sierras Subb\u00e9ticas<\/strong>, trabajamos con pasi\u00f3n y dedicaci\u00f3n para ofrecer a nuestros clientes\u00a0<strong>aceites de oliva virgen\u00a0<em>Extraordinarios<\/em><\/strong><em>\u00a0<\/em>que reflejan el sabor y la tradici\u00f3n de nuestra tierra.<\/p>\t\t\t\t\t\t<\/div>\n\t\t\t\t<\/div>\n\t\t\t\t<\/div>\n\t\t\t\t<\/div>\n\t\t<div class=\"wd-negative-gap elementor-element elementor-element-587c9696 e-flex e-con-boxed wd-section-disabled e-con e-parent\" data-id=\"587c9696\" data-element_type=\"container\">\n\t\t\t\t\t<div class=\"e-con-inner\">\n\t\t<div class=\"elementor-element elementor-element-3014e516 e-con-full e-flex wd-section-disabled e-con e-child\" data-id=\"3014e516\" data-element_type=\"container\">\n\t\t\t\t<div class=\"elementor-element elementor-element-49a63189 elementor-widget elementor-widget-wd_title\" data-id=\"49a63189\" data-element_type=\"widget\" data-widget_type=\"wd_title.default\">\n\t\t\t\t<div class=\"elementor-widget-container\">\n\t\t\t\t\t<div class=\"title-wrapper set-mb-s reset-last-child wd-title-color-primary wd-title-style-default wd-title-size-medium text-left\">\n\n\t\t\t\n\t\t\t<div class=\"liner-continer\">\n\t\t\t\t<h3 class=\"woodmart-title-container title wd-fontsize-xl\">DESCRIPCI\u00d3N<\/h3> \n\t\t\t\t\t\t\t<\/div>\n\n\t\t\t\t\t\t\t<div class=\"title-after_title set-cont-mb-s reset-last-child wd-fontsize-s\">\n\t\t\t\t\t<p><strong>Un virgen extra perfecto para aquellos que buscan un aceite excelente.<\/strong><br \/><strong>Equilibrio perfecto por su armon\u00eda en aromas y equilibrio de sabores.<\/strong><\/p><p>Nuestra versi\u00f3n del Almaoliva BIO es un aceite que deleitar\u00e1 y apasionar\u00e1 a los amantes de los productos BIO. Su calidad se acerca a una categor\u00eda superior, A.O.V.E. excelente que presenta una armon\u00eda entre los distintos matices que forman parte de \u00e9l.<\/p><p>Coupage picudo, picual y hojiblanca.<\/p><p><strong>TOP 30 Mejor aceite ecol\u00f3gico del Mundo 2022 (WBOO)<\/strong><br \/><strong>24 premios en 2022<\/strong><\/p>\t\t\t\t<\/div>\n\t\t\t\t\t<\/div>\n\t\t\t\t<\/div>\n\t\t\t\t<\/div>\n\t\t\t\t<\/div>\n\t\t<div class=\"elementor-element elementor-element-4e4e6cdd e-con-full e-flex wd-section-disabled e-con e-child\" data-id=\"4e4e6cdd\" data-element_type=\"container\" data-settings=\"{&quot;background_background&quot;:&quot;classic&quot;}\">\n\t\t\t\t<\/div>\n\t\t\t\t\t<\/div>\n\t\t\t\t<\/div>\n\t\t<div class=\"wd-negative-gap elementor-element elementor-element-7d27571b e-flex e-con-boxed wd-section-disabled e-con e-parent\" data-id=\"7d27571b\" data-element_type=\"container\" data-settings=\"{&quot;background_background&quot;:&quot;classic&quot;}\">\n\t\t\t\t\t<div class=\"e-con-inner\">\n\t\t<div class=\"elementor-element elementor-element-770dcf20 e-con-full e-flex wd-section-disabled e-con e-child\" data-id=\"770dcf20\" data-element_type=\"container\">\n\t\t\t\t<div class=\"elementor-element elementor-element-38aa30ad elementor-widget elementor-widget-wd_title\" data-id=\"38aa30ad\" data-element_type=\"widget\" data-widget_type=\"wd_title.default\">\n\t\t\t\t<div class=\"elementor-widget-container\">\n\t\t\t\t\t<div class=\"title-wrapper set-mb-s reset-last-child wd-title-color-primary wd-title-style-default wd-title-size-medium text-left\">\n\n\t\t\t\n\t\t\t<div class=\"liner-continer\">\n\t\t\t\t<h3 class=\"woodmart-title-container title wd-fontsize-xl\">DESCRIPCI\u00d3N SENSORIAL<\/h3> \n\t\t\t\t\t\t\t<\/div>\n\n\t\t\t\t\t\t\t<div class=\"title-after_title set-cont-mb-s reset-last-child wd-fontsize-s\">\n\t\t\t\t\t<p><strong>FASE OLFATIVA:<\/strong><br \/>Frutado medio\/alto, presenta rasgos verdes y maduros. Esto lleva a una perfecta consonancia de todos los matices.<\/p><p><strong>FASE GUSTATIVA:<\/strong><br \/>Con un toque dulce al comienzo, a almendras verdes y con una maravillosa pincelada de amargor y picor con una intensidad mediana-alta.<\/p>\t\t\t\t<\/div>\n\t\t\t\t\t<\/div>\n\t\t\t\t<\/div>\n\t\t\t\t<\/div>\n\t\t\t\t<\/div>\n\t\t<div class=\"elementor-element elementor-element-5207183f e-con-full e-flex wd-section-disabled e-con e-child\" data-id=\"5207183f\" data-element_type=\"container\" data-settings=\"{&quot;background_background&quot;:&quot;classic&quot;}\">\n\t\t\t\t<\/div>\n\t\t\t\t\t<\/div>\n\t\t\t\t<\/div>\n\t\t<div class=\"wd-negative-gap elementor-element elementor-element-628f8947 e-flex e-con-boxed wd-section-disabled e-con e-parent\" data-id=\"628f8947\" data-element_type=\"container\">\n\t\t\t\t\t<div class=\"e-con-inner\">\n\t\t<div class=\"elementor-element elementor-element-623b48ce e-con-full e-flex wd-section-disabled e-con e-child\" data-id=\"623b48ce\" data-element_type=\"container\" data-settings=\"{&quot;background_background&quot;:&quot;classic&quot;}\">\n\t\t\t\t<\/div>\n\t\t<div class=\"elementor-element elementor-element-4053fe1c e-con-full e-flex wd-section-disabled e-con e-child\" data-id=\"4053fe1c\" data-element_type=\"container\">\n\t\t\t\t<div class=\"elementor-element elementor-element-7ef3bdf5 elementor-widget elementor-widget-wd_title\" data-id=\"7ef3bdf5\" data-element_type=\"widget\" data-widget_type=\"wd_title.default\">\n\t\t\t\t<div class=\"elementor-widget-container\">\n\t\t\t\t\t<div class=\"title-wrapper set-mb-s reset-last-child wd-title-color-primary wd-title-style-default wd-title-size-medium text-left\">\n\n\t\t\t\n\t\t\t<div class=\"liner-continer\">\n\t\t\t\t<h3 class=\"woodmart-title-container title wd-fontsize-xl\">CONSEJOS DE MARIDAJE<\/h3> \n\t\t\t\t\t\t\t<\/div>\n\n\t\t\t\t\t\t\t<div class=\"title-after_title set-cont-mb-s reset-last-child wd-fontsize-s\">\n\t\t\t\t\t<p>Crudo en general: Ideal para todo tipo de ensaladas, carnes, pescado azul y tostas gourmet.<\/p>\t\t\t\t<\/div>\n\t\t\t\t\t<\/div>\n\t\t\t\t<\/div>\n\t\t\t\t<\/div>\n\t\t\t\t<\/div>\n\t\t\t\t\t<\/div>\n\t\t\t\t<\/div>\n\t\t<div class=\"wd-negative-gap elementor-element elementor-element-3250712a e-flex e-con-boxed wd-section-disabled e-con e-parent\" data-id=\"3250712a\" data-element_type=\"container\">\n\t\t\t\t\t<div class=\"e-con-inner\">\n\t\t\t\t<div class=\"elementor-element elementor-element-39bd9b22 elementor-widget elementor-widget-wd_title\" data-id=\"39bd9b22\" data-element_type=\"widget\" data-widget_type=\"wd_title.default\">\n\t\t\t\t<div class=\"elementor-widget-container\">\n\t\t\t\t\t<div class=\"title-wrapper set-mb-s reset-last-child wd-title-color-primary wd-title-style-default wd-title-size-medium text-center\">\n\n\t\t\t\n\t\t\t<div class=\"liner-continer\">\n\t\t\t\t<h3 class=\"woodmart-title-container title wd-fontsize-xl\">AN\u00c1LISIS<\/h3> \n\t\t\t\t\t\t\t<\/div>\n\n\t\t\t\t\t<\/div>\n\t\t\t\t<\/div>\n\t\t\t\t<\/div>\n\t\t\t\t<div class=\"elementor-element elementor-element-291acd19 elementor-widget elementor-widget-pdf_viewer\" data-id=\"291acd19\" data-element_type=\"widget\" data-widget_type=\"pdf_viewer.default\">\n\t\t\t\t<div class=\"elementor-widget-container\">\n\t\t\t<iframe src=\"https:\/\/docs.google.com\/viewer?url=http:\/\/holdingtrade.es\/wp-content\/uploads\/2024\/04\/ALMAOLIVA-BIO-HOJA-TECNICA.pdf&amp;embedded=true\" style=\"display: block; margin-left: auto; margin-right: auto; width: 640px; height: 1020px;\" frameborder=\"1\" marginheight=\"0px\" marginwidth=\"0px\" allowfullscreen><\/iframe>\t\t<\/div>\n\t\t\t\t<\/div>\n\t\t\t\t\t<\/div>\n\t\t\t\t<\/div>\n\t\t\t\t<\/div>\n\t\t","protected":false},"excerpt":{"rendered":"<p>La perfecta combinaci\u00f3n entre tradici\u00f3n y tecnolog\u00eda.<br \/>\nEn Almazaras de la Subb\u00e9tica, nos enorgullece ofrecer un aceite de oliva de alta calidad, producido bajo estrictos controles de calidad y con un proceso cuidadosamente supervisado para garantizar la m\u00e1xima frescura y sabor.<br \/>\nCon m\u00e1s de 60 a\u00f1os de experiencia, somos referente de los aceites de oliva virgen extra a nivel mundial.<br \/>\nBienvenidos a Almazaras de la Subb\u00e9tica, una Cooperativa Agr\u00edcola de primer grado dedicada a la producci\u00f3n de aceite de oliva virgen extra de la m\u00e1s alta calidad. Situados en pleno Parque Natural de las Sierras Subb\u00e9ticas, trabajamos con pasi\u00f3n y dedicaci\u00f3n para ofrecer a nuestros clientes aceites de oliva virgen Extraordinarios que reflejan el sabor y la tradici\u00f3n de nuestra tierra.<\/p>\n","protected":false},"featured_media":16957,"template":"","meta":{"_joinchat":[]},"product_cat":[20],"product_tag":[],"_links":{"self":[{"href":"http:\/\/holdingtrade.es\/en\/wp-json\/wp\/v2\/product\/16756"}],"collection":[{"href":"http:\/\/holdingtrade.es\/en\/wp-json\/wp\/v2\/product"}],"about":[{"href":"http:\/\/holdingtrade.es\/en\/wp-json\/wp\/v2\/types\/product"}],"version-history":[{"count":0,"href":"http:\/\/holdingtrade.es\/en\/wp-json\/wp\/v2\/product\/16756\/revisions"}],"wp:featuredmedia":[{"embeddable":true,"href":"http:\/\/holdingtrade.es\/en\/wp-json\/wp\/v2\/media\/16957"}],"wp:attachment":[{"href":"http:\/\/holdingtrade.es\/en\/wp-json\/wp\/v2\/media?parent=16756"}],"wp:term":[{"taxonomy":"product_cat","embeddable":true,"href":"http:\/\/holdingtrade.es\/en\/wp-json\/wp\/v2\/product_cat?post=16756"},{"taxonomy":"product_tag","embeddable":true,"href":"http:\/\/holdingtrade.es\/en\/wp-json\/wp\/v2\/product_tag?post=16756"}],"curies":[{"name":"wp","href":"https:\/\/api.w.org\/{rel}","templated":true}]}}