{"id":16762,"date":"2024-03-23T20:46:22","date_gmt":"2024-03-23T20:46:22","guid":{"rendered":"https:\/\/holdingtrade.es\/producto\/almaoliva-gran-seleccion-aove-pet-5l\/"},"modified":"2024-05-18T03:26:30","modified_gmt":"2024-05-18T03:26:30","slug":"almaoliva-gran-seleccion-aove-pet-5l","status":"publish","type":"product","link":"http:\/\/holdingtrade.es\/en\/producto\/almaoliva-gran-seleccion-aove-pet-5l\/","title":{"rendered":"Almaoliva Gran Seleccion Aove Pet 5l"},"content":{"rendered":"\t\t<div data-elementor-type=\"wp-post\" data-elementor-id=\"16762\" class=\"elementor elementor-16762\" data-elementor-post-type=\"product\">\n\t\t\t\t<div class=\"elementor-element elementor-element-b998a6d e-con-full wd-section-stretch e-flex e-con e-parent\" data-id=\"b998a6d\" data-element_type=\"container\" data-settings=\"{&quot;background_background&quot;:&quot;video&quot;,&quot;background_video_link&quot;:&quot;https:\\\/\\\/almazarasdelasubbetica.com\\\/wp-content\\\/uploads\\\/2022\\\/11\\\/Slide20221-Compressed-with-FlexClip.mp4&quot;}\">\n\t\t<div class=\"elementor-background-video-container elementor-hidden-phone\">\n\t\t\t\t\t\t\t<video class=\"elementor-background-video-hosted elementor-html5-video\" autoplay muted playsinline loop><\/video>\n\t\t\t\t\t<\/div><div class=\"elementor-element elementor-element-c6827b0 e-con-full e-flex wd-section-disabled e-con e-child\" data-id=\"c6827b0\" data-element_type=\"container\">\n\t\t\t\t<\/div>\n\t\t<div class=\"elementor-element elementor-element-19b1fac e-con-full e-flex wd-section-disabled e-con e-child\" data-id=\"19b1fac\" data-element_type=\"container\" data-settings=\"{&quot;background_background&quot;:&quot;classic&quot;}\">\n\t\t\t\t<div class=\"elementor-element elementor-element-7b6f034 elementor-widget__width-initial elementor-widget elementor-widget-image\" data-id=\"7b6f034\" data-element_type=\"widget\" data-widget_type=\"image.default\">\n\t\t\t\t<div class=\"elementor-widget-container\">\n\t\t\t<style>\/*! elementor - v3.22.0 - 26-06-2024 *\/\n.elementor-widget-image{text-align:center}.elementor-widget-image a{display:inline-block}.elementor-widget-image a img[src$=\".svg\"]{width:48px}.elementor-widget-image img{vertical-align:middle;display:inline-block}<\/style>\t\t\t\t\t\t\t\t\t\t<img decoding=\"async\" width=\"400\" height=\"88\" src=\"http:\/\/holdingtrade.es\/wp-content\/uploads\/2024\/04\/almaras-de-subetica-logo.png\" class=\"attachment-full size-full wp-image-16979\" alt=\"\" srcset=\"http:\/\/holdingtrade.es\/wp-content\/uploads\/2024\/04\/almaras-de-subetica-logo.png 400w, http:\/\/holdingtrade.es\/wp-content\/uploads\/2024\/04\/almaras-de-subetica-logo-150x33.png 150w\" sizes=\"(max-width: 400px) 100vw, 400px\" \/>\t\t\t\t\t\t\t\t\t\t\t\t\t<\/div>\n\t\t\t\t<\/div>\n\t\t\t\t<div class=\"elementor-element elementor-element-7874e03 color-scheme-inherit text-left elementor-widget elementor-widget-text-editor\" data-id=\"7874e03\" data-element_type=\"widget\" data-widget_type=\"text-editor.default\">\n\t\t\t\t<div class=\"elementor-widget-container\">\n\t\t\t<style>\/*! elementor - v3.22.0 - 26-06-2024 *\/\n.elementor-widget-text-editor.elementor-drop-cap-view-stacked .elementor-drop-cap{background-color:#69727d;color:#fff}.elementor-widget-text-editor.elementor-drop-cap-view-framed .elementor-drop-cap{color:#69727d;border:3px solid;background-color:transparent}.elementor-widget-text-editor:not(.elementor-drop-cap-view-default) .elementor-drop-cap{margin-top:8px}.elementor-widget-text-editor:not(.elementor-drop-cap-view-default) .elementor-drop-cap-letter{width:1em;height:1em}.elementor-widget-text-editor .elementor-drop-cap{float:left;text-align:center;line-height:1;font-size:50px}.elementor-widget-text-editor .elementor-drop-cap-letter{display:inline-block}<\/style>\t\t\t\t<h4 style=\"text-align: center;\"><strong><em>Con m\u00e1s de 60 a\u00f1os de experiencia, somos referente de los aceites de oliva virgen extra a nivel mundial.<\/em><\/strong><\/h4><p>Bienvenidos a Almazaras de la Subb\u00e9tica, una\u00a0<strong>Cooperativa Agr\u00edcola de primer grado<\/strong>\u00a0dedicada a la producci\u00f3n de aceite de oliva virgen extra de la m\u00e1s alta calidad. Situados en pleno\u00a0<strong>Parque Natural de las Sierras Subb\u00e9ticas<\/strong>, trabajamos con pasi\u00f3n y dedicaci\u00f3n para ofrecer a nuestros clientes\u00a0<strong>aceites de oliva virgen\u00a0<em>Extraordinarios<\/em><\/strong><em>\u00a0<\/em>que reflejan el sabor y la tradici\u00f3n de nuestra tierra.<\/p>\t\t\t\t\t\t<\/div>\n\t\t\t\t<\/div>\n\t\t\t\t<\/div>\n\t\t\t\t<\/div>\n\t\t<div class=\"wd-negative-gap elementor-element elementor-element-7ca0b171 e-flex e-con-boxed wd-section-disabled e-con e-parent\" data-id=\"7ca0b171\" data-element_type=\"container\">\n\t\t\t\t\t<div class=\"e-con-inner\">\n\t\t<div class=\"elementor-element elementor-element-7edc5459 e-con-full e-flex wd-section-disabled e-con e-child\" data-id=\"7edc5459\" data-element_type=\"container\">\n\t\t\t\t<div class=\"elementor-element elementor-element-38f926f4 elementor-widget elementor-widget-wd_title\" data-id=\"38f926f4\" data-element_type=\"widget\" data-widget_type=\"wd_title.default\">\n\t\t\t\t<div class=\"elementor-widget-container\">\n\t\t\t\t\t<div class=\"title-wrapper set-mb-s reset-last-child wd-title-color-primary wd-title-style-default wd-title-size-medium text-left\">\n\n\t\t\t\n\t\t\t<div class=\"liner-continer\">\n\t\t\t\t<h3 class=\"woodmart-title-container title wd-fontsize-xl\">DESCRIPCI\u00d3N<\/h3> \n\t\t\t\t\t\t\t<\/div>\n\n\t\t\t\t\t\t\t<div class=\"title-after_title set-cont-mb-s reset-last-child wd-fontsize-s\">\n\t\t\t\t\t<p><strong>\u2022 Un aceite de oliva virgen extra frutado intenso.<\/strong><br \/><strong>\u2022 Perfecto para su uso en distintos rangos de temperatura.<\/strong><br \/><strong>\u2022 Ideal para la restauraci\u00f3n y elaboraciones profesionales.<\/strong><br \/><strong>\u2022 Aporta un toque de salud y calidad a sus productos.<\/strong><br \/>Almaoliva Gran Selecci\u00f3n es un gran aceite de oliva para los cocineros m\u00e1s exigentes del mundo. Su perfecta combinaci\u00f3n de aceitunas picudas, picuales y hojiblancas hacen que Almaoliva Gran<br \/>Selecci\u00f3n sea un aceite de oliva perfecto para aquellos que disfrutan con un aceite de oliva virgen extra frutado medio.<\/p>\t\t\t\t<\/div>\n\t\t\t\t\t<\/div>\n\t\t\t\t<\/div>\n\t\t\t\t<\/div>\n\t\t\t\t<\/div>\n\t\t<div class=\"elementor-element elementor-element-64ac21e4 e-con-full e-flex wd-section-disabled e-con e-child\" data-id=\"64ac21e4\" data-element_type=\"container\" data-settings=\"{&quot;background_background&quot;:&quot;classic&quot;}\">\n\t\t\t\t<\/div>\n\t\t\t\t\t<\/div>\n\t\t\t\t<\/div>\n\t\t<div class=\"wd-negative-gap elementor-element elementor-element-44e2d414 e-flex e-con-boxed wd-section-disabled e-con e-parent\" data-id=\"44e2d414\" data-element_type=\"container\" data-settings=\"{&quot;background_background&quot;:&quot;classic&quot;}\">\n\t\t\t\t\t<div class=\"e-con-inner\">\n\t\t<div class=\"elementor-element elementor-element-2b120e96 e-con-full e-flex wd-section-disabled e-con e-child\" data-id=\"2b120e96\" data-element_type=\"container\">\n\t\t\t\t<div class=\"elementor-element elementor-element-71d5f5f0 elementor-widget elementor-widget-wd_title\" data-id=\"71d5f5f0\" data-element_type=\"widget\" data-widget_type=\"wd_title.default\">\n\t\t\t\t<div class=\"elementor-widget-container\">\n\t\t\t\t\t<div class=\"title-wrapper set-mb-s reset-last-child wd-title-color-primary wd-title-style-default wd-title-size-medium text-left\">\n\n\t\t\t\n\t\t\t<div class=\"liner-continer\">\n\t\t\t\t<h3 class=\"woodmart-title-container title wd-fontsize-xl\">DESCRIPCI\u00d3N SENSORIAL<\/h3> \n\t\t\t\t\t\t\t<\/div>\n\n\t\t\t\t\t\t\t<div class=\"title-after_title set-cont-mb-s reset-last-child wd-fontsize-s\">\n\t\t\t\t\t<p><strong>FASE OLFATIVA:<\/strong><br \/>Frutado medio\/alto con matices verdes y maduros.<\/p><p><strong>FASE GUSTATIVA:<\/strong><br \/>Destaca su suavidad, con una dulce entrada en boca que va seguida de un ligero amargor y picor. En \u00e9l se captan sensaciones que recuerdan a la manzana.<\/p>\t\t\t\t<\/div>\n\t\t\t\t\t<\/div>\n\t\t\t\t<\/div>\n\t\t\t\t<\/div>\n\t\t\t\t<\/div>\n\t\t<div class=\"elementor-element elementor-element-5f8ca245 e-con-full e-flex wd-section-disabled e-con e-child\" data-id=\"5f8ca245\" data-element_type=\"container\" data-settings=\"{&quot;background_background&quot;:&quot;classic&quot;}\">\n\t\t\t\t<\/div>\n\t\t\t\t\t<\/div>\n\t\t\t\t<\/div>\n\t\t<div class=\"elementor-element elementor-element-4a228deb e-con-full e-flex wd-section-disabled e-con e-parent\" data-id=\"4a228deb\" data-element_type=\"container\">\n\t\t<div class=\"elementor-element elementor-element-510549dd e-con-full e-flex wd-section-disabled e-con e-child\" data-id=\"510549dd\" data-element_type=\"container\" data-settings=\"{&quot;background_background&quot;:&quot;classic&quot;}\">\n\t\t\t\t<\/div>\n\t\t<div class=\"elementor-element elementor-element-31ac61ae e-con-full e-flex wd-section-disabled e-con e-child\" data-id=\"31ac61ae\" data-element_type=\"container\">\n\t\t\t\t<div class=\"elementor-element elementor-element-55adfad6 elementor-widget elementor-widget-wd_title\" data-id=\"55adfad6\" data-element_type=\"widget\" data-widget_type=\"wd_title.default\">\n\t\t\t\t<div class=\"elementor-widget-container\">\n\t\t\t\t\t<div class=\"title-wrapper set-mb-s reset-last-child wd-title-color-primary wd-title-style-default wd-title-size-medium text-left\">\n\n\t\t\t\n\t\t\t<div class=\"liner-continer\">\n\t\t\t\t<h3 class=\"woodmart-title-container title wd-fontsize-xl\">CONSEJOS DE MARIDAJE<\/h3> \n\t\t\t\t\t\t\t<\/div>\n\n\t\t\t\t\t\t\t<div class=\"title-after_title set-cont-mb-s reset-last-child wd-fontsize-s\">\n\t\t\t\t\t<p>La selecci\u00f3n de las aceitunas (picuda, picual y hojiblanca) para este coupage, hacen que sea perfecto para el uso en todo rango de temperaturas, desde la fritura gourmet hasta el uso en crudo en la cocina profesional. Uso en crudo y frituras: ensaladas mixtas, pan y comidas en general. Frituras gourmet, sofritos y elaboraci\u00f3n de platos: pescados, carnes y verduras.<\/p>\t\t\t\t<\/div>\n\t\t\t\t\t<\/div>\n\t\t\t\t<\/div>\n\t\t\t\t<\/div>\n\t\t\t\t<\/div>\n\t\t\t\t<\/div>\n\t\t<div class=\"wd-negative-gap elementor-element elementor-element-39e0ff42 e-flex e-con-boxed wd-section-disabled e-con e-parent\" data-id=\"39e0ff42\" data-element_type=\"container\">\n\t\t\t\t\t<div class=\"e-con-inner\">\n\t\t\t\t<div class=\"elementor-element elementor-element-6a788137 elementor-widget elementor-widget-wd_title\" data-id=\"6a788137\" data-element_type=\"widget\" data-widget_type=\"wd_title.default\">\n\t\t\t\t<div class=\"elementor-widget-container\">\n\t\t\t\t\t<div class=\"title-wrapper set-mb-s reset-last-child wd-title-color-primary wd-title-style-default wd-title-size-medium text-center\">\n\n\t\t\t\n\t\t\t<div class=\"liner-continer\">\n\t\t\t\t<h3 class=\"woodmart-title-container title wd-fontsize-xl\">AN\u00c1LISIS<\/h3> \n\t\t\t\t\t\t\t<\/div>\n\n\t\t\t\t\t<\/div>\n\t\t\t\t<\/div>\n\t\t\t\t<\/div>\n\t\t\t\t<div class=\"elementor-element elementor-element-4000fc44 elementor-widget elementor-widget-pdf_viewer\" data-id=\"4000fc44\" data-element_type=\"widget\" data-widget_type=\"pdf_viewer.default\">\n\t\t\t\t<div class=\"elementor-widget-container\">\n\t\t\t<iframe src=\"https:\/\/docs.google.com\/viewer?url=http:\/\/holdingtrade.es\/wp-content\/uploads\/2024\/03\/ALMAOLIVA-ESPECIAL-GASTRONOMIA-HOJA-TECNICA.pdf&amp;embedded=true\" style=\"display: block; margin-left: auto; margin-right: auto; width: 640px; height: 1020px;\" frameborder=\"1\" marginheight=\"0px\" marginwidth=\"0px\" allowfullscreen><\/iframe>\t\t<\/div>\n\t\t\t\t<\/div>\n\t\t\t\t\t<\/div>\n\t\t\t\t<\/div>\n\t\t\t\t<\/div>\n\t\t","protected":false},"excerpt":{"rendered":"<p>La perfecta combinaci\u00f3n entre tradici\u00f3n y tecnolog\u00eda.<br \/>\nEn Almazaras de la Subb\u00e9tica, nos enorgullece ofrecer un aceite de oliva de alta calidad, producido bajo estrictos controles de calidad y con un proceso cuidadosamente supervisado para garantizar la m\u00e1xima frescura y sabor.<br \/>\nCon m\u00e1s de 60 a\u00f1os de experiencia, somos referente de los aceites de oliva virgen extra a nivel mundial.<br \/>\nBienvenidos a Almazaras de la Subb\u00e9tica, una Cooperativa Agr\u00edcola de primer grado dedicada a la producci\u00f3n de aceite de oliva virgen extra de la m\u00e1s alta calidad. Situados en pleno Parque Natural de las Sierras Subb\u00e9ticas, trabajamos con pasi\u00f3n y dedicaci\u00f3n para ofrecer a nuestros clientes aceites de oliva virgen Extraordinarios que reflejan el sabor y la tradici\u00f3n de nuestra tierra.<\/p>\n","protected":false},"featured_media":16954,"template":"","meta":{"_joinchat":[]},"product_cat":[20],"product_tag":[],"_links":{"self":[{"href":"http:\/\/holdingtrade.es\/en\/wp-json\/wp\/v2\/product\/16762"}],"collection":[{"href":"http:\/\/holdingtrade.es\/en\/wp-json\/wp\/v2\/product"}],"about":[{"href":"http:\/\/holdingtrade.es\/en\/wp-json\/wp\/v2\/types\/product"}],"version-history":[{"count":0,"href":"http:\/\/holdingtrade.es\/en\/wp-json\/wp\/v2\/product\/16762\/revisions"}],"wp:featuredmedia":[{"embeddable":true,"href":"http:\/\/holdingtrade.es\/en\/wp-json\/wp\/v2\/media\/16954"}],"wp:attachment":[{"href":"http:\/\/holdingtrade.es\/en\/wp-json\/wp\/v2\/media?parent=16762"}],"wp:term":[{"taxonomy":"product_cat","embeddable":true,"href":"http:\/\/holdingtrade.es\/en\/wp-json\/wp\/v2\/product_cat?post=16762"},{"taxonomy":"product_tag","embeddable":true,"href":"http:\/\/holdingtrade.es\/en\/wp-json\/wp\/v2\/product_tag?post=16762"}],"curies":[{"name":"wp","href":"https:\/\/api.w.org\/{rel}","templated":true}]}}