{"id":16804,"date":"2024-03-23T20:46:28","date_gmt":"2024-03-23T20:46:28","guid":{"rendered":"https:\/\/holdingtrade.es\/producto\/emina-rose-prestigio-2023-d-o-cigales\/"},"modified":"2024-05-18T03:08:32","modified_gmt":"2024-05-18T03:08:32","slug":"emina-rose-prestigio-2023-d-o-cigales","status":"publish","type":"product","link":"http:\/\/holdingtrade.es\/en\/producto\/emina-rose-prestigio-2023-d-o-cigales\/","title":{"rendered":"Emina Ros\u00e9 Prestigio 2023"},"content":{"rendered":"\t\t<div data-elementor-type=\"wp-post\" data-elementor-id=\"16804\" class=\"elementor elementor-16804\" data-elementor-post-type=\"product\">\n\t\t\t\t<div class=\"elementor-element elementor-element-44483cc5 e-con-full wd-section-stretch e-flex e-con e-parent\" data-id=\"44483cc5\" data-element_type=\"container\" data-settings=\"{&quot;background_background&quot;:&quot;video&quot;,&quot;background_video_link&quot;:&quot;https:\\\/\\\/player.vimeo.com\\\/video\\\/461730910&quot;,&quot;background_play_on_mobile&quot;:&quot;yes&quot;}\">\n\t\t<div class=\"elementor-background-video-container\">\n\t\t\t\t\t\t\t<div class=\"elementor-background-video-embed\"><\/div>\n\t\t\t\t\t\t<\/div><div class=\"elementor-element elementor-element-42a03d98 e-con-full e-flex wd-section-disabled e-con e-child\" data-id=\"42a03d98\" data-element_type=\"container\">\n\t\t\t\t<\/div>\n\t\t<div class=\"elementor-element elementor-element-2171d3b3 e-con-full e-flex wd-section-disabled e-con e-child\" data-id=\"2171d3b3\" data-element_type=\"container\" data-settings=\"{&quot;background_background&quot;:&quot;classic&quot;}\">\n\t\t\t\t<div class=\"elementor-element elementor-element-2b5720d4 elementor-widget__width-initial elementor-widget elementor-widget-image\" data-id=\"2b5720d4\" data-element_type=\"widget\" data-widget_type=\"image.default\">\n\t\t\t\t<div class=\"elementor-widget-container\">\n\t\t\t<style>\/*! elementor - v3.22.0 - 26-06-2024 *\/\n.elementor-widget-image{text-align:center}.elementor-widget-image a{display:inline-block}.elementor-widget-image a img[src$=\".svg\"]{width:48px}.elementor-widget-image img{vertical-align:middle;display:inline-block}<\/style>\t\t\t\t\t\t\t\t\t\t<img decoding=\"async\" width=\"300\" height=\"100\" src=\"http:\/\/holdingtrade.es\/wp-content\/uploads\/2024\/04\/logo-emina-webpng.png\" class=\"attachment-full size-full wp-image-16988\" alt=\"\" srcset=\"http:\/\/holdingtrade.es\/wp-content\/uploads\/2024\/04\/logo-emina-webpng.png 300w, http:\/\/holdingtrade.es\/wp-content\/uploads\/2024\/04\/logo-emina-webpng-150x50.png 150w\" sizes=\"(max-width: 300px) 100vw, 300px\" \/>\t\t\t\t\t\t\t\t\t\t\t\t\t<\/div>\n\t\t\t\t<\/div>\n\t\t\t\t<div class=\"elementor-element elementor-element-1ff8141e color-scheme-inherit text-left elementor-widget elementor-widget-text-editor\" data-id=\"1ff8141e\" data-element_type=\"widget\" data-widget_type=\"text-editor.default\">\n\t\t\t\t<div class=\"elementor-widget-container\">\n\t\t\t<style>\/*! elementor - v3.22.0 - 26-06-2024 *\/\n.elementor-widget-text-editor.elementor-drop-cap-view-stacked .elementor-drop-cap{background-color:#69727d;color:#fff}.elementor-widget-text-editor.elementor-drop-cap-view-framed .elementor-drop-cap{color:#69727d;border:3px solid;background-color:transparent}.elementor-widget-text-editor:not(.elementor-drop-cap-view-default) .elementor-drop-cap{margin-top:8px}.elementor-widget-text-editor:not(.elementor-drop-cap-view-default) .elementor-drop-cap-letter{width:1em;height:1em}.elementor-widget-text-editor .elementor-drop-cap{float:left;text-align:center;line-height:1;font-size:50px}.elementor-widget-text-editor .elementor-drop-cap-letter{display:inline-block}<\/style>\t\t\t\t<p>Bodega EMINA Ribera fue construida en 2005 en Valbuena de Duero, dentro la prestigiosa zona de la Milla de Oro de la Ribera del Duero, que posee lugares id\u00f3neos para el nacimiento de unos vinos que hacen a esta Denominaci\u00f3n de Origen acreedora del prestigio que atesora. La palabra EMINA evoca a la medida del vino y a la tradici\u00f3n arraigada en la zona situada junto a esta bodega que a\u00fana modernidad y tradici\u00f3n. Vi\u00f1as Rosas, La Caba\u00f1a, Valdelacasa, Hermano Diego, El Tomillar, El Horno, Valuenga, los Apriscos, La Hinojera, Vermilion\u2026<br \/>Son los nombres de los pagos de los que proceden los vinos de esta bodega, ubicada en un edificio de gran apreciaci\u00f3n arquitect\u00f3nica con una est\u00e9tica integrada en el entorno y el paisaje, inspirada en las villas romanas, cuya actividad interior gira alrededor de un atrio central.<\/p>\t\t\t\t\t\t<\/div>\n\t\t\t\t<\/div>\n\t\t\t\t<\/div>\n\t\t<div class=\"elementor-element elementor-element-22a7da88 e-con-full e-flex wd-section-disabled e-con e-child\" data-id=\"22a7da88\" data-element_type=\"container\">\n\t\t\t\t<\/div>\n\t\t\t\t<\/div>\n\t\t<div class=\"wd-negative-gap elementor-element elementor-element-5eb3d2c4 e-flex e-con-boxed wd-section-disabled e-con e-parent\" data-id=\"5eb3d2c4\" data-element_type=\"container\">\n\t\t\t\t\t<div class=\"e-con-inner\">\n\t\t<div class=\"elementor-element elementor-element-7f2003bb e-con-full e-flex wd-section-disabled e-con e-child\" data-id=\"7f2003bb\" data-element_type=\"container\">\n\t\t\t\t<div class=\"elementor-element elementor-element-329658ec elementor-widget elementor-widget-wd_title\" data-id=\"329658ec\" data-element_type=\"widget\" data-widget_type=\"wd_title.default\">\n\t\t\t\t<div class=\"elementor-widget-container\">\n\t\t\t\t\t<div class=\"title-wrapper set-mb-s reset-last-child wd-title-color-primary wd-title-style-default wd-title-size-medium text-left\">\n\n\t\t\t\n\t\t\t<div class=\"liner-continer\">\n\t\t\t\t<h3 class=\"woodmart-title-container title wd-fontsize-xl\">SELECCI\u00d3N LIMITADA<\/h3> \n\t\t\t\t\t\t\t<\/div>\n\n\t\t\t\t\t\t\t<div class=\"title-after_title set-cont-mb-s reset-last-child wd-fontsize-s\">\n\t\t\t\t\t<p>Emina Ros\u00e9 Prestigio es un vino\u00a0<strong>rosado p\u00e1lido de alta gama<\/strong>, en la l\u00ednea de los rosados provenzales, que destaca por un atractivo y caracter\u00edstico tono p\u00e1lido, una buena intensidad arom\u00e1tica, una\u00a0<strong>elaboraci\u00f3n de gran complejidad y una cuidada y delicada est\u00e9tica<\/strong>. La botella est\u00e1 serigrafiada y tiene un elegante tap\u00f3n de cristal. Hasta el m\u00e1s m\u00ednimo detalle est\u00e1 cuidado en Emina Ros\u00e9 Prestigio. Muy elegante para regalar, y perfecto para disfrutarlo.<\/p><p>Se trata de un vino con D.O. Cigales es un\u00a0<strong>\u201cros\u00e9\u201d de alta gama<\/strong>, en la l\u00ednea de los rosados provenzales, que destaca por un atractivo y caracter\u00edstico tono p\u00e1lido, una buena intensidad arom\u00e1tica, una elaboraci\u00f3n de gran complejidad y una cuidada y delicada est\u00e9tica.<\/p><p>Este vino, de elegante y marcada personalidad, proviene de\u00a0<strong>vi\u00f1edos viejos de m\u00e1s de 70 a\u00f1os<\/strong>\u00a0plantados en vaso. Su origen est\u00e1 en distintas variedades de uva, tanto blancas como tintas, que aportan sus tonos y caracter\u00edsticas propias. La maceraci\u00f3n se produce en fr\u00edo, para as\u00ed extraer poco color y obtener un rosado p\u00e1lido \u00fanico. Finaliza el proceso de producci\u00f3n una crianza de 2 meses con l\u00edas finas.<\/p>\t\t\t\t<\/div>\n\t\t\t\t\t<\/div>\n\t\t\t\t<\/div>\n\t\t\t\t<\/div>\n\t\t\t\t<\/div>\n\t\t<div class=\"elementor-element elementor-element-7d5b28f9 e-con-full e-flex wd-section-disabled e-con e-child\" data-id=\"7d5b28f9\" data-element_type=\"container\">\n\t\t\t\t<div class=\"elementor-element elementor-element-2cc79666 elementor-widget elementor-widget-image\" data-id=\"2cc79666\" data-element_type=\"widget\" data-widget_type=\"image.default\">\n\t\t\t\t<div class=\"elementor-widget-container\">\n\t\t\t\t\t\t\t\t\t\t\t\t\t<img fetchpriority=\"high\" decoding=\"async\" width=\"381\" height=\"492\" src=\"http:\/\/holdingtrade.es\/wp-content\/uploads\/2024\/03\/EMINA-ROSE-PRESTIGIO-2023-3.jpg\" class=\"attachment-full size-full wp-image-16700\" alt=\"\" srcset=\"http:\/\/holdingtrade.es\/wp-content\/uploads\/2024\/03\/EMINA-ROSE-PRESTIGIO-2023-3.jpg 381w, http:\/\/holdingtrade.es\/wp-content\/uploads\/2024\/03\/EMINA-ROSE-PRESTIGIO-2023-3-232x300.jpg 232w, http:\/\/holdingtrade.es\/wp-content\/uploads\/2024\/03\/EMINA-ROSE-PRESTIGIO-2023-3-150x194.jpg 150w\" sizes=\"(max-width: 381px) 100vw, 381px\" \/>\t\t\t\t\t\t\t\t\t\t\t\t\t<\/div>\n\t\t\t\t<\/div>\n\t\t\t\t<\/div>\n\t\t\t\t\t<\/div>\n\t\t\t\t<\/div>\n\t\t<div class=\"wd-negative-gap elementor-element elementor-element-5933ae9d e-flex e-con-boxed wd-section-disabled e-con e-parent\" data-id=\"5933ae9d\" data-element_type=\"container\" data-settings=\"{&quot;background_background&quot;:&quot;classic&quot;}\">\n\t\t\t\t\t<div class=\"e-con-inner\">\n\t\t<div class=\"elementor-element elementor-element-74d8ca61 e-con-full e-flex wd-section-disabled e-con e-child\" data-id=\"74d8ca61\" data-element_type=\"container\" data-settings=\"{&quot;background_background&quot;:&quot;video&quot;}\">\n\t\t\t\t<div class=\"elementor-element elementor-element-7ba64738 elementor-widget elementor-widget-video\" data-id=\"7ba64738\" data-element_type=\"widget\" data-settings=\"{&quot;youtube_url&quot;:&quot;https:\\\/\\\/www.youtube.com\\\/watch?v=K4-Owj2Xpng&quot;,&quot;video_type&quot;:&quot;youtube&quot;,&quot;controls&quot;:&quot;yes&quot;}\" data-widget_type=\"video.default\">\n\t\t\t\t<div class=\"elementor-widget-container\">\n\t\t\t<style>\/*! elementor - v3.22.0 - 26-06-2024 *\/\n.elementor-widget-video .elementor-widget-container{overflow:hidden;transform:translateZ(0)}.elementor-widget-video .elementor-wrapper{aspect-ratio:var(--video-aspect-ratio)}.elementor-widget-video .elementor-wrapper iframe,.elementor-widget-video .elementor-wrapper video{height:100%;width:100%;display:flex;border:none;background-color:#000}@supports not (aspect-ratio:1\/1){.elementor-widget-video .elementor-wrapper{position:relative;overflow:hidden;height:0;padding-bottom:calc(100% \/ var(--video-aspect-ratio))}.elementor-widget-video .elementor-wrapper iframe,.elementor-widget-video .elementor-wrapper video{position:absolute;top:0;right:0;bottom:0;left:0}}.elementor-widget-video .elementor-open-inline .elementor-custom-embed-image-overlay{position:absolute;top:0;right:0;bottom:0;left:0;background-size:cover;background-position:50%}.elementor-widget-video .elementor-custom-embed-image-overlay{cursor:pointer;text-align:center}.elementor-widget-video .elementor-custom-embed-image-overlay:hover .elementor-custom-embed-play i{opacity:1}.elementor-widget-video .elementor-custom-embed-image-overlay img{display:block;width:100%;aspect-ratio:var(--video-aspect-ratio);-o-object-fit:cover;object-fit:cover;-o-object-position:center center;object-position:center center}@supports not (aspect-ratio:1\/1){.elementor-widget-video .elementor-custom-embed-image-overlay{position:relative;overflow:hidden;height:0;padding-bottom:calc(100% \/ var(--video-aspect-ratio))}.elementor-widget-video .elementor-custom-embed-image-overlay img{position:absolute;top:0;right:0;bottom:0;left:0}}.elementor-widget-video .e-hosted-video .elementor-video{-o-object-fit:cover;object-fit:cover}.e-con-inner>.elementor-widget-video,.e-con>.elementor-widget-video{width:var(--container-widget-width);--flex-grow:var(--container-widget-flex-grow)}<\/style>\t\t<div class=\"elementor-wrapper elementor-open-inline\">\n\t\t\t<div class=\"elementor-video\"><\/div>\t\t<\/div>\n\t\t\t\t<\/div>\n\t\t\t\t<\/div>\n\t\t\t\t<\/div>\n\t\t<div class=\"elementor-element elementor-element-44bcba85 e-con-full e-flex wd-section-disabled e-con e-child\" data-id=\"44bcba85\" data-element_type=\"container\">\n\t\t\t\t<div class=\"elementor-element elementor-element-4feeebc9 elementor-widget elementor-widget-wd_title\" data-id=\"4feeebc9\" data-element_type=\"widget\" data-widget_type=\"wd_title.default\">\n\t\t\t\t<div class=\"elementor-widget-container\">\n\t\t\t\t\t<div class=\"title-wrapper set-mb-s reset-last-child wd-title-color-primary wd-title-style-default wd-title-size-medium text-left\">\n\n\t\t\t\n\t\t\t<div class=\"liner-continer\">\n\t\t\t\t<h3 class=\"woodmart-title-container title wd-fontsize-xl\">FASES DE CATA<\/h3> \n\t\t\t\t\t\t\t<\/div>\n\n\t\t\t\t\t\t\t<div class=\"title-after_title set-cont-mb-s reset-last-child wd-fontsize-s\">\n\t\t\t\t\t<p>Presenta un precioso color fresa p\u00e1lido de baja intensidad con bordes amoratados, muy limpio, glic\u00e9rico y brillante.<\/p><p><b><strong>NARIZ<\/strong><\/b><\/p><p>Es un vino muy complejo, envolvente, voluptuoso e intenso, debido al coupage de variedades del que proviene. En nariz presenta una amplia gama de aromas de frutas del bosque, como grosella o zarzamora, as\u00ed como matices herb\u00e1ceos y bals\u00e1micos de tomillo y lavanda, con sutiles tonos minerales.<\/p><p><b><strong>BOCA<\/strong><\/b><\/p><p>Se aprecia un vino rosado con medido volumen, resultado de la larga maceraci\u00f3n en fr\u00edo de la uva pero que resulta ligero e insinuante.<\/p>\t\t\t\t<\/div>\n\t\t\t\t\t<\/div>\n\t\t\t\t<\/div>\n\t\t\t\t<\/div>\n\t\t\t\t<\/div>\n\t\t\t\t\t<\/div>\n\t\t\t\t<\/div>\n\t\t<div class=\"elementor-element elementor-element-51d2b6e1 e-con-full e-flex wd-section-disabled e-con e-parent\" data-id=\"51d2b6e1\" data-element_type=\"container\" data-settings=\"{&quot;background_background&quot;:&quot;classic&quot;}\">\n\t\t<div class=\"elementor-element elementor-element-61fdf005 e-con-full e-flex wd-section-disabled e-con e-child\" data-id=\"61fdf005\" data-element_type=\"container\">\n\t\t\t\t<div class=\"elementor-element elementor-element-7341c0d4 elementor-widget elementor-widget-wd_title\" data-id=\"7341c0d4\" data-element_type=\"widget\" data-widget_type=\"wd_title.default\">\n\t\t\t\t<div class=\"elementor-widget-container\">\n\t\t\t\t\t<div class=\"title-wrapper set-mb-s reset-last-child wd-title-color-primary wd-title-style-default wd-title-size-medium text-left\">\n\n\t\t\t\n\t\t\t<div class=\"liner-continer\">\n\t\t\t\t<h3 class=\"woodmart-title-container title wd-fontsize-xl\">MARIDAJE<\/h3> \n\t\t\t\t\t\t\t<\/div>\n\n\t\t\t\t\t\t\t<div class=\"title-after_title set-cont-mb-s reset-last-child wd-fontsize-s\">\n\t\t\t\t\t<p>Emina Ros\u00e9 Prestigio es un perfecto para acompa\u00f1ar platos con un marcado car\u00e1cter ex\u00f3tico: tailand\u00e9s, japon\u00e9s, chino. Tambi\u00e9n es perfecto con quesos, pescados o ensaladas. Es un vino magn\u00edfico para conversar con tranquilidad o para copear deleit\u00e1ndose en el momento, ya que beberlo es una experiencia en s\u00ed misma.<\/p>\t\t\t\t<\/div>\n\t\t\t\t\t<\/div>\n\t\t\t\t<\/div>\n\t\t\t\t<\/div>\n\t\t\t\t<\/div>\n\t\t<div class=\"elementor-element elementor-element-41354ece e-con-full e-flex wd-section-disabled e-con e-child\" data-id=\"41354ece\" data-element_type=\"container\" data-settings=\"{&quot;background_background&quot;:&quot;classic&quot;}\">\n\t\t\t\t<\/div>\n\t\t\t\t<\/div>\n\t\t\t\t<\/div>\n\t\t","protected":false},"excerpt":{"rendered":"<p><strong>D.O. CIGALES<\/strong><\/p>\n<p>Emina Ros\u00e9 Prestigio es un vino rosado p\u00e1lido de alta gama, en la l\u00ednea de los rosados provenzales, que destaca por un atractivo y caracter\u00edstico tono p\u00e1lido, una buena intensidad arom\u00e1tica, una elaboraci\u00f3n de gran complejidad y una cuidada y delicada est\u00e9tica.<br \/>\nEste vino, de elegante y marcada personalidad, proviene de vi\u00f1edos viejos de m\u00e1s de 70 a\u00f1os plantados en vaso. Su origen est\u00e1 en distintas variedades de uva, tanto blancas como tintas, que aportan sus tonos y caracter\u00edsticas propias. La maceraci\u00f3n se produce en fr\u00edo, para as\u00ed extraer poco color y obtener un rosado p\u00e1lido \u00fanico. Finaliza el proceso de producci\u00f3n una crianza de 2 meses con l\u00edas finas.<\/p>\n<p>EL VI\u00d1EDO<br \/>\nUna selecci\u00f3n de parcelas de vi\u00f1edos de Cubillas de Santa Marta, Valoria la Buena y Corcos del Valle, son el origen de este fino y elegante vino rosado. Una delicada combinaci\u00f3n de variedades tintas como Tempranillo, Garnachas Tinta y Gris, y tambi\u00e9n blancas como Verdejo, Viura y Albillo, de vi\u00f1edos viejos plantados en vaso de donde procede este selecto y cuidado vino.<\/p>\n","protected":false},"featured_media":16928,"template":"","meta":{"_joinchat":[]},"product_cat":[32],"product_tag":[],"_links":{"self":[{"href":"http:\/\/holdingtrade.es\/en\/wp-json\/wp\/v2\/product\/16804"}],"collection":[{"href":"http:\/\/holdingtrade.es\/en\/wp-json\/wp\/v2\/product"}],"about":[{"href":"http:\/\/holdingtrade.es\/en\/wp-json\/wp\/v2\/types\/product"}],"version-history":[{"count":0,"href":"http:\/\/holdingtrade.es\/en\/wp-json\/wp\/v2\/product\/16804\/revisions"}],"wp:featuredmedia":[{"embeddable":true,"href":"http:\/\/holdingtrade.es\/en\/wp-json\/wp\/v2\/media\/16928"}],"wp:attachment":[{"href":"http:\/\/holdingtrade.es\/en\/wp-json\/wp\/v2\/media?parent=16804"}],"wp:term":[{"taxonomy":"product_cat","embeddable":true,"href":"http:\/\/holdingtrade.es\/en\/wp-json\/wp\/v2\/product_cat?post=16804"},{"taxonomy":"product_tag","embeddable":true,"href":"http:\/\/holdingtrade.es\/en\/wp-json\/wp\/v2\/product_tag?post=16804"}],"curies":[{"name":"wp","href":"https:\/\/api.w.org\/{rel}","templated":true}]}}