{"id":17680,"date":"2024-05-06T13:23:28","date_gmt":"2024-05-06T13:23:28","guid":{"rendered":"https:\/\/holdingtrade.es\/?post_type=product&#038;p=17680"},"modified":"2024-06-21T19:55:24","modified_gmt":"2024-06-21T19:55:24","slug":"soja","status":"publish","type":"product","link":"http:\/\/holdingtrade.es\/en\/producto\/soja\/","title":{"rendered":"Soja"},"content":{"rendered":"\t\t<div data-elementor-type=\"wp-post\" data-elementor-id=\"17680\" class=\"elementor elementor-17680\" data-elementor-post-type=\"product\">\n\t\t\t\t<div class=\"wd-negative-gap elementor-element elementor-element-0366fe8 wd-section-stretch-content e-flex e-con-boxed e-con e-parent\" data-id=\"0366fe8\" data-element_type=\"container\" data-settings=\"{&quot;background_background&quot;:&quot;video&quot;,&quot;background_video_link&quot;:&quot;https:\\\/\\\/www.youtube.com\\\/watch?v=SrLCAgsF38c&quot;,&quot;background_play_on_mobile&quot;:&quot;yes&quot;}\">\n\t\t\t\t\t<div class=\"e-con-inner\">\n\t\t<div class=\"elementor-background-video-container\">\n\t\t\t\t\t\t\t<div class=\"elementor-background-video-embed\"><\/div>\n\t\t\t\t\t\t<\/div>\t\t<div class=\"elementor-element elementor-element-5d41f78 elementor-widget elementor-widget-spacer\" data-id=\"5d41f78\" data-element_type=\"widget\" data-widget_type=\"spacer.default\">\n\t\t\t\t<div class=\"elementor-widget-container\">\n\t\t\t<style>\/*! elementor - v3.22.0 - 26-06-2024 *\/\n.elementor-column .elementor-spacer-inner{height:var(--spacer-size)}.e-con{--container-widget-width:100%}.e-con-inner>.elementor-widget-spacer,.e-con>.elementor-widget-spacer{width:var(--container-widget-width,var(--spacer-size));--align-self:var(--container-widget-align-self,initial);--flex-shrink:0}.e-con-inner>.elementor-widget-spacer>.elementor-widget-container,.e-con>.elementor-widget-spacer>.elementor-widget-container{height:100%;width:100%}.e-con-inner>.elementor-widget-spacer>.elementor-widget-container>.elementor-spacer,.e-con>.elementor-widget-spacer>.elementor-widget-container>.elementor-spacer{height:100%}.e-con-inner>.elementor-widget-spacer>.elementor-widget-container>.elementor-spacer>.elementor-spacer-inner,.e-con>.elementor-widget-spacer>.elementor-widget-container>.elementor-spacer>.elementor-spacer-inner{height:var(--container-widget-height,var(--spacer-size))}.e-con-inner>.elementor-widget-spacer.elementor-widget-empty,.e-con>.elementor-widget-spacer.elementor-widget-empty{position:relative;min-height:22px;min-width:22px}.e-con-inner>.elementor-widget-spacer.elementor-widget-empty .elementor-widget-empty-icon,.e-con>.elementor-widget-spacer.elementor-widget-empty .elementor-widget-empty-icon{position:absolute;top:0;bottom:0;left:0;right:0;margin:auto;padding:0;width:22px;height:22px}<\/style>\t\t<div class=\"elementor-spacer\">\n\t\t\t<div class=\"elementor-spacer-inner\"><\/div>\n\t\t<\/div>\n\t\t\t\t<\/div>\n\t\t\t\t<\/div>\n\t\t\t\t\t<\/div>\n\t\t\t\t<\/div>\n\t\t<div class=\"wd-negative-gap elementor-element elementor-element-97b3fe7 e-flex e-con-boxed wd-section-disabled e-con e-parent\" data-id=\"97b3fe7\" data-element_type=\"container\">\n\t\t\t\t\t<div class=\"e-con-inner\">\n\t\t\t\t<div class=\"elementor-element elementor-element-7abf06c elementor-widget elementor-widget-wd_text_block\" data-id=\"7abf06c\" data-element_type=\"widget\" data-widget_type=\"wd_text_block.default\">\n\t\t\t\t<div class=\"elementor-widget-container\">\n\t\t\t\t\t<div class=\"wd-text-block reset-last-child text-left\">\n\t\t\t\n\t\t\t<p><span style=\"color: #242424; font-family: Poppins, Arial, Helvetica, sans-serif; font-size: 22px; font-style: normal; font-variant-ligatures: normal; font-variant-caps: normal; font-weight: 400; text-align: center; white-space-collapse: collapse;\">INFORMACI\u00d3N DEL PRODUCTO<\/span><span style=\"font-size: 14px; background-color: var(--bgcolor-white); color: var(--wd-text-color);\"><\/span><\/p>\n\t\t\t\t\t<\/div>\n\t\t\t\t<\/div>\n\t\t\t\t<\/div>\n\t\t\t\t\t<\/div>\n\t\t\t\t<\/div>\n\t\t<div class=\"wd-negative-gap elementor-element elementor-element-9c30a31 e-flex e-con-boxed wd-section-disabled e-con e-parent\" data-id=\"9c30a31\" data-element_type=\"container\">\n\t\t\t\t\t<div class=\"e-con-inner\">\n\t\t<div class=\"elementor-element elementor-element-5678061 e-con-full e-flex wd-section-disabled e-con e-child\" data-id=\"5678061\" data-element_type=\"container\">\n\t\t\t\t<div class=\"elementor-element elementor-element-ef48aca elementor-widget elementor-widget-wd_image_or_svg\" data-id=\"ef48aca\" data-element_type=\"widget\" data-widget_type=\"wd_image_or_svg.default\">\n\t\t\t\t<div class=\"elementor-widget-container\">\n\t\t\t\n\t\t<div class=\"wd-image text-center\">\n\t\t\t\t\t\t\t\t<img fetchpriority=\"high\" width=\"300\" height=\"300\" src=\"http:\/\/holdingtrade.es\/wp-content\/uploads\/2024\/05\/Site-Soybean-GMO-2-300x300.jpg\" class=\"attachment-medium size-medium\" alt=\"\" decoding=\"async\" srcset=\"http:\/\/holdingtrade.es\/wp-content\/uploads\/2024\/05\/Site-Soybean-GMO-2-300x300.jpg 300w, http:\/\/holdingtrade.es\/wp-content\/uploads\/2024\/05\/Site-Soybean-GMO-2-150x150.jpg 150w, http:\/\/holdingtrade.es\/wp-content\/uploads\/2024\/05\/Site-Soybean-GMO-2.jpg 400w\" sizes=\"(max-width: 300px) 100vw, 300px\" \/>\t\t\t\t\t<\/div>\n\n\t\t\t\t<\/div>\n\t\t\t\t<\/div>\n\t\t\t\t<\/div>\n\t\t<div class=\"elementor-element elementor-element-6380075 e-con-full e-flex wd-section-disabled e-con e-child\" data-id=\"6380075\" data-element_type=\"container\">\n\t\t\t\t<div class=\"elementor-element elementor-element-3d4fd16 elementor-widget elementor-widget-wd_text_block\" data-id=\"3d4fd16\" data-element_type=\"widget\" data-widget_type=\"wd_text_block.default\">\n\t\t\t\t<div class=\"elementor-widget-container\">\n\t\t\t\t\t<div class=\"wd-text-block reset-last-child text-left\">\n\t\t\t\n\t\t\t<h3><strong>Soja OGM<\/strong><\/h3><p>Transg\u00e9nica.<br \/>Utilizado en alimentaci\u00f3n humana y animal.<\/p>\n\t\t\t\t\t<\/div>\n\t\t\t\t<\/div>\n\t\t\t\t<\/div>\n\t\t\t\t<\/div>\n\t\t\t\t\t<\/div>\n\t\t\t\t<\/div>\n\t\t<div class=\"wd-negative-gap elementor-element elementor-element-15bdb33 e-flex e-con-boxed wd-section-disabled e-con e-parent\" data-id=\"15bdb33\" data-element_type=\"container\">\n\t\t\t\t\t<div class=\"e-con-inner\">\n\t\t<div class=\"elementor-element elementor-element-154e8e3 e-con-full e-flex wd-section-disabled e-con e-child\" data-id=\"154e8e3\" data-element_type=\"container\">\n\t\t\t\t<div class=\"elementor-element elementor-element-1163242 elementor-widget elementor-widget-wd_image_or_svg\" data-id=\"1163242\" data-element_type=\"widget\" data-widget_type=\"wd_image_or_svg.default\">\n\t\t\t\t<div class=\"elementor-widget-container\">\n\t\t\t\n\t\t<div class=\"wd-image text-center\">\n\t\t\t\t\t\t\t\t<img width=\"300\" height=\"300\" src=\"http:\/\/holdingtrade.es\/wp-content\/uploads\/2024\/05\/Site-Soybean-NON-GMO-300x300.jpg\" class=\"attachment-medium size-medium\" alt=\"\" decoding=\"async\" srcset=\"http:\/\/holdingtrade.es\/wp-content\/uploads\/2024\/05\/Site-Soybean-NON-GMO-300x300.jpg 300w, http:\/\/holdingtrade.es\/wp-content\/uploads\/2024\/05\/Site-Soybean-NON-GMO-150x150.jpg 150w, http:\/\/holdingtrade.es\/wp-content\/uploads\/2024\/05\/Site-Soybean-NON-GMO.jpg 400w\" sizes=\"(max-width: 300px) 100vw, 300px\" \/>\t\t\t\t\t<\/div>\n\n\t\t\t\t<\/div>\n\t\t\t\t<\/div>\n\t\t\t\t<\/div>\n\t\t<div class=\"elementor-element elementor-element-7a97e0f e-con-full e-flex wd-section-disabled e-con e-child\" data-id=\"7a97e0f\" data-element_type=\"container\">\n\t\t\t\t<div class=\"elementor-element elementor-element-79a3522 elementor-widget elementor-widget-wd_text_block\" data-id=\"79a3522\" data-element_type=\"widget\" data-widget_type=\"wd_text_block.default\">\n\t\t\t\t<div class=\"elementor-widget-container\">\n\t\t\t\t\t<div class=\"wd-text-block reset-last-child text-left\">\n\t\t\t\n\t\t\t<h3><strong>Soja NO OGM<\/strong><\/h3><p>Producto no transg\u00e9nico, elaborado a partir de granos de soja convencional, con alto contenido proteico, superior al 60%, y respetuoso con el medio ambiente.<\/p><p>\u00a0<\/p>\n\t\t\t\t\t<\/div>\n\t\t\t\t<\/div>\n\t\t\t\t<\/div>\n\t\t\t\t<\/div>\n\t\t\t\t\t<\/div>\n\t\t\t\t<\/div>\n\t\t<div class=\"wd-negative-gap elementor-element elementor-element-e377445 e-flex e-con-boxed wd-section-disabled e-con e-parent\" data-id=\"e377445\" data-element_type=\"container\">\n\t\t\t\t\t<div class=\"e-con-inner\">\n\t\t<div class=\"elementor-element elementor-element-a81c143 e-con-full e-flex wd-section-disabled e-con e-child\" data-id=\"a81c143\" data-element_type=\"container\">\n\t\t\t\t<div class=\"elementor-element elementor-element-08e1248 elementor-widget elementor-widget-wd_image_or_svg\" data-id=\"08e1248\" data-element_type=\"widget\" data-widget_type=\"wd_image_or_svg.default\">\n\t\t\t\t<div class=\"elementor-widget-container\">\n\t\t\t\n\t\t<div class=\"wd-image text-center\">\n\t\t\t\t\t\t\t\t<img width=\"300\" height=\"300\" src=\"http:\/\/holdingtrade.es\/wp-content\/uploads\/2024\/05\/Site-Soybean-Meal-300x300.jpg\" class=\"attachment-medium size-medium\" alt=\"\" decoding=\"async\" srcset=\"http:\/\/holdingtrade.es\/wp-content\/uploads\/2024\/05\/Site-Soybean-Meal-300x300.jpg 300w, http:\/\/holdingtrade.es\/wp-content\/uploads\/2024\/05\/Site-Soybean-Meal-150x150.jpg 150w, http:\/\/holdingtrade.es\/wp-content\/uploads\/2024\/05\/Site-Soybean-Meal.jpg 400w\" sizes=\"(max-width: 300px) 100vw, 300px\" \/>\t\t\t\t\t<\/div>\n\n\t\t\t\t<\/div>\n\t\t\t\t<\/div>\n\t\t\t\t<\/div>\n\t\t<div class=\"elementor-element elementor-element-e8bf7c9 e-con-full e-flex wd-section-disabled e-con e-child\" data-id=\"e8bf7c9\" data-element_type=\"container\">\n\t\t\t\t<div class=\"elementor-element elementor-element-ea09ca1 elementor-widget elementor-widget-wd_text_block\" data-id=\"ea09ca1\" data-element_type=\"widget\" data-widget_type=\"wd_text_block.default\">\n\t\t\t\t<div class=\"elementor-widget-container\">\n\t\t\t\t\t<div class=\"wd-text-block reset-last-child text-left\">\n\t\t\t\n\t\t\t<h3><strong>Harina de Soja<\/strong><\/h3><p>La harina de soja se utiliza en alimentos y piensos, principalmente como suplemento proteico, pero tambi\u00e9n como fuente de energ\u00eda metabolizable.<\/p>\n\t\t\t\t\t<\/div>\n\t\t\t\t<\/div>\n\t\t\t\t<\/div>\n\t\t\t\t<\/div>\n\t\t\t\t\t<\/div>\n\t\t\t\t<\/div>\n\t\t<div class=\"wd-negative-gap elementor-element elementor-element-6118db2 e-flex e-con-boxed wd-section-disabled e-con e-parent\" data-id=\"6118db2\" data-element_type=\"container\">\n\t\t\t\t\t<div class=\"e-con-inner\">\n\t\t\t\t<div class=\"elementor-element elementor-element-e846f4f elementor-widget elementor-widget-wd_text_block\" data-id=\"e846f4f\" data-element_type=\"widget\" data-widget_type=\"wd_text_block.default\">\n\t\t\t\t<div class=\"elementor-widget-container\">\n\t\t\t\t\t<div class=\"wd-text-block reset-last-child text-left\">\n\t\t\t\n\t\t\t\n\t\t\t\t\t<\/div>\n\t\t\t\t<\/div>\n\t\t\t\t<\/div>\n\t\t\t\t<div class=\"elementor-element elementor-element-93a4511 elementor-widget elementor-widget-wd_image_or_svg\" data-id=\"93a4511\" data-element_type=\"widget\" data-widget_type=\"wd_image_or_svg.default\">\n\t\t\t\t<div class=\"elementor-widget-container\">\n\t\t\t\n\t\t<div class=\"wd-image text-left\">\n\t\t\t\t\t\t\t\t<img loading=\"lazy\" width=\"2499\" height=\"1425\" src=\"http:\/\/holdingtrade.es\/wp-content\/uploads\/2024\/05\/Soja-4-2500x1000-1.jpg\" class=\"attachment-full size-full\" alt=\"\" decoding=\"async\" srcset=\"http:\/\/holdingtrade.es\/wp-content\/uploads\/2024\/05\/Soja-4-2500x1000-1.jpg 2499w, http:\/\/holdingtrade.es\/wp-content\/uploads\/2024\/05\/Soja-4-2500x1000-1-400x228.jpg 400w, http:\/\/holdingtrade.es\/wp-content\/uploads\/2024\/05\/Soja-4-2500x1000-1-1300x741.jpg 1300w, http:\/\/holdingtrade.es\/wp-content\/uploads\/2024\/05\/Soja-4-2500x1000-1-768x438.jpg 768w, http:\/\/holdingtrade.es\/wp-content\/uploads\/2024\/05\/Soja-4-2500x1000-1-1536x876.jpg 1536w, http:\/\/holdingtrade.es\/wp-content\/uploads\/2024\/05\/Soja-4-2500x1000-1-2048x1168.jpg 2048w, http:\/\/holdingtrade.es\/wp-content\/uploads\/2024\/05\/Soja-4-2500x1000-1-700x399.jpg 700w, http:\/\/holdingtrade.es\/wp-content\/uploads\/2024\/05\/Soja-4-2500x1000-1-150x86.jpg 150w\" sizes=\"(max-width: 2499px) 100vw, 2499px\" \/>\t\t\t\t\t<\/div>\n\n\t\t\t\t<\/div>\n\t\t\t\t<\/div>\n\t\t\t\t\t<\/div>\n\t\t\t\t<\/div>\n\t\t\t\t<\/div>\n\t\t","protected":false},"excerpt":{"rendered":"<ul>\n<li>Soja OGM<\/li>\n<li>Soja NO OGM<\/li>\n<li>Harina de Soja<\/li>\n<\/ul>\n<p>Origen &#8211; Brasil<\/p>\n<p>Soja o soya,\u200b es una especie de plantas de la familia Fab\u00e1cea, o familia de las leguminosas. Se cultiva por sus semillas, de contenido medio en aceite y alto en prote\u00edna. El grano de soja y sus subproductos (aceite y harina de soja) se utilizan en la alimentaci\u00f3n humana, del ganado y de aves. Se comercializa en todo el mundo debido a sus m\u00faltiples usos.<\/p>\n","protected":false},"featured_media":17690,"template":"","meta":{"_joinchat":[]},"product_cat":[286],"product_tag":[],"_links":{"self":[{"href":"http:\/\/holdingtrade.es\/en\/wp-json\/wp\/v2\/product\/17680"}],"collection":[{"href":"http:\/\/holdingtrade.es\/en\/wp-json\/wp\/v2\/product"}],"about":[{"href":"http:\/\/holdingtrade.es\/en\/wp-json\/wp\/v2\/types\/product"}],"version-history":[{"count":0,"href":"http:\/\/holdingtrade.es\/en\/wp-json\/wp\/v2\/product\/17680\/revisions"}],"wp:featuredmedia":[{"embeddable":true,"href":"http:\/\/holdingtrade.es\/en\/wp-json\/wp\/v2\/media\/17690"}],"wp:attachment":[{"href":"http:\/\/holdingtrade.es\/en\/wp-json\/wp\/v2\/media?parent=17680"}],"wp:term":[{"taxonomy":"product_cat","embeddable":true,"href":"http:\/\/holdingtrade.es\/en\/wp-json\/wp\/v2\/product_cat?post=17680"},{"taxonomy":"product_tag","embeddable":true,"href":"http:\/\/holdingtrade.es\/en\/wp-json\/wp\/v2\/product_tag?post=17680"}],"curies":[{"name":"wp","href":"https:\/\/api.w.org\/{rel}","templated":true}]}}