{"id":19735,"date":"2024-06-18T19:14:16","date_gmt":"2024-06-18T19:14:16","guid":{"rendered":"https:\/\/holdingtrade.es\/?post_type=product&#038;p=19735"},"modified":"2024-06-19T20:33:32","modified_gmt":"2024-06-19T20:33:32","slug":"maiz","status":"publish","type":"product","link":"http:\/\/holdingtrade.es\/en\/producto\/maiz\/","title":{"rendered":"Ma\u00edz"},"content":{"rendered":"\t\t<div data-elementor-type=\"wp-post\" data-elementor-id=\"19735\" class=\"elementor elementor-19735\" data-elementor-post-type=\"product\">\n\t\t\t\t<div class=\"wd-negative-gap elementor-element elementor-element-3c28653 e-flex e-con-boxed wd-section-disabled e-con e-parent\" data-id=\"3c28653\" data-element_type=\"container\">\n\t\t\t\t\t<div class=\"e-con-inner\">\n\t\t<div class=\"elementor-element elementor-element-9941bef e-con-full e-flex wd-section-disabled e-con e-child\" data-id=\"9941bef\" data-element_type=\"container\">\n\t\t\t\t<div class=\"elementor-element elementor-element-c7b37cd elementor-widget elementor-widget-wd_image_or_svg\" data-id=\"c7b37cd\" data-element_type=\"widget\" data-widget_type=\"wd_image_or_svg.default\">\n\t\t\t\t<div class=\"elementor-widget-container\">\n\t\t\t\n\t\t<div class=\"wd-image text-center\">\n\t\t\t\t\t\t\t\t<img fetchpriority=\"high\" width=\"400\" height=\"400\" src=\"http:\/\/holdingtrade.es\/wp-content\/uploads\/2024\/06\/Site-Corn-GMO-2.jpg\" class=\"attachment-full size-full\" alt=\"\" decoding=\"async\" srcset=\"http:\/\/holdingtrade.es\/wp-content\/uploads\/2024\/06\/Site-Corn-GMO-2.jpg 400w, http:\/\/holdingtrade.es\/wp-content\/uploads\/2024\/06\/Site-Corn-GMO-2-300x300.jpg 300w, http:\/\/holdingtrade.es\/wp-content\/uploads\/2024\/06\/Site-Corn-GMO-2-150x150.jpg 150w\" sizes=\"(max-width: 400px) 100vw, 400px\" \/>\t\t\t\t\t<\/div>\n\n\t\t\t\t<\/div>\n\t\t\t\t<\/div>\n\t\t\t\t<\/div>\n\t\t<div class=\"elementor-element elementor-element-66bf6d8 e-con-full e-flex wd-section-disabled e-con e-child\" data-id=\"66bf6d8\" data-element_type=\"container\">\n\t\t\t\t<div class=\"elementor-element elementor-element-034d796 elementor-widget elementor-widget-wd_text_block\" data-id=\"034d796\" data-element_type=\"widget\" data-widget_type=\"wd_text_block.default\">\n\t\t\t\t<div class=\"elementor-widget-container\">\n\t\t\t\t\t<div class=\"wd-text-block reset-last-child text-left\">\n\t\t\t\n\t\t\t<p><strong>Ma\u00edz OGM<\/strong><\/p><p>Maiz Transg\u00e9nico. Empleado en alimentaci\u00f3n humana y animal.<\/p>\n\t\t\t\t\t<\/div>\n\t\t\t\t<\/div>\n\t\t\t\t<\/div>\n\t\t\t\t<\/div>\n\t\t\t\t\t<\/div>\n\t\t\t\t<\/div>\n\t\t<div class=\"wd-negative-gap elementor-element elementor-element-e51a363 e-flex e-con-boxed wd-section-disabled e-con e-parent\" data-id=\"e51a363\" data-element_type=\"container\">\n\t\t\t\t\t<div class=\"e-con-inner\">\n\t\t<div class=\"elementor-element elementor-element-35dd994 e-con-full e-flex wd-section-disabled e-con e-child\" data-id=\"35dd994\" data-element_type=\"container\">\n\t\t\t\t<div class=\"elementor-element elementor-element-690c7b7 elementor-widget elementor-widget-wd_image_or_svg\" data-id=\"690c7b7\" data-element_type=\"widget\" data-widget_type=\"wd_image_or_svg.default\">\n\t\t\t\t<div class=\"elementor-widget-container\">\n\t\t\t\n\t\t<div class=\"wd-image text-center\">\n\t\t\t\t\t\t\t\t<img width=\"400\" height=\"400\" src=\"http:\/\/holdingtrade.es\/wp-content\/uploads\/2024\/06\/Site-Corn-NON-GMO.jpg\" class=\"attachment-full size-full\" alt=\"\" decoding=\"async\" srcset=\"http:\/\/holdingtrade.es\/wp-content\/uploads\/2024\/06\/Site-Corn-NON-GMO.jpg 400w, http:\/\/holdingtrade.es\/wp-content\/uploads\/2024\/06\/Site-Corn-NON-GMO-300x300.jpg 300w, http:\/\/holdingtrade.es\/wp-content\/uploads\/2024\/06\/Site-Corn-NON-GMO-150x150.jpg 150w\" sizes=\"(max-width: 400px) 100vw, 400px\" \/>\t\t\t\t\t<\/div>\n\n\t\t\t\t<\/div>\n\t\t\t\t<\/div>\n\t\t\t\t<\/div>\n\t\t<div class=\"elementor-element elementor-element-91a3519 e-con-full e-flex wd-section-disabled e-con e-child\" data-id=\"91a3519\" data-element_type=\"container\">\n\t\t\t\t<div class=\"elementor-element elementor-element-272cbbb elementor-widget elementor-widget-wd_text_block\" data-id=\"272cbbb\" data-element_type=\"widget\" data-widget_type=\"wd_text_block.default\">\n\t\t\t\t<div class=\"elementor-widget-container\">\n\t\t\t\t\t<div class=\"wd-text-block reset-last-child text-left\">\n\t\t\t\n\t\t\t<p><strong>Ma\u00edz NO OGM<\/strong><\/p><p>El ma\u00edz No-GMO (NON-GMO) es un ma\u00edz sin alteraciones gen\u00e9ticas, conocido como ma\u00edz convencional.<\/p>\n\t\t\t\t\t<\/div>\n\t\t\t\t<\/div>\n\t\t\t\t<\/div>\n\t\t\t\t<\/div>\n\t\t\t\t\t<\/div>\n\t\t\t\t<\/div>\n\t\t<div class=\"wd-negative-gap elementor-element elementor-element-a1c00ec e-flex e-con-boxed wd-section-disabled e-con e-parent\" data-id=\"a1c00ec\" data-element_type=\"container\">\n\t\t\t\t\t<div class=\"e-con-inner\">\n\t\t<div class=\"elementor-element elementor-element-df47a18 e-con-full e-flex wd-section-disabled e-con e-child\" data-id=\"df47a18\" data-element_type=\"container\">\n\t\t\t\t<div class=\"elementor-element elementor-element-0382a8f elementor-widget elementor-widget-wd_image_or_svg\" data-id=\"0382a8f\" data-element_type=\"widget\" data-widget_type=\"wd_image_or_svg.default\">\n\t\t\t\t<div class=\"elementor-widget-container\">\n\t\t\t\n\t\t<div class=\"wd-image text-center\">\n\t\t\t\t\t\t\t\t<img width=\"400\" height=\"400\" src=\"http:\/\/holdingtrade.es\/wp-content\/uploads\/2024\/06\/Site-Corn-White.jpg\" class=\"attachment-full size-full\" alt=\"\" decoding=\"async\" srcset=\"http:\/\/holdingtrade.es\/wp-content\/uploads\/2024\/06\/Site-Corn-White.jpg 400w, http:\/\/holdingtrade.es\/wp-content\/uploads\/2024\/06\/Site-Corn-White-300x300.jpg 300w, http:\/\/holdingtrade.es\/wp-content\/uploads\/2024\/06\/Site-Corn-White-150x150.jpg 150w\" sizes=\"(max-width: 400px) 100vw, 400px\" \/>\t\t\t\t\t<\/div>\n\n\t\t\t\t<\/div>\n\t\t\t\t<\/div>\n\t\t\t\t<\/div>\n\t\t<div class=\"elementor-element elementor-element-1dedd78 e-con-full e-flex wd-section-disabled e-con e-child\" data-id=\"1dedd78\" data-element_type=\"container\">\n\t\t\t\t<div class=\"elementor-element elementor-element-7cecd0c elementor-widget elementor-widget-wd_text_block\" data-id=\"7cecd0c\" data-element_type=\"widget\" data-widget_type=\"wd_text_block.default\">\n\t\t\t\t<div class=\"elementor-widget-container\">\n\t\t\t\t\t<div class=\"wd-text-block reset-last-child text-left\">\n\t\t\t\n\t\t\t<p><strong>Ma\u00edz Blanco<\/strong><\/p><p>Los granos son blancos, profundos, pesados \u200b\u200by texturizados. promedio. El culmo tiene alta resistencia f\u00edsica y buena cordura. La ra\u00edz tiene buena fijaci\u00f3n.<\/p>\n\t\t\t\t\t<\/div>\n\t\t\t\t<\/div>\n\t\t\t\t<\/div>\n\t\t\t\t<\/div>\n\t\t\t\t\t<\/div>\n\t\t\t\t<\/div>\n\t\t\t\t<\/div>\n\t\t","protected":false},"excerpt":{"rendered":"<ul>\n<li>Ma\u00edz transg\u00e9nico<\/li>\n<li>Ma\u00edz NO OGM<\/li>\n<li>Ma\u00edz Blanco<\/li>\n<\/ul>\n<p>Origen: Brasil<\/p>\n<p>En Brasil, tercer productor mundial, Mato Grosso es el mayor estado productor, seguido de Paran\u00e1. Cultivado en todo Brasil, el ma\u00edz se utiliza tanto directamente como alimento como para usos alternativos. La mayor parte de su producci\u00f3n se utiliza como alimento para ganado vacuno, porcino, aves y peces.<\/p>\n","protected":false},"featured_media":19736,"template":"","meta":{"_joinchat":[]},"product_cat":[286],"product_tag":[],"_links":{"self":[{"href":"http:\/\/holdingtrade.es\/en\/wp-json\/wp\/v2\/product\/19735"}],"collection":[{"href":"http:\/\/holdingtrade.es\/en\/wp-json\/wp\/v2\/product"}],"about":[{"href":"http:\/\/holdingtrade.es\/en\/wp-json\/wp\/v2\/types\/product"}],"version-history":[{"count":0,"href":"http:\/\/holdingtrade.es\/en\/wp-json\/wp\/v2\/product\/19735\/revisions"}],"wp:featuredmedia":[{"embeddable":true,"href":"http:\/\/holdingtrade.es\/en\/wp-json\/wp\/v2\/media\/19736"}],"wp:attachment":[{"href":"http:\/\/holdingtrade.es\/en\/wp-json\/wp\/v2\/media?parent=19735"}],"wp:term":[{"taxonomy":"product_cat","embeddable":true,"href":"http:\/\/holdingtrade.es\/en\/wp-json\/wp\/v2\/product_cat?post=19735"},{"taxonomy":"product_tag","embeddable":true,"href":"http:\/\/holdingtrade.es\/en\/wp-json\/wp\/v2\/product_tag?post=19735"}],"curies":[{"name":"wp","href":"https:\/\/api.w.org\/{rel}","templated":true}]}}