{"id":19894,"date":"2024-06-19T03:04:04","date_gmt":"2024-06-19T03:04:04","guid":{"rendered":"https:\/\/holdingtrade.es\/?post_type=product&#038;p=19894"},"modified":"2024-06-19T20:36:00","modified_gmt":"2024-06-19T20:36:00","slug":"carne-de-vacuno","status":"publish","type":"product","link":"http:\/\/holdingtrade.es\/en\/producto\/carne-de-vacuno\/","title":{"rendered":"Carne de Vacuno"},"content":{"rendered":"\t\t<div data-elementor-type=\"wp-post\" data-elementor-id=\"19894\" class=\"elementor elementor-19894\" data-elementor-post-type=\"product\">\n\t\t\t\t<div class=\"wd-negative-gap elementor-element elementor-element-baaabd9 e-flex e-con-boxed wd-section-disabled e-con e-parent\" data-id=\"baaabd9\" data-element_type=\"container\">\n\t\t\t\t\t<div class=\"e-con-inner\">\n\t\t\t\t\t<\/div>\n\t\t\t\t<\/div>\n\t\t<div class=\"wd-negative-gap elementor-element elementor-element-fe50afa e-flex e-con-boxed wd-section-disabled e-con e-parent\" data-id=\"fe50afa\" data-element_type=\"container\">\n\t\t\t\t\t<div class=\"e-con-inner\">\n\t\t\t\t<div class=\"elementor-element elementor-element-30cfb37 elementor-widget elementor-widget-wd_text_block\" data-id=\"30cfb37\" data-element_type=\"widget\" data-widget_type=\"wd_text_block.default\">\n\t\t\t\t<div class=\"elementor-widget-container\">\n\t\t\t\t\t<div class=\"wd-text-block reset-last-child text-left\">\n\t\t\t\n\t\t\t<p>Cortes de carne de vacuno. El buey permite 21 tipos de cortes entre los considerados \u201cprimeros\u201d y \u201csegundos\u201d. Estas calificaciones son generadas por los propios recortes; Los valores nutricionales son los mismos.<\/p>\n\t\t\t\t\t<\/div>\n\t\t\t\t<\/div>\n\t\t\t\t<\/div>\n\t\t\t\t\t<\/div>\n\t\t\t\t<\/div>\n\t\t<div class=\"wd-negative-gap elementor-element elementor-element-891ade7 e-flex e-con-boxed wd-section-disabled e-con e-parent\" data-id=\"891ade7\" data-element_type=\"container\">\n\t\t\t\t\t<div class=\"e-con-inner\">\n\t\t\t\t<div class=\"elementor-element elementor-element-b7c1e61 elementor-widget elementor-widget-wd_image_or_svg\" data-id=\"b7c1e61\" data-element_type=\"widget\" data-widget_type=\"wd_image_or_svg.default\">\n\t\t\t\t<div class=\"elementor-widget-container\">\n\t\t\t\n\t\t<div class=\"wd-image text-center\">\n\t\t\t\t\t\t\t\t<img fetchpriority=\"high\" width=\"793\" height=\"508\" src=\"http:\/\/holdingtrade.es\/wp-content\/uploads\/2024\/06\/Site-Beef-Cuts.png\" class=\"attachment-full size-full\" alt=\"\" decoding=\"async\" srcset=\"http:\/\/holdingtrade.es\/wp-content\/uploads\/2024\/06\/Site-Beef-Cuts.png 793w, http:\/\/holdingtrade.es\/wp-content\/uploads\/2024\/06\/Site-Beef-Cuts-400x256.png 400w, http:\/\/holdingtrade.es\/wp-content\/uploads\/2024\/06\/Site-Beef-Cuts-768x492.png 768w, http:\/\/holdingtrade.es\/wp-content\/uploads\/2024\/06\/Site-Beef-Cuts-700x448.png 700w, http:\/\/holdingtrade.es\/wp-content\/uploads\/2024\/06\/Site-Beef-Cuts-150x96.png 150w\" sizes=\"(max-width: 793px) 100vw, 793px\" \/>\t\t\t\t\t<\/div>\n\n\t\t\t\t<\/div>\n\t\t\t\t<\/div>\n\t\t\t\t\t<\/div>\n\t\t\t\t<\/div>\n\t\t\t\t<\/div>\n\t\t","protected":false},"excerpt":{"rendered":"<p>Origen &#8211; Brasil<\/p>\n<p>Brasil es uno de los productores de carne vacuna m\u00e1s importantes del mundo, resultado de d\u00e9cadas de inversi\u00f3n en tecnolog\u00eda que ha aumentado no s\u00f3lo la productividad sino tambi\u00e9n la calidad del producto brasile\u00f1o, haci\u00e9ndolo competitivo y llegando al mercado de m\u00e1s de 150 pa\u00edses.<\/p>\n","protected":false},"featured_media":19895,"template":"","meta":{"_joinchat":[]},"product_cat":[286],"product_tag":[],"_links":{"self":[{"href":"http:\/\/holdingtrade.es\/en\/wp-json\/wp\/v2\/product\/19894"}],"collection":[{"href":"http:\/\/holdingtrade.es\/en\/wp-json\/wp\/v2\/product"}],"about":[{"href":"http:\/\/holdingtrade.es\/en\/wp-json\/wp\/v2\/types\/product"}],"version-history":[{"count":0,"href":"http:\/\/holdingtrade.es\/en\/wp-json\/wp\/v2\/product\/19894\/revisions"}],"wp:featuredmedia":[{"embeddable":true,"href":"http:\/\/holdingtrade.es\/en\/wp-json\/wp\/v2\/media\/19895"}],"wp:attachment":[{"href":"http:\/\/holdingtrade.es\/en\/wp-json\/wp\/v2\/media?parent=19894"}],"wp:term":[{"taxonomy":"product_cat","embeddable":true,"href":"http:\/\/holdingtrade.es\/en\/wp-json\/wp\/v2\/product_cat?post=19894"},{"taxonomy":"product_tag","embeddable":true,"href":"http:\/\/holdingtrade.es\/en\/wp-json\/wp\/v2\/product_tag?post=19894"}],"curies":[{"name":"wp","href":"https:\/\/api.w.org\/{rel}","templated":true}]}}