{"id":19936,"date":"2024-06-19T21:14:10","date_gmt":"2024-06-19T21:14:10","guid":{"rendered":"https:\/\/holdingtrade.es\/?post_type=product&#038;p=19936"},"modified":"2024-06-19T21:30:58","modified_gmt":"2024-06-19T21:30:58","slug":"trigo","status":"publish","type":"product","link":"http:\/\/holdingtrade.es\/en\/producto\/trigo\/","title":{"rendered":"Trigo"},"content":{"rendered":"\t\t<div data-elementor-type=\"wp-post\" data-elementor-id=\"19936\" class=\"elementor elementor-19936\" data-elementor-post-type=\"product\">\n\t\t\t\t<div class=\"wd-negative-gap elementor-element elementor-element-2a42a5a e-flex e-con-boxed wd-section-disabled e-con e-parent\" data-id=\"2a42a5a\" data-element_type=\"container\">\n\t\t\t\t\t<div class=\"e-con-inner\">\n\t\t\t\t\t<\/div>\n\t\t\t\t<\/div>\n\t\t<div class=\"wd-negative-gap elementor-element elementor-element-343bf31 e-flex e-con-boxed wd-section-disabled e-con e-parent\" data-id=\"343bf31\" data-element_type=\"container\">\n\t\t\t\t\t<div class=\"e-con-inner\">\n\t\t<div class=\"elementor-element elementor-element-20a0e67 e-con-full e-flex wd-section-disabled e-con e-child\" data-id=\"20a0e67\" data-element_type=\"container\">\n\t\t\t\t<div class=\"elementor-element elementor-element-58fa92d elementor-widget elementor-widget-wd_image_or_svg\" data-id=\"58fa92d\" data-element_type=\"widget\" data-widget_type=\"wd_image_or_svg.default\">\n\t\t\t\t<div class=\"elementor-widget-container\">\n\t\t\t\n\t\t<div class=\"wd-image text-center\">\n\t\t\t\t\t\t\t\t<img fetchpriority=\"high\" width=\"400\" height=\"400\" src=\"http:\/\/holdingtrade.es\/wp-content\/uploads\/2024\/06\/Site-TRIGO-2-400x400.jpg\" class=\"attachment-400x400 size-400x400\" alt=\"\" decoding=\"async\" srcset=\"http:\/\/holdingtrade.es\/wp-content\/uploads\/2024\/06\/Site-TRIGO-2-400x400.jpg 400w, http:\/\/holdingtrade.es\/wp-content\/uploads\/2024\/06\/Site-TRIGO-2-150x150.jpg 150w, http:\/\/holdingtrade.es\/wp-content\/uploads\/2024\/06\/Site-TRIGO-2-430x430.jpg 430w\" sizes=\"(max-width: 400px) 100vw, 400px\" \/>\t\t\t\t\t<\/div>\n\n\t\t\t\t<\/div>\n\t\t\t\t<\/div>\n\t\t\t\t<\/div>\n\t\t<div class=\"elementor-element elementor-element-60fb54e e-con-full e-flex wd-section-disabled e-con e-child\" data-id=\"60fb54e\" data-element_type=\"container\">\n\t\t\t\t<div class=\"elementor-element elementor-element-08cd63f elementor-widget elementor-widget-wd_text_block\" data-id=\"08cd63f\" data-element_type=\"widget\" data-widget_type=\"wd_text_block.default\">\n\t\t\t\t<div class=\"elementor-widget-container\">\n\t\t\t\t\t<div class=\"wd-text-block reset-last-child text-left\">\n\t\t\t\n\t\t\t<p><strong>TRIGO<\/strong><\/p><p>El grano de trigo es un alimento b\u00e1sico utilizado para elaborar harina y, con ella, pan, en la alimentaci\u00f3n de los animales dom\u00e9sticos y como ingrediente en la elaboraci\u00f3n de cerveza.<\/p>\n\t\t\t\t\t<\/div>\n\t\t\t\t<\/div>\n\t\t\t\t<\/div>\n\t\t\t\t<\/div>\n\t\t\t\t\t<\/div>\n\t\t\t\t<\/div>\n\t\t<div class=\"wd-negative-gap elementor-element elementor-element-b072a49 e-flex e-con-boxed wd-section-disabled e-con e-parent\" data-id=\"b072a49\" data-element_type=\"container\">\n\t\t\t\t\t<div class=\"e-con-inner\">\n\t\t<div class=\"elementor-element elementor-element-cb1c3da e-con-full e-flex wd-section-disabled e-con e-child\" data-id=\"cb1c3da\" data-element_type=\"container\">\n\t\t\t\t<div class=\"elementor-element elementor-element-2e62c8a elementor-widget elementor-widget-wd_image_or_svg\" data-id=\"2e62c8a\" data-element_type=\"widget\" data-widget_type=\"wd_image_or_svg.default\">\n\t\t\t\t<div class=\"elementor-widget-container\">\n\t\t\t\n\t\t<div class=\"wd-image text-center\">\n\t\t\t\t\t\t\t\t<img width=\"400\" height=\"400\" src=\"http:\/\/holdingtrade.es\/wp-content\/uploads\/2024\/06\/Site-trigo-mole-400x400.jpg\" class=\"attachment-400x400 size-400x400\" alt=\"\" decoding=\"async\" srcset=\"http:\/\/holdingtrade.es\/wp-content\/uploads\/2024\/06\/Site-trigo-mole-400x400.jpg 400w, http:\/\/holdingtrade.es\/wp-content\/uploads\/2024\/06\/Site-trigo-mole-150x150.jpg 150w, http:\/\/holdingtrade.es\/wp-content\/uploads\/2024\/06\/Site-trigo-mole-430x430.jpg 430w\" sizes=\"(max-width: 400px) 100vw, 400px\" \/>\t\t\t\t\t<\/div>\n\n\t\t\t\t<\/div>\n\t\t\t\t<\/div>\n\t\t\t\t<\/div>\n\t\t<div class=\"elementor-element elementor-element-c430c84 e-con-full e-flex wd-section-disabled e-con e-child\" data-id=\"c430c84\" data-element_type=\"container\">\n\t\t\t\t<div class=\"elementor-element elementor-element-76d0f33 elementor-widget elementor-widget-wd_text_block\" data-id=\"76d0f33\" data-element_type=\"widget\" data-widget_type=\"wd_text_block.default\">\n\t\t\t\t<div class=\"elementor-widget-container\">\n\t\t\t\t\t<div class=\"wd-text-block reset-last-child text-left\">\n\t\t\t\n\t\t\t<p><strong>TRIGO BLANDO<\/strong><\/p><p>Como ocurre con otros cereales com\u00fanmente utilizados en cerdos, el trigo blando es bajo en minerales y vitaminas.<\/p>\n\t\t\t\t\t<\/div>\n\t\t\t\t<\/div>\n\t\t\t\t<\/div>\n\t\t\t\t<\/div>\n\t\t\t\t\t<\/div>\n\t\t\t\t<\/div>\n\t\t<div class=\"wd-negative-gap elementor-element elementor-element-2944275 e-flex e-con-boxed wd-section-disabled e-con e-parent\" data-id=\"2944275\" data-element_type=\"container\">\n\t\t\t\t\t<div class=\"e-con-inner\">\n\t\t<div class=\"elementor-element elementor-element-9fb084a e-con-full e-flex wd-section-disabled e-con e-child\" data-id=\"9fb084a\" data-element_type=\"container\">\n\t\t\t\t<div class=\"elementor-element elementor-element-e0320ea elementor-widget elementor-widget-wd_image_or_svg\" data-id=\"e0320ea\" data-element_type=\"widget\" data-widget_type=\"wd_image_or_svg.default\">\n\t\t\t\t<div class=\"elementor-widget-container\">\n\t\t\t\n\t\t<div class=\"wd-image text-center\">\n\t\t\t\t\t\t\t\t<img width=\"400\" height=\"400\" src=\"http:\/\/holdingtrade.es\/wp-content\/uploads\/2024\/06\/Site-TRIGO-400x400.jpg\" class=\"attachment-400x400 size-400x400\" alt=\"\" decoding=\"async\" srcset=\"http:\/\/holdingtrade.es\/wp-content\/uploads\/2024\/06\/Site-TRIGO-400x400.jpg 400w, http:\/\/holdingtrade.es\/wp-content\/uploads\/2024\/06\/Site-TRIGO-150x150.jpg 150w\" sizes=\"(max-width: 400px) 100vw, 400px\" \/>\t\t\t\t\t<\/div>\n\n\t\t\t\t<\/div>\n\t\t\t\t<\/div>\n\t\t\t\t<\/div>\n\t\t<div class=\"elementor-element elementor-element-81c079f e-con-full e-flex wd-section-disabled e-con e-child\" data-id=\"81c079f\" data-element_type=\"container\">\n\t\t\t\t<div class=\"elementor-element elementor-element-3186d0a elementor-widget elementor-widget-wd_text_block\" data-id=\"3186d0a\" data-element_type=\"widget\" data-widget_type=\"wd_text_block.default\">\n\t\t\t\t<div class=\"elementor-widget-container\">\n\t\t\t\t\t<div class=\"wd-text-block reset-last-child text-left\">\n\t\t\t\n\t\t\t<p><strong>HARINA DE TRIGO<\/strong><\/p><p>La harina de trigo se elabora moliendo trigo.<\/p><p>Entre los cereales, la harina de trigo es \u00fanica por su gran capacidad de producir gluten, una prote\u00edna que da fuerza y \u200b\u200belasticidad a la masa e influye en la textura de panes y pasteles.<\/p>\n\t\t\t\t\t<\/div>\n\t\t\t\t<\/div>\n\t\t\t\t<\/div>\n\t\t\t\t<\/div>\n\t\t\t\t\t<\/div>\n\t\t\t\t<\/div>\n\t\t\t\t<\/div>\n\t\t","protected":false},"excerpt":{"rendered":"<p>Origen \u2013 Brasil<\/p>\n<p>En Brasil, el Ministerio de Agricultura (IN n\u00ba8 2005) clasifica la harina de trigo en 3 tipos: Tipo 1, Tipo 2 e Integral. Deben tener un contenido m\u00ednimo de prote\u00edna de 7,5% para el Tipo 1 y 8,0% para el Tipo 2 y Enteras. Para hacer pan, la harina de trigo m\u00e1s adecuada es la Tipo 1.<\/p>\n","protected":false},"featured_media":19937,"template":"","meta":{"_joinchat":[]},"product_cat":[286],"product_tag":[],"_links":{"self":[{"href":"http:\/\/holdingtrade.es\/en\/wp-json\/wp\/v2\/product\/19936"}],"collection":[{"href":"http:\/\/holdingtrade.es\/en\/wp-json\/wp\/v2\/product"}],"about":[{"href":"http:\/\/holdingtrade.es\/en\/wp-json\/wp\/v2\/types\/product"}],"version-history":[{"count":0,"href":"http:\/\/holdingtrade.es\/en\/wp-json\/wp\/v2\/product\/19936\/revisions"}],"wp:featuredmedia":[{"embeddable":true,"href":"http:\/\/holdingtrade.es\/en\/wp-json\/wp\/v2\/media\/19937"}],"wp:attachment":[{"href":"http:\/\/holdingtrade.es\/en\/wp-json\/wp\/v2\/media?parent=19936"}],"wp:term":[{"taxonomy":"product_cat","embeddable":true,"href":"http:\/\/holdingtrade.es\/en\/wp-json\/wp\/v2\/product_cat?post=19936"},{"taxonomy":"product_tag","embeddable":true,"href":"http:\/\/holdingtrade.es\/en\/wp-json\/wp\/v2\/product_tag?post=19936"}],"curies":[{"name":"wp","href":"https:\/\/api.w.org\/{rel}","templated":true}]}}