{"id":19963,"date":"2024-06-19T21:43:17","date_gmt":"2024-06-19T21:43:17","guid":{"rendered":"https:\/\/holdingtrade.es\/?post_type=product&#038;p=19963"},"modified":"2024-06-19T22:06:30","modified_gmt":"2024-06-19T22:06:30","slug":"alubias","status":"publish","type":"product","link":"http:\/\/holdingtrade.es\/en\/producto\/alubias\/","title":{"rendered":"Alubias"},"content":{"rendered":"\t\t<div data-elementor-type=\"wp-post\" data-elementor-id=\"19963\" class=\"elementor elementor-19963\" data-elementor-post-type=\"product\">\n\t\t\t\t<div class=\"wd-negative-gap elementor-element elementor-element-13addf4 e-flex e-con-boxed wd-section-disabled e-con e-parent\" data-id=\"13addf4\" data-element_type=\"container\">\n\t\t\t\t\t<div class=\"e-con-inner\">\n\t\t\t\t\t<\/div>\n\t\t\t\t<\/div>\n\t\t<div class=\"wd-negative-gap elementor-element elementor-element-9dc70e6 e-flex e-con-boxed wd-section-disabled e-con e-parent\" data-id=\"9dc70e6\" data-element_type=\"container\">\n\t\t\t\t\t<div class=\"e-con-inner\">\n\t\t<div class=\"elementor-element elementor-element-9e94bc2 e-con-full e-flex wd-section-disabled e-con e-child\" data-id=\"9e94bc2\" data-element_type=\"container\">\n\t\t\t\t<div class=\"elementor-element elementor-element-88f4f15 elementor-widget elementor-widget-wd_image_or_svg\" data-id=\"88f4f15\" data-element_type=\"widget\" data-widget_type=\"wd_image_or_svg.default\">\n\t\t\t\t<div class=\"elementor-widget-container\">\n\t\t\t\n\t\t<div class=\"wd-image text-center\">\n\t\t\t\t\t\t\t\t<img fetchpriority=\"high\" width=\"400\" height=\"400\" src=\"http:\/\/holdingtrade.es\/wp-content\/uploads\/2024\/06\/Site-feijao-red-bean.jpg\" class=\"attachment-full size-full\" alt=\"\" decoding=\"async\" srcset=\"http:\/\/holdingtrade.es\/wp-content\/uploads\/2024\/06\/Site-feijao-red-bean.jpg 400w, http:\/\/holdingtrade.es\/wp-content\/uploads\/2024\/06\/Site-feijao-red-bean-300x300.jpg 300w, http:\/\/holdingtrade.es\/wp-content\/uploads\/2024\/06\/Site-feijao-red-bean-150x150.jpg 150w\" sizes=\"(max-width: 400px) 100vw, 400px\" \/>\t\t\t\t\t<\/div>\n\n\t\t\t\t<\/div>\n\t\t\t\t<\/div>\n\t\t\t\t<\/div>\n\t\t<div class=\"elementor-element elementor-element-c3916b8 e-con-full e-flex wd-section-disabled e-con e-child\" data-id=\"c3916b8\" data-element_type=\"container\">\n\t\t\t\t<div class=\"elementor-element elementor-element-fb06d57 elementor-widget elementor-widget-wd_text_block\" data-id=\"fb06d57\" data-element_type=\"widget\" data-widget_type=\"wd_text_block.default\">\n\t\t\t\t<div class=\"elementor-widget-container\">\n\t\t\t\t\t<div class=\"wd-text-block reset-last-child text-left\">\n\t\t\t\n\t\t\t<p><strong>ALUBIA ROJA<\/strong><\/p><p>Los frijoles rojos tienen efectos antihipertensivos leves, lo que significa que pueden mejorar el flujo sangu\u00edneo, la presi\u00f3n arterial y aliviar el estr\u00e9s.<\/p><p>Menos tensi\u00f3n o estr\u00e9s oxidativo en el sistema cardiovascular en su conjunto.<\/p>\n\t\t\t\t\t<\/div>\n\t\t\t\t<\/div>\n\t\t\t\t<\/div>\n\t\t\t\t<\/div>\n\t\t\t\t\t<\/div>\n\t\t\t\t<\/div>\n\t\t<div class=\"wd-negative-gap elementor-element elementor-element-f9326a8 e-flex e-con-boxed wd-section-disabled e-con e-parent\" data-id=\"f9326a8\" data-element_type=\"container\">\n\t\t\t\t\t<div class=\"e-con-inner\">\n\t\t<div class=\"elementor-element elementor-element-9de8356 e-con-full e-flex wd-section-disabled e-con e-child\" data-id=\"9de8356\" data-element_type=\"container\">\n\t\t\t\t<div class=\"elementor-element elementor-element-42fe2e4 elementor-widget elementor-widget-wd_image_or_svg\" data-id=\"42fe2e4\" data-element_type=\"widget\" data-widget_type=\"wd_image_or_svg.default\">\n\t\t\t\t<div class=\"elementor-widget-container\">\n\t\t\t\n\t\t<div class=\"wd-image text-center\">\n\t\t\t\t\t\t\t\t<img width=\"400\" height=\"400\" src=\"http:\/\/holdingtrade.es\/wp-content\/uploads\/2024\/06\/Site-feijao-carioca-bean-400x400.jpg\" class=\"attachment-400x400 size-400x400\" alt=\"\" decoding=\"async\" srcset=\"http:\/\/holdingtrade.es\/wp-content\/uploads\/2024\/06\/Site-feijao-carioca-bean-400x400.jpg 400w, http:\/\/holdingtrade.es\/wp-content\/uploads\/2024\/06\/Site-feijao-carioca-bean-150x150.jpg 150w\" sizes=\"(max-width: 400px) 100vw, 400px\" \/>\t\t\t\t\t<\/div>\n\n\t\t\t\t<\/div>\n\t\t\t\t<\/div>\n\t\t\t\t<\/div>\n\t\t<div class=\"elementor-element elementor-element-a1122b8 e-con-full e-flex wd-section-disabled e-con e-child\" data-id=\"a1122b8\" data-element_type=\"container\">\n\t\t\t\t<div class=\"elementor-element elementor-element-a9ce7b2 elementor-widget elementor-widget-wd_text_block\" data-id=\"a9ce7b2\" data-element_type=\"widget\" data-widget_type=\"wd_text_block.default\">\n\t\t\t\t<div class=\"elementor-widget-container\">\n\t\t\t\t\t<div class=\"wd-text-block reset-last-child text-left\">\n\t\t\t\n\t\t\t<p><strong>ALUBIA CARIOCA<\/strong><\/p><p>Tambi\u00e9n conocida como carioquinha, es la m\u00e1s consumida en Brasil, correspondiendo al 85% de las ventas. Los marrones veteados beige y rayados se hicieron populares en el pa\u00eds a partir de la d\u00e9cada de 1970 y contin\u00faan hasta el d\u00eda de hoy.<\/p>\n\t\t\t\t\t<\/div>\n\t\t\t\t<\/div>\n\t\t\t\t<\/div>\n\t\t\t\t<\/div>\n\t\t\t\t\t<\/div>\n\t\t\t\t<\/div>\n\t\t<div class=\"wd-negative-gap elementor-element elementor-element-b13cb77 e-flex e-con-boxed wd-section-disabled e-con e-parent\" data-id=\"b13cb77\" data-element_type=\"container\">\n\t\t\t\t\t<div class=\"e-con-inner\">\n\t\t<div class=\"elementor-element elementor-element-f3f29fc e-con-full e-flex wd-section-disabled e-con e-child\" data-id=\"f3f29fc\" data-element_type=\"container\">\n\t\t\t\t<div class=\"elementor-element elementor-element-20b74c0 elementor-widget elementor-widget-wd_image_or_svg\" data-id=\"20b74c0\" data-element_type=\"widget\" data-widget_type=\"wd_image_or_svg.default\">\n\t\t\t\t<div class=\"elementor-widget-container\">\n\t\t\t\n\t\t<div class=\"wd-image text-center\">\n\t\t\t\t\t\t\t\t<img width=\"400\" height=\"400\" src=\"http:\/\/holdingtrade.es\/wp-content\/uploads\/2024\/06\/Site-feijao-black-bean-400x400.jpg\" class=\"attachment-400x400 size-400x400\" alt=\"\" decoding=\"async\" srcset=\"http:\/\/holdingtrade.es\/wp-content\/uploads\/2024\/06\/Site-feijao-black-bean.jpg 400w, http:\/\/holdingtrade.es\/wp-content\/uploads\/2024\/06\/Site-feijao-black-bean-300x300.jpg 300w, http:\/\/holdingtrade.es\/wp-content\/uploads\/2024\/06\/Site-feijao-black-bean-150x150.jpg 150w\" sizes=\"(max-width: 400px) 100vw, 400px\" \/>\t\t\t\t\t<\/div>\n\n\t\t\t\t<\/div>\n\t\t\t\t<\/div>\n\t\t\t\t<\/div>\n\t\t<div class=\"elementor-element elementor-element-f680096 e-con-full e-flex wd-section-disabled e-con e-child\" data-id=\"f680096\" data-element_type=\"container\">\n\t\t\t\t<div class=\"elementor-element elementor-element-522260a elementor-widget elementor-widget-wd_text_block\" data-id=\"522260a\" data-element_type=\"widget\" data-widget_type=\"wd_text_block.default\">\n\t\t\t\t<div class=\"elementor-widget-container\">\n\t\t\t\t\t<div class=\"wd-text-block reset-last-child text-left\">\n\t\t\t\n\t\t\t<p><strong>ALUBIA NEGRA<\/strong><\/p><p>Los frijoles negros son frijoles negros producidos por diferentes variedades de la legumbre vulgaris Phaseolus; que se utilizan en la cocina brasile\u00f1a, Cuba, Islas Canarias, M\u00e9xico, Venezuela, costa caribe\u00f1a y Orinoquia colombiana. Esta planta es originaria de Am\u00e9rica.<\/p>\n\t\t\t\t\t<\/div>\n\t\t\t\t<\/div>\n\t\t\t\t<\/div>\n\t\t\t\t<\/div>\n\t\t\t\t\t<\/div>\n\t\t\t\t<\/div>\n\t\t\t\t<\/div>\n\t\t","protected":false},"excerpt":{"rendered":"<ul>\n<li>Alubia Roja<\/li>\n<li>Alubia Carioca<\/li>\n<li>Alubia Negra<\/li>\n<\/ul>\n<p>Origen &#8211; Brasil<\/p>\n<p>Brasil alcanz\u00f3 el mayor volumen de exportaciones de alubias de la historia. Seg\u00fan el Instituto Brasile\u00f1o de Alubias y Legumbres (Ibrafe), en 2021, el pa\u00eds export\u00f3 m\u00e1s de 200 mil toneladas del producto y gan\u00f3 m\u00e1s de mil millones de d\u00f3lares.<\/p>\n","protected":false},"featured_media":19987,"template":"","meta":{"_joinchat":[]},"product_cat":[286],"product_tag":[],"_links":{"self":[{"href":"http:\/\/holdingtrade.es\/en\/wp-json\/wp\/v2\/product\/19963"}],"collection":[{"href":"http:\/\/holdingtrade.es\/en\/wp-json\/wp\/v2\/product"}],"about":[{"href":"http:\/\/holdingtrade.es\/en\/wp-json\/wp\/v2\/types\/product"}],"version-history":[{"count":0,"href":"http:\/\/holdingtrade.es\/en\/wp-json\/wp\/v2\/product\/19963\/revisions"}],"wp:featuredmedia":[{"embeddable":true,"href":"http:\/\/holdingtrade.es\/en\/wp-json\/wp\/v2\/media\/19987"}],"wp:attachment":[{"href":"http:\/\/holdingtrade.es\/en\/wp-json\/wp\/v2\/media?parent=19963"}],"wp:term":[{"taxonomy":"product_cat","embeddable":true,"href":"http:\/\/holdingtrade.es\/en\/wp-json\/wp\/v2\/product_cat?post=19963"},{"taxonomy":"product_tag","embeddable":true,"href":"http:\/\/holdingtrade.es\/en\/wp-json\/wp\/v2\/product_tag?post=19963"}],"curies":[{"name":"wp","href":"https:\/\/api.w.org\/{rel}","templated":true}]}}