{"id":20049,"date":"2024-06-20T22:39:17","date_gmt":"2024-06-20T22:39:17","guid":{"rendered":"https:\/\/holdingtrade.es\/?post_type=product&#038;p=20049"},"modified":"2024-06-20T23:03:29","modified_gmt":"2024-06-20T23:03:29","slug":"madera","status":"publish","type":"product","link":"http:\/\/holdingtrade.es\/en\/producto\/madera\/","title":{"rendered":"Madera"},"content":{"rendered":"\t\t<div data-elementor-type=\"wp-post\" data-elementor-id=\"20049\" class=\"elementor elementor-20049\" data-elementor-post-type=\"product\">\n\t\t\t\t<div class=\"wd-negative-gap elementor-element elementor-element-002d899 e-flex e-con-boxed wd-section-disabled e-con e-parent\" data-id=\"002d899\" data-element_type=\"container\">\n\t\t\t\t\t<div class=\"e-con-inner\">\n\t\t\t\t\t<\/div>\n\t\t\t\t<\/div>\n\t\t<div class=\"wd-negative-gap elementor-element elementor-element-1fe6024 e-flex e-con-boxed wd-section-disabled e-con e-parent\" data-id=\"1fe6024\" data-element_type=\"container\">\n\t\t\t\t\t<div class=\"e-con-inner\">\n\t\t<div class=\"elementor-element elementor-element-c06e37b e-con-full e-flex wd-section-disabled e-con e-child\" data-id=\"c06e37b\" data-element_type=\"container\">\n\t\t\t\t<div class=\"elementor-element elementor-element-e744a81 elementor-widget elementor-widget-wd_image_or_svg\" data-id=\"e744a81\" data-element_type=\"widget\" data-widget_type=\"wd_image_or_svg.default\">\n\t\t\t\t<div class=\"elementor-widget-container\">\n\t\t\t\n\t\t<div class=\"wd-image text-center\">\n\t\t\t\t\t\t\t\t<img fetchpriority=\"high\" width=\"400\" height=\"400\" src=\"http:\/\/holdingtrade.es\/wp-content\/uploads\/2024\/06\/Site-madeira-eucalipto.jpg\" class=\"attachment-full size-full\" alt=\"\" decoding=\"async\" srcset=\"http:\/\/holdingtrade.es\/wp-content\/uploads\/2024\/06\/Site-madeira-eucalipto.jpg 400w, http:\/\/holdingtrade.es\/wp-content\/uploads\/2024\/06\/Site-madeira-eucalipto-300x300.jpg 300w, http:\/\/holdingtrade.es\/wp-content\/uploads\/2024\/06\/Site-madeira-eucalipto-150x150.jpg 150w\" sizes=\"(max-width: 400px) 100vw, 400px\" \/>\t\t\t\t\t<\/div>\n\n\t\t\t\t<\/div>\n\t\t\t\t<\/div>\n\t\t\t\t<\/div>\n\t\t<div class=\"elementor-element elementor-element-757f7b5 e-con-full e-flex wd-section-disabled e-con e-child\" data-id=\"757f7b5\" data-element_type=\"container\">\n\t\t\t\t<div class=\"elementor-element elementor-element-8665b03 elementor-widget elementor-widget-wd_text_block\" data-id=\"8665b03\" data-element_type=\"widget\" data-widget_type=\"wd_text_block.default\">\n\t\t\t\t<div class=\"elementor-widget-container\">\n\t\t\t\t\t<div class=\"wd-text-block reset-last-child text-left\">\n\t\t\t\n\t\t\t<p><strong>MADERA DE EUCALIPTO<\/strong><\/p><p>Brasil es referencia mundial en el cultivo de eucalipto, ubic\u00e1ndose entre los principales productores de celulosa, papel y paneles de madera. El sector brasile\u00f1o tiene la mayor productividad, medida en volumen de madera producida por unidad de \u00e1rea por a\u00f1o, y la rotaci\u00f3n m\u00e1s baja del mundo, lo que equivale al tiempo transcurrido entre la plantaci\u00f3n y la cosecha de \u00e1rboles.<\/p><p>El sector arb\u00f3reo plantado en Brasil, liderado por el cultivo de eucalipto, representa el 1,3% del PIB nacional bruto y el 6,9% del PIB industrial, generando m\u00e1s de 513 mil empleos directos y alrededor de 3,8 millones de empleos indirectos.<\/p><p>Somos el segundo productor de celulosa del mundo, despu\u00e9s de EE.UU.<\/p><p>La mayor empresa de celulosa del mercado en el mundo es brasile\u00f1a, resultado de la fusi\u00f3n de los gigantes Fibria y Suzano.<\/p>\n\t\t\t\t\t<\/div>\n\t\t\t\t<\/div>\n\t\t\t\t<\/div>\n\t\t\t\t<\/div>\n\t\t\t\t\t<\/div>\n\t\t\t\t<\/div>\n\t\t<div class=\"wd-negative-gap elementor-element elementor-element-a37bf05 e-flex e-con-boxed wd-section-disabled e-con e-parent\" data-id=\"a37bf05\" data-element_type=\"container\">\n\t\t\t\t\t<div class=\"e-con-inner\">\n\t\t<div class=\"elementor-element elementor-element-3b3c952 e-con-full e-flex wd-section-disabled e-con e-child\" data-id=\"3b3c952\" data-element_type=\"container\">\n\t\t\t\t<div class=\"elementor-element elementor-element-400e99b elementor-widget elementor-widget-wd_image_or_svg\" data-id=\"400e99b\" data-element_type=\"widget\" data-widget_type=\"wd_image_or_svg.default\">\n\t\t\t\t<div class=\"elementor-widget-container\">\n\t\t\t\n\t\t<div class=\"wd-image text-center\">\n\t\t\t\t\t\t\t\t<img width=\"400\" height=\"400\" src=\"http:\/\/holdingtrade.es\/wp-content\/uploads\/2024\/06\/Site-Madera-pino.jpg\" class=\"attachment-full size-full\" alt=\"\" decoding=\"async\" srcset=\"http:\/\/holdingtrade.es\/wp-content\/uploads\/2024\/06\/Site-Madera-pino.jpg 400w, http:\/\/holdingtrade.es\/wp-content\/uploads\/2024\/06\/Site-Madera-pino-300x300.jpg 300w, http:\/\/holdingtrade.es\/wp-content\/uploads\/2024\/06\/Site-Madera-pino-150x150.jpg 150w\" sizes=\"(max-width: 400px) 100vw, 400px\" \/>\t\t\t\t\t<\/div>\n\n\t\t\t\t<\/div>\n\t\t\t\t<\/div>\n\t\t\t\t<\/div>\n\t\t<div class=\"elementor-element elementor-element-f92ce30 e-con-full e-flex wd-section-disabled e-con e-child\" data-id=\"f92ce30\" data-element_type=\"container\">\n\t\t\t\t<div class=\"elementor-element elementor-element-86f11e7 elementor-widget elementor-widget-wd_text_block\" data-id=\"86f11e7\" data-element_type=\"widget\" data-widget_type=\"wd_text_block.default\">\n\t\t\t\t<div class=\"elementor-widget-container\">\n\t\t\t\t\t<div class=\"wd-text-block reset-last-child text-left\">\n\t\t\t\n\t\t\t<p><strong>MADERA DE PINO<\/strong><\/p><p>La madera de pino es un material resistente y econ\u00f3mico que puede utilizarse en la fabricaci\u00f3n de diversos art\u00edculos. Adem\u00e1s, es una madera de reforestaci\u00f3n, lo que la convierte en una opci\u00f3n sostenible.<\/p><p>La madera de pino se extrae del pino y se utiliza mucho en la fabricaci\u00f3n de muebles y casas. Es una madera de reforestaci\u00f3n, que presenta alta durabilidad, resistencia y buen costo-beneficio.<\/p>\n\t\t\t\t\t<\/div>\n\t\t\t\t<\/div>\n\t\t\t\t<\/div>\n\t\t\t\t<\/div>\n\t\t\t\t\t<\/div>\n\t\t\t\t<\/div>\n\t\t<div class=\"wd-negative-gap elementor-element elementor-element-b077b8d e-flex e-con-boxed wd-section-disabled e-con e-parent\" data-id=\"b077b8d\" data-element_type=\"container\">\n\t\t\t\t\t<div class=\"e-con-inner\">\n\t\t<div class=\"elementor-element elementor-element-a45f1a3 e-con-full e-flex wd-section-disabled e-con e-child\" data-id=\"a45f1a3\" data-element_type=\"container\">\n\t\t\t\t<div class=\"elementor-element elementor-element-1bb95c1 elementor-widget elementor-widget-wd_image_or_svg\" data-id=\"1bb95c1\" data-element_type=\"widget\" data-widget_type=\"wd_image_or_svg.default\">\n\t\t\t\t<div class=\"elementor-widget-container\">\n\t\t\t\n\t\t<div class=\"wd-image text-center\">\n\t\t\t\t\t\t\t\t<img width=\"400\" height=\"400\" src=\"http:\/\/holdingtrade.es\/wp-content\/uploads\/2024\/06\/Site-Madera-teca.jpg\" class=\"attachment-full size-full\" alt=\"\" decoding=\"async\" srcset=\"http:\/\/holdingtrade.es\/wp-content\/uploads\/2024\/06\/Site-Madera-teca.jpg 400w, http:\/\/holdingtrade.es\/wp-content\/uploads\/2024\/06\/Site-Madera-teca-300x300.jpg 300w, http:\/\/holdingtrade.es\/wp-content\/uploads\/2024\/06\/Site-Madera-teca-150x150.jpg 150w\" sizes=\"(max-width: 400px) 100vw, 400px\" \/>\t\t\t\t\t<\/div>\n\n\t\t\t\t<\/div>\n\t\t\t\t<\/div>\n\t\t\t\t<\/div>\n\t\t<div class=\"elementor-element elementor-element-0ee5676 e-con-full e-flex wd-section-disabled e-con e-child\" data-id=\"0ee5676\" data-element_type=\"container\">\n\t\t\t\t<div class=\"elementor-element elementor-element-a2cb636 elementor-widget elementor-widget-wd_text_block\" data-id=\"a2cb636\" data-element_type=\"widget\" data-widget_type=\"wd_text_block.default\">\n\t\t\t\t<div class=\"elementor-widget-container\">\n\t\t\t\t\t<div class=\"wd-text-block reset-last-child text-left\">\n\t\t\t\n\t\t\t<p><strong>MADERA DE TECA<\/strong><\/p><p>La madera de teca se ha vuelto cada vez m\u00e1s famosa en el mundo del mueble y objetos de decoraci\u00f3n. Hay varias razones para ello, empezando por su excelente calidad, \u00a1que acaba llamando mucho la atenci\u00f3n de los fabricantes!<\/p><p>Es importante se\u00f1alar que el uso de la madera de teca para la construcci\u00f3n humana data de muchos a\u00f1os atr\u00e1s. La madera de teca proviene de un \u00e1rbol conocido como Tectona grandis.<\/p><p>Su aparici\u00f3n se da principalmente en bosques ubicados en la regi\u00f3n asi\u00e1tica del planeta.<\/p><p>Puedes encontrar f\u00e1cilmente este \u00e1rbol en lugares como India y Jap\u00f3n.<\/p>\n\t\t\t\t\t<\/div>\n\t\t\t\t<\/div>\n\t\t\t\t<\/div>\n\t\t\t\t<\/div>\n\t\t\t\t\t<\/div>\n\t\t\t\t<\/div>\n\t\t\t\t<\/div>\n\t\t","protected":false},"excerpt":{"rendered":"<ul>\n<li>Madera de Eucalipto<\/li>\n<li>Madera de Pino<\/li>\n<li>Madera de Teca<\/li>\n<\/ul>\n<p>Origen &#8211; Brasil<\/p>\n<p>Estamos a 400 kil\u00f3metros de distancia, en uno de los mayores bosques de Brasil, con alianzas con productores que siempre buscan grandes negociaciones en el mercado internacional.<\/p>\n","protected":false},"featured_media":20050,"template":"","meta":{"_joinchat":[]},"product_cat":[286],"product_tag":[],"_links":{"self":[{"href":"http:\/\/holdingtrade.es\/en\/wp-json\/wp\/v2\/product\/20049"}],"collection":[{"href":"http:\/\/holdingtrade.es\/en\/wp-json\/wp\/v2\/product"}],"about":[{"href":"http:\/\/holdingtrade.es\/en\/wp-json\/wp\/v2\/types\/product"}],"version-history":[{"count":0,"href":"http:\/\/holdingtrade.es\/en\/wp-json\/wp\/v2\/product\/20049\/revisions"}],"wp:featuredmedia":[{"embeddable":true,"href":"http:\/\/holdingtrade.es\/en\/wp-json\/wp\/v2\/media\/20050"}],"wp:attachment":[{"href":"http:\/\/holdingtrade.es\/en\/wp-json\/wp\/v2\/media?parent=20049"}],"wp:term":[{"taxonomy":"product_cat","embeddable":true,"href":"http:\/\/holdingtrade.es\/en\/wp-json\/wp\/v2\/product_cat?post=20049"},{"taxonomy":"product_tag","embeddable":true,"href":"http:\/\/holdingtrade.es\/en\/wp-json\/wp\/v2\/product_tag?post=20049"}],"curies":[{"name":"wp","href":"https:\/\/api.w.org\/{rel}","templated":true}]}}