{"id":15964,"date":"2023-10-10T16:24:29","date_gmt":"2023-10-10T16:24:29","guid":{"rendered":"https:\/\/holdingtrade.es\/producto\/quixote-petit-verdot\/"},"modified":"2024-05-09T03:24:36","modified_gmt":"2024-05-09T03:24:36","slug":"quixote-petit-verdot","status":"publish","type":"product","link":"http:\/\/holdingtrade.es\/pt-br\/producto\/quixote-petit-verdot\/","title":{"rendered":"Quixote Petit Verdot"},"content":{"rendered":"\t\t<div data-elementor-type=\"wp-post\" data-elementor-id=\"15964\" class=\"elementor elementor-15964\" data-elementor-post-type=\"product\">\n\t\t\t\t<div class=\"wd-negative-gap elementor-element elementor-element-5c660b8d wd-section-stretch e-flex e-con-boxed e-con e-parent\" data-id=\"5c660b8d\" data-element_type=\"container\" data-settings=\"{&quot;background_background&quot;:&quot;video&quot;,&quot;background_video_link&quot;:&quot;https:\\\/\\\/holdingtrade.es\\\/wp-content\\\/uploads\\\/2023\\\/10\\\/homepage_v2_compressed.mp4&quot;}\">\n\t\t\t\t\t<div class=\"e-con-inner\">\n\t\t<div class=\"elementor-background-video-container elementor-hidden-phone\">\n\t\t\t\t\t\t\t<video class=\"elementor-background-video-hosted elementor-html5-video\" autoplay muted playsinline loop><\/video>\n\t\t\t\t\t<\/div><div class=\"elementor-element elementor-element-3b5f412e e-con-full e-flex wd-section-disabled e-con e-child\" data-id=\"3b5f412e\" data-element_type=\"container\" data-settings=\"{&quot;background_background&quot;:&quot;classic&quot;}\">\n\t\t\t\t<div class=\"elementor-element elementor-element-768e7a06 elementor-widget elementor-widget-image\" data-id=\"768e7a06\" data-element_type=\"widget\" data-widget_type=\"image.default\">\n\t\t\t\t<div class=\"elementor-widget-container\">\n\t\t\t<style>\/*! elementor - v3.22.0 - 26-06-2024 *\/\n.elementor-widget-image{text-align:center}.elementor-widget-image a{display:inline-block}.elementor-widget-image a img[src$=\".svg\"]{width:48px}.elementor-widget-image img{vertical-align:middle;display:inline-block}<\/style>\t\t\t\t\t\t\t\t\t\t<img decoding=\"async\" width=\"160\" height=\"95\" src=\"http:\/\/holdingtrade.es\/wp-content\/uploads\/2023\/10\/logo_pagocasadelblanco.png\" class=\"attachment-full size-full wp-image-16109\" alt=\"\" srcset=\"http:\/\/holdingtrade.es\/wp-content\/uploads\/2023\/10\/logo_pagocasadelblanco.png 160w, http:\/\/holdingtrade.es\/wp-content\/uploads\/2023\/10\/logo_pagocasadelblanco-150x89.png 150w\" sizes=\"(max-width: 160px) 100vw, 160px\" \/>\t\t\t\t\t\t\t\t\t\t\t\t\t<\/div>\n\t\t\t\t<\/div>\n\t\t\t\t<div class=\"elementor-element elementor-element-6fc89f68 color-scheme-inherit text-left elementor-widget elementor-widget-text-editor\" data-id=\"6fc89f68\" data-element_type=\"widget\" data-widget_type=\"text-editor.default\">\n\t\t\t\t<div class=\"elementor-widget-container\">\n\t\t\t<style>\/*! elementor - v3.22.0 - 26-06-2024 *\/\n.elementor-widget-text-editor.elementor-drop-cap-view-stacked .elementor-drop-cap{background-color:#69727d;color:#fff}.elementor-widget-text-editor.elementor-drop-cap-view-framed .elementor-drop-cap{color:#69727d;border:3px solid;background-color:transparent}.elementor-widget-text-editor:not(.elementor-drop-cap-view-default) .elementor-drop-cap{margin-top:8px}.elementor-widget-text-editor:not(.elementor-drop-cap-view-default) .elementor-drop-cap-letter{width:1em;height:1em}.elementor-widget-text-editor .elementor-drop-cap{float:left;text-align:center;line-height:1;font-size:50px}.elementor-widget-text-editor .elementor-drop-cap-letter{display:inline-block}<\/style>\t\t\t\t<p><span style=\"color: #ffffff;\">Diferencia de Pago Casa del Blanco. Variedad minoritaria que Pago Casa del Blanco le saca el mayor rendimiento.<\/span><br \/><span style=\"color: #ffffff;\">Una creaci\u00f3n \u00fanica de Pago Casa del Blanco para dar como resultado un vino redondo y muy equilibrado, ejemplo del dominio del trabajo desde la vi\u00f1a, en una tierra diferente como en la que se asientan sus vi\u00f1edos. Diferente, elegante, sorprendente.<\/span><\/p><p>\u00a0<\/p>\t\t\t\t\t\t<\/div>\n\t\t\t\t<\/div>\n\t\t\t\t<div class=\"elementor-element elementor-element-185191a2 color-scheme-inherit text-left elementor-widget elementor-widget-text-editor\" data-id=\"185191a2\" data-element_type=\"widget\" data-widget_type=\"text-editor.default\">\n\t\t\t\t<div class=\"elementor-widget-container\">\n\t\t\t\t\t\t\t<p>El c\u00e1lido elixir que nace en nuestra tierra tiene cuerpo y tiene alma. Y acompa\u00f1a en la historia a nuestro hidalgo m\u00e1s universal, sanando sus mortales heridas despu\u00e9s de la batalla. &#8220;La receta del b\u00e1lsamo de Fierabr\u00e1s se compone de aceite, sal, romero y vino&#8221;. En efecto, el microclima de nuestros vi\u00f1edos otorga al Quixote la cualidad de vino de Pago, corroborando las propiedades que ya anunci\u00f3 nuestro admirado Cervantes. A\u00f1o a a\u00f1o nuestra p\u00f3cima culmina el buen hacer de generaciones, que desde mediados del siglo XIX dedicaron sus d\u00edas y sus noches, sus sue\u00f1os y sus desvelos, a envolver nuestras papilas. As\u00ed que cerremos los ojos, brindemos juntos y confundamos a los molinos con gigantes.<\/p>\t\t\t\t\t\t<\/div>\n\t\t\t\t<\/div>\n\t\t\t\t<\/div>\n\t\t\t\t\t<\/div>\n\t\t\t\t<\/div>\n\t\t\t\t<section class=\"elementor-section elementor-top-section elementor-element elementor-element-493b5623 elementor-section-content-middle elementor-section-full_width wd-section-stretch elementor-section-height-default elementor-section-height-default\" data-id=\"493b5623\" data-element_type=\"section\" data-settings=\"{&quot;background_background&quot;:&quot;classic&quot;}\">\n\t\t\t\t\t\t<div class=\"elementor-container elementor-column-gap-default\">\n\t\t\t\t\t<div class=\"elementor-column elementor-col-50 elementor-top-column elementor-element elementor-element-1a1a0b56\" data-id=\"1a1a0b56\" data-element_type=\"column\">\n\t\t\t<div class=\"elementor-widget-wrap elementor-element-populated\">\n\t\t\t\t\t\t<div class=\"elementor-element elementor-element-1bf3468 elementor-widget elementor-widget-video\" data-id=\"1bf3468\" data-element_type=\"widget\" data-settings=\"{&quot;youtube_url&quot;:&quot;https:\\\/\\\/www.youtube.com\\\/embed\\\/3aP1EumotNw&quot;,&quot;video_type&quot;:&quot;youtube&quot;,&quot;controls&quot;:&quot;yes&quot;}\" data-widget_type=\"video.default\">\n\t\t\t\t<div class=\"elementor-widget-container\">\n\t\t\t<style>\/*! elementor - v3.22.0 - 26-06-2024 *\/\n.elementor-widget-video .elementor-widget-container{overflow:hidden;transform:translateZ(0)}.elementor-widget-video .elementor-wrapper{aspect-ratio:var(--video-aspect-ratio)}.elementor-widget-video .elementor-wrapper iframe,.elementor-widget-video .elementor-wrapper video{height:100%;width:100%;display:flex;border:none;background-color:#000}@supports not (aspect-ratio:1\/1){.elementor-widget-video .elementor-wrapper{position:relative;overflow:hidden;height:0;padding-bottom:calc(100% \/ var(--video-aspect-ratio))}.elementor-widget-video .elementor-wrapper iframe,.elementor-widget-video .elementor-wrapper video{position:absolute;top:0;right:0;bottom:0;left:0}}.elementor-widget-video .elementor-open-inline .elementor-custom-embed-image-overlay{position:absolute;top:0;right:0;bottom:0;left:0;background-size:cover;background-position:50%}.elementor-widget-video .elementor-custom-embed-image-overlay{cursor:pointer;text-align:center}.elementor-widget-video .elementor-custom-embed-image-overlay:hover .elementor-custom-embed-play i{opacity:1}.elementor-widget-video .elementor-custom-embed-image-overlay img{display:block;width:100%;aspect-ratio:var(--video-aspect-ratio);-o-object-fit:cover;object-fit:cover;-o-object-position:center center;object-position:center center}@supports not (aspect-ratio:1\/1){.elementor-widget-video .elementor-custom-embed-image-overlay{position:relative;overflow:hidden;height:0;padding-bottom:calc(100% \/ var(--video-aspect-ratio))}.elementor-widget-video .elementor-custom-embed-image-overlay img{position:absolute;top:0;right:0;bottom:0;left:0}}.elementor-widget-video .e-hosted-video .elementor-video{-o-object-fit:cover;object-fit:cover}.e-con-inner>.elementor-widget-video,.e-con>.elementor-widget-video{width:var(--container-widget-width);--flex-grow:var(--container-widget-flex-grow)}<\/style>\t\t<div class=\"elementor-wrapper elementor-open-inline\">\n\t\t\t<div class=\"elementor-video\"><\/div>\t\t<\/div>\n\t\t\t\t<\/div>\n\t\t\t\t<\/div>\n\t\t\t\t\t<\/div>\n\t\t<\/div>\n\t\t\t\t<div class=\"elementor-column elementor-col-50 elementor-top-column elementor-element elementor-element-675654d text-center\" data-id=\"675654d\" data-element_type=\"column\">\n\t\t\t<div class=\"elementor-widget-wrap elementor-element-populated\">\n\t\t\t\t\t\t<div class=\"elementor-element elementor-element-6f035876 elementor-widget elementor-widget-image\" data-id=\"6f035876\" data-element_type=\"widget\" data-widget_type=\"image.default\">\n\t\t\t\t<div class=\"elementor-widget-container\">\n\t\t\t\t\t\t\t\t\t\t\t\t\t<img fetchpriority=\"high\" decoding=\"async\" width=\"512\" height=\"512\" src=\"http:\/\/holdingtrade.es\/wp-content\/uploads\/2021\/08\/degustacao-icone.png\" class=\"attachment-large size-large wp-image-15876\" alt=\"\" srcset=\"http:\/\/holdingtrade.es\/wp-content\/uploads\/2021\/08\/degustacao-icone.png 512w, http:\/\/holdingtrade.es\/wp-content\/uploads\/2021\/08\/degustacao-icone-430x430.png 430w, http:\/\/holdingtrade.es\/wp-content\/uploads\/2021\/08\/degustacao-icone-150x150.png 150w, http:\/\/holdingtrade.es\/wp-content\/uploads\/2021\/08\/degustacao-icone-300x300.png 300w\" sizes=\"(max-width: 512px) 100vw, 512px\" \/>\t\t\t\t\t\t\t\t\t\t\t\t\t<\/div>\n\t\t\t\t<\/div>\n\t\t\t\t<div class=\"elementor-element elementor-element-6850ddb6 elementor-widget elementor-widget-wd_title\" data-id=\"6850ddb6\" data-element_type=\"widget\" data-widget_type=\"wd_title.default\">\n\t\t\t\t<div class=\"elementor-widget-container\">\n\t\t\t\t\t<div class=\"title-wrapper set-mb-s reset-last-child wd-title-color-default wd-title-style-default wd-title-size-extra-large text-left\">\n\n\t\t\t\n\t\t\t<div class=\"liner-continer\">\n\t\t\t\t<h4 class=\"woodmart-title-container title wd-fontsize-xxxl\">Cata ONLINE<\/h4> \n\t\t\t\t\t\t\t<\/div>\n\n\t\t\t\t\t\t\t<div class=\"title-after_title set-cont-mb-s reset-last-child wd-fontsize-s\">\n\t\t\t\t\t<p><strong>CATA VISUAL<\/strong>: Color rojo p\u00farpura com matices violaceos y l\u00e1grima coloreada.<br \/><strong>CATA OLFATIVA<\/strong>: Sensaci\u00f3n de frutas rojas y bayas, com um fondo de monte bajo, romero y tomillo.<br \/><strong>CATA GUSTATIVA<\/strong>: Fresco y \u00e1cido al mismo tiempo que goloso. Se disfruta a cada sorbo. Recuerdos de cuando de j\u00f3venes entr\u00e1bamos en una tienda de chuches.<\/p>\t\t\t\t<\/div>\n\t\t\t\t\t<\/div>\n\t\t\t\t<\/div>\n\t\t\t\t<\/div>\n\t\t\t\t\t<\/div>\n\t\t<\/div>\n\t\t\t\t\t<\/div>\n\t\t<\/section>\n\t\t<div class=\"wd-negative-gap elementor-element elementor-element-e481017 e-flex e-con-boxed wd-section-disabled e-con e-parent\" data-id=\"e481017\" data-element_type=\"container\">\n\t\t\t\t\t<div class=\"e-con-inner\">\n\t\t\t\t<div class=\"elementor-element elementor-element-7d5a7504 elementor-widget elementor-widget-heading\" data-id=\"7d5a7504\" data-element_type=\"widget\" data-widget_type=\"heading.default\">\n\t\t\t\t<div class=\"elementor-widget-container\">\n\t\t\t<style>\/*! elementor - v3.22.0 - 26-06-2024 *\/\n.elementor-heading-title{padding:0;margin:0;line-height:1}.elementor-widget-heading .elementor-heading-title[class*=elementor-size-]>a{color:inherit;font-size:inherit;line-height:inherit}.elementor-widget-heading .elementor-heading-title.elementor-size-small{font-size:15px}.elementor-widget-heading .elementor-heading-title.elementor-size-medium{font-size:19px}.elementor-widget-heading .elementor-heading-title.elementor-size-large{font-size:29px}.elementor-widget-heading .elementor-heading-title.elementor-size-xl{font-size:39px}.elementor-widget-heading .elementor-heading-title.elementor-size-xxl{font-size:59px}<\/style><h2 class=\"elementor-heading-title elementor-size-default\">PREMIOS<\/h2>\t\t<\/div>\n\t\t\t\t<\/div>\n\t\t<div class=\"wd-negative-gap elementor-element elementor-element-6dca326 e-flex e-con-boxed wd-section-disabled e-con e-child\" data-id=\"6dca326\" data-element_type=\"container\">\n\t\t\t\t\t<div class=\"e-con-inner\">\n\t\t<div class=\"elementor-element elementor-element-5e28616 e-con-full e-flex wd-section-disabled e-con e-child\" data-id=\"5e28616\" data-element_type=\"container\">\n\t\t\t\t<div class=\"elementor-element elementor-element-671c22a color-scheme-inherit text-left elementor-widget elementor-widget-text-editor\" data-id=\"671c22a\" data-element_type=\"widget\" data-widget_type=\"text-editor.default\">\n\t\t\t\t<div class=\"elementor-widget-container\">\n\t\t\t\t\t\t\t<h4 class=\"elementor-widget-container\">A\u00f1ada 2016<\/h4><ul><li>\u00a0Best of Spain Wine Challenge Netherlands 2020<br \/>Medalla de Oro: QuiXote Petit Verdot 2016<\/li><li>\u00a0Premios Bacchus 2020<br \/>Medalla de Oro: QuiXote Petit Verdot 2016<\/li><\/ul><h4>A\u00d1ADA 2014<\/h4><ul><li>Premios Gran Selecci\u00f3n 2019<br \/>Medalla de Oro: QuiXote Petit Verdot 2014<\/li><\/ul>\t\t\t\t\t\t<\/div>\n\t\t\t\t<\/div>\n\t\t\t\t<\/div>\n\t\t<div class=\"elementor-element elementor-element-0ec4cc6 e-con-full e-flex wd-section-disabled e-con e-child\" data-id=\"0ec4cc6\" data-element_type=\"container\">\n\t\t\t\t<div class=\"elementor-element elementor-element-31d232b color-scheme-inherit text-left elementor-widget elementor-widget-text-editor\" data-id=\"31d232b\" data-element_type=\"widget\" data-widget_type=\"text-editor.default\">\n\t\t\t\t<div class=\"elementor-widget-container\">\n\t\t\t\t\t\t\t<h4>A\u00d1ADA 2006<\/h4><ul><li>Cata-Concurso Premios Bacchus 2010<br \/>Medalla de Plata: QuiXote Petit Verdot 2006<\/li><\/ul><h4>A\u00d1ADA 2005<\/h4><ul><li>IV Concurso, oficialmente reconocido, de Los Mejores Vinos de la Tierra Espa\u00f1oles\u201d 2009<br \/>Medalla de Bronce: QuiXote Petit Verdot 2005<\/li><li>Cata-Concurso Premios Bacchus 2008<br \/>Bacchus de Oro: QuiXote Petit Verdot 2005<\/li><\/ul>\t\t\t\t\t\t<\/div>\n\t\t\t\t<\/div>\n\t\t\t\t<\/div>\n\t\t\t\t\t<\/div>\n\t\t\t\t<\/div>\n\t\t\t\t\t<\/div>\n\t\t\t\t<\/div>\n\t\t\t\t<\/div>\n\t\t","protected":false},"excerpt":{"rendered":"<p>Elaboraci\u00f3n y Crianza:<br \/>\nFermentaci\u00f3n alcoh\u00f3lica: 12 d\u00edas a 23\u00baC en dep\u00f3sitos de acero inoxidable.<br \/>\nMaceraci\u00f3n: 4 d\u00edas<br \/>\nEnvejece: 12 meses en roble franc\u00e9s y americano.<br \/>\nEmbotellado: julio 2021.<br \/>\nConsumo: hasta 2033.<\/p>\n<p>Datos de Campo<br \/>\nSuelo: Calizo, franco arenoso y de pH b\u00e1sico, con la peculiaridad de tener una alta concentraci\u00f3n de iones litio.<br \/>\nVendimia: 22 de septiembre.<br \/>\nRendimiento del vi\u00f1edo: m\u00e1ximo 7.500 kg.\/Ha.<\/p>\n<p>PREMIOS<br \/>\nBest of Spain Wine Challenge Netherlands 2020<br \/>\nMedalla de Oro: QuiXote Petit Verdot 2016<\/p>\n<p>Premios Bacchus 2020<br \/>\nMedalla de Oro: QuiXote Petit Verdot 2016<\/p>\n<p>Premios Gran Selecci\u00f3n 2019<br \/>\nMedalla de Oro: QuiXote Petit Verdot 2014<\/p>\n<p>Cata-Concurso Premios Bacchus 2010<br \/>\nMedalla de Plata: QuiXote Petit Verdot 2006<\/p>\n<p>IV Concurso, oficialmente reconocido, de Los Mejores Vinos de la Tierra Espa\u00f1oles&#8221; 2009<br \/>\nTercer Premio, Medalla de Bronce: &#8220;QuiXote Petit Verdot 2005&#8221;<\/p>\n<p>Cata-Concurso Premios Bacchus 2008<br \/>\nBacchus de Oro: QuiXote Petit Verdot 2005<\/p>\n","protected":false},"featured_media":16056,"template":"","meta":{"_joinchat":[]},"product_cat":[32],"product_tag":[],"_links":{"self":[{"href":"http:\/\/holdingtrade.es\/pt-br\/wp-json\/wp\/v2\/product\/15964"}],"collection":[{"href":"http:\/\/holdingtrade.es\/pt-br\/wp-json\/wp\/v2\/product"}],"about":[{"href":"http:\/\/holdingtrade.es\/pt-br\/wp-json\/wp\/v2\/types\/product"}],"version-history":[{"count":0,"href":"http:\/\/holdingtrade.es\/pt-br\/wp-json\/wp\/v2\/product\/15964\/revisions"}],"wp:featuredmedia":[{"embeddable":true,"href":"http:\/\/holdingtrade.es\/pt-br\/wp-json\/wp\/v2\/media\/16056"}],"wp:attachment":[{"href":"http:\/\/holdingtrade.es\/pt-br\/wp-json\/wp\/v2\/media?parent=15964"}],"wp:term":[{"taxonomy":"product_cat","embeddable":true,"href":"http:\/\/holdingtrade.es\/pt-br\/wp-json\/wp\/v2\/product_cat?post=15964"},{"taxonomy":"product_tag","embeddable":true,"href":"http:\/\/holdingtrade.es\/pt-br\/wp-json\/wp\/v2\/product_tag?post=15964"}],"curies":[{"name":"wp","href":"https:\/\/api.w.org\/{rel}","templated":true}]}}