{"id":15982,"date":"2023-10-10T16:24:29","date_gmt":"2023-10-10T16:24:29","guid":{"rendered":"https:\/\/holdingtrade.es\/producto\/vizar-verdejo-fermentado-en-barrica\/"},"modified":"2024-05-18T03:22:15","modified_gmt":"2024-05-18T03:22:15","slug":"vizar-verdejo-fermentado-en-barrica","status":"publish","type":"product","link":"http:\/\/holdingtrade.es\/pt-br\/producto\/vizar-verdejo-fermentado-en-barrica\/","title":{"rendered":"Vizar Verdejo Fermentado En Barrica"},"content":{"rendered":"\t\t<div data-elementor-type=\"wp-post\" data-elementor-id=\"15982\" class=\"elementor elementor-15982\" data-elementor-post-type=\"product\">\n\t\t\t\t<div class=\"wd-negative-gap elementor-element elementor-element-6985f2c7 wd-section-stretch e-flex e-con-boxed e-con e-parent\" data-id=\"6985f2c7\" data-element_type=\"container\" data-settings=\"{&quot;background_background&quot;:&quot;video&quot;,&quot;background_video_link&quot;:&quot;https:\\\/\\\/www.bodegasvizar.es\\\/wp-content\\\/uploads\\\/2023\\\/07\\\/bodegas-Vizar-video-web-V1.mp4&quot;}\">\n\t\t\t\t\t<div class=\"e-con-inner\">\n\t\t<div class=\"elementor-background-video-container elementor-hidden-phone\">\n\t\t\t\t\t\t\t<video class=\"elementor-background-video-hosted elementor-html5-video\" autoplay muted playsinline loop><\/video>\n\t\t\t\t\t<\/div><div class=\"elementor-element elementor-element-41b8415f e-con-full e-flex wd-section-disabled e-con e-child\" data-id=\"41b8415f\" data-element_type=\"container\" data-settings=\"{&quot;background_background&quot;:&quot;classic&quot;}\">\n\t\t\t\t<div class=\"elementor-element elementor-element-dc6dae1 elementor-widget elementor-widget-image\" data-id=\"dc6dae1\" data-element_type=\"widget\" data-widget_type=\"image.default\">\n\t\t\t\t<div class=\"elementor-widget-container\">\n\t\t\t<style>\/*! elementor - v3.22.0 - 26-06-2024 *\/\n.elementor-widget-image{text-align:center}.elementor-widget-image a{display:inline-block}.elementor-widget-image a img[src$=\".svg\"]{width:48px}.elementor-widget-image img{vertical-align:middle;display:inline-block}<\/style>\t\t\t\t\t\t\t\t\t\t<img decoding=\"async\" width=\"320\" height=\"128\" src=\"http:\/\/holdingtrade.es\/wp-content\/uploads\/2023\/10\/Logo-Blanco.png\" class=\"attachment-full size-full wp-image-16102\" alt=\"\" srcset=\"http:\/\/holdingtrade.es\/wp-content\/uploads\/2023\/10\/Logo-Blanco.png 320w, http:\/\/holdingtrade.es\/wp-content\/uploads\/2023\/10\/Logo-Blanco-150x60.png 150w\" sizes=\"(max-width: 320px) 100vw, 320px\" \/>\t\t\t\t\t\t\t\t\t\t\t\t\t<\/div>\n\t\t\t\t<\/div>\n\t\t\t\t<div class=\"elementor-element elementor-element-2564320 color-scheme-inherit text-left elementor-widget elementor-widget-text-editor\" data-id=\"2564320\" data-element_type=\"widget\" data-widget_type=\"text-editor.default\">\n\t\t\t\t<div class=\"elementor-widget-container\">\n\t\t\t<style>\/*! elementor - v3.22.0 - 26-06-2024 *\/\n.elementor-widget-text-editor.elementor-drop-cap-view-stacked .elementor-drop-cap{background-color:#69727d;color:#fff}.elementor-widget-text-editor.elementor-drop-cap-view-framed .elementor-drop-cap{color:#69727d;border:3px solid;background-color:transparent}.elementor-widget-text-editor:not(.elementor-drop-cap-view-default) .elementor-drop-cap{margin-top:8px}.elementor-widget-text-editor:not(.elementor-drop-cap-view-default) .elementor-drop-cap-letter{width:1em;height:1em}.elementor-widget-text-editor .elementor-drop-cap{float:left;text-align:center;line-height:1;font-size:50px}.elementor-widget-text-editor .elementor-drop-cap-letter{display:inline-block}<\/style>\t\t\t\t<p>El c\u00e1lido elixir que nace en nuestra tierra tiene cuerpo y tiene alma. Y acompa\u00f1a en la historia a nuestro hidalgo m\u00e1s universal, sanando sus mortales heridas despu\u00e9s de la batalla. &#8220;La receta del b\u00e1lsamo de Fierabr\u00e1s se compone de aceite, sal, romero y vino&#8221;. En efecto, el microclima de nuestros vi\u00f1edos otorga al Quixote la cualidad de vino de Pago, corroborando las propiedades que ya anunci\u00f3 nuestro admirado Cervantes. A\u00f1o a a\u00f1o nuestra p\u00f3cima culmina el buen hacer de generaciones, que desde mediados del siglo XIX dedicaron sus d\u00edas y sus noches, sus sue\u00f1os y sus desvelos, a envolver nuestras papilas. As\u00ed que cerremos los ojos, brindemos juntos y confundamos a los molinos con gigantes.<\/p>\t\t\t\t\t\t<\/div>\n\t\t\t\t<\/div>\n\t\t\t\t<\/div>\n\t\t\t\t\t<\/div>\n\t\t\t\t<\/div>\n\t\t<div class=\"wd-negative-gap elementor-element elementor-element-5030b4f9 e-flex e-con-boxed wd-section-disabled e-con e-parent\" data-id=\"5030b4f9\" data-element_type=\"container\">\n\t\t\t\t\t<div class=\"e-con-inner\">\n\t\t\t\t<div class=\"elementor-element elementor-element-389bf19 elementor-widget elementor-widget-wd_title\" data-id=\"389bf19\" data-element_type=\"widget\" data-widget_type=\"wd_title.default\">\n\t\t\t\t<div class=\"elementor-widget-container\">\n\t\t\t\t\t<div class=\"title-wrapper set-mb-s reset-last-child wd-title-color-default wd-title-style-default wd-title-size-large text-center\">\n\n\t\t\t\n\t\t\t<div class=\"liner-continer\">\n\t\t\t\t<h4 class=\"woodmart-title-container title wd-fontsize-xxl\">Informaci\u00f3n del Producto<\/h4> \n\t\t\t\t\t\t\t<\/div>\n\n\t\t\t\t\t<\/div>\n\t\t\t\t<\/div>\n\t\t\t\t<\/div>\n\t\t\t\t<div class=\"elementor-element elementor-element-4dab4b36 color-scheme-inherit text-left elementor-widget elementor-widget-text-editor\" data-id=\"4dab4b36\" data-element_type=\"widget\" data-widget_type=\"text-editor.default\">\n\t\t\t\t<div class=\"elementor-widget-container\">\n\t\t\t\t\t\t\tVino blanco ecol\u00f3gico de la zona IGP vinos de Castilla y Le\u00f3n, 100% Verdejo. Vino envejecido en barrica de roble franc\u00e9s. Es un vino sorprendente que seguir\u00e1 mejorando a lo largo de los a\u00f1os. Color amarillo pajizo con reflejos verdosos. Nariz elegante y compleja con aromas de flores blancas, c\u00edtricos y mantequilla. En boca es un vino amplio, largo y sabroso. Taninos de roble franc\u00e9s muy bien integrados que aportan grasa y complejidad. Final fresco y frutal.\t\t\t\t\t\t<\/div>\n\t\t\t\t<\/div>\n\t\t\t\t\t<\/div>\n\t\t\t\t<\/div>\n\t\t\t\t<section class=\"elementor-section elementor-top-section elementor-element elementor-element-5742ed08 elementor-section-content-middle elementor-section-full_width wd-section-stretch elementor-section-height-default elementor-section-height-default\" data-id=\"5742ed08\" data-element_type=\"section\" data-settings=\"{&quot;background_background&quot;:&quot;classic&quot;}\">\n\t\t\t\t\t\t<div class=\"elementor-container elementor-column-gap-default\">\n\t\t\t\t\t<div class=\"elementor-column elementor-col-50 elementor-top-column elementor-element elementor-element-64d07637\" data-id=\"64d07637\" data-element_type=\"column\">\n\t\t\t<div class=\"elementor-widget-wrap elementor-element-populated\">\n\t\t\t\t\t\t<div class=\"elementor-element elementor-element-843c9f0 elementor-widget elementor-widget-wd_video\" data-id=\"843c9f0\" data-element_type=\"widget\" data-widget_type=\"wd_video.default\">\n\t\t\t\t<div class=\"elementor-widget-container\">\n\t\t\t\n\t\t<div class=\"wd-el-video wd-action-without wd-video-youtube\">\n\t\t\t\t\t\t\t<iframe src=\"https:\/\/www.youtube.com\/embed\/JZ6LMzV4aC4?feature=oembed&loop=0&mute=0&controls=1\" allowfullscreen allow=\"accelerometer; autoplay; encrypted-media; gyroscope; picture-in-picture\" width=\"100%\" height=\"100%\" loading=\"lazy\"><\/iframe>\t\t\t\n\t\t\t\n\t\t\t\n\t\t\t\t\t<\/div>\n\t\t\t\t<\/div>\n\t\t\t\t<\/div>\n\t\t\t\t\t<\/div>\n\t\t<\/div>\n\t\t\t\t<div class=\"elementor-column elementor-col-50 elementor-top-column elementor-element elementor-element-27e0cb9d text-center\" data-id=\"27e0cb9d\" data-element_type=\"column\">\n\t\t\t<div class=\"elementor-widget-wrap elementor-element-populated\">\n\t\t\t\t\t\t<div class=\"elementor-element elementor-element-3f5c8545 elementor-widget elementor-widget-wd_title\" data-id=\"3f5c8545\" data-element_type=\"widget\" data-widget_type=\"wd_title.default\">\n\t\t\t\t<div class=\"elementor-widget-container\">\n\t\t\t\t\t<div class=\"title-wrapper set-mb-s reset-last-child wd-title-color-default wd-title-style-default wd-title-size-extra-large text-center\">\n\n\t\t\t\t\t\t\t<div class=\"title-subtitle subtitle-color-default subtitle-style-default wd-fontsize-m\">\n\t\t\t\t\tVino con muchas personalidad, sorprendente, que seguir\u00e1 mejorando a lo largo de los a\u00f1os\t\t\t\t<\/div>\n\t\t\t\n\t\t\t<div class=\"liner-continer\">\n\t\t\t\t<h4 class=\"woodmart-title-container title wd-fontsize-xxxl\">Cata ONLINE<\/h4> \n\t\t\t\t\t\t\t<\/div>\n\n\t\t\t\t\t<\/div>\n\t\t\t\t<\/div>\n\t\t\t\t<\/div>\n\t\t<div class=\"wd-negative-gap elementor-element elementor-element-67cb3f68 e-flex e-con-boxed wd-section-disabled e-con e-parent\" data-id=\"67cb3f68\" data-element_type=\"container\">\n\t\t\t\t\t<div class=\"e-con-inner\">\n\t\t<div class=\"wd-negative-gap elementor-element elementor-element-38e8ab3d e-flex e-con-boxed wd-section-disabled e-con e-child\" data-id=\"38e8ab3d\" data-element_type=\"container\">\n\t\t\t\t\t<div class=\"e-con-inner\">\n\t\t\t\t<div class=\"elementor-element elementor-element-1a07b9f3 color-scheme-inherit text-left elementor-widget elementor-widget-text-editor\" data-id=\"1a07b9f3\" data-element_type=\"widget\" data-widget_type=\"text-editor.default\">\n\t\t\t\t<div class=\"elementor-widget-container\">\n\t\t\t\t\t\t\t<p><strong>CATA VISUAL<\/strong><\/p><p>Color blanco pajizo con reflejos verdosos<\/p>\t\t\t\t\t\t<\/div>\n\t\t\t\t<\/div>\n\t\t\t\t\t<\/div>\n\t\t\t\t<\/div>\n\t\t<div class=\"wd-negative-gap elementor-element elementor-element-2f804b19 e-flex e-con-boxed wd-section-disabled e-con e-child\" data-id=\"2f804b19\" data-element_type=\"container\">\n\t\t\t\t\t<div class=\"e-con-inner\">\n\t\t\t\t<div class=\"elementor-element elementor-element-2b4404aa color-scheme-inherit text-left elementor-widget elementor-widget-text-editor\" data-id=\"2b4404aa\" data-element_type=\"widget\" data-widget_type=\"text-editor.default\">\n\t\t\t\t<div class=\"elementor-widget-container\">\n\t\t\t\t\t\t\t<p><strong>CATA OLFATIVA:<\/strong><\/p><p>Intenso, con aromas de flores blancas, toques c\u00edtricos y notas de mantequilla. Nariz elegante y muy compleja.<\/p>\t\t\t\t\t\t<\/div>\n\t\t\t\t<\/div>\n\t\t\t\t\t<\/div>\n\t\t\t\t<\/div>\n\t\t<div class=\"wd-negative-gap elementor-element elementor-element-69f5a33b e-flex e-con-boxed wd-section-disabled e-con e-child\" data-id=\"69f5a33b\" data-element_type=\"container\">\n\t\t\t\t\t<div class=\"e-con-inner\">\n\t\t\t\t<div class=\"elementor-element elementor-element-799668dc color-scheme-inherit text-left elementor-widget elementor-widget-text-editor\" data-id=\"799668dc\" data-element_type=\"widget\" data-widget_type=\"text-editor.default\">\n\t\t\t\t<div class=\"elementor-widget-container\">\n\t\t\t\t\t\t\t<p><strong>CATA GUSTATIVA<\/strong>:<\/p><p>Vino amplio, largo y sabroso. Los taninos de roble franc\u00e9s, muy bien integrados, aportan grasa y complejidad. El final de boca resalta el frescor y la fruta del verdejo<\/p>\t\t\t\t\t\t<\/div>\n\t\t\t\t<\/div>\n\t\t\t\t\t<\/div>\n\t\t\t\t<\/div>\n\t\t\t\t\t<\/div>\n\t\t\t\t<\/div>\n\t\t\t\t\t<\/div>\n\t\t<\/div>\n\t\t\t\t\t<\/div>\n\t\t<\/section>\n\t\t<div class=\"wd-negative-gap elementor-element elementor-element-1f9b1df7 e-flex e-con-boxed wd-section-disabled e-con e-parent\" data-id=\"1f9b1df7\" data-element_type=\"container\">\n\t\t\t\t\t<div class=\"e-con-inner\">\n\t\t\t\t<div class=\"elementor-element elementor-element-4a8537c3 elementor-widget elementor-widget-heading\" data-id=\"4a8537c3\" data-element_type=\"widget\" data-widget_type=\"heading.default\">\n\t\t\t\t<div class=\"elementor-widget-container\">\n\t\t\t<style>\/*! elementor - v3.22.0 - 26-06-2024 *\/\n.elementor-heading-title{padding:0;margin:0;line-height:1}.elementor-widget-heading .elementor-heading-title[class*=elementor-size-]>a{color:inherit;font-size:inherit;line-height:inherit}.elementor-widget-heading .elementor-heading-title.elementor-size-small{font-size:15px}.elementor-widget-heading .elementor-heading-title.elementor-size-medium{font-size:19px}.elementor-widget-heading .elementor-heading-title.elementor-size-large{font-size:29px}.elementor-widget-heading .elementor-heading-title.elementor-size-xl{font-size:39px}.elementor-widget-heading .elementor-heading-title.elementor-size-xxl{font-size:59px}<\/style><h2 class=\"elementor-heading-title elementor-size-default\">PREMIOS<\/h2>\t\t<\/div>\n\t\t\t\t<\/div>\n\t\t\t\t\t<\/div>\n\t\t\t\t<\/div>\n\t\t<div class=\"wd-negative-gap elementor-element elementor-element-bab850f e-flex e-con-boxed wd-section-disabled e-con e-parent\" data-id=\"bab850f\" data-element_type=\"container\">\n\t\t\t\t\t<div class=\"e-con-inner\">\n\t\t<div class=\"elementor-element elementor-element-4024346e e-con-full e-flex wd-section-disabled e-con e-child\" data-id=\"4024346e\" data-element_type=\"container\">\n\t\t\t\t<div class=\"elementor-element elementor-element-2bb04913 color-scheme-inherit text-left elementor-widget elementor-widget-text-editor\" data-id=\"2bb04913\" data-element_type=\"widget\" data-widget_type=\"text-editor.default\">\n\t\t\t\t<div class=\"elementor-widget-container\">\n\t\t\t\t\t\t\t<h4 class=\"elementor-widget-container\">A\u00f1ada 2016<\/h4><p>\u00b7 Gu\u00eda Pe\u00f1\u00edn (2020): 91 puntos<br \/>\u00b7 Medalla de Bronce \u201cDecanter\u201d \u2013 A\u00f1o 2021<\/p>\t\t\t\t\t\t<\/div>\n\t\t\t\t<\/div>\n\t\t\t\t<\/div>\n\t\t\t\t\t<\/div>\n\t\t\t\t<\/div>\n\t\t\t\t<\/div>\n\t\t","protected":false},"excerpt":{"rendered":"<p><strong>Variedad:<\/strong>\u00a0Verdejo 100 %<br \/>\n<strong>Grado Alcoh\u00f3lico:<\/strong>\u00a014%<br \/>\n<strong>Temperatura de servir<\/strong>: 10\u00baC \u2013 12\u00baC<br \/>\n<strong>Elaboraci\u00f3n:<\/strong>\u00a0Fermentaci\u00f3n en barrica de 500 l. y 225 l.<br \/>\n<strong>Crianza:<\/strong>\u00a012 meses en barrica de roble franc\u00e9s<\/p>\n<p><strong><img decoding=\"async\" class=\"wp-image-201 alignnone size-full\" src=\"https:\/\/www.bodegasvizar.es\/wp-content\/uploads\/2023\/05\/Vizar-ecologico-1.png\" alt=\"\" width=\"14\" height=\"20\" \/>\u00a0Ecol\u00f3gico<\/strong><br \/>\nContiene sulfitos<\/p>\n<style>\n.product-design-default .entry-summary:not(.col-lg-4) .wd-product-brands a {<br \/>\n    background-color: #000;<br \/>\n}<br \/>\n<\/style>\n","protected":false},"featured_media":16062,"template":"","meta":{"_joinchat":[]},"product_cat":[32],"product_tag":[],"_links":{"self":[{"href":"http:\/\/holdingtrade.es\/pt-br\/wp-json\/wp\/v2\/product\/15982"}],"collection":[{"href":"http:\/\/holdingtrade.es\/pt-br\/wp-json\/wp\/v2\/product"}],"about":[{"href":"http:\/\/holdingtrade.es\/pt-br\/wp-json\/wp\/v2\/types\/product"}],"version-history":[{"count":0,"href":"http:\/\/holdingtrade.es\/pt-br\/wp-json\/wp\/v2\/product\/15982\/revisions"}],"wp:featuredmedia":[{"embeddable":true,"href":"http:\/\/holdingtrade.es\/pt-br\/wp-json\/wp\/v2\/media\/16062"}],"wp:attachment":[{"href":"http:\/\/holdingtrade.es\/pt-br\/wp-json\/wp\/v2\/media?parent=15982"}],"wp:term":[{"taxonomy":"product_cat","embeddable":true,"href":"http:\/\/holdingtrade.es\/pt-br\/wp-json\/wp\/v2\/product_cat?post=15982"},{"taxonomy":"product_tag","embeddable":true,"href":"http:\/\/holdingtrade.es\/pt-br\/wp-json\/wp\/v2\/product_tag?post=15982"}],"curies":[{"name":"wp","href":"https:\/\/api.w.org\/{rel}","templated":true}]}}