{"id":16742,"date":"2024-03-23T20:46:22","date_gmt":"2024-03-23T20:46:22","guid":{"rendered":"https:\/\/holdingtrade.es\/producto\/parqueoliva-serie-oro-aove-dop-100ml\/"},"modified":"2024-05-18T03:26:31","modified_gmt":"2024-05-18T03:26:31","slug":"parqueoliva-serie-oro-aove-dop-100ml","status":"publish","type":"product","link":"http:\/\/holdingtrade.es\/pt-br\/producto\/parqueoliva-serie-oro-aove-dop-100ml\/","title":{"rendered":"Parqueoliva Serie Oro Aove Dop 100ml"},"content":{"rendered":"\t\t<div data-elementor-type=\"wp-post\" data-elementor-id=\"16742\" class=\"elementor elementor-16742\" data-elementor-post-type=\"product\">\n\t\t\t\t<div class=\"elementor-element elementor-element-29cba5a e-con-full wd-section-stretch e-flex e-con e-parent\" data-id=\"29cba5a\" data-element_type=\"container\" data-settings=\"{&quot;background_background&quot;:&quot;video&quot;,&quot;background_video_link&quot;:&quot;https:\\\/\\\/almazarasdelasubbetica.com\\\/wp-content\\\/uploads\\\/2022\\\/11\\\/Slide20221-Compressed-with-FlexClip.mp4&quot;}\">\n\t\t<div class=\"elementor-background-video-container elementor-hidden-phone\">\n\t\t\t\t\t\t\t<video class=\"elementor-background-video-hosted elementor-html5-video\" autoplay muted playsinline loop><\/video>\n\t\t\t\t\t<\/div><div class=\"elementor-element elementor-element-b7654f7 e-con-full e-flex wd-section-disabled e-con e-child\" data-id=\"b7654f7\" data-element_type=\"container\">\n\t\t\t\t<\/div>\n\t\t<div class=\"elementor-element elementor-element-05fde53 e-con-full e-flex wd-section-disabled e-con e-child\" data-id=\"05fde53\" data-element_type=\"container\" data-settings=\"{&quot;background_background&quot;:&quot;classic&quot;}\">\n\t\t\t\t<div class=\"elementor-element elementor-element-5525a5c elementor-widget__width-initial elementor-widget elementor-widget-image\" data-id=\"5525a5c\" data-element_type=\"widget\" data-widget_type=\"image.default\">\n\t\t\t\t<div class=\"elementor-widget-container\">\n\t\t\t<style>\/*! elementor - v3.22.0 - 26-06-2024 *\/\n.elementor-widget-image{text-align:center}.elementor-widget-image a{display:inline-block}.elementor-widget-image a img[src$=\".svg\"]{width:48px}.elementor-widget-image img{vertical-align:middle;display:inline-block}<\/style>\t\t\t\t\t\t\t\t\t\t<img decoding=\"async\" width=\"400\" height=\"88\" src=\"http:\/\/holdingtrade.es\/wp-content\/uploads\/2024\/04\/almaras-de-subetica-logo.png\" class=\"attachment-full size-full wp-image-16979\" alt=\"\" srcset=\"http:\/\/holdingtrade.es\/wp-content\/uploads\/2024\/04\/almaras-de-subetica-logo.png 400w, http:\/\/holdingtrade.es\/wp-content\/uploads\/2024\/04\/almaras-de-subetica-logo-150x33.png 150w\" sizes=\"(max-width: 400px) 100vw, 400px\" \/>\t\t\t\t\t\t\t\t\t\t\t\t\t<\/div>\n\t\t\t\t<\/div>\n\t\t\t\t<div class=\"elementor-element elementor-element-7481ea4 color-scheme-inherit text-left elementor-widget elementor-widget-text-editor\" data-id=\"7481ea4\" data-element_type=\"widget\" data-widget_type=\"text-editor.default\">\n\t\t\t\t<div class=\"elementor-widget-container\">\n\t\t\t<style>\/*! elementor - v3.22.0 - 26-06-2024 *\/\n.elementor-widget-text-editor.elementor-drop-cap-view-stacked .elementor-drop-cap{background-color:#69727d;color:#fff}.elementor-widget-text-editor.elementor-drop-cap-view-framed .elementor-drop-cap{color:#69727d;border:3px solid;background-color:transparent}.elementor-widget-text-editor:not(.elementor-drop-cap-view-default) .elementor-drop-cap{margin-top:8px}.elementor-widget-text-editor:not(.elementor-drop-cap-view-default) .elementor-drop-cap-letter{width:1em;height:1em}.elementor-widget-text-editor .elementor-drop-cap{float:left;text-align:center;line-height:1;font-size:50px}.elementor-widget-text-editor .elementor-drop-cap-letter{display:inline-block}<\/style>\t\t\t\t<h4 style=\"text-align: center;\"><strong><em>Con m\u00e1s de 60 a\u00f1os de experiencia, somos referente de los aceites de oliva virgen extra a nivel mundial.<\/em><\/strong><\/h4><p>Bienvenidos a Almazaras de la Subb\u00e9tica, una\u00a0<strong>Cooperativa Agr\u00edcola de primer grado<\/strong>\u00a0dedicada a la producci\u00f3n de aceite de oliva virgen extra de la m\u00e1s alta calidad. Situados en pleno\u00a0<strong>Parque Natural de las Sierras Subb\u00e9ticas<\/strong>, trabajamos con pasi\u00f3n y dedicaci\u00f3n para ofrecer a nuestros clientes\u00a0<strong>aceites de oliva virgen\u00a0<em>Extraordinarios<\/em><\/strong><em>\u00a0<\/em>que reflejan el sabor y la tradici\u00f3n de nuestra tierra.<\/p>\t\t\t\t\t\t<\/div>\n\t\t\t\t<\/div>\n\t\t\t\t<\/div>\n\t\t\t\t<\/div>\n\t\t<div class=\"wd-negative-gap elementor-element elementor-element-98146db e-flex e-con-boxed wd-section-disabled e-con e-parent\" data-id=\"98146db\" data-element_type=\"container\">\n\t\t\t\t\t<div class=\"e-con-inner\">\n\t\t<div class=\"elementor-element elementor-element-52e3f8e7 e-con-full e-flex wd-section-disabled e-con e-child\" data-id=\"52e3f8e7\" data-element_type=\"container\">\n\t\t\t\t<div class=\"elementor-element elementor-element-444ac8c5 elementor-widget elementor-widget-wd_title\" data-id=\"444ac8c5\" data-element_type=\"widget\" data-widget_type=\"wd_title.default\">\n\t\t\t\t<div class=\"elementor-widget-container\">\n\t\t\t\t\t<div class=\"title-wrapper set-mb-s reset-last-child wd-title-color-primary wd-title-style-default wd-title-size-medium text-left\">\n\n\t\t\t\n\t\t\t<div class=\"liner-continer\">\n\t\t\t\t<h3 class=\"woodmart-title-container title wd-fontsize-xl\">DESCRIPCI\u00d3N<\/h3> \n\t\t\t\t\t\t\t<\/div>\n\n\t\t\t\t\t\t\t<div class=\"title-after_title set-cont-mb-s reset-last-child wd-fontsize-s\">\n\t\t\t\t\t<p><strong>La perfecta combinaci\u00f3n entre tradici\u00f3n y tecnolog\u00eda.<\/strong><br \/>En Almazaras de la Subb\u00e9tica, nos enorgullece ofrecer un aceite de oliva de alta calidad, producido bajo estrictos controles de calidad y con un proceso cuidadosamente supervisado para garantizar la m\u00e1xima frescura y sabor.<br \/>Con m\u00e1s de 60 a\u00f1os de experiencia, somos referente de los aceites de oliva virgen extra a nivel mundial.<br \/>Bienvenidos a Almazaras de la Subb\u00e9tica, una Cooperativa Agr\u00edcola de primer grado dedicada a la producci\u00f3n de aceite de oliva virgen extra de la m\u00e1s alta calidad. Situados en pleno Parque Natural de las Sierras Subb\u00e9ticas, trabajamos con pasi\u00f3n y dedicaci\u00f3n para ofrecer a nuestros clientes aceites de oliva virgen Extraordinarios que reflejan el sabor y la tradici\u00f3n de nuestra tierra.<\/p>\t\t\t\t<\/div>\n\t\t\t\t\t<\/div>\n\t\t\t\t<\/div>\n\t\t\t\t<\/div>\n\t\t\t\t<\/div>\n\t\t<div class=\"elementor-element elementor-element-d8596bc e-con-full e-flex wd-section-disabled e-con e-child\" data-id=\"d8596bc\" data-element_type=\"container\" data-settings=\"{&quot;background_background&quot;:&quot;classic&quot;}\">\n\t\t\t\t<\/div>\n\t\t\t\t\t<\/div>\n\t\t\t\t<\/div>\n\t\t<div class=\"wd-negative-gap elementor-element elementor-element-77c92a4c e-flex e-con-boxed wd-section-disabled e-con e-parent\" data-id=\"77c92a4c\" data-element_type=\"container\" data-settings=\"{&quot;background_background&quot;:&quot;classic&quot;}\">\n\t\t\t\t\t<div class=\"e-con-inner\">\n\t\t<div class=\"elementor-element elementor-element-680150f3 e-con-full e-flex wd-section-disabled e-con e-child\" data-id=\"680150f3\" data-element_type=\"container\">\n\t\t\t\t<div class=\"elementor-element elementor-element-5ef122fe elementor-widget elementor-widget-wd_title\" data-id=\"5ef122fe\" data-element_type=\"widget\" data-widget_type=\"wd_title.default\">\n\t\t\t\t<div class=\"elementor-widget-container\">\n\t\t\t\t\t<div class=\"title-wrapper set-mb-s reset-last-child wd-title-color-primary wd-title-style-default wd-title-size-medium text-left\">\n\n\t\t\t\n\t\t\t<div class=\"liner-continer\">\n\t\t\t\t<h3 class=\"woodmart-title-container title wd-fontsize-xl\">DESCRIPCI\u00d3N SENSORIAL<\/h3> \n\t\t\t\t\t\t\t<\/div>\n\n\t\t\t\t\t\t\t<div class=\"title-after_title set-cont-mb-s reset-last-child wd-fontsize-s\">\n\t\t\t\t\t<p><strong>Fase olfativa<\/strong>:<br \/>Frutado verde medio\/alto. Matices frutales como la manzana y pl\u00e1tano verde. Notas de hortaliza como la mata de tomate y la alcachofa. Con gran intensidad se percibe la hierba reci\u00e9n cortada y la almendra verde.<\/p><p><strong>Fase gustativa<\/strong>:<br \/>En boca dulce de entrada, almendrado verde, amargo y picante de intensidad media. Es un aceite equilibrado y lleno de personalidad.<\/p>\t\t\t\t<\/div>\n\t\t\t\t\t<\/div>\n\t\t\t\t<\/div>\n\t\t\t\t<\/div>\n\t\t\t\t<\/div>\n\t\t<div class=\"elementor-element elementor-element-1c6d7b5d e-con-full e-flex wd-section-disabled e-con e-child\" data-id=\"1c6d7b5d\" data-element_type=\"container\" data-settings=\"{&quot;background_background&quot;:&quot;classic&quot;}\">\n\t\t\t\t<\/div>\n\t\t\t\t\t<\/div>\n\t\t\t\t<\/div>\n\t\t<div class=\"wd-negative-gap elementor-element elementor-element-5f7f7c54 e-flex e-con-boxed wd-section-disabled e-con e-parent\" data-id=\"5f7f7c54\" data-element_type=\"container\">\n\t\t\t\t\t<div class=\"e-con-inner\">\n\t\t<div class=\"elementor-element elementor-element-62bc798 e-con-full e-flex wd-section-disabled e-con e-child\" data-id=\"62bc798\" data-element_type=\"container\" data-settings=\"{&quot;background_background&quot;:&quot;classic&quot;}\">\n\t\t\t\t<\/div>\n\t\t<div class=\"elementor-element elementor-element-2a7c519f e-con-full e-flex wd-section-disabled e-con e-child\" data-id=\"2a7c519f\" data-element_type=\"container\">\n\t\t\t\t<div class=\"elementor-element elementor-element-488fd52e elementor-widget elementor-widget-wd_title\" data-id=\"488fd52e\" data-element_type=\"widget\" data-widget_type=\"wd_title.default\">\n\t\t\t\t<div class=\"elementor-widget-container\">\n\t\t\t\t\t<div class=\"title-wrapper set-mb-s reset-last-child wd-title-color-primary wd-title-style-default wd-title-size-medium text-left\">\n\n\t\t\t\n\t\t\t<div class=\"liner-continer\">\n\t\t\t\t<h3 class=\"woodmart-title-container title wd-fontsize-xl\">CONSEJOS DE MARIDAJE<\/h3> \n\t\t\t\t\t\t\t<\/div>\n\n\t\t\t\t\t\t\t<div class=\"title-after_title set-cont-mb-s reset-last-child wd-fontsize-s\">\n\t\t\t\t\t<p>Para percibir todos los matices se recomienda el uso en crudo en tostadas, tostas, ensaladas, carpaccios, pastas, carnes, pescado azul y platos gourmet.<\/p>\t\t\t\t<\/div>\n\t\t\t\t\t<\/div>\n\t\t\t\t<\/div>\n\t\t\t\t<\/div>\n\t\t\t\t<\/div>\n\t\t\t\t\t<\/div>\n\t\t\t\t<\/div>\n\t\t<div class=\"wd-negative-gap elementor-element elementor-element-5c605da3 e-flex e-con-boxed wd-section-disabled e-con e-parent\" data-id=\"5c605da3\" data-element_type=\"container\">\n\t\t\t\t\t<div class=\"e-con-inner\">\n\t\t\t\t<div class=\"elementor-element elementor-element-74b4b5a4 elementor-widget elementor-widget-wd_title\" data-id=\"74b4b5a4\" data-element_type=\"widget\" data-widget_type=\"wd_title.default\">\n\t\t\t\t<div class=\"elementor-widget-container\">\n\t\t\t\t\t<div class=\"title-wrapper set-mb-s reset-last-child wd-title-color-primary wd-title-style-default wd-title-size-medium text-center\">\n\n\t\t\t\n\t\t\t<div class=\"liner-continer\">\n\t\t\t\t<h3 class=\"woodmart-title-container title wd-fontsize-xl\">AN\u00c1LISIS<\/h3> \n\t\t\t\t\t\t\t<\/div>\n\n\t\t\t\t\t<\/div>\n\t\t\t\t<\/div>\n\t\t\t\t<\/div>\n\t\t\t\t<div class=\"elementor-element elementor-element-28f325a2 elementor-widget elementor-widget-pdf_viewer\" data-id=\"28f325a2\" data-element_type=\"widget\" data-widget_type=\"pdf_viewer.default\">\n\t\t\t\t<div class=\"elementor-widget-container\">\n\t\t\t<iframe src=\"https:\/\/docs.google.com\/viewer?url=http:\/\/holdingtrade.es\/wp-content\/uploads\/2024\/04\/SERIE-ORO-PARQUEOLIVA-HOJA-TECNICA.pdf&amp;embedded=true\" style=\"display: block; margin-left: auto; margin-right: auto; width: 640px; height: 1020px;\" frameborder=\"1\" marginheight=\"0px\" marginwidth=\"0px\" allowfullscreen><\/iframe>\t\t<\/div>\n\t\t\t\t<\/div>\n\t\t\t\t\t<\/div>\n\t\t\t\t<\/div>\n\t\t\t\t<\/div>\n\t\t","protected":false},"excerpt":{"rendered":"<p>Parqueoliva Serie Oro es una aut\u00e9ntica joya. Se seleccionan los mejores frutos de oliva al principio de la campa\u00f1a para envasar uno de los mejores aceites del mundo.<\/p>\n<p>La perfecta combinaci\u00f3n de la variedad picuda y hojiblanca se convierte en el deleite de los sentidos para el catador.<\/p>\n","protected":false},"featured_media":16960,"template":"","meta":{"_joinchat":[]},"product_cat":[20],"product_tag":[],"_links":{"self":[{"href":"http:\/\/holdingtrade.es\/pt-br\/wp-json\/wp\/v2\/product\/16742"}],"collection":[{"href":"http:\/\/holdingtrade.es\/pt-br\/wp-json\/wp\/v2\/product"}],"about":[{"href":"http:\/\/holdingtrade.es\/pt-br\/wp-json\/wp\/v2\/types\/product"}],"version-history":[{"count":0,"href":"http:\/\/holdingtrade.es\/pt-br\/wp-json\/wp\/v2\/product\/16742\/revisions"}],"wp:featuredmedia":[{"embeddable":true,"href":"http:\/\/holdingtrade.es\/pt-br\/wp-json\/wp\/v2\/media\/16960"}],"wp:attachment":[{"href":"http:\/\/holdingtrade.es\/pt-br\/wp-json\/wp\/v2\/media?parent=16742"}],"wp:term":[{"taxonomy":"product_cat","embeddable":true,"href":"http:\/\/holdingtrade.es\/pt-br\/wp-json\/wp\/v2\/product_cat?post=16742"},{"taxonomy":"product_tag","embeddable":true,"href":"http:\/\/holdingtrade.es\/pt-br\/wp-json\/wp\/v2\/product_tag?post=16742"}],"curies":[{"name":"wp","href":"https:\/\/api.w.org\/{rel}","templated":true}]}}