{"id":16758,"date":"2024-03-23T20:46:22","date_gmt":"2024-03-23T20:46:22","guid":{"rendered":"https:\/\/holdingtrade.es\/producto\/parqueoliva-aove-dop-lata-5l\/"},"modified":"2024-05-18T03:26:31","modified_gmt":"2024-05-18T03:26:31","slug":"parqueoliva-aove-dop-lata-5l","status":"publish","type":"product","link":"http:\/\/holdingtrade.es\/pt-br\/producto\/parqueoliva-aove-dop-lata-5l\/","title":{"rendered":"Parqueoliva Aove Dop Lata 5l"},"content":{"rendered":"\t\t<div data-elementor-type=\"wp-post\" data-elementor-id=\"16758\" class=\"elementor elementor-16758\" data-elementor-post-type=\"product\">\n\t\t\t\t<div class=\"elementor-element elementor-element-65a4074 e-con-full wd-section-stretch e-flex e-con e-parent\" data-id=\"65a4074\" data-element_type=\"container\" data-settings=\"{&quot;background_background&quot;:&quot;video&quot;,&quot;background_video_link&quot;:&quot;https:\\\/\\\/almazarasdelasubbetica.com\\\/wp-content\\\/uploads\\\/2022\\\/11\\\/Slide20221-Compressed-with-FlexClip.mp4&quot;}\">\n\t\t<div class=\"elementor-background-video-container elementor-hidden-phone\">\n\t\t\t\t\t\t\t<video class=\"elementor-background-video-hosted elementor-html5-video\" autoplay muted playsinline loop><\/video>\n\t\t\t\t\t<\/div><div class=\"elementor-element elementor-element-44ac904 e-con-full e-flex wd-section-disabled e-con e-child\" data-id=\"44ac904\" data-element_type=\"container\">\n\t\t\t\t<\/div>\n\t\t<div class=\"elementor-element elementor-element-767184a e-con-full e-flex wd-section-disabled e-con e-child\" data-id=\"767184a\" data-element_type=\"container\" data-settings=\"{&quot;background_background&quot;:&quot;classic&quot;}\">\n\t\t\t\t<div class=\"elementor-element elementor-element-4b3f20f elementor-widget__width-initial elementor-widget elementor-widget-image\" data-id=\"4b3f20f\" data-element_type=\"widget\" data-widget_type=\"image.default\">\n\t\t\t\t<div class=\"elementor-widget-container\">\n\t\t\t<style>\/*! elementor - v3.22.0 - 26-06-2024 *\/\n.elementor-widget-image{text-align:center}.elementor-widget-image a{display:inline-block}.elementor-widget-image a img[src$=\".svg\"]{width:48px}.elementor-widget-image img{vertical-align:middle;display:inline-block}<\/style>\t\t\t\t\t\t\t\t\t\t<img decoding=\"async\" width=\"400\" height=\"88\" src=\"http:\/\/holdingtrade.es\/wp-content\/uploads\/2024\/04\/almaras-de-subetica-logo.png\" class=\"attachment-full size-full wp-image-16979\" alt=\"\" srcset=\"http:\/\/holdingtrade.es\/wp-content\/uploads\/2024\/04\/almaras-de-subetica-logo.png 400w, http:\/\/holdingtrade.es\/wp-content\/uploads\/2024\/04\/almaras-de-subetica-logo-150x33.png 150w\" sizes=\"(max-width: 400px) 100vw, 400px\" \/>\t\t\t\t\t\t\t\t\t\t\t\t\t<\/div>\n\t\t\t\t<\/div>\n\t\t\t\t<div class=\"elementor-element elementor-element-7fbbca8 color-scheme-inherit text-left elementor-widget elementor-widget-text-editor\" data-id=\"7fbbca8\" data-element_type=\"widget\" data-widget_type=\"text-editor.default\">\n\t\t\t\t<div class=\"elementor-widget-container\">\n\t\t\t<style>\/*! elementor - v3.22.0 - 26-06-2024 *\/\n.elementor-widget-text-editor.elementor-drop-cap-view-stacked .elementor-drop-cap{background-color:#69727d;color:#fff}.elementor-widget-text-editor.elementor-drop-cap-view-framed .elementor-drop-cap{color:#69727d;border:3px solid;background-color:transparent}.elementor-widget-text-editor:not(.elementor-drop-cap-view-default) .elementor-drop-cap{margin-top:8px}.elementor-widget-text-editor:not(.elementor-drop-cap-view-default) .elementor-drop-cap-letter{width:1em;height:1em}.elementor-widget-text-editor .elementor-drop-cap{float:left;text-align:center;line-height:1;font-size:50px}.elementor-widget-text-editor .elementor-drop-cap-letter{display:inline-block}<\/style>\t\t\t\t<h4 style=\"text-align: center;\"><strong><em>Con m\u00e1s de 60 a\u00f1os de experiencia, somos referente de los aceites de oliva virgen extra a nivel mundial.<\/em><\/strong><\/h4><p>Bienvenidos a Almazaras de la Subb\u00e9tica, una\u00a0<strong>Cooperativa Agr\u00edcola de primer grado<\/strong>\u00a0dedicada a la producci\u00f3n de aceite de oliva virgen extra de la m\u00e1s alta calidad. Situados en pleno\u00a0<strong>Parque Natural de las Sierras Subb\u00e9ticas<\/strong>, trabajamos con pasi\u00f3n y dedicaci\u00f3n para ofrecer a nuestros clientes\u00a0<strong>aceites de oliva virgen\u00a0<em>Extraordinarios<\/em><\/strong><em>\u00a0<\/em>que reflejan el sabor y la tradici\u00f3n de nuestra tierra.<\/p>\t\t\t\t\t\t<\/div>\n\t\t\t\t<\/div>\n\t\t\t\t<\/div>\n\t\t\t\t<\/div>\n\t\t<div class=\"wd-negative-gap elementor-element elementor-element-16e927a3 e-flex e-con-boxed wd-section-disabled e-con e-parent\" data-id=\"16e927a3\" data-element_type=\"container\">\n\t\t\t\t\t<div class=\"e-con-inner\">\n\t\t<div class=\"elementor-element elementor-element-1d0cb901 e-con-full e-flex wd-section-disabled e-con e-child\" data-id=\"1d0cb901\" data-element_type=\"container\">\n\t\t\t\t<div class=\"elementor-element elementor-element-313595db elementor-widget elementor-widget-wd_title\" data-id=\"313595db\" data-element_type=\"widget\" data-widget_type=\"wd_title.default\">\n\t\t\t\t<div class=\"elementor-widget-container\">\n\t\t\t\t\t<div class=\"title-wrapper set-mb-s reset-last-child wd-title-color-primary wd-title-style-default wd-title-size-medium text-left\">\n\n\t\t\t\n\t\t\t<div class=\"liner-continer\">\n\t\t\t\t<h3 class=\"woodmart-title-container title wd-fontsize-xl\">DESCRIPCI\u00d3N<\/h3> \n\t\t\t\t\t\t\t<\/div>\n\n\t\t\t\t\t\t\t<div class=\"title-after_title set-cont-mb-s reset-last-child wd-fontsize-s\">\n\t\t\t\t\t<p><strong>La perfecta combinaci\u00f3n entre tradici\u00f3n y tecnolog\u00eda.<\/strong><br \/>En Almazaras de la Subb\u00e9tica, nos enorgullece ofrecer un aceite de oliva de alta calidad, producido bajo estrictos controles de calidad y con un proceso cuidadosamente supervisado para garantizar la m\u00e1xima frescura y sabor.<br \/>Con m\u00e1s de 60 a\u00f1os de experiencia, somos referente de los aceites de oliva virgen extra a nivel mundial.<br \/>Bienvenidos a Almazaras de la Subb\u00e9tica, una Cooperativa Agr\u00edcola de primer grado dedicada a la producci\u00f3n de aceite de oliva virgen extra de la m\u00e1s alta calidad. Situados en pleno Parque Natural de las Sierras Subb\u00e9ticas, trabajamos con pasi\u00f3n y dedicaci\u00f3n para ofrecer a nuestros clientes aceites de oliva virgen Extraordinarios que reflejan el sabor y la tradici\u00f3n de nuestra tierra.<\/p>\t\t\t\t<\/div>\n\t\t\t\t\t<\/div>\n\t\t\t\t<\/div>\n\t\t\t\t<\/div>\n\t\t\t\t<\/div>\n\t\t<div class=\"elementor-element elementor-element-1a036918 e-con-full e-flex wd-section-disabled e-con e-child\" data-id=\"1a036918\" data-element_type=\"container\" data-settings=\"{&quot;background_background&quot;:&quot;classic&quot;}\">\n\t\t\t\t<\/div>\n\t\t\t\t\t<\/div>\n\t\t\t\t<\/div>\n\t\t<div class=\"wd-negative-gap elementor-element elementor-element-31ca16d6 e-flex e-con-boxed wd-section-disabled e-con e-parent\" data-id=\"31ca16d6\" data-element_type=\"container\" data-settings=\"{&quot;background_background&quot;:&quot;classic&quot;}\">\n\t\t\t\t\t<div class=\"e-con-inner\">\n\t\t<div class=\"elementor-element elementor-element-4fcbb553 e-con-full e-flex wd-section-disabled e-con e-child\" data-id=\"4fcbb553\" data-element_type=\"container\">\n\t\t\t\t<div class=\"elementor-element elementor-element-32a24da2 elementor-widget elementor-widget-wd_title\" data-id=\"32a24da2\" data-element_type=\"widget\" data-widget_type=\"wd_title.default\">\n\t\t\t\t<div class=\"elementor-widget-container\">\n\t\t\t\t\t<div class=\"title-wrapper set-mb-s reset-last-child wd-title-color-primary wd-title-style-default wd-title-size-medium text-left\">\n\n\t\t\t\n\t\t\t<div class=\"liner-continer\">\n\t\t\t\t<h3 class=\"woodmart-title-container title wd-fontsize-xl\">DESCRIPCI\u00d3N SENSORIAL<\/h3> \n\t\t\t\t\t\t\t<\/div>\n\n\t\t\t\t\t\t\t<div class=\"title-after_title set-cont-mb-s reset-last-child wd-fontsize-s\">\n\t\t\t\t\t<p><strong>Fase olfativa:<\/strong><br \/>Frutado intenso, con matices verdes y con un leve toque de fruta madura en su momento \u00f3ptimo.<\/p><p><strong>Fase gustativa:<\/strong><br \/>Perfecto equilibrio. Armon\u00eda total entre el dulce, amargo y picante.<\/p>\t\t\t\t<\/div>\n\t\t\t\t\t<\/div>\n\t\t\t\t<\/div>\n\t\t\t\t<\/div>\n\t\t\t\t<\/div>\n\t\t<div class=\"elementor-element elementor-element-200e57b8 e-con-full e-flex wd-section-disabled e-con e-child\" data-id=\"200e57b8\" data-element_type=\"container\" data-settings=\"{&quot;background_background&quot;:&quot;classic&quot;}\">\n\t\t\t\t<\/div>\n\t\t\t\t\t<\/div>\n\t\t\t\t<\/div>\n\t\t<div class=\"wd-negative-gap elementor-element elementor-element-430374d2 e-flex e-con-boxed wd-section-disabled e-con e-parent\" data-id=\"430374d2\" data-element_type=\"container\">\n\t\t\t\t\t<div class=\"e-con-inner\">\n\t\t<div class=\"elementor-element elementor-element-43d4021 e-con-full e-flex wd-section-disabled e-con e-child\" data-id=\"43d4021\" data-element_type=\"container\" data-settings=\"{&quot;background_background&quot;:&quot;classic&quot;}\">\n\t\t\t\t<\/div>\n\t\t<div class=\"elementor-element elementor-element-3b042bbb e-con-full e-flex wd-section-disabled e-con e-child\" data-id=\"3b042bbb\" data-element_type=\"container\">\n\t\t\t\t<div class=\"elementor-element elementor-element-345cf76d elementor-widget elementor-widget-wd_title\" data-id=\"345cf76d\" data-element_type=\"widget\" data-widget_type=\"wd_title.default\">\n\t\t\t\t<div class=\"elementor-widget-container\">\n\t\t\t\t\t<div class=\"title-wrapper set-mb-s reset-last-child wd-title-color-primary wd-title-style-default wd-title-size-medium text-left\">\n\n\t\t\t\n\t\t\t<div class=\"liner-continer\">\n\t\t\t\t<h3 class=\"woodmart-title-container title wd-fontsize-xl\">CONSEJOS DE MARIDAJE<\/h3> \n\t\t\t\t\t\t\t<\/div>\n\n\t\t\t\t\t\t\t<div class=\"title-after_title set-cont-mb-s reset-last-child wd-fontsize-s\">\n\t\t\t\t\t<p>Crudo en general: ideal para complementar carpaccios, pastas, salsas, carnes, pescados blancos y azules gourmet hasta el uso en crudo en la cocina profesional.<\/p>\t\t\t\t<\/div>\n\t\t\t\t\t<\/div>\n\t\t\t\t<\/div>\n\t\t\t\t<\/div>\n\t\t\t\t<\/div>\n\t\t\t\t\t<\/div>\n\t\t\t\t<\/div>\n\t\t<div class=\"wd-negative-gap elementor-element elementor-element-317ed5df e-flex e-con-boxed wd-section-disabled e-con e-parent\" data-id=\"317ed5df\" data-element_type=\"container\">\n\t\t\t\t\t<div class=\"e-con-inner\">\n\t\t\t\t<div class=\"elementor-element elementor-element-5bcc3782 elementor-widget elementor-widget-wd_title\" data-id=\"5bcc3782\" data-element_type=\"widget\" data-widget_type=\"wd_title.default\">\n\t\t\t\t<div class=\"elementor-widget-container\">\n\t\t\t\t\t<div class=\"title-wrapper set-mb-s reset-last-child wd-title-color-primary wd-title-style-default wd-title-size-medium text-center\">\n\n\t\t\t\n\t\t\t<div class=\"liner-continer\">\n\t\t\t\t<h3 class=\"woodmart-title-container title wd-fontsize-xl\">AN\u00c1LISIS<\/h3> \n\t\t\t\t\t\t\t<\/div>\n\n\t\t\t\t\t<\/div>\n\t\t\t\t<\/div>\n\t\t\t\t<\/div>\n\t\t\t\t<div class=\"elementor-element elementor-element-11c4cd14 elementor-widget elementor-widget-pdf_viewer\" data-id=\"11c4cd14\" data-element_type=\"widget\" data-widget_type=\"pdf_viewer.default\">\n\t\t\t\t<div class=\"elementor-widget-container\">\n\t\t\t<iframe src=\"https:\/\/docs.google.com\/viewer?url=http:\/\/holdingtrade.es\/wp-content\/uploads\/2024\/04\/PARQUEOLIVA-HOJA-TECNICA.pdf&amp;embedded=true\" style=\"display: block; margin-left: auto; margin-right: auto; width: 640px; height: 1020px;\" frameborder=\"1\" marginheight=\"0px\" marginwidth=\"0px\" allowfullscreen><\/iframe>\t\t<\/div>\n\t\t\t\t<\/div>\n\t\t\t\t\t<\/div>\n\t\t\t\t<\/div>\n\t\t\t\t<\/div>\n\t\t","protected":false},"excerpt":{"rendered":"<p>D.O.P. PRIEGO DE C\u00d3RDOBA<br \/>\n\u2022 Un virgen extra perfecto para aquellos que buscan un aceite<br \/>\nexcelente.<br \/>\n\u2022 Equilibrio perfecto por su armon\u00eda en aromas y sabores.<br \/>\nParqueoliva es una parte de nuestro origen, de nuestra historia. Una marca insignia que nos ha permitido ser una de las mejores almazaras del mundo. Es un aceite de oliva virgen extra perfecto para aquellos que buscan un aceite excelente por su equilibrio perfecto, por su armon\u00eda en aromas y sabores.<\/p>\n","protected":false},"featured_media":16956,"template":"","meta":{"_joinchat":[]},"product_cat":[20],"product_tag":[],"_links":{"self":[{"href":"http:\/\/holdingtrade.es\/pt-br\/wp-json\/wp\/v2\/product\/16758"}],"collection":[{"href":"http:\/\/holdingtrade.es\/pt-br\/wp-json\/wp\/v2\/product"}],"about":[{"href":"http:\/\/holdingtrade.es\/pt-br\/wp-json\/wp\/v2\/types\/product"}],"version-history":[{"count":0,"href":"http:\/\/holdingtrade.es\/pt-br\/wp-json\/wp\/v2\/product\/16758\/revisions"}],"wp:featuredmedia":[{"embeddable":true,"href":"http:\/\/holdingtrade.es\/pt-br\/wp-json\/wp\/v2\/media\/16956"}],"wp:attachment":[{"href":"http:\/\/holdingtrade.es\/pt-br\/wp-json\/wp\/v2\/media?parent=16758"}],"wp:term":[{"taxonomy":"product_cat","embeddable":true,"href":"http:\/\/holdingtrade.es\/pt-br\/wp-json\/wp\/v2\/product_cat?post=16758"},{"taxonomy":"product_tag","embeddable":true,"href":"http:\/\/holdingtrade.es\/pt-br\/wp-json\/wp\/v2\/product_tag?post=16758"}],"curies":[{"name":"wp","href":"https:\/\/api.w.org\/{rel}","templated":true}]}}