{"id":16770,"date":"2024-03-23T20:46:28","date_gmt":"2024-03-23T20:46:28","guid":{"rendered":"https:\/\/holdingtrade.es\/producto\/almaoliva-aove-pet-5l\/"},"modified":"2024-05-18T03:26:31","modified_gmt":"2024-05-18T03:26:31","slug":"almaoliva-aove-pet-5l","status":"publish","type":"product","link":"http:\/\/holdingtrade.es\/pt-br\/producto\/almaoliva-aove-pet-5l\/","title":{"rendered":"Almaoliva Aove Pet 5l"},"content":{"rendered":"\t\t<div data-elementor-type=\"wp-post\" data-elementor-id=\"16770\" class=\"elementor elementor-16770\" data-elementor-post-type=\"product\">\n\t\t\t\t<div class=\"elementor-element elementor-element-4a4677e e-con-full wd-section-stretch e-flex e-con e-parent\" data-id=\"4a4677e\" data-element_type=\"container\" data-settings=\"{&quot;background_background&quot;:&quot;video&quot;,&quot;background_video_link&quot;:&quot;https:\\\/\\\/almazarasdelasubbetica.com\\\/wp-content\\\/uploads\\\/2022\\\/11\\\/Slide20221-Compressed-with-FlexClip.mp4&quot;}\">\n\t\t<div class=\"elementor-background-video-container elementor-hidden-phone\">\n\t\t\t\t\t\t\t<video class=\"elementor-background-video-hosted elementor-html5-video\" autoplay muted playsinline loop><\/video>\n\t\t\t\t\t<\/div><div class=\"elementor-element elementor-element-cf16f70 e-con-full e-flex wd-section-disabled e-con e-child\" data-id=\"cf16f70\" data-element_type=\"container\">\n\t\t\t\t<\/div>\n\t\t<div class=\"elementor-element elementor-element-abf80a5 e-con-full e-flex wd-section-disabled e-con e-child\" data-id=\"abf80a5\" data-element_type=\"container\" data-settings=\"{&quot;background_background&quot;:&quot;classic&quot;}\">\n\t\t\t\t<div class=\"elementor-element elementor-element-1a0a5cf elementor-widget__width-initial elementor-widget elementor-widget-image\" data-id=\"1a0a5cf\" data-element_type=\"widget\" data-widget_type=\"image.default\">\n\t\t\t\t<div class=\"elementor-widget-container\">\n\t\t\t<style>\/*! elementor - v3.22.0 - 26-06-2024 *\/\n.elementor-widget-image{text-align:center}.elementor-widget-image a{display:inline-block}.elementor-widget-image a img[src$=\".svg\"]{width:48px}.elementor-widget-image img{vertical-align:middle;display:inline-block}<\/style>\t\t\t\t\t\t\t\t\t\t<img decoding=\"async\" width=\"400\" height=\"88\" src=\"http:\/\/holdingtrade.es\/wp-content\/uploads\/2024\/04\/almaras-de-subetica-logo.png\" class=\"attachment-full size-full wp-image-16979\" alt=\"\" srcset=\"http:\/\/holdingtrade.es\/wp-content\/uploads\/2024\/04\/almaras-de-subetica-logo.png 400w, http:\/\/holdingtrade.es\/wp-content\/uploads\/2024\/04\/almaras-de-subetica-logo-150x33.png 150w\" sizes=\"(max-width: 400px) 100vw, 400px\" \/>\t\t\t\t\t\t\t\t\t\t\t\t\t<\/div>\n\t\t\t\t<\/div>\n\t\t\t\t<div class=\"elementor-element elementor-element-5b59c9d color-scheme-inherit text-left elementor-widget elementor-widget-text-editor\" data-id=\"5b59c9d\" data-element_type=\"widget\" data-widget_type=\"text-editor.default\">\n\t\t\t\t<div class=\"elementor-widget-container\">\n\t\t\t<style>\/*! elementor - v3.22.0 - 26-06-2024 *\/\n.elementor-widget-text-editor.elementor-drop-cap-view-stacked .elementor-drop-cap{background-color:#69727d;color:#fff}.elementor-widget-text-editor.elementor-drop-cap-view-framed .elementor-drop-cap{color:#69727d;border:3px solid;background-color:transparent}.elementor-widget-text-editor:not(.elementor-drop-cap-view-default) .elementor-drop-cap{margin-top:8px}.elementor-widget-text-editor:not(.elementor-drop-cap-view-default) .elementor-drop-cap-letter{width:1em;height:1em}.elementor-widget-text-editor .elementor-drop-cap{float:left;text-align:center;line-height:1;font-size:50px}.elementor-widget-text-editor .elementor-drop-cap-letter{display:inline-block}<\/style>\t\t\t\t<h4 style=\"text-align: center;\"><strong><em>Con m\u00e1s de 60 a\u00f1os de experiencia, somos referente de los aceites de oliva virgen extra a nivel mundial.<\/em><\/strong><\/h4><p>Bienvenidos a Almazaras de la Subb\u00e9tica, una\u00a0<strong>Cooperativa Agr\u00edcola de primer grado<\/strong>\u00a0dedicada a la producci\u00f3n de aceite de oliva virgen extra de la m\u00e1s alta calidad. Situados en pleno\u00a0<strong>Parque Natural de las Sierras Subb\u00e9ticas<\/strong>, trabajamos con pasi\u00f3n y dedicaci\u00f3n para ofrecer a nuestros clientes\u00a0<strong>aceites de oliva virgen\u00a0<em>Extraordinarios<\/em><\/strong><em>\u00a0<\/em>que reflejan el sabor y la tradici\u00f3n de nuestra tierra.<\/p>\t\t\t\t\t\t<\/div>\n\t\t\t\t<\/div>\n\t\t\t\t<\/div>\n\t\t\t\t<\/div>\n\t\t<div class=\"wd-negative-gap elementor-element elementor-element-635e2be e-flex e-con-boxed wd-section-disabled e-con e-parent\" data-id=\"635e2be\" data-element_type=\"container\">\n\t\t\t\t\t<div class=\"e-con-inner\">\n\t\t<div class=\"elementor-element elementor-element-5c681cb8 e-con-full e-flex wd-section-disabled e-con e-child\" data-id=\"5c681cb8\" data-element_type=\"container\">\n\t\t\t\t<div class=\"elementor-element elementor-element-6ff622e5 elementor-widget elementor-widget-wd_title\" data-id=\"6ff622e5\" data-element_type=\"widget\" data-widget_type=\"wd_title.default\">\n\t\t\t\t<div class=\"elementor-widget-container\">\n\t\t\t\t\t<div class=\"title-wrapper set-mb-s reset-last-child wd-title-color-primary wd-title-style-default wd-title-size-medium text-left\">\n\n\t\t\t\n\t\t\t<div class=\"liner-continer\">\n\t\t\t\t<h3 class=\"woodmart-title-container title wd-fontsize-xl\">DESCRIPCI\u00d3N<\/h3> \n\t\t\t\t\t\t\t<\/div>\n\n\t\t\t\t\t\t\t<div class=\"title-after_title set-cont-mb-s reset-last-child wd-fontsize-s\">\n\t\t\t\t\t<p><strong>\u2022 Exquisito para frituras saludables.<\/strong><br \/><strong>\u2022 Perfecto para su uso en distintos rangos de temperatura.<\/strong><br \/><strong>\u2022 Ideal para la restauraci\u00f3n y elaboraciones profesionales.<\/strong><br \/><strong>\u2022 Aporta un toque de salud y calidad a sus productos.<\/strong><\/p><p>Almaoliva especial gastronom\u00eda ha sido dise\u00f1ado para ofrecer un aceite de oliva virgen extra exquisito para frituras saludables. Crear productos 100% naturales, saludables y complementarios para los requerimientos nutricionales que demanda nuestra salud, se alcanza con los componentes beneficiosos de los mejores aceites de Almazaras de la Subb\u00e9tica.<br \/>La perfecta combinaci\u00f3n de aceitunas picudas, picuales y hojiblancas hacen que Almaoliva sea un Aceite de Oliva Virgen Extra perfecto para su uso en distintos rangos de temperatura, desde crudo hasta su uso para frituras en la restauraci\u00f3n profesional. Almazaras de la Subb\u00e9tica ha dise\u00f1ado un aceite \u00fanico permite elaborar y ofrecer productos \u00fanicos en el mundo:<br \/>- <strong>SAN NICASIO.<\/strong> Un nuevo concepto de patatas fritas con AOVE.<br \/>- <strong>ORGANIKO.<\/strong> Chocolates, bombones y cremas de cacao hechas de sue\u00f1os.<br \/>- <strong>LA TORTILLA DE SENEN.<\/strong> Tortillas de patatas y \u201cSpanish Burger\u201d.<br \/>- <strong>CODESA.<\/strong> De la Mar a la buena Mesa, conservas de pescado. <br \/>-<strong> LA SALMORETECA.<\/strong> La Catedral del Salmorejo.<br \/>- <strong>QUESER\u00cdA EL PALANCAR.<\/strong> Queso de cabra conservado en AOVE.<\/p>\t\t\t\t<\/div>\n\t\t\t\t\t<\/div>\n\t\t\t\t<\/div>\n\t\t\t\t<\/div>\n\t\t\t\t<\/div>\n\t\t<div class=\"elementor-element elementor-element-3b974261 e-con-full e-flex wd-section-disabled e-con e-child\" data-id=\"3b974261\" data-element_type=\"container\" data-settings=\"{&quot;background_background&quot;:&quot;classic&quot;}\">\n\t\t\t\t<\/div>\n\t\t\t\t\t<\/div>\n\t\t\t\t<\/div>\n\t\t<div class=\"wd-negative-gap elementor-element elementor-element-12a3f622 e-flex e-con-boxed wd-section-disabled e-con e-parent\" data-id=\"12a3f622\" data-element_type=\"container\" data-settings=\"{&quot;background_background&quot;:&quot;classic&quot;}\">\n\t\t\t\t\t<div class=\"e-con-inner\">\n\t\t<div class=\"elementor-element elementor-element-14bca616 e-con-full e-flex wd-section-disabled e-con e-child\" data-id=\"14bca616\" data-element_type=\"container\">\n\t\t\t\t<div class=\"elementor-element elementor-element-c8f5d37 elementor-widget elementor-widget-wd_title\" data-id=\"c8f5d37\" data-element_type=\"widget\" data-widget_type=\"wd_title.default\">\n\t\t\t\t<div class=\"elementor-widget-container\">\n\t\t\t\t\t<div class=\"title-wrapper set-mb-s reset-last-child wd-title-color-primary wd-title-style-default wd-title-size-medium text-left\">\n\n\t\t\t\n\t\t\t<div class=\"liner-continer\">\n\t\t\t\t<h3 class=\"woodmart-title-container title wd-fontsize-xl\">DESCRIPCI\u00d3N SENSORIAL<\/h3> \n\t\t\t\t\t\t\t<\/div>\n\n\t\t\t\t\t\t\t<div class=\"title-after_title set-cont-mb-s reset-last-child wd-fontsize-s\">\n\t\t\t\t\t<p><span><strong>FASE OLFATIVA<\/strong>:<br \/>Es un frutado medio, se pueden encontrar tanto matices verdes como maduros.<br \/><br \/><strong>FASE GUSTATIVA<\/strong>:<br \/>Entrada dulce en boca, seguida por un ligero amargor y picor<\/span><\/p>\t\t\t\t<\/div>\n\t\t\t\t\t<\/div>\n\t\t\t\t<\/div>\n\t\t\t\t<\/div>\n\t\t\t\t<\/div>\n\t\t<div class=\"elementor-element elementor-element-648d6a82 e-con-full e-flex wd-section-disabled e-con e-child\" data-id=\"648d6a82\" data-element_type=\"container\" data-settings=\"{&quot;background_background&quot;:&quot;classic&quot;}\">\n\t\t\t\t<\/div>\n\t\t\t\t\t<\/div>\n\t\t\t\t<\/div>\n\t\t<div class=\"wd-negative-gap elementor-element elementor-element-719063 e-flex e-con-boxed wd-section-disabled e-con e-parent\" data-id=\"719063\" data-element_type=\"container\">\n\t\t\t\t\t<div class=\"e-con-inner\">\n\t\t<div class=\"elementor-element elementor-element-69a335d3 e-con-full e-flex wd-section-disabled e-con e-child\" data-id=\"69a335d3\" data-element_type=\"container\" data-settings=\"{&quot;background_background&quot;:&quot;classic&quot;}\">\n\t\t\t\t<\/div>\n\t\t<div class=\"elementor-element elementor-element-53c89b24 e-con-full e-flex wd-section-disabled e-con e-child\" data-id=\"53c89b24\" data-element_type=\"container\">\n\t\t\t\t<div class=\"elementor-element elementor-element-4118f2c8 elementor-widget elementor-widget-wd_title\" data-id=\"4118f2c8\" data-element_type=\"widget\" data-widget_type=\"wd_title.default\">\n\t\t\t\t<div class=\"elementor-widget-container\">\n\t\t\t\t\t<div class=\"title-wrapper set-mb-s reset-last-child wd-title-color-primary wd-title-style-default wd-title-size-medium text-left\">\n\n\t\t\t\n\t\t\t<div class=\"liner-continer\">\n\t\t\t\t<h3 class=\"woodmart-title-container title wd-fontsize-xl\">CONSEJOS DE MARIDAJE<\/h3> \n\t\t\t\t\t\t\t<\/div>\n\n\t\t\t\t\t\t\t<div class=\"title-after_title set-cont-mb-s reset-last-child wd-fontsize-s\">\n\t\t\t\t\t<p>Las variedades que se utilizan en este coupage (picuda, picual y hojiblanca) hacen que este aceite sea perfecto en distintos rangos de temperatura, desde el uso en crudo en gastronom\u00eda profesional, as\u00ed como el uso para frituras. Uso en ensaladas y acompa\u00f1amiento en comidas. Sofritos y especial. Frituras gourmet.<\/p>\t\t\t\t<\/div>\n\t\t\t\t\t<\/div>\n\t\t\t\t<\/div>\n\t\t\t\t<\/div>\n\t\t\t\t<\/div>\n\t\t\t\t\t<\/div>\n\t\t\t\t<\/div>\n\t\t<div class=\"wd-negative-gap elementor-element elementor-element-3c53a8b7 e-flex e-con-boxed wd-section-disabled e-con e-parent\" data-id=\"3c53a8b7\" data-element_type=\"container\">\n\t\t\t\t\t<div class=\"e-con-inner\">\n\t\t\t\t<div class=\"elementor-element elementor-element-60fa243c elementor-widget elementor-widget-wd_title\" data-id=\"60fa243c\" data-element_type=\"widget\" data-widget_type=\"wd_title.default\">\n\t\t\t\t<div class=\"elementor-widget-container\">\n\t\t\t\t\t<div class=\"title-wrapper set-mb-s reset-last-child wd-title-color-primary wd-title-style-default wd-title-size-medium text-center\">\n\n\t\t\t\n\t\t\t<div class=\"liner-continer\">\n\t\t\t\t<h3 class=\"woodmart-title-container title wd-fontsize-xl\">AN\u00c1LISIS<\/h3> \n\t\t\t\t\t\t\t<\/div>\n\n\t\t\t\t\t<\/div>\n\t\t\t\t<\/div>\n\t\t\t\t<\/div>\n\t\t\t\t<div class=\"elementor-element elementor-element-2777e3bd elementor-widget elementor-widget-pdf_viewer\" data-id=\"2777e3bd\" data-element_type=\"widget\" data-widget_type=\"pdf_viewer.default\">\n\t\t\t\t<div class=\"elementor-widget-container\">\n\t\t\t<iframe src=\"https:\/\/docs.google.com\/viewer?url=http:\/\/holdingtrade.es\/wp-content\/uploads\/2024\/03\/ALMAOLIVA-ESPECIAL-GASTRONOMIA-HOJA-TECNICA.pdf&amp;embedded=true\" style=\"display: block; margin-left: auto; margin-right: auto; width: 640px; height: 1020px;\" frameborder=\"1\" marginheight=\"0px\" marginwidth=\"0px\" allowfullscreen><\/iframe>\t\t<\/div>\n\t\t\t\t<\/div>\n\t\t\t\t\t<\/div>\n\t\t\t\t<\/div>\n\t\t\t\t<\/div>\n\t\t","protected":false},"excerpt":{"rendered":"<p>La perfecta combinaci\u00f3n entre tradici\u00f3n y tecnolog\u00eda.<br \/>\nEn Almazaras de la Subb\u00e9tica, nos enorgullece ofrecer un aceite de oliva de alta calidad, producido bajo estrictos controles de calidad y con un proceso cuidadosamente supervisado para garantizar la m\u00e1xima frescura y sabor.<br \/>\nCon m\u00e1s de 60 a\u00f1os de experiencia, somos referente de los aceites de oliva virgen extra a nivel mundial.<br \/>\nBienvenidos a Almazaras de la Subb\u00e9tica, una Cooperativa Agr\u00edcola de primer grado dedicada a la producci\u00f3n de aceite de oliva virgen extra de la m\u00e1s alta calidad. Situados en pleno Parque Natural de las Sierras Subb\u00e9ticas, trabajamos con pasi\u00f3n y dedicaci\u00f3n para ofrecer a nuestros clientes aceites de oliva virgen Extraordinarios que reflejan el sabor y la tradici\u00f3n de nuestra tierra.<\/p>\n","protected":false},"featured_media":16950,"template":"","meta":{"_joinchat":[]},"product_cat":[20],"product_tag":[],"_links":{"self":[{"href":"http:\/\/holdingtrade.es\/pt-br\/wp-json\/wp\/v2\/product\/16770"}],"collection":[{"href":"http:\/\/holdingtrade.es\/pt-br\/wp-json\/wp\/v2\/product"}],"about":[{"href":"http:\/\/holdingtrade.es\/pt-br\/wp-json\/wp\/v2\/types\/product"}],"version-history":[{"count":0,"href":"http:\/\/holdingtrade.es\/pt-br\/wp-json\/wp\/v2\/product\/16770\/revisions"}],"wp:featuredmedia":[{"embeddable":true,"href":"http:\/\/holdingtrade.es\/pt-br\/wp-json\/wp\/v2\/media\/16950"}],"wp:attachment":[{"href":"http:\/\/holdingtrade.es\/pt-br\/wp-json\/wp\/v2\/media?parent=16770"}],"wp:term":[{"taxonomy":"product_cat","embeddable":true,"href":"http:\/\/holdingtrade.es\/pt-br\/wp-json\/wp\/v2\/product_cat?post=16770"},{"taxonomy":"product_tag","embeddable":true,"href":"http:\/\/holdingtrade.es\/pt-br\/wp-json\/wp\/v2\/product_tag?post=16770"}],"curies":[{"name":"wp","href":"https:\/\/api.w.org\/{rel}","templated":true}]}}