{"id":16776,"date":"2024-03-23T20:46:28","date_gmt":"2024-03-23T20:46:28","guid":{"rendered":"https:\/\/holdingtrade.es\/producto\/almaliva-aove-vidrio-20ml\/"},"modified":"2024-05-18T03:26:30","modified_gmt":"2024-05-18T03:26:30","slug":"almaliva-aove-vidrio-20ml","status":"publish","type":"product","link":"http:\/\/holdingtrade.es\/pt-br\/producto\/almaliva-aove-vidrio-20ml\/","title":{"rendered":"Almaliva Aove Vidrio 20ml"},"content":{"rendered":"<p>La perfecta combinaci\u00f3n entre tradici\u00f3n y tecnolog\u00eda.<br \/>\nEn Almazaras de la Subb\u00e9tica, nos enorgullece ofrecer un aceite de oliva de alta calidad, producido bajo estrictos controles de calidad y con un proceso cuidadosamente supervisado para garantizar la m\u00e1xima frescura y sabor.<br \/>\nCon m\u00e1s de 60 a\u00f1os de experiencia, somos referente de los aceites de oliva virgen extra a nivel mundial.<br \/>\nBienvenidos a Almazaras de la Subb\u00e9tica, una Cooperativa Agr\u00edcola de primer grado dedicada a la producci\u00f3n de aceite de oliva virgen extra de la m\u00e1s alta calidad. Situados en pleno Parque Natural de las Sierras Subb\u00e9ticas, trabajamos con pasi\u00f3n y dedicaci\u00f3n para ofrecer a nuestros clientes aceites de oliva virgen Extraordinarios que reflejan el sabor y la tradici\u00f3n de nuestra tierra.<\/p>\n","protected":false},"excerpt":{"rendered":"<p>\u2022 Exquisito para frituras saludables.<br \/>\n\u2022 Perfecto para su uso en distintos rangos de temperatura.<br \/>\n\u2022 Ideal para la restauraci\u00f3n y elaboraciones profesionales.<br \/>\n\u2022 Aporta un toque de salud y calidad a sus productos.<\/p>\n<p>Almaoliva especial gastronom\u00eda ha sido dise\u00f1ado para ofrecer un aceite de oliva virgen extra exquisito para frituras saludables. Crear productos 100% naturales, saludables y complementarios para los requerimientos nutricionales que demanda nuestra salud, se alcanza con los componentes beneficiosos de los mejores aceites de Almazaras de la Subb\u00e9tica.<br \/>\nLa perfecta combinaci\u00f3n de aceitunas picudas, picuales y hojiblancas hacen que Almaoliva sea un Aceite de Oliva Virgen Extra perfecto para su uso en distintos rangos de temperatura, desde crudo hasta su uso para frituras en la restauraci\u00f3n profesional. Almazaras de la Subb\u00e9tica ha dise\u00f1ado un aceite \u00fanico permite elaborar y ofrecer productos \u00fanicos en el mundo:<br \/>\n&#8211; SAN NICASIO. Un nuevo concepto de patatas fritas con AOVE.<br \/>\n&#8211; ORGANIKO. Chocolates, bombones y cremas de cacao hechas de sue\u00f1os.<br \/>\n&#8211; LA TORTILLA DE SENEN. Tortillas de patatas y \u201cSpanish Burger\u201d.<br \/>\n&#8211; CODESA. De la Mar a la buena Mesa, conservas de pescado.<br \/>\n&#8211; LA SALMORETECA. La Catedral del Salmorejo.<br \/>\n&#8211; QUESER\u00cdA EL PALANCAR. Queso de cabra conservado en AOVE.<\/p>\n","protected":false},"featured_media":17598,"template":"","meta":{"_joinchat":[]},"product_cat":[20],"product_tag":[],"_links":{"self":[{"href":"http:\/\/holdingtrade.es\/pt-br\/wp-json\/wp\/v2\/product\/16776"}],"collection":[{"href":"http:\/\/holdingtrade.es\/pt-br\/wp-json\/wp\/v2\/product"}],"about":[{"href":"http:\/\/holdingtrade.es\/pt-br\/wp-json\/wp\/v2\/types\/product"}],"version-history":[{"count":0,"href":"http:\/\/holdingtrade.es\/pt-br\/wp-json\/wp\/v2\/product\/16776\/revisions"}],"wp:featuredmedia":[{"embeddable":true,"href":"http:\/\/holdingtrade.es\/pt-br\/wp-json\/wp\/v2\/media\/17598"}],"wp:attachment":[{"href":"http:\/\/holdingtrade.es\/pt-br\/wp-json\/wp\/v2\/media?parent=16776"}],"wp:term":[{"taxonomy":"product_cat","embeddable":true,"href":"http:\/\/holdingtrade.es\/pt-br\/wp-json\/wp\/v2\/product_cat?post=16776"},{"taxonomy":"product_tag","embeddable":true,"href":"http:\/\/holdingtrade.es\/pt-br\/wp-json\/wp\/v2\/product_tag?post=16776"}],"curies":[{"name":"wp","href":"https:\/\/api.w.org\/{rel}","templated":true}]}}