{"id":16798,"date":"2024-03-23T20:46:28","date_gmt":"2024-03-23T20:46:28","guid":{"rendered":"https:\/\/holdingtrade.es\/producto\/emina-sauvignon-2022-d-o-rueda\/"},"modified":"2024-05-18T03:09:40","modified_gmt":"2024-05-18T03:09:40","slug":"emina-sauvignon-2022-d-o-rueda","status":"publish","type":"product","link":"http:\/\/holdingtrade.es\/pt-br\/producto\/emina-sauvignon-2022-d-o-rueda\/","title":{"rendered":"Emina Sauvignon 2022"},"content":{"rendered":"\t\t<div data-elementor-type=\"wp-post\" data-elementor-id=\"16798\" class=\"elementor elementor-16798\" data-elementor-post-type=\"product\">\n\t\t\t\t<div class=\"elementor-element elementor-element-63c11238 e-con-full wd-section-stretch e-flex e-con e-parent\" data-id=\"63c11238\" data-element_type=\"container\" data-settings=\"{&quot;background_background&quot;:&quot;video&quot;,&quot;background_video_link&quot;:&quot;https:\\\/\\\/player.vimeo.com\\\/video\\\/461730910&quot;,&quot;background_play_on_mobile&quot;:&quot;yes&quot;}\">\n\t\t<div class=\"elementor-background-video-container\">\n\t\t\t\t\t\t\t<div class=\"elementor-background-video-embed\"><\/div>\n\t\t\t\t\t\t<\/div><div class=\"elementor-element elementor-element-341d4a93 e-con-full e-flex wd-section-disabled e-con e-child\" data-id=\"341d4a93\" data-element_type=\"container\">\n\t\t\t\t<\/div>\n\t\t<div class=\"elementor-element elementor-element-b8589a4 e-con-full e-flex wd-section-disabled e-con e-child\" data-id=\"b8589a4\" data-element_type=\"container\" data-settings=\"{&quot;background_background&quot;:&quot;classic&quot;}\">\n\t\t\t\t<div class=\"elementor-element elementor-element-fff9bbd elementor-widget__width-initial elementor-widget elementor-widget-image\" data-id=\"fff9bbd\" data-element_type=\"widget\" data-widget_type=\"image.default\">\n\t\t\t\t<div class=\"elementor-widget-container\">\n\t\t\t<style>\/*! elementor - v3.22.0 - 26-06-2024 *\/\n.elementor-widget-image{text-align:center}.elementor-widget-image a{display:inline-block}.elementor-widget-image a img[src$=\".svg\"]{width:48px}.elementor-widget-image img{vertical-align:middle;display:inline-block}<\/style>\t\t\t\t\t\t\t\t\t\t<img decoding=\"async\" width=\"300\" height=\"100\" src=\"http:\/\/holdingtrade.es\/wp-content\/uploads\/2024\/04\/logo-emina-webpng.png\" class=\"attachment-full size-full wp-image-16988\" alt=\"\" srcset=\"http:\/\/holdingtrade.es\/wp-content\/uploads\/2024\/04\/logo-emina-webpng.png 300w, http:\/\/holdingtrade.es\/wp-content\/uploads\/2024\/04\/logo-emina-webpng-150x50.png 150w\" sizes=\"(max-width: 300px) 100vw, 300px\" \/>\t\t\t\t\t\t\t\t\t\t\t\t\t<\/div>\n\t\t\t\t<\/div>\n\t\t\t\t<div class=\"elementor-element elementor-element-96a13a color-scheme-inherit text-left elementor-widget elementor-widget-text-editor\" data-id=\"96a13a\" data-element_type=\"widget\" data-widget_type=\"text-editor.default\">\n\t\t\t\t<div class=\"elementor-widget-container\">\n\t\t\t<style>\/*! elementor - v3.22.0 - 26-06-2024 *\/\n.elementor-widget-text-editor.elementor-drop-cap-view-stacked .elementor-drop-cap{background-color:#69727d;color:#fff}.elementor-widget-text-editor.elementor-drop-cap-view-framed .elementor-drop-cap{color:#69727d;border:3px solid;background-color:transparent}.elementor-widget-text-editor:not(.elementor-drop-cap-view-default) .elementor-drop-cap{margin-top:8px}.elementor-widget-text-editor:not(.elementor-drop-cap-view-default) .elementor-drop-cap-letter{width:1em;height:1em}.elementor-widget-text-editor .elementor-drop-cap{float:left;text-align:center;line-height:1;font-size:50px}.elementor-widget-text-editor .elementor-drop-cap-letter{display:inline-block}<\/style>\t\t\t\t<p>Bodega EMINA Ribera fue construida en 2005 en Valbuena de Duero, dentro la prestigiosa zona de la Milla de Oro de la Ribera del Duero, que posee lugares id\u00f3neos para el nacimiento de unos vinos que hacen a esta Denominaci\u00f3n de Origen acreedora del prestigio que atesora. La palabra EMINA evoca a la medida del vino y a la tradici\u00f3n arraigada en la zona situada junto a esta bodega que a\u00fana modernidad y tradici\u00f3n. Vi\u00f1as Rosas, La Caba\u00f1a, Valdelacasa, Hermano Diego, El Tomillar, El Horno, Valuenga, los Apriscos, La Hinojera, Vermilion\u2026<br \/>Son los nombres de los pagos de los que proceden los vinos de esta bodega, ubicada en un edificio de gran apreciaci\u00f3n arquitect\u00f3nica con una est\u00e9tica integrada en el entorno y el paisaje, inspirada en las villas romanas, cuya actividad interior gira alrededor de un atrio central.<\/p>\t\t\t\t\t\t<\/div>\n\t\t\t\t<\/div>\n\t\t\t\t<\/div>\n\t\t<div class=\"elementor-element elementor-element-7fe1d2c8 e-con-full e-flex wd-section-disabled e-con e-child\" data-id=\"7fe1d2c8\" data-element_type=\"container\">\n\t\t\t\t<\/div>\n\t\t\t\t<\/div>\n\t\t<div class=\"wd-negative-gap elementor-element elementor-element-26be8799 e-flex e-con-boxed wd-section-disabled e-con e-parent\" data-id=\"26be8799\" data-element_type=\"container\">\n\t\t\t\t\t<div class=\"e-con-inner\">\n\t\t<div class=\"elementor-element elementor-element-31fbacdb e-con-full e-flex wd-section-disabled e-con e-child\" data-id=\"31fbacdb\" data-element_type=\"container\">\n\t\t\t\t<div class=\"elementor-element elementor-element-5bb504b4 elementor-widget elementor-widget-wd_title\" data-id=\"5bb504b4\" data-element_type=\"widget\" data-widget_type=\"wd_title.default\">\n\t\t\t\t<div class=\"elementor-widget-container\">\n\t\t\t\t\t<div class=\"title-wrapper set-mb-s reset-last-child wd-title-color-primary wd-title-style-default wd-title-size-medium text-left\">\n\n\t\t\t\n\t\t\t<div class=\"liner-continer\">\n\t\t\t\t<h3 class=\"woodmart-title-container title wd-fontsize-xl\">UN EX\u00d3TICO VINO BLANCO DE RUEDA<\/h3> \n\t\t\t\t\t\t\t<\/div>\n\n\t\t\t\t\t\t\t<div class=\"title-after_title set-cont-mb-s reset-last-child wd-fontsize-s\">\n\t\t\t\t\t<p>Es un vino con cuerpo y equilibrio elaborado \u00edntegramente con uvas seleccionadas de la\u00a0<strong>variedad Sauvignon Blanc en vi\u00f1edos de terrenos pobres de Valdestillas, en Valladolid.<\/strong>\u00a0Tiene los caracter\u00edsticos aromas de fruta ex\u00f3tica de la variedad Sauvignon, que se integran con los de esta zona de la Denominaci\u00f3n de Origen Rueda, como la\u00a0<strong>hierba fresca, la fruta de hueso y las flores blancas.<\/strong>\u00a0Cobra una personalidad \u00fanica aportada en la Bodega Emina Rueda y con sus propias levaduras aut\u00f3ctonas.<\/p><p>\u00a0<\/p><p><strong>EL VI\u00d1EDO<\/strong><\/p><p>La finca de la Bodeguilla, localizada en Valdestillas en Valladolid, tiene varias variedades de uvas blancas plantadas, una de ellas es la Sauvignon Blanc, una de las m\u00e1s utilizadas para la elaboraci\u00f3n de vinos blancos en todo el mundo. La Buitrera, en Pozaldez tambi\u00e9n est\u00e1 plantada en espaldera, aunque en este caso, la altitud a la que se encuentra es mayor, proporcionando tipicidades propias al coupage de Sauvignon de este vino.<\/p>\t\t\t\t<\/div>\n\t\t\t\t\t<\/div>\n\t\t\t\t<\/div>\n\t\t\t\t<\/div>\n\t\t\t\t<\/div>\n\t\t<div class=\"elementor-element elementor-element-7950ce7f e-con-full e-flex wd-section-disabled e-con e-child\" data-id=\"7950ce7f\" data-element_type=\"container\">\n\t\t\t\t<div class=\"elementor-element elementor-element-2b730e9c elementor-widget elementor-widget-image\" data-id=\"2b730e9c\" data-element_type=\"widget\" data-widget_type=\"image.default\">\n\t\t\t\t<div class=\"elementor-widget-container\">\n\t\t\t\t\t\t\t\t\t\t\t\t\t<img fetchpriority=\"high\" decoding=\"async\" width=\"800\" height=\"800\" src=\"http:\/\/holdingtrade.es\/wp-content\/uploads\/2024\/03\/EMINA-SAUVIGNON-2022.jpg\" class=\"attachment-full size-full wp-image-16937\" alt=\"\" srcset=\"http:\/\/holdingtrade.es\/wp-content\/uploads\/2024\/03\/EMINA-SAUVIGNON-2022.jpg 800w, http:\/\/holdingtrade.es\/wp-content\/uploads\/2024\/03\/EMINA-SAUVIGNON-2022-300x300.jpg 300w, http:\/\/holdingtrade.es\/wp-content\/uploads\/2024\/03\/EMINA-SAUVIGNON-2022-150x150.jpg 150w, http:\/\/holdingtrade.es\/wp-content\/uploads\/2024\/03\/EMINA-SAUVIGNON-2022-768x768.jpg 768w, http:\/\/holdingtrade.es\/wp-content\/uploads\/2024\/03\/EMINA-SAUVIGNON-2022-430x430.jpg 430w, http:\/\/holdingtrade.es\/wp-content\/uploads\/2024\/03\/EMINA-SAUVIGNON-2022-700x700.jpg 700w\" sizes=\"(max-width: 800px) 100vw, 800px\" \/>\t\t\t\t\t\t\t\t\t\t\t\t\t<\/div>\n\t\t\t\t<\/div>\n\t\t\t\t<\/div>\n\t\t\t\t\t<\/div>\n\t\t\t\t<\/div>\n\t\t<div class=\"wd-negative-gap elementor-element elementor-element-4f22cbb4 e-flex e-con-boxed wd-section-disabled e-con e-parent\" data-id=\"4f22cbb4\" data-element_type=\"container\" data-settings=\"{&quot;background_background&quot;:&quot;classic&quot;}\">\n\t\t\t\t\t<div class=\"e-con-inner\">\n\t\t<div class=\"elementor-element elementor-element-5c2eb326 e-con-full e-flex wd-section-disabled e-con e-child\" data-id=\"5c2eb326\" data-element_type=\"container\" data-settings=\"{&quot;background_background&quot;:&quot;video&quot;}\">\n\t\t\t\t<div class=\"elementor-element elementor-element-3042771 elementor-widget elementor-widget-video\" data-id=\"3042771\" data-element_type=\"widget\" data-settings=\"{&quot;youtube_url&quot;:&quot;https:\\\/\\\/www.youtube.com\\\/watch?v=Ic1dFbM6D1A&quot;,&quot;video_type&quot;:&quot;youtube&quot;,&quot;controls&quot;:&quot;yes&quot;}\" data-widget_type=\"video.default\">\n\t\t\t\t<div class=\"elementor-widget-container\">\n\t\t\t<style>\/*! elementor - v3.22.0 - 26-06-2024 *\/\n.elementor-widget-video .elementor-widget-container{overflow:hidden;transform:translateZ(0)}.elementor-widget-video .elementor-wrapper{aspect-ratio:var(--video-aspect-ratio)}.elementor-widget-video .elementor-wrapper iframe,.elementor-widget-video .elementor-wrapper video{height:100%;width:100%;display:flex;border:none;background-color:#000}@supports not (aspect-ratio:1\/1){.elementor-widget-video .elementor-wrapper{position:relative;overflow:hidden;height:0;padding-bottom:calc(100% \/ var(--video-aspect-ratio))}.elementor-widget-video .elementor-wrapper iframe,.elementor-widget-video .elementor-wrapper video{position:absolute;top:0;right:0;bottom:0;left:0}}.elementor-widget-video .elementor-open-inline .elementor-custom-embed-image-overlay{position:absolute;top:0;right:0;bottom:0;left:0;background-size:cover;background-position:50%}.elementor-widget-video .elementor-custom-embed-image-overlay{cursor:pointer;text-align:center}.elementor-widget-video .elementor-custom-embed-image-overlay:hover .elementor-custom-embed-play i{opacity:1}.elementor-widget-video .elementor-custom-embed-image-overlay img{display:block;width:100%;aspect-ratio:var(--video-aspect-ratio);-o-object-fit:cover;object-fit:cover;-o-object-position:center center;object-position:center center}@supports not (aspect-ratio:1\/1){.elementor-widget-video .elementor-custom-embed-image-overlay{position:relative;overflow:hidden;height:0;padding-bottom:calc(100% \/ var(--video-aspect-ratio))}.elementor-widget-video .elementor-custom-embed-image-overlay img{position:absolute;top:0;right:0;bottom:0;left:0}}.elementor-widget-video .e-hosted-video .elementor-video{-o-object-fit:cover;object-fit:cover}.e-con-inner>.elementor-widget-video,.e-con>.elementor-widget-video{width:var(--container-widget-width);--flex-grow:var(--container-widget-flex-grow)}<\/style>\t\t<div class=\"elementor-wrapper elementor-open-inline\">\n\t\t\t<div class=\"elementor-video\"><\/div>\t\t<\/div>\n\t\t\t\t<\/div>\n\t\t\t\t<\/div>\n\t\t\t\t<\/div>\n\t\t<div class=\"elementor-element elementor-element-5d717dc6 e-con-full e-flex wd-section-disabled e-con e-child\" data-id=\"5d717dc6\" data-element_type=\"container\">\n\t\t\t\t<div class=\"elementor-element elementor-element-24a4a878 elementor-widget elementor-widget-wd_title\" data-id=\"24a4a878\" data-element_type=\"widget\" data-widget_type=\"wd_title.default\">\n\t\t\t\t<div class=\"elementor-widget-container\">\n\t\t\t\t\t<div class=\"title-wrapper set-mb-s reset-last-child wd-title-color-primary wd-title-style-default wd-title-size-medium text-left\">\n\n\t\t\t\n\t\t\t<div class=\"liner-continer\">\n\t\t\t\t<h3 class=\"woodmart-title-container title wd-fontsize-xl\">FASES DE CATA<\/h3> \n\t\t\t\t\t\t\t<\/div>\n\n\t\t\t\t\t\t\t<div class=\"title-after_title set-cont-mb-s reset-last-child wd-fontsize-s\">\n\t\t\t\t\t<p><strong>VISUAL <\/strong><\/p><p>Se aprecia una capa alta de color guinda intenso y brillante con fuertes tonos amoratados.<\/p><p><strong> NARIZ <\/strong><\/p><p>Aromas a frutas rojas y negras. Especiados con clavo, torrefactos, tabaco, cacao, cuero y frutos secos de su crianza en barrica, con fondo de primarios varietales de fruta compotada, con algunos l\u00e1cteos. Es un vino franco y penetrante, muy limpio e intenso.<\/p><p><strong>BOCA <\/strong><\/p><p>Se aprecia un vino amplio, intenso, c\u00e1lido y muy elegante. Cuenta con un vivo esqueleto de taninos dulces que equilibran al vino con los aromas de madera. Final largo y muy persistente.<\/p>\t\t\t\t<\/div>\n\t\t\t\t\t<\/div>\n\t\t\t\t<\/div>\n\t\t\t\t<\/div>\n\t\t\t\t<\/div>\n\t\t\t\t\t<\/div>\n\t\t\t\t<\/div>\n\t\t<div class=\"elementor-element elementor-element-766bbfeb e-con-full e-flex wd-section-disabled e-con e-parent\" data-id=\"766bbfeb\" data-element_type=\"container\" data-settings=\"{&quot;background_background&quot;:&quot;classic&quot;}\">\n\t\t<div class=\"elementor-element elementor-element-6d6e3d5 e-con-full e-flex wd-section-disabled e-con e-child\" data-id=\"6d6e3d5\" data-element_type=\"container\">\n\t\t\t\t<div class=\"elementor-element elementor-element-5fe88a27 elementor-widget elementor-widget-wd_title\" data-id=\"5fe88a27\" data-element_type=\"widget\" data-widget_type=\"wd_title.default\">\n\t\t\t\t<div class=\"elementor-widget-container\">\n\t\t\t\t\t<div class=\"title-wrapper set-mb-s reset-last-child wd-title-color-primary wd-title-style-default wd-title-size-medium text-left\">\n\n\t\t\t\n\t\t\t<div class=\"liner-continer\">\n\t\t\t\t<h3 class=\"woodmart-title-container title wd-fontsize-xl\">MARIDAJE<\/h3> \n\t\t\t\t\t\t\t<\/div>\n\n\t\t\t\t\t\t\t<div class=\"title-after_title set-cont-mb-s reset-last-child wd-fontsize-s\">\n\t\t\t\t\t<p>Emina Sauvignon es un vino excelente para tomar por copas con el aperitivo y sensacional para disfrutar con mariscos, pescados, pastas, arroces, ensaladas\u2026 Es un vino perfecto para cualquier comida y una de las variedades de uva blancas m\u00e1s populares y apreciadas en todo el mundo que aqu\u00ed cuenta con su espec\u00edfica expresi\u00f3n.\u00a0<\/p>\t\t\t\t<\/div>\n\t\t\t\t\t<\/div>\n\t\t\t\t<\/div>\n\t\t\t\t<\/div>\n\t\t\t\t<\/div>\n\t\t<div class=\"elementor-element elementor-element-7f763b90 e-con-full e-flex wd-section-disabled e-con e-child\" data-id=\"7f763b90\" data-element_type=\"container\" data-settings=\"{&quot;background_background&quot;:&quot;classic&quot;}\">\n\t\t\t\t<\/div>\n\t\t\t\t<\/div>\n\t\t\t\t<\/div>\n\t\t","protected":false},"excerpt":{"rendered":"<p><strong>UN EX\u00d3TICO VINO BLANCO DE RUEDA<\/strong><br \/>\nEs un vino con cuerpo y equilibrio elaborado \u00edntegramente con uvas seleccionadas de la variedad Sauvignon Blanc en vi\u00f1edos de terrenos pobres de Valdestillas, en Valladolid. Tiene los caracter\u00edsticos aromas de fruta ex\u00f3tica de la variedad Sauvignon, que se integran con los de esta zona de la Denominaci\u00f3n de Origen Rueda, como la hierba fresca, la fruta de hueso y las flores blancas. Cobra una personalidad \u00fanica aportada en la Bodega Emina Rueda y con sus propias levaduras aut\u00f3ctonas.<\/p>\n","protected":false},"featured_media":16937,"template":"","meta":{"_joinchat":[]},"product_cat":[32],"product_tag":[],"_links":{"self":[{"href":"http:\/\/holdingtrade.es\/pt-br\/wp-json\/wp\/v2\/product\/16798"}],"collection":[{"href":"http:\/\/holdingtrade.es\/pt-br\/wp-json\/wp\/v2\/product"}],"about":[{"href":"http:\/\/holdingtrade.es\/pt-br\/wp-json\/wp\/v2\/types\/product"}],"version-history":[{"count":0,"href":"http:\/\/holdingtrade.es\/pt-br\/wp-json\/wp\/v2\/product\/16798\/revisions"}],"wp:featuredmedia":[{"embeddable":true,"href":"http:\/\/holdingtrade.es\/pt-br\/wp-json\/wp\/v2\/media\/16937"}],"wp:attachment":[{"href":"http:\/\/holdingtrade.es\/pt-br\/wp-json\/wp\/v2\/media?parent=16798"}],"wp:term":[{"taxonomy":"product_cat","embeddable":true,"href":"http:\/\/holdingtrade.es\/pt-br\/wp-json\/wp\/v2\/product_cat?post=16798"},{"taxonomy":"product_tag","embeddable":true,"href":"http:\/\/holdingtrade.es\/pt-br\/wp-json\/wp\/v2\/product_tag?post=16798"}],"curies":[{"name":"wp","href":"https:\/\/api.w.org\/{rel}","templated":true}]}}