{"id":16802,"date":"2024-03-23T20:46:28","date_gmt":"2024-03-23T20:46:28","guid":{"rendered":"https:\/\/holdingtrade.es\/producto\/emina-rose-2022-d-o-cigales\/"},"modified":"2024-05-18T03:08:12","modified_gmt":"2024-05-18T03:08:12","slug":"emina-rose-2022-d-o-cigales","status":"publish","type":"product","link":"http:\/\/holdingtrade.es\/pt-br\/producto\/emina-rose-2022-d-o-cigales\/","title":{"rendered":"Emina Ros\u00e9 2022"},"content":{"rendered":"\t\t<div data-elementor-type=\"wp-post\" data-elementor-id=\"16802\" class=\"elementor elementor-16802\" data-elementor-post-type=\"product\">\n\t\t\t\t<div class=\"elementor-element elementor-element-5f77989b e-con-full wd-section-stretch e-flex e-con e-parent\" data-id=\"5f77989b\" data-element_type=\"container\" data-settings=\"{&quot;background_background&quot;:&quot;video&quot;,&quot;background_video_link&quot;:&quot;https:\\\/\\\/player.vimeo.com\\\/video\\\/461730910&quot;,&quot;background_play_on_mobile&quot;:&quot;yes&quot;}\">\n\t\t<div class=\"elementor-background-video-container\">\n\t\t\t\t\t\t\t<div class=\"elementor-background-video-embed\"><\/div>\n\t\t\t\t\t\t<\/div><div class=\"elementor-element elementor-element-13dd7cde e-con-full e-flex wd-section-disabled e-con e-child\" data-id=\"13dd7cde\" data-element_type=\"container\">\n\t\t\t\t<\/div>\n\t\t<div class=\"elementor-element elementor-element-58926df9 e-con-full e-flex wd-section-disabled e-con e-child\" data-id=\"58926df9\" data-element_type=\"container\" data-settings=\"{&quot;background_background&quot;:&quot;classic&quot;}\">\n\t\t\t\t<div class=\"elementor-element elementor-element-2c96111a elementor-widget__width-initial elementor-widget elementor-widget-image\" data-id=\"2c96111a\" data-element_type=\"widget\" data-widget_type=\"image.default\">\n\t\t\t\t<div class=\"elementor-widget-container\">\n\t\t\t<style>\/*! elementor - v3.22.0 - 26-06-2024 *\/\n.elementor-widget-image{text-align:center}.elementor-widget-image a{display:inline-block}.elementor-widget-image a img[src$=\".svg\"]{width:48px}.elementor-widget-image img{vertical-align:middle;display:inline-block}<\/style>\t\t\t\t\t\t\t\t\t\t<img decoding=\"async\" width=\"300\" height=\"100\" src=\"http:\/\/holdingtrade.es\/wp-content\/uploads\/2024\/04\/logo-emina-webpng.png\" class=\"attachment-full size-full wp-image-16988\" alt=\"\" srcset=\"http:\/\/holdingtrade.es\/wp-content\/uploads\/2024\/04\/logo-emina-webpng.png 300w, http:\/\/holdingtrade.es\/wp-content\/uploads\/2024\/04\/logo-emina-webpng-150x50.png 150w\" sizes=\"(max-width: 300px) 100vw, 300px\" \/>\t\t\t\t\t\t\t\t\t\t\t\t\t<\/div>\n\t\t\t\t<\/div>\n\t\t\t\t<div class=\"elementor-element elementor-element-32eb7d4f color-scheme-inherit text-left elementor-widget elementor-widget-text-editor\" data-id=\"32eb7d4f\" data-element_type=\"widget\" data-widget_type=\"text-editor.default\">\n\t\t\t\t<div class=\"elementor-widget-container\">\n\t\t\t<style>\/*! elementor - v3.22.0 - 26-06-2024 *\/\n.elementor-widget-text-editor.elementor-drop-cap-view-stacked .elementor-drop-cap{background-color:#69727d;color:#fff}.elementor-widget-text-editor.elementor-drop-cap-view-framed .elementor-drop-cap{color:#69727d;border:3px solid;background-color:transparent}.elementor-widget-text-editor:not(.elementor-drop-cap-view-default) .elementor-drop-cap{margin-top:8px}.elementor-widget-text-editor:not(.elementor-drop-cap-view-default) .elementor-drop-cap-letter{width:1em;height:1em}.elementor-widget-text-editor .elementor-drop-cap{float:left;text-align:center;line-height:1;font-size:50px}.elementor-widget-text-editor .elementor-drop-cap-letter{display:inline-block}<\/style>\t\t\t\t<p>Bodega EMINA Ribera fue construida en 2005 en Valbuena de Duero, dentro la prestigiosa zona de la Milla de Oro de la Ribera del Duero, que posee lugares id\u00f3neos para el nacimiento de unos vinos que hacen a esta Denominaci\u00f3n de Origen acreedora del prestigio que atesora. La palabra EMINA evoca a la medida del vino y a la tradici\u00f3n arraigada en la zona situada junto a esta bodega que a\u00fana modernidad y tradici\u00f3n. Vi\u00f1as Rosas, La Caba\u00f1a, Valdelacasa, Hermano Diego, El Tomillar, El Horno, Valuenga, los Apriscos, La Hinojera, Vermilion\u2026<br \/>Son los nombres de los pagos de los que proceden los vinos de esta bodega, ubicada en un edificio de gran apreciaci\u00f3n arquitect\u00f3nica con una est\u00e9tica integrada en el entorno y el paisaje, inspirada en las villas romanas, cuya actividad interior gira alrededor de un atrio central.<\/p>\t\t\t\t\t\t<\/div>\n\t\t\t\t<\/div>\n\t\t\t\t<\/div>\n\t\t<div class=\"elementor-element elementor-element-70fefcce e-con-full e-flex wd-section-disabled e-con e-child\" data-id=\"70fefcce\" data-element_type=\"container\">\n\t\t\t\t<\/div>\n\t\t\t\t<\/div>\n\t\t<div class=\"wd-negative-gap elementor-element elementor-element-328b646 e-flex e-con-boxed wd-section-disabled e-con e-parent\" data-id=\"328b646\" data-element_type=\"container\">\n\t\t\t\t\t<div class=\"e-con-inner\">\n\t\t<div class=\"elementor-element elementor-element-24259522 e-con-full e-flex wd-section-disabled e-con e-child\" data-id=\"24259522\" data-element_type=\"container\">\n\t\t\t\t<div class=\"elementor-element elementor-element-3038404c elementor-widget elementor-widget-wd_title\" data-id=\"3038404c\" data-element_type=\"widget\" data-widget_type=\"wd_title.default\">\n\t\t\t\t<div class=\"elementor-widget-container\">\n\t\t\t\t\t<div class=\"title-wrapper set-mb-s reset-last-child wd-title-color-primary wd-title-style-default wd-title-size-medium text-left\">\n\n\t\t\t\n\t\t\t<div class=\"liner-continer\">\n\t\t\t\t<h3 class=\"woodmart-title-container title wd-fontsize-xl\">CIGALES EN CLAVE ROS\u00c9<\/h3> \n\t\t\t\t\t\t\t<\/div>\n\n\t\t\t\t\t\t\t<div class=\"title-after_title set-cont-mb-s reset-last-child wd-fontsize-s\">\n\t\t\t\t\t<p>En Bodega Emina siempre hemos apostado por el potencial y exclusividad que tienen nuestros vi\u00f1edos. Emina Ros\u00e9 es un vino rosado que se elabora a partir de\u00a0vi\u00f1edos propios, en los que se respeta al m\u00e1ximo su tipicidad y caracter\u00edsticas. La mezcla de variedades tintas y blancas que se da en algunos de nuestros vi\u00f1edos de la D.O. Cigales consiguen que tengamos en la copa un vino ros\u00e9 muy elegante y fresco. Muestra una sinfon\u00eda de aromas florales y frutales finos, delicados pero intensos.<\/p><p>Este vino rosado elaborado a partir de vi\u00f1edos de la\u00a0<strong>Denominaci\u00f3n de Origen Cigales<\/strong>, es un atractivo rosado p\u00e1lido de excelente calidad que marida a la perfecci\u00f3n en cualquier circunstancia.<\/p><p>Cigales es reconocida por sus\u00a0<strong>vinos claretes o rosados tradicionales<\/strong>, siendo este un vino que, conservando la tradici\u00f3n, apuesta por la modernidad y creaci\u00f3n de su atractivo color, estructura y equilibrio portentoso.<\/p><p>Su origen est\u00e1 en la tierra, en la finca denominada Terr\u00f3n Blanco, situada en Quintanilla de Trigueros. Este vi\u00f1edo posee uva de las variedades Tempranillo, Cabernet Sauvignon, Merlot, Verdejo, Viura y Garnacha, entre otras.<\/p><p>Esto, unido a una vendimia temprana, mantiene\u00a0<strong>la frescura del vino rosado<\/strong>\u00a0y contribuye al caracter\u00edstico color del mismo.<\/p>\t\t\t\t<\/div>\n\t\t\t\t\t<\/div>\n\t\t\t\t<\/div>\n\t\t\t\t<\/div>\n\t\t\t\t<\/div>\n\t\t<div class=\"elementor-element elementor-element-664f5c9c e-con-full e-flex wd-section-disabled e-con e-child\" data-id=\"664f5c9c\" data-element_type=\"container\">\n\t\t\t\t<div class=\"elementor-element elementor-element-1d6975a2 elementor-widget elementor-widget-image\" data-id=\"1d6975a2\" data-element_type=\"widget\" data-widget_type=\"image.default\">\n\t\t\t\t<div class=\"elementor-widget-container\">\n\t\t\t\t\t\t\t\t\t\t\t\t\t<img fetchpriority=\"high\" decoding=\"async\" width=\"1200\" height=\"800\" src=\"http:\/\/holdingtrade.es\/wp-content\/uploads\/2024\/03\/Emina-Rose2022-1200x800.jpg\" class=\"attachment-large size-large wp-image-17122\" alt=\"\" srcset=\"http:\/\/holdingtrade.es\/wp-content\/uploads\/2024\/03\/Emina-Rose2022-1200x800.jpg 1200w, http:\/\/holdingtrade.es\/wp-content\/uploads\/2024\/03\/Emina-Rose2022-400x267.jpg 400w, http:\/\/holdingtrade.es\/wp-content\/uploads\/2024\/03\/Emina-Rose2022-768x512.jpg 768w, http:\/\/holdingtrade.es\/wp-content\/uploads\/2024\/03\/Emina-Rose2022-1536x1024.jpg 1536w, http:\/\/holdingtrade.es\/wp-content\/uploads\/2024\/03\/Emina-Rose2022-700x467.jpg 700w, http:\/\/holdingtrade.es\/wp-content\/uploads\/2024\/03\/Emina-Rose2022-150x100.jpg 150w, http:\/\/holdingtrade.es\/wp-content\/uploads\/2024\/03\/Emina-Rose2022.jpg 2048w\" sizes=\"(max-width: 1200px) 100vw, 1200px\" \/>\t\t\t\t\t\t\t\t\t\t\t\t\t<\/div>\n\t\t\t\t<\/div>\n\t\t\t\t<\/div>\n\t\t\t\t\t<\/div>\n\t\t\t\t<\/div>\n\t\t<div class=\"wd-negative-gap elementor-element elementor-element-39ab0cf2 e-flex e-con-boxed wd-section-disabled e-con e-parent\" data-id=\"39ab0cf2\" data-element_type=\"container\" data-settings=\"{&quot;background_background&quot;:&quot;classic&quot;}\">\n\t\t\t\t\t<div class=\"e-con-inner\">\n\t\t<div class=\"elementor-element elementor-element-5b5b9c28 e-con-full e-flex wd-section-disabled e-con e-child\" data-id=\"5b5b9c28\" data-element_type=\"container\" data-settings=\"{&quot;background_background&quot;:&quot;video&quot;}\">\n\t\t\t\t<div class=\"elementor-element elementor-element-8142263 elementor-widget elementor-widget-image\" data-id=\"8142263\" data-element_type=\"widget\" data-widget_type=\"image.default\">\n\t\t\t\t<div class=\"elementor-widget-container\">\n\t\t\t\t\t\t\t\t\t\t\t\t\t<img decoding=\"async\" width=\"381\" height=\"492\" src=\"http:\/\/holdingtrade.es\/wp-content\/uploads\/2024\/03\/emina-rose-2022.jpg\" class=\"attachment-large size-large wp-image-16686\" alt=\"\" srcset=\"http:\/\/holdingtrade.es\/wp-content\/uploads\/2024\/03\/emina-rose-2022.jpg 381w, http:\/\/holdingtrade.es\/wp-content\/uploads\/2024\/03\/emina-rose-2022-232x300.jpg 232w, http:\/\/holdingtrade.es\/wp-content\/uploads\/2024\/03\/emina-rose-2022-150x194.jpg 150w\" sizes=\"(max-width: 381px) 100vw, 381px\" \/>\t\t\t\t\t\t\t\t\t\t\t\t\t<\/div>\n\t\t\t\t<\/div>\n\t\t\t\t<\/div>\n\t\t<div class=\"elementor-element elementor-element-b121ae1 e-con-full e-flex wd-section-disabled e-con e-child\" data-id=\"b121ae1\" data-element_type=\"container\">\n\t\t\t\t<div class=\"elementor-element elementor-element-16b75de9 elementor-widget elementor-widget-wd_title\" data-id=\"16b75de9\" data-element_type=\"widget\" data-widget_type=\"wd_title.default\">\n\t\t\t\t<div class=\"elementor-widget-container\">\n\t\t\t\t\t<div class=\"title-wrapper set-mb-s reset-last-child wd-title-color-primary wd-title-style-default wd-title-size-medium text-left\">\n\n\t\t\t\n\t\t\t<div class=\"liner-continer\">\n\t\t\t\t<h3 class=\"woodmart-title-container title wd-fontsize-xl\">FASES DE CATA<\/h3> \n\t\t\t\t\t\t\t<\/div>\n\n\t\t\t\t\t\t\t<div class=\"title-after_title set-cont-mb-s reset-last-child wd-fontsize-s\">\n\t\t\t\t\t<p><b><strong>VISUAL<\/strong><\/b><\/p><p>Se aprecia un p\u00e1lido color rosa fresa suave con reflejos azulados, limpio y brillante.<\/p><p><b><strong>NARIZ<\/strong><\/b><\/p><p>Aromas a frutas de hueso, como el melocot\u00f3n, as\u00ed como toques de zarzamora entre tonos minerales y de flor blanca.<\/p><p><b><strong>BOCA<\/strong><\/b><\/p><p>Se aprecia un vino donde resalta la fruta de hueso, y su vivo y elegante final.<\/p>\t\t\t\t<\/div>\n\t\t\t\t\t<\/div>\n\t\t\t\t<\/div>\n\t\t\t\t<\/div>\n\t\t\t\t<\/div>\n\t\t\t\t\t<\/div>\n\t\t\t\t<\/div>\n\t\t<div class=\"elementor-element elementor-element-4ba4e637 e-con-full e-flex wd-section-disabled e-con e-parent\" data-id=\"4ba4e637\" data-element_type=\"container\" data-settings=\"{&quot;background_background&quot;:&quot;classic&quot;}\">\n\t\t<div class=\"elementor-element elementor-element-5f7d2550 e-con-full e-flex wd-section-disabled e-con e-child\" data-id=\"5f7d2550\" data-element_type=\"container\">\n\t\t\t\t<div class=\"elementor-element elementor-element-36c499e3 elementor-widget elementor-widget-wd_title\" data-id=\"36c499e3\" data-element_type=\"widget\" data-widget_type=\"wd_title.default\">\n\t\t\t\t<div class=\"elementor-widget-container\">\n\t\t\t\t\t<div class=\"title-wrapper set-mb-s reset-last-child wd-title-color-primary wd-title-style-default wd-title-size-medium text-left\">\n\n\t\t\t\n\t\t\t<div class=\"liner-continer\">\n\t\t\t\t<h3 class=\"woodmart-title-container title wd-fontsize-xl\">MARIDAJE<\/h3> \n\t\t\t\t\t\t\t<\/div>\n\n\t\t\t\t\t\t\t<div class=\"title-after_title set-cont-mb-s reset-last-child wd-fontsize-s\">\n\t\t\t\t\t<p>Emina Ros\u00e9 es un rosado p\u00e1lido de cuerpo ligero y acidez media-alta. Tiene aromas de frutas de hueso, como melocot\u00f3n y albaricoque, y notas florales y minerales. Es un vino vers\u00e1til que se puede disfrutar en cualquier ocasi\u00f3n, pero se recomienda especialmente para acompa\u00f1ar pastas con salsa de tomate fresco o pesto, arroz con mariscos, pizza con verduras y queso fresco o semicurado.<\/p>\t\t\t\t<\/div>\n\t\t\t\t\t<\/div>\n\t\t\t\t<\/div>\n\t\t\t\t<\/div>\n\t\t\t\t<\/div>\n\t\t<div class=\"elementor-element elementor-element-65adb857 e-con-full e-flex wd-section-disabled e-con e-child\" data-id=\"65adb857\" data-element_type=\"container\" data-settings=\"{&quot;background_background&quot;:&quot;classic&quot;}\">\n\t\t\t\t<\/div>\n\t\t\t\t<\/div>\n\t\t\t\t<\/div>\n\t\t","protected":false},"excerpt":{"rendered":"<p><strong>D.O. CIGALES<\/strong><br \/>\nMezcla de variedades que se da en el vi\u00f1edo<\/p>\n<p>Emina Ros\u00e9 es\u00a0<strong>un rosado de perfil moderno y actual<\/strong>\u00a0que\u00a0marida a la perfecci\u00f3n con cualquier momento. La mezcla de\u00a0variedades tintas y blancas que se da en algunos de nuestros\u00a0vi\u00f1edos de la D.O. Cigales consigue que tengamos\u00a0<strong>en la copa\u00a0<\/strong><strong>un\u00a0<em>pale<\/em>\u00a0ros\u00e9 muy elegante y fresco.<\/strong><\/p>\n<p><strong>EL VI\u00d1EDO<\/strong><br \/>\nEn el p\u00e1ramo de Quintanilla de Trigueros, a m\u00e1s de 850 mt. de altitud se encuentra nuestra parcela del Terr\u00f3n Blanco, un vi\u00f1edo del que provienen las distintas variedades de uva con las que elaboramos EMINA Ros\u00e9, entre ellas Tempranillo, Cabernet Sauvignon, Merlot, Garnacha y Verdejo. El nombre de la parcela hace referencia a sus suelos especialmente calizos, de forma que estos suelos frescos y la elevada altitud, proporcionan vinos florales, fragantes y de capa moderada.<\/p>\n","protected":false},"featured_media":16932,"template":"","meta":{"_joinchat":[]},"product_cat":[32],"product_tag":[],"_links":{"self":[{"href":"http:\/\/holdingtrade.es\/pt-br\/wp-json\/wp\/v2\/product\/16802"}],"collection":[{"href":"http:\/\/holdingtrade.es\/pt-br\/wp-json\/wp\/v2\/product"}],"about":[{"href":"http:\/\/holdingtrade.es\/pt-br\/wp-json\/wp\/v2\/types\/product"}],"version-history":[{"count":0,"href":"http:\/\/holdingtrade.es\/pt-br\/wp-json\/wp\/v2\/product\/16802\/revisions"}],"wp:featuredmedia":[{"embeddable":true,"href":"http:\/\/holdingtrade.es\/pt-br\/wp-json\/wp\/v2\/media\/16932"}],"wp:attachment":[{"href":"http:\/\/holdingtrade.es\/pt-br\/wp-json\/wp\/v2\/media?parent=16802"}],"wp:term":[{"taxonomy":"product_cat","embeddable":true,"href":"http:\/\/holdingtrade.es\/pt-br\/wp-json\/wp\/v2\/product_cat?post=16802"},{"taxonomy":"product_tag","embeddable":true,"href":"http:\/\/holdingtrade.es\/pt-br\/wp-json\/wp\/v2\/product_tag?post=16802"}],"curies":[{"name":"wp","href":"https:\/\/api.w.org\/{rel}","templated":true}]}}