{"id":16806,"date":"2024-03-23T20:46:28","date_gmt":"2024-03-23T20:46:28","guid":{"rendered":"https:\/\/holdingtrade.es\/producto\/emina-pasion-2022-d-o-ribera-del-duero\/"},"modified":"2024-05-18T03:07:17","modified_gmt":"2024-05-18T03:07:17","slug":"emina-pasion-2022-d-o-ribera-del-duero","status":"publish","type":"product","link":"http:\/\/holdingtrade.es\/pt-br\/producto\/emina-pasion-2022-d-o-ribera-del-duero\/","title":{"rendered":"Emina Pasi\u00f3n 2022"},"content":{"rendered":"\t\t<div data-elementor-type=\"wp-post\" data-elementor-id=\"16806\" class=\"elementor elementor-16806\" data-elementor-post-type=\"product\">\n\t\t\t\t<div class=\"elementor-element elementor-element-1bf6f038 e-con-full wd-section-stretch e-flex e-con e-parent\" data-id=\"1bf6f038\" data-element_type=\"container\" data-settings=\"{&quot;background_background&quot;:&quot;video&quot;,&quot;background_video_link&quot;:&quot;https:\\\/\\\/player.vimeo.com\\\/video\\\/461730910&quot;,&quot;background_play_on_mobile&quot;:&quot;yes&quot;}\">\n\t\t<div class=\"elementor-background-video-container\">\n\t\t\t\t\t\t\t<div class=\"elementor-background-video-embed\"><\/div>\n\t\t\t\t\t\t<\/div><div class=\"elementor-element elementor-element-4aeba877 e-con-full e-flex wd-section-disabled e-con e-child\" data-id=\"4aeba877\" data-element_type=\"container\">\n\t\t\t\t<\/div>\n\t\t<div class=\"elementor-element elementor-element-48b675a2 e-con-full e-flex wd-section-disabled e-con e-child\" data-id=\"48b675a2\" data-element_type=\"container\" data-settings=\"{&quot;background_background&quot;:&quot;classic&quot;}\">\n\t\t\t\t<div class=\"elementor-element elementor-element-225e3e4e elementor-widget__width-initial elementor-widget elementor-widget-image\" data-id=\"225e3e4e\" data-element_type=\"widget\" data-widget_type=\"image.default\">\n\t\t\t\t<div class=\"elementor-widget-container\">\n\t\t\t<style>\/*! elementor - v3.22.0 - 26-06-2024 *\/\n.elementor-widget-image{text-align:center}.elementor-widget-image a{display:inline-block}.elementor-widget-image a img[src$=\".svg\"]{width:48px}.elementor-widget-image img{vertical-align:middle;display:inline-block}<\/style>\t\t\t\t\t\t\t\t\t\t<img decoding=\"async\" width=\"300\" height=\"100\" src=\"http:\/\/holdingtrade.es\/wp-content\/uploads\/2024\/04\/logo-emina-webpng.png\" class=\"attachment-full size-full wp-image-16988\" alt=\"\" srcset=\"http:\/\/holdingtrade.es\/wp-content\/uploads\/2024\/04\/logo-emina-webpng.png 300w, http:\/\/holdingtrade.es\/wp-content\/uploads\/2024\/04\/logo-emina-webpng-150x50.png 150w\" sizes=\"(max-width: 300px) 100vw, 300px\" \/>\t\t\t\t\t\t\t\t\t\t\t\t\t<\/div>\n\t\t\t\t<\/div>\n\t\t\t\t<div class=\"elementor-element elementor-element-480b4cd9 color-scheme-inherit text-left elementor-widget elementor-widget-text-editor\" data-id=\"480b4cd9\" data-element_type=\"widget\" data-widget_type=\"text-editor.default\">\n\t\t\t\t<div class=\"elementor-widget-container\">\n\t\t\t<style>\/*! elementor - v3.22.0 - 26-06-2024 *\/\n.elementor-widget-text-editor.elementor-drop-cap-view-stacked .elementor-drop-cap{background-color:#69727d;color:#fff}.elementor-widget-text-editor.elementor-drop-cap-view-framed .elementor-drop-cap{color:#69727d;border:3px solid;background-color:transparent}.elementor-widget-text-editor:not(.elementor-drop-cap-view-default) .elementor-drop-cap{margin-top:8px}.elementor-widget-text-editor:not(.elementor-drop-cap-view-default) .elementor-drop-cap-letter{width:1em;height:1em}.elementor-widget-text-editor .elementor-drop-cap{float:left;text-align:center;line-height:1;font-size:50px}.elementor-widget-text-editor .elementor-drop-cap-letter{display:inline-block}<\/style>\t\t\t\t<p>Bodega EMINA Ribera fue construida en 2005 en Valbuena de Duero, dentro la prestigiosa zona de la Milla de Oro de la Ribera del Duero, que posee lugares id\u00f3neos para el nacimiento de unos vinos que hacen a esta Denominaci\u00f3n de Origen acreedora del prestigio que atesora. La palabra EMINA evoca a la medida del vino y a la tradici\u00f3n arraigada en la zona situada junto a esta bodega que a\u00fana modernidad y tradici\u00f3n. Vi\u00f1as Rosas, La Caba\u00f1a, Valdelacasa, Hermano Diego, El Tomillar, El Horno, Valuenga, los Apriscos, La Hinojera, Vermilion\u2026<br \/>Son los nombres de los pagos de los que proceden los vinos de esta bodega, ubicada en un edificio de gran apreciaci\u00f3n arquitect\u00f3nica con una est\u00e9tica integrada en el entorno y el paisaje, inspirada en las villas romanas, cuya actividad interior gira alrededor de un atrio central.<\/p>\t\t\t\t\t\t<\/div>\n\t\t\t\t<\/div>\n\t\t\t\t<\/div>\n\t\t<div class=\"elementor-element elementor-element-1d2c6292 e-con-full e-flex wd-section-disabled e-con e-child\" data-id=\"1d2c6292\" data-element_type=\"container\">\n\t\t\t\t<\/div>\n\t\t\t\t<\/div>\n\t\t<div class=\"wd-negative-gap elementor-element elementor-element-2f5a9224 e-flex e-con-boxed wd-section-disabled e-con e-parent\" data-id=\"2f5a9224\" data-element_type=\"container\">\n\t\t\t\t\t<div class=\"e-con-inner\">\n\t\t<div class=\"elementor-element elementor-element-1269cc2b e-con-full e-flex wd-section-disabled e-con e-child\" data-id=\"1269cc2b\" data-element_type=\"container\">\n\t\t\t\t<div class=\"elementor-element elementor-element-249cb7ce elementor-widget elementor-widget-wd_title\" data-id=\"249cb7ce\" data-element_type=\"widget\" data-widget_type=\"wd_title.default\">\n\t\t\t\t<div class=\"elementor-widget-container\">\n\t\t\t\t\t<div class=\"title-wrapper set-mb-s reset-last-child wd-title-color-primary wd-title-style-default wd-title-size-medium text-left\">\n\n\t\t\t\n\t\t\t<div class=\"liner-continer\">\n\t\t\t\t<h3 class=\"woodmart-title-container title wd-fontsize-xl\">TRADICI\u00d3N Y PASI\u00d3N<\/h3> \n\t\t\t\t\t\t\t<\/div>\n\n\t\t\t\t\t\t\t<div class=\"title-after_title set-cont-mb-s reset-last-child wd-fontsize-s\">\n\t\t\t\t\t<p>Emina siempre ha sido un vino de emociones, un vino con el que se quiere transmitir la sabidur\u00eda del terru\u00f1o y del vi\u00f1edo. En este caso, adem\u00e1s, el vino busca compartir la Pasi\u00f3n por la viticultura y elaboraci\u00f3n.<\/p><p>Este vino se mima desde su origen en el vi\u00f1edo donde, gracias a la microbiolog\u00eda, no se utilizan productos qu\u00edmicos fieles al compromiso sostenible de la marca. Ya en bodega, tras un ligero paso por barricas nuevas de roble americano, el vino pasa a un formato de botellas aligeradas que contribuyen a reducir la huella de carbono.<\/p><p><strong>EL VI\u00d1EDO<\/strong><\/p><p>Situado en pleno coraz\u00f3n de la milla de oro de la Ribera del Duero se encuentran situadas las parcelas de Vi\u00f1as Rosas y Vermili\u00f3n. Vi\u00f1edos situados en las proximidades del Monasterio de Santa Mar\u00eda de Valbuena, cuna del nacimiento de la Ribera del Duero donde los monjes cistercienses reintrodujeron el cultivo de la vid en la Edad Media.<\/p>\t\t\t\t<\/div>\n\t\t\t\t\t<\/div>\n\t\t\t\t<\/div>\n\t\t\t\t<\/div>\n\t\t\t\t<\/div>\n\t\t<div class=\"elementor-element elementor-element-61a9cb08 e-con-full e-flex wd-section-disabled e-con e-child\" data-id=\"61a9cb08\" data-element_type=\"container\">\n\t\t\t\t<div class=\"elementor-element elementor-element-3168efd5 elementor-widget elementor-widget-image\" data-id=\"3168efd5\" data-element_type=\"widget\" data-widget_type=\"image.default\">\n\t\t\t\t<div class=\"elementor-widget-container\">\n\t\t\t\t\t\t\t\t\t\t\t\t\t<img fetchpriority=\"high\" decoding=\"async\" width=\"381\" height=\"492\" src=\"http:\/\/holdingtrade.es\/wp-content\/uploads\/2024\/03\/EMINA-PASION-2022-D.O.-RIBERA-DEL-DUERO.jpg\" class=\"attachment-large size-large wp-image-16682\" alt=\"\" srcset=\"http:\/\/holdingtrade.es\/wp-content\/uploads\/2024\/03\/EMINA-PASION-2022-D.O.-RIBERA-DEL-DUERO.jpg 381w, http:\/\/holdingtrade.es\/wp-content\/uploads\/2024\/03\/EMINA-PASION-2022-D.O.-RIBERA-DEL-DUERO-232x300.jpg 232w, http:\/\/holdingtrade.es\/wp-content\/uploads\/2024\/03\/EMINA-PASION-2022-D.O.-RIBERA-DEL-DUERO-150x194.jpg 150w\" sizes=\"(max-width: 381px) 100vw, 381px\" \/>\t\t\t\t\t\t\t\t\t\t\t\t\t<\/div>\n\t\t\t\t<\/div>\n\t\t\t\t<\/div>\n\t\t\t\t\t<\/div>\n\t\t\t\t<\/div>\n\t\t<div class=\"wd-negative-gap elementor-element elementor-element-12415dc8 e-flex e-con-boxed wd-section-disabled e-con e-parent\" data-id=\"12415dc8\" data-element_type=\"container\" data-settings=\"{&quot;background_background&quot;:&quot;classic&quot;}\">\n\t\t\t\t\t<div class=\"e-con-inner\">\n\t\t<div class=\"elementor-element elementor-element-303274ea e-con-full e-flex wd-section-disabled e-con e-child\" data-id=\"303274ea\" data-element_type=\"container\" data-settings=\"{&quot;background_background&quot;:&quot;video&quot;}\">\n\t\t\t\t<div class=\"elementor-element elementor-element-46c3c24b elementor-widget elementor-widget-video\" data-id=\"46c3c24b\" data-element_type=\"widget\" data-settings=\"{&quot;youtube_url&quot;:&quot;https:\\\/\\\/www.youtube.com\\\/watch?v=biN0VbN8FjI&quot;,&quot;video_type&quot;:&quot;youtube&quot;,&quot;controls&quot;:&quot;yes&quot;}\" data-widget_type=\"video.default\">\n\t\t\t\t<div class=\"elementor-widget-container\">\n\t\t\t<style>\/*! elementor - v3.22.0 - 26-06-2024 *\/\n.elementor-widget-video .elementor-widget-container{overflow:hidden;transform:translateZ(0)}.elementor-widget-video .elementor-wrapper{aspect-ratio:var(--video-aspect-ratio)}.elementor-widget-video .elementor-wrapper iframe,.elementor-widget-video .elementor-wrapper video{height:100%;width:100%;display:flex;border:none;background-color:#000}@supports not (aspect-ratio:1\/1){.elementor-widget-video .elementor-wrapper{position:relative;overflow:hidden;height:0;padding-bottom:calc(100% \/ var(--video-aspect-ratio))}.elementor-widget-video .elementor-wrapper iframe,.elementor-widget-video .elementor-wrapper video{position:absolute;top:0;right:0;bottom:0;left:0}}.elementor-widget-video .elementor-open-inline .elementor-custom-embed-image-overlay{position:absolute;top:0;right:0;bottom:0;left:0;background-size:cover;background-position:50%}.elementor-widget-video .elementor-custom-embed-image-overlay{cursor:pointer;text-align:center}.elementor-widget-video .elementor-custom-embed-image-overlay:hover .elementor-custom-embed-play i{opacity:1}.elementor-widget-video .elementor-custom-embed-image-overlay img{display:block;width:100%;aspect-ratio:var(--video-aspect-ratio);-o-object-fit:cover;object-fit:cover;-o-object-position:center center;object-position:center center}@supports not (aspect-ratio:1\/1){.elementor-widget-video .elementor-custom-embed-image-overlay{position:relative;overflow:hidden;height:0;padding-bottom:calc(100% \/ var(--video-aspect-ratio))}.elementor-widget-video .elementor-custom-embed-image-overlay img{position:absolute;top:0;right:0;bottom:0;left:0}}.elementor-widget-video .e-hosted-video .elementor-video{-o-object-fit:cover;object-fit:cover}.e-con-inner>.elementor-widget-video,.e-con>.elementor-widget-video{width:var(--container-widget-width);--flex-grow:var(--container-widget-flex-grow)}<\/style>\t\t<div class=\"elementor-wrapper elementor-open-inline\">\n\t\t\t<div class=\"elementor-video\"><\/div>\t\t<\/div>\n\t\t\t\t<\/div>\n\t\t\t\t<\/div>\n\t\t\t\t<\/div>\n\t\t<div class=\"elementor-element elementor-element-370565cc e-con-full e-flex wd-section-disabled e-con e-child\" data-id=\"370565cc\" data-element_type=\"container\">\n\t\t\t\t<div class=\"elementor-element elementor-element-64444e49 elementor-widget elementor-widget-wd_title\" data-id=\"64444e49\" data-element_type=\"widget\" data-widget_type=\"wd_title.default\">\n\t\t\t\t<div class=\"elementor-widget-container\">\n\t\t\t\t\t<div class=\"title-wrapper set-mb-s reset-last-child wd-title-color-primary wd-title-style-default wd-title-size-medium text-left\">\n\n\t\t\t\n\t\t\t<div class=\"liner-continer\">\n\t\t\t\t<h3 class=\"woodmart-title-container title wd-fontsize-xl\">FASES DE CATA<\/h3> \n\t\t\t\t\t\t\t<\/div>\n\n\t\t\t\t\t\t\t<div class=\"title-after_title set-cont-mb-s reset-last-child wd-fontsize-s\">\n\t\t\t\t\t<p><b><strong>VISUAL<\/strong><\/b><\/p><p>Observamos una capa alta con tonos azules, amoratados, cardenalicios, que expresan toda su juventud.<\/p><p><b><strong>NARIZ<\/strong><\/b><\/p><p>Vino vivo y expresivo, con frescos aromas de frutas rojas de zarzamora, grosella y mirto, con elegantes terciarios de su paso por barrica, con torrefactos finos, caf\u00e9, lactonas y regaliz de palo.<\/p><p><b><strong>BOCA<\/strong><\/b><\/p><p>Destaca su\u00a0buena estructura, f\u00e1cil de beber y disfrutar de \u00e9l en cualquier ocasi\u00f3n. Tiene una retronasal donde aparecen frutas rojas \u00e1cidas, con una estructura media. Final largo y tanino sedoso.<\/p>\t\t\t\t<\/div>\n\t\t\t\t\t<\/div>\n\t\t\t\t<\/div>\n\t\t\t\t<\/div>\n\t\t\t\t<\/div>\n\t\t\t\t\t<\/div>\n\t\t\t\t<\/div>\n\t\t<div class=\"elementor-element elementor-element-7fe7e130 e-con-full e-flex wd-section-disabled e-con e-parent\" data-id=\"7fe7e130\" data-element_type=\"container\" data-settings=\"{&quot;background_background&quot;:&quot;classic&quot;}\">\n\t\t<div class=\"elementor-element elementor-element-1a55835 e-con-full e-flex wd-section-disabled e-con e-child\" data-id=\"1a55835\" data-element_type=\"container\">\n\t\t\t\t<div class=\"elementor-element elementor-element-192be5aa elementor-widget elementor-widget-wd_title\" data-id=\"192be5aa\" data-element_type=\"widget\" data-widget_type=\"wd_title.default\">\n\t\t\t\t<div class=\"elementor-widget-container\">\n\t\t\t\t\t<div class=\"title-wrapper set-mb-s reset-last-child wd-title-color-primary wd-title-style-default wd-title-size-medium text-left\">\n\n\t\t\t\n\t\t\t<div class=\"liner-continer\">\n\t\t\t\t<h3 class=\"woodmart-title-container title wd-fontsize-xl\">MARIDAJE<\/h3> \n\t\t\t\t\t\t\t<\/div>\n\n\t\t\t\t\t\t\t<div class=\"title-after_title set-cont-mb-s reset-last-child wd-fontsize-s\">\n\t\t\t\t\t<p>Para maridar este\u00a0<b><strong>vino espumoso Emina Brut Nature<\/strong><\/b>\u00a0vamos a apostar por un postre. Como es un espumoso seco, es importante elegir un postre que sea lo suficientemente dulce para contrastar con la acidez del vino.<\/p><p>Una buena opci\u00f3n ser\u00eda un\u00a0<b><strong>postre de frutas, como una tarta de fresas o una macedonia de frutas.<\/strong><\/b>\u00a0Las frutas aportan los sabores dulces que el vino necesita, y la acidez del vino ayuda a limpiar el paladar.<\/p><p>Otra opci\u00f3n ser\u00eda un\u00a0<b><strong>postre de chocolate, como un mousse de chocolate<\/strong><\/b>\u00a0o un coulant de chocolate. El chocolate es un sabor intenso que puede soportar la acidez del vino.<\/p>\t\t\t\t<\/div>\n\t\t\t\t\t<\/div>\n\t\t\t\t<\/div>\n\t\t\t\t<\/div>\n\t\t\t\t<\/div>\n\t\t<div class=\"elementor-element elementor-element-e8b375 e-con-full e-flex wd-section-disabled e-con e-child\" data-id=\"e8b375\" data-element_type=\"container\" data-settings=\"{&quot;background_background&quot;:&quot;classic&quot;}\">\n\t\t\t\t<\/div>\n\t\t\t\t<\/div>\n\t\t\t\t<\/div>\n\t\t","protected":false},"excerpt":{"rendered":"<p>Emina Pasi\u00f3n<br \/>\nD.O. RIBERA DEL DUERO<\/p>\n<h5>EMINA PASI\u00d3N &#8211; TEMPRANILLO DE LA MILLA DE ORO<\/h5>\n<p>Emina Pasi\u00f3n es un vino tinto de la variedad Tempranillo y perfil moderno, elaborado en la Bodega Emina de la Denominaci\u00f3n de Origen Ribera del Duero, en el que fruta y madera se ensamblan perfectamente consiguiendo una elaboraci\u00f3n arm\u00f3nica y frutal.<\/p>\n<p><strong>EL VI\u00d1EDO<\/strong><br \/>\nSituado en pleno coraz\u00f3n de la milla de oro de la Ribera del Duero se encuentran situadas las parcelas de Vi\u00f1as Rosas y Vermili\u00f3n. Vi\u00f1edos situados en las proximidades del Monasterio de Santa Mar\u00eda de Valbuena, cuna del nacimiento de la Ribera del Duero donde los monjes cistercienses reintrodujeron el cultivo de la vid en la Edad Media.<\/p>\n","protected":false},"featured_media":16927,"template":"","meta":{"_joinchat":[]},"product_cat":[32],"product_tag":[],"_links":{"self":[{"href":"http:\/\/holdingtrade.es\/pt-br\/wp-json\/wp\/v2\/product\/16806"}],"collection":[{"href":"http:\/\/holdingtrade.es\/pt-br\/wp-json\/wp\/v2\/product"}],"about":[{"href":"http:\/\/holdingtrade.es\/pt-br\/wp-json\/wp\/v2\/types\/product"}],"version-history":[{"count":0,"href":"http:\/\/holdingtrade.es\/pt-br\/wp-json\/wp\/v2\/product\/16806\/revisions"}],"wp:featuredmedia":[{"embeddable":true,"href":"http:\/\/holdingtrade.es\/pt-br\/wp-json\/wp\/v2\/media\/16927"}],"wp:attachment":[{"href":"http:\/\/holdingtrade.es\/pt-br\/wp-json\/wp\/v2\/media?parent=16806"}],"wp:term":[{"taxonomy":"product_cat","embeddable":true,"href":"http:\/\/holdingtrade.es\/pt-br\/wp-json\/wp\/v2\/product_cat?post=16806"},{"taxonomy":"product_tag","embeddable":true,"href":"http:\/\/holdingtrade.es\/pt-br\/wp-json\/wp\/v2\/product_tag?post=16806"}],"curies":[{"name":"wp","href":"https:\/\/api.w.org\/{rel}","templated":true}]}}