{"id":16812,"date":"2024-03-23T20:46:35","date_gmt":"2024-03-23T20:46:35","guid":{"rendered":"https:\/\/holdingtrade.es\/producto\/emina-atio-2019-d-o-ribera-del-duero\/"},"modified":"2024-05-18T04:02:15","modified_gmt":"2024-05-18T04:02:15","slug":"emina-atio-2019-d-o-ribera-del-duero","status":"publish","type":"product","link":"http:\/\/holdingtrade.es\/pt-br\/producto\/emina-atio-2019-d-o-ribera-del-duero\/","title":{"rendered":"Emina Atios 2019"},"content":{"rendered":"\t\t<div data-elementor-type=\"wp-post\" data-elementor-id=\"16812\" class=\"elementor elementor-16812\" data-elementor-post-type=\"product\">\n\t\t\t\t<div class=\"elementor-element elementor-element-3a491c29 e-con-full wd-section-stretch e-flex e-con e-parent\" data-id=\"3a491c29\" data-element_type=\"container\" data-settings=\"{&quot;background_background&quot;:&quot;video&quot;,&quot;background_video_link&quot;:&quot;https:\\\/\\\/player.vimeo.com\\\/video\\\/461730910&quot;,&quot;background_play_on_mobile&quot;:&quot;yes&quot;}\">\n\t\t<div class=\"elementor-background-video-container\">\n\t\t\t\t\t\t\t<div class=\"elementor-background-video-embed\"><\/div>\n\t\t\t\t\t\t<\/div><div class=\"elementor-element elementor-element-7a96a905 e-con-full e-flex wd-section-disabled e-con e-child\" data-id=\"7a96a905\" data-element_type=\"container\">\n\t\t\t\t<\/div>\n\t\t<div class=\"elementor-element elementor-element-451baaf6 e-con-full e-flex wd-section-disabled e-con e-child\" data-id=\"451baaf6\" data-element_type=\"container\" data-settings=\"{&quot;background_background&quot;:&quot;classic&quot;}\">\n\t\t\t\t<div class=\"elementor-element elementor-element-5474f5d2 elementor-widget__width-initial elementor-widget elementor-widget-image\" data-id=\"5474f5d2\" data-element_type=\"widget\" data-widget_type=\"image.default\">\n\t\t\t\t<div class=\"elementor-widget-container\">\n\t\t\t<style>\/*! elementor - v3.22.0 - 26-06-2024 *\/\n.elementor-widget-image{text-align:center}.elementor-widget-image a{display:inline-block}.elementor-widget-image a img[src$=\".svg\"]{width:48px}.elementor-widget-image img{vertical-align:middle;display:inline-block}<\/style>\t\t\t\t\t\t\t\t\t\t<img decoding=\"async\" width=\"300\" height=\"100\" src=\"http:\/\/holdingtrade.es\/wp-content\/uploads\/2024\/04\/logo-emina-webpng.png\" class=\"attachment-full size-full wp-image-16988\" alt=\"\" srcset=\"http:\/\/holdingtrade.es\/wp-content\/uploads\/2024\/04\/logo-emina-webpng.png 300w, http:\/\/holdingtrade.es\/wp-content\/uploads\/2024\/04\/logo-emina-webpng-150x50.png 150w\" sizes=\"(max-width: 300px) 100vw, 300px\" \/>\t\t\t\t\t\t\t\t\t\t\t\t\t<\/div>\n\t\t\t\t<\/div>\n\t\t\t\t<div class=\"elementor-element elementor-element-7fc71f9a color-scheme-inherit text-left elementor-widget elementor-widget-text-editor\" data-id=\"7fc71f9a\" data-element_type=\"widget\" data-widget_type=\"text-editor.default\">\n\t\t\t\t<div class=\"elementor-widget-container\">\n\t\t\t<style>\/*! elementor - v3.22.0 - 26-06-2024 *\/\n.elementor-widget-text-editor.elementor-drop-cap-view-stacked .elementor-drop-cap{background-color:#69727d;color:#fff}.elementor-widget-text-editor.elementor-drop-cap-view-framed .elementor-drop-cap{color:#69727d;border:3px solid;background-color:transparent}.elementor-widget-text-editor:not(.elementor-drop-cap-view-default) .elementor-drop-cap{margin-top:8px}.elementor-widget-text-editor:not(.elementor-drop-cap-view-default) .elementor-drop-cap-letter{width:1em;height:1em}.elementor-widget-text-editor .elementor-drop-cap{float:left;text-align:center;line-height:1;font-size:50px}.elementor-widget-text-editor .elementor-drop-cap-letter{display:inline-block}<\/style>\t\t\t\t<p>Bodega EMINA Ribera fue construida en 2005 en Valbuena de Duero, dentro la prestigiosa zona de la Milla de Oro de la Ribera del Duero, que posee lugares id\u00f3neos para el nacimiento de unos vinos que hacen a esta Denominaci\u00f3n de Origen acreedora del prestigio que atesora. La palabra EMINA evoca a la medida del vino y a la tradici\u00f3n arraigada en la zona situada junto a esta bodega que a\u00fana modernidad y tradici\u00f3n. Vi\u00f1as Rosas, La Caba\u00f1a, Valdelacasa, Hermano Diego, El Tomillar, El Horno, Valuenga, los Apriscos, La Hinojera, Vermilion\u2026<br \/>Son los nombres de los pagos de los que proceden los vinos de esta bodega, ubicada en un edificio de gran apreciaci\u00f3n arquitect\u00f3nica con una est\u00e9tica integrada en el entorno y el paisaje, inspirada en las villas romanas, cuya actividad interior gira alrededor de un atrio central.<\/p>\t\t\t\t\t\t<\/div>\n\t\t\t\t<\/div>\n\t\t\t\t<\/div>\n\t\t<div class=\"elementor-element elementor-element-7e1403c8 e-con-full e-flex wd-section-disabled e-con e-child\" data-id=\"7e1403c8\" data-element_type=\"container\">\n\t\t\t\t<\/div>\n\t\t\t\t<\/div>\n\t\t<div class=\"wd-negative-gap elementor-element elementor-element-4f210a6e e-flex e-con-boxed wd-section-disabled e-con e-parent\" data-id=\"4f210a6e\" data-element_type=\"container\">\n\t\t\t\t\t<div class=\"e-con-inner\">\n\t\t<div class=\"elementor-element elementor-element-2148c694 e-con-full e-flex wd-section-disabled e-con e-child\" data-id=\"2148c694\" data-element_type=\"container\">\n\t\t\t\t<div class=\"elementor-element elementor-element-405e7e25 elementor-widget elementor-widget-wd_title\" data-id=\"405e7e25\" data-element_type=\"widget\" data-widget_type=\"wd_title.default\">\n\t\t\t\t<div class=\"elementor-widget-container\">\n\t\t\t\t\t<div class=\"title-wrapper set-mb-s reset-last-child wd-title-color-primary wd-title-style-default wd-title-size-medium text-left\">\n\n\t\t\t\n\t\t\t<div class=\"liner-continer\">\n\t\t\t\t<h3 class=\"woodmart-title-container title wd-fontsize-xl\">UN VINO DE LEYENDA<\/h3> \n\t\t\t\t\t\t\t<\/div>\n\n\t\t\t\t\t\t\t<div class=\"title-after_title set-cont-mb-s reset-last-child wd-fontsize-s\">\n\t\t\t\t\t<p>Emina Atio es un vino de\u00a0<strong>alta expresi\u00f3n, con una crianza de 18 meses en las mejores barricas de roble franc\u00e9s Allier.<\/strong>\u00a0Posteriormente se afina en botella durante 18 meses m\u00e1s. La\u00a0<strong>potencia, elegancia y longevidad<\/strong>\u00a0del vino se percibe en las sensaciones primarias de fruta negra muy madura. Su peculiaridad principal es la estructura marcada por el origen de las uvas definida por el car\u00e1cter del terreno calizo muy pobre en materia org\u00e1nica.<\/p><p>Emina Atio posee un car\u00e1cter \u00fanico y diferencial pues porta el nombre del guerrero de leyenda, Atio, miembro del consejo de ancianos de la tribu de los\u00a0<strong>Vacceos que lucharon contra el imperio romano y que cultivaban la vid a escasos kil\u00f3metros de Bodega Emina Ribera<\/strong>\u00a0desde hace m\u00e1s de 2000 a\u00f1os.<\/p><p>Procede de los vi\u00f1edos del Pago de El Horno, en Valbuena de Duero, parcela muy caliza de elevada altitud y excelente insolaci\u00f3n, situada en un semip\u00e1ramo del valle del Duero, orientado al sur, en una zona de bancales junto con restos de antiguos vi\u00f1edos milenarios.<\/p><p><strong>EL VI\u00d1EDO<\/strong><br \/>El Pago de El Horno es una parcela muy caliza de elevada altitud y excelente insolaci\u00f3n, situada en un semip\u00e1ramo del valle del Duero, orientado al sur, en una zona de bancales con restos de antiguos vi\u00f1edos tradicionales.<\/p>\t\t\t\t<\/div>\n\t\t\t\t\t<\/div>\n\t\t\t\t<\/div>\n\t\t\t\t<\/div>\n\t\t\t\t<\/div>\n\t\t<div class=\"elementor-element elementor-element-3547168b e-con-full e-flex wd-section-disabled e-con e-child\" data-id=\"3547168b\" data-element_type=\"container\">\n\t\t\t\t<div class=\"elementor-element elementor-element-1e6fd91d elementor-widget elementor-widget-image\" data-id=\"1e6fd91d\" data-element_type=\"widget\" data-widget_type=\"image.default\">\n\t\t\t\t<div class=\"elementor-widget-container\">\n\t\t\t\t\t\t\t\t\t\t\t\t\t<img fetchpriority=\"high\" decoding=\"async\" width=\"158\" height=\"600\" src=\"http:\/\/holdingtrade.es\/wp-content\/uploads\/2024\/03\/EMINA-ATIO-2019-D.O.-RIBERA-DEL-DUERO.png\" class=\"attachment-full size-full wp-image-16673\" alt=\"\" srcset=\"http:\/\/holdingtrade.es\/wp-content\/uploads\/2024\/03\/EMINA-ATIO-2019-D.O.-RIBERA-DEL-DUERO.png 158w, http:\/\/holdingtrade.es\/wp-content\/uploads\/2024\/03\/EMINA-ATIO-2019-D.O.-RIBERA-DEL-DUERO-79x300.png 79w, http:\/\/holdingtrade.es\/wp-content\/uploads\/2024\/03\/EMINA-ATIO-2019-D.O.-RIBERA-DEL-DUERO-150x570.png 150w\" sizes=\"(max-width: 158px) 100vw, 158px\" \/>\t\t\t\t\t\t\t\t\t\t\t\t\t<\/div>\n\t\t\t\t<\/div>\n\t\t\t\t<\/div>\n\t\t\t\t\t<\/div>\n\t\t\t\t<\/div>\n\t\t<div class=\"wd-negative-gap elementor-element elementor-element-1da36c2f e-flex e-con-boxed wd-section-disabled e-con e-parent\" data-id=\"1da36c2f\" data-element_type=\"container\" data-settings=\"{&quot;background_background&quot;:&quot;classic&quot;}\">\n\t\t\t\t\t<div class=\"e-con-inner\">\n\t\t<div class=\"elementor-element elementor-element-395482d3 e-con-full e-flex wd-section-disabled e-con e-child\" data-id=\"395482d3\" data-element_type=\"container\" data-settings=\"{&quot;background_background&quot;:&quot;video&quot;}\">\n\t\t\t\t<div class=\"elementor-element elementor-element-5f47e3a9 elementor-widget elementor-widget-video\" data-id=\"5f47e3a9\" data-element_type=\"widget\" data-settings=\"{&quot;youtube_url&quot;:&quot;https:\\\/\\\/www.youtube.com\\\/watch?v=ajrMKgAC1l8&quot;,&quot;video_type&quot;:&quot;youtube&quot;,&quot;controls&quot;:&quot;yes&quot;}\" data-widget_type=\"video.default\">\n\t\t\t\t<div class=\"elementor-widget-container\">\n\t\t\t<style>\/*! elementor - v3.22.0 - 26-06-2024 *\/\n.elementor-widget-video .elementor-widget-container{overflow:hidden;transform:translateZ(0)}.elementor-widget-video .elementor-wrapper{aspect-ratio:var(--video-aspect-ratio)}.elementor-widget-video .elementor-wrapper iframe,.elementor-widget-video .elementor-wrapper video{height:100%;width:100%;display:flex;border:none;background-color:#000}@supports not (aspect-ratio:1\/1){.elementor-widget-video .elementor-wrapper{position:relative;overflow:hidden;height:0;padding-bottom:calc(100% \/ var(--video-aspect-ratio))}.elementor-widget-video .elementor-wrapper iframe,.elementor-widget-video .elementor-wrapper video{position:absolute;top:0;right:0;bottom:0;left:0}}.elementor-widget-video .elementor-open-inline .elementor-custom-embed-image-overlay{position:absolute;top:0;right:0;bottom:0;left:0;background-size:cover;background-position:50%}.elementor-widget-video .elementor-custom-embed-image-overlay{cursor:pointer;text-align:center}.elementor-widget-video .elementor-custom-embed-image-overlay:hover .elementor-custom-embed-play i{opacity:1}.elementor-widget-video .elementor-custom-embed-image-overlay img{display:block;width:100%;aspect-ratio:var(--video-aspect-ratio);-o-object-fit:cover;object-fit:cover;-o-object-position:center center;object-position:center center}@supports not (aspect-ratio:1\/1){.elementor-widget-video .elementor-custom-embed-image-overlay{position:relative;overflow:hidden;height:0;padding-bottom:calc(100% \/ var(--video-aspect-ratio))}.elementor-widget-video .elementor-custom-embed-image-overlay img{position:absolute;top:0;right:0;bottom:0;left:0}}.elementor-widget-video .e-hosted-video .elementor-video{-o-object-fit:cover;object-fit:cover}.e-con-inner>.elementor-widget-video,.e-con>.elementor-widget-video{width:var(--container-widget-width);--flex-grow:var(--container-widget-flex-grow)}<\/style>\t\t<div class=\"elementor-wrapper elementor-open-inline\">\n\t\t\t<div class=\"elementor-video\"><\/div>\t\t<\/div>\n\t\t\t\t<\/div>\n\t\t\t\t<\/div>\n\t\t\t\t<\/div>\n\t\t<div class=\"elementor-element elementor-element-771a5ffe e-con-full e-flex wd-section-disabled e-con e-child\" data-id=\"771a5ffe\" data-element_type=\"container\">\n\t\t\t\t<div class=\"elementor-element elementor-element-239c473a elementor-widget elementor-widget-wd_title\" data-id=\"239c473a\" data-element_type=\"widget\" data-widget_type=\"wd_title.default\">\n\t\t\t\t<div class=\"elementor-widget-container\">\n\t\t\t\t\t<div class=\"title-wrapper set-mb-s reset-last-child wd-title-color-primary wd-title-style-default wd-title-size-medium text-left\">\n\n\t\t\t\n\t\t\t<div class=\"liner-continer\">\n\t\t\t\t<h3 class=\"woodmart-title-container title wd-fontsize-xl\">FASES DE CATA<\/h3> \n\t\t\t\t\t\t\t<\/div>\n\n\t\t\t\t\t\t\t<div class=\"title-after_title set-cont-mb-s reset-last-child wd-fontsize-s\">\n\t\t\t\t\t<p><b><strong>VISUAL<\/strong><\/b><\/p><p>Se aprecia un color limpio y brillante con tonos cardenal muy oscuro.\u00a0<\/p><p><b><strong>NARIZ<\/strong><\/b><\/p><p>A pesar de su prolongada estancia en barrica nueva, los aromas primarios est\u00e1n perfectamente ensamblados con terciarios de especiados, tostados, cacao, tabaco, suave pan tostado y cedro. Destaca su nariz franca con excelente complejidad. Un vino potente, elegante e intenso.\u00a0<\/p><p><b><strong>BOCA<\/strong><\/b><\/p><p>Se aprecia un vino con car\u00e1cter. La potencia, elegancia y longevidad del vino se perciben en potentes sensaciones primarias de frutas negras muy maduras. Es un vino rico y goloso que permanece tanto en la entrada como en el posgusto.<\/p>\t\t\t\t<\/div>\n\t\t\t\t\t<\/div>\n\t\t\t\t<\/div>\n\t\t\t\t<\/div>\n\t\t\t\t<\/div>\n\t\t\t\t\t<\/div>\n\t\t\t\t<\/div>\n\t\t<div class=\"elementor-element elementor-element-6945b1b0 e-con-full e-flex wd-section-disabled e-con e-parent\" data-id=\"6945b1b0\" data-element_type=\"container\" data-settings=\"{&quot;background_background&quot;:&quot;classic&quot;}\">\n\t\t<div class=\"elementor-element elementor-element-557a1b9d e-con-full e-flex wd-section-disabled e-con e-child\" data-id=\"557a1b9d\" data-element_type=\"container\">\n\t\t\t\t<div class=\"elementor-element elementor-element-614c0bb3 elementor-widget elementor-widget-wd_title\" data-id=\"614c0bb3\" data-element_type=\"widget\" data-widget_type=\"wd_title.default\">\n\t\t\t\t<div class=\"elementor-widget-container\">\n\t\t\t\t\t<div class=\"title-wrapper set-mb-s reset-last-child wd-title-color-primary wd-title-style-default wd-title-size-medium text-left\">\n\n\t\t\t\n\t\t\t<div class=\"liner-continer\">\n\t\t\t\t<h3 class=\"woodmart-title-container title wd-fontsize-xl\">MARIDAJE<\/h3> \n\t\t\t\t\t\t\t<\/div>\n\n\t\t\t\t\t\t\t<div class=\"title-after_title set-cont-mb-s reset-last-child wd-fontsize-s\">\n\t\t\t\t\t<p><b><strong>Emina Atio es un vino tinto de autor<\/strong><\/b>\u00a0<b><strong>de la Ribera del Duero<\/strong><\/b>\u00a0elaborado con las mejores uvas de la finca Atio. Es un vino de autor, con un gran potencial de guarda, que se caracteriza por su sabor intenso y carnoso, sus taninos firmes y redondos y su largo final.<\/p><p>Una receta ideal para acompa\u00f1ar con\u00a0<b><strong>Emina Atio es el rabo de toro al vino tinto.<\/strong><\/b>\u00a0El sabor intenso y carnoso del rabo de toro se complementa bien con los taninos y el sabor a fruta madura del vino.<\/p><p>Otras opciones de platos con los que celebrar,\u00a0<b><strong>compartir y dsifrutar de Emina Atio son:<\/strong><\/b><\/p><p>- Asado de cordero<\/p><p>- Guiso de jabal\u00ed<\/p><p>- Carne roja a la brasa<\/p><p>- Quesos curados de oveja o cabra<\/p>\t\t\t\t<\/div>\n\t\t\t\t\t<\/div>\n\t\t\t\t<\/div>\n\t\t\t\t<\/div>\n\t\t\t\t<\/div>\n\t\t<div class=\"elementor-element elementor-element-2dfd27da e-con-full e-flex wd-section-disabled e-con e-child\" data-id=\"2dfd27da\" data-element_type=\"container\" data-settings=\"{&quot;background_background&quot;:&quot;classic&quot;}\">\n\t\t\t\t<\/div>\n\t\t\t\t<\/div>\n\t\t\t\t<\/div>\n\t\t","protected":false},"excerpt":{"rendered":"<p><strong>D.O. RIBERA DEL DUERO<\/strong><\/p>\n<p>Emina Atio es un vino tinto de autor de producci\u00f3n muy limitada procedente de la zona alta del Valle del Duero en la prestigiosa Valbuena de Duero. Se elabora \u00fanicamente con las mejores uvas Tempranillo de la Finca El Horno y en los a\u00f1os en los que la producci\u00f3n es excelente. Atio es vino de alta expresi\u00f3n, con una crianza de 18 meses en las mejores barricas de roble franc\u00e9s Allier.<br \/>\nPosteriormente se afina en botella durante 18 meses m\u00e1s. La potencia, elegancia y longevidad del vino se percibe en las sensaciones primarias de fruta negra muy madura. Su peculiaridad principal es la estructura marcada por el origen de las uvas definida por el car\u00e1cter del terreno calizo muy pobre en materia org\u00e1nica.<br \/>\nAtio es un vino tinto de car\u00e1cter \u00fanico y diferencial pues porta el nombre del guerrero de leyenda, Atio, miembro del consejo de ancianos de la tribu de los Vacceos que lucharon contra el imperio romano y que cultivaban la vid a escasos kil\u00f3metros de Bodega Emina Ribera desde hace m\u00e1s de 2000 a\u00f1os.<\/p>\n<p>EL VI\u00d1EDO<br \/>\nEl Pago de El Horno es una parcela muy caliza de elevada altitud y excelente insolaci\u00f3n, situada en un semip\u00e1ramo del valle del Duero, orientado al sur, en una zona de bancales con restos de antiguos vi\u00f1edos tradicionales.<\/p>\n","protected":false},"featured_media":16917,"template":"","meta":{"_joinchat":[]},"product_cat":[32],"product_tag":[],"_links":{"self":[{"href":"http:\/\/holdingtrade.es\/pt-br\/wp-json\/wp\/v2\/product\/16812"}],"collection":[{"href":"http:\/\/holdingtrade.es\/pt-br\/wp-json\/wp\/v2\/product"}],"about":[{"href":"http:\/\/holdingtrade.es\/pt-br\/wp-json\/wp\/v2\/types\/product"}],"version-history":[{"count":0,"href":"http:\/\/holdingtrade.es\/pt-br\/wp-json\/wp\/v2\/product\/16812\/revisions"}],"wp:featuredmedia":[{"embeddable":true,"href":"http:\/\/holdingtrade.es\/pt-br\/wp-json\/wp\/v2\/media\/16917"}],"wp:attachment":[{"href":"http:\/\/holdingtrade.es\/pt-br\/wp-json\/wp\/v2\/media?parent=16812"}],"wp:term":[{"taxonomy":"product_cat","embeddable":true,"href":"http:\/\/holdingtrade.es\/pt-br\/wp-json\/wp\/v2\/product_cat?post=16812"},{"taxonomy":"product_tag","embeddable":true,"href":"http:\/\/holdingtrade.es\/pt-br\/wp-json\/wp\/v2\/product_tag?post=16812"}],"curies":[{"name":"wp","href":"https:\/\/api.w.org\/{rel}","templated":true}]}}