{"id":16820,"date":"2024-03-23T20:46:35","date_gmt":"2024-03-23T20:46:35","guid":{"rendered":"https:\/\/holdingtrade.es\/producto\/emina-reserva-2015-d-o-ribera-del-duero\/"},"modified":"2024-05-18T03:07:34","modified_gmt":"2024-05-18T03:07:34","slug":"emina-reserva-2015-d-o-ribera-del-duero","status":"publish","type":"product","link":"http:\/\/holdingtrade.es\/pt-br\/producto\/emina-reserva-2015-d-o-ribera-del-duero\/","title":{"rendered":"Emina Reserva 2015"},"content":{"rendered":"\t\t<div data-elementor-type=\"wp-post\" data-elementor-id=\"16820\" class=\"elementor elementor-16820\" data-elementor-post-type=\"product\">\n\t\t\t\t<div class=\"elementor-element elementor-element-1e88a9c e-con-full wd-section-stretch e-flex e-con e-parent\" data-id=\"1e88a9c\" data-element_type=\"container\" data-settings=\"{&quot;background_background&quot;:&quot;video&quot;,&quot;background_video_link&quot;:&quot;https:\\\/\\\/player.vimeo.com\\\/video\\\/461730910&quot;,&quot;background_play_on_mobile&quot;:&quot;yes&quot;}\">\n\t\t<div class=\"elementor-background-video-container\">\n\t\t\t\t\t\t\t<div class=\"elementor-background-video-embed\"><\/div>\n\t\t\t\t\t\t<\/div><div class=\"elementor-element elementor-element-83fd874 e-con-full e-flex wd-section-disabled e-con e-child\" data-id=\"83fd874\" data-element_type=\"container\">\n\t\t\t\t<\/div>\n\t\t<div class=\"elementor-element elementor-element-61d709f5 e-con-full e-flex wd-section-disabled e-con e-child\" data-id=\"61d709f5\" data-element_type=\"container\" data-settings=\"{&quot;background_background&quot;:&quot;classic&quot;}\">\n\t\t\t\t<div class=\"elementor-element elementor-element-5654bde4 elementor-widget__width-initial elementor-widget elementor-widget-image\" data-id=\"5654bde4\" data-element_type=\"widget\" data-widget_type=\"image.default\">\n\t\t\t\t<div class=\"elementor-widget-container\">\n\t\t\t<style>\/*! elementor - v3.22.0 - 26-06-2024 *\/\n.elementor-widget-image{text-align:center}.elementor-widget-image a{display:inline-block}.elementor-widget-image a img[src$=\".svg\"]{width:48px}.elementor-widget-image img{vertical-align:middle;display:inline-block}<\/style>\t\t\t\t\t\t\t\t\t\t<img decoding=\"async\" width=\"300\" height=\"100\" src=\"http:\/\/holdingtrade.es\/wp-content\/uploads\/2024\/04\/logo-emina-webpng.png\" class=\"attachment-full size-full wp-image-16988\" alt=\"\" srcset=\"http:\/\/holdingtrade.es\/wp-content\/uploads\/2024\/04\/logo-emina-webpng.png 300w, http:\/\/holdingtrade.es\/wp-content\/uploads\/2024\/04\/logo-emina-webpng-150x50.png 150w\" sizes=\"(max-width: 300px) 100vw, 300px\" \/>\t\t\t\t\t\t\t\t\t\t\t\t\t<\/div>\n\t\t\t\t<\/div>\n\t\t\t\t<div class=\"elementor-element elementor-element-2f3862a0 color-scheme-inherit text-left elementor-widget elementor-widget-text-editor\" data-id=\"2f3862a0\" data-element_type=\"widget\" data-widget_type=\"text-editor.default\">\n\t\t\t\t<div class=\"elementor-widget-container\">\n\t\t\t<style>\/*! elementor - v3.22.0 - 26-06-2024 *\/\n.elementor-widget-text-editor.elementor-drop-cap-view-stacked .elementor-drop-cap{background-color:#69727d;color:#fff}.elementor-widget-text-editor.elementor-drop-cap-view-framed .elementor-drop-cap{color:#69727d;border:3px solid;background-color:transparent}.elementor-widget-text-editor:not(.elementor-drop-cap-view-default) .elementor-drop-cap{margin-top:8px}.elementor-widget-text-editor:not(.elementor-drop-cap-view-default) .elementor-drop-cap-letter{width:1em;height:1em}.elementor-widget-text-editor .elementor-drop-cap{float:left;text-align:center;line-height:1;font-size:50px}.elementor-widget-text-editor .elementor-drop-cap-letter{display:inline-block}<\/style>\t\t\t\t<p>Bodega EMINA Ribera fue construida en 2005 en Valbuena de Duero, dentro la prestigiosa zona de la Milla de Oro de la Ribera del Duero, que posee lugares id\u00f3neos para el nacimiento de unos vinos que hacen a esta Denominaci\u00f3n de Origen acreedora del prestigio que atesora. La palabra EMINA evoca a la medida del vino y a la tradici\u00f3n arraigada en la zona situada junto a esta bodega que a\u00fana modernidad y tradici\u00f3n. Vi\u00f1as Rosas, La Caba\u00f1a, Valdelacasa, Hermano Diego, El Tomillar, El Horno, Valuenga, los Apriscos, La Hinojera, Vermilion\u2026<br \/>Son los nombres de los pagos de los que proceden los vinos de esta bodega, ubicada en un edificio de gran apreciaci\u00f3n arquitect\u00f3nica con una est\u00e9tica integrada en el entorno y el paisaje, inspirada en las villas romanas, cuya actividad interior gira alrededor de un atrio central.<\/p>\t\t\t\t\t\t<\/div>\n\t\t\t\t<\/div>\n\t\t\t\t<\/div>\n\t\t<div class=\"elementor-element elementor-element-3caec923 e-con-full e-flex wd-section-disabled e-con e-child\" data-id=\"3caec923\" data-element_type=\"container\">\n\t\t\t\t<\/div>\n\t\t\t\t<\/div>\n\t\t<div class=\"wd-negative-gap elementor-element elementor-element-5ad2385d e-flex e-con-boxed wd-section-disabled e-con e-parent\" data-id=\"5ad2385d\" data-element_type=\"container\">\n\t\t\t\t\t<div class=\"e-con-inner\">\n\t\t<div class=\"elementor-element elementor-element-281a95 e-con-full e-flex wd-section-disabled e-con e-child\" data-id=\"281a95\" data-element_type=\"container\">\n\t\t\t\t<div class=\"elementor-element elementor-element-68429f1c elementor-widget elementor-widget-wd_title\" data-id=\"68429f1c\" data-element_type=\"widget\" data-widget_type=\"wd_title.default\">\n\t\t\t\t<div class=\"elementor-widget-container\">\n\t\t\t\t\t<div class=\"title-wrapper set-mb-s reset-last-child wd-title-color-primary wd-title-style-default wd-title-size-medium text-left\">\n\n\t\t\t\n\t\t\t<div class=\"liner-continer\">\n\t\t\t\t<h3 class=\"woodmart-title-container title wd-fontsize-xl\">SELECCI\u00d3N LIMITADA<\/h3> \n\t\t\t\t\t\t\t<\/div>\n\n\t\t\t\t\t\t\t<div class=\"title-after_title set-cont-mb-s reset-last-child wd-fontsize-s\">\n\t\t\t\t\t<p>En Bodega Emina siempre hemos apostado por el potencial y exclusividad que tienen nuestros vi\u00f1edos. Este vino, solo se elabora cuando la a\u00f1ada es apta para la calidad exigida y tiene una producci\u00f3n limitada por la minuciosidad y esmero con que se elabora. Tiene una doble selecci\u00f3n de la uva; en el vi\u00f1edo primero y en bodega despu\u00e9s. Realiza la fermentaci\u00f3n y maceraci\u00f3n en dep\u00f3sitos de acero inoxidable y m\u00e1s tarde la fermentaci\u00f3n malol\u00e1ctica parcialmente en barrica de roble franc\u00e9s Allier.<\/p><p>Excelente vino tinto elaborado con uvas de la variedad Tempranillo tinto fino procedentes de parcelas calizas orientadas al sur en el curso del r\u00edo Duero en Valbuena de Duero.<\/p>\t\t\t\t<\/div>\n\t\t\t\t\t<\/div>\n\t\t\t\t<\/div>\n\t\t\t\t<\/div>\n\t\t\t\t<\/div>\n\t\t<div class=\"elementor-element elementor-element-2a089dd5 e-con-full e-flex wd-section-disabled e-con e-child\" data-id=\"2a089dd5\" data-element_type=\"container\">\n\t\t\t\t<div class=\"elementor-element elementor-element-d32872d elementor-widget elementor-widget-image\" data-id=\"d32872d\" data-element_type=\"widget\" data-widget_type=\"image.default\">\n\t\t\t\t<div class=\"elementor-widget-container\">\n\t\t\t\t\t\t\t\t\t\t\t\t\t<img fetchpriority=\"high\" decoding=\"async\" width=\"504\" height=\"800\" src=\"http:\/\/holdingtrade.es\/wp-content\/uploads\/2024\/03\/EMINA-RESERVA-2015-D.O.-RIBERA-DEL-DUERO.jpg\" class=\"attachment-large size-large wp-image-16683\" alt=\"\" srcset=\"http:\/\/holdingtrade.es\/wp-content\/uploads\/2024\/03\/EMINA-RESERVA-2015-D.O.-RIBERA-DEL-DUERO.jpg 504w, http:\/\/holdingtrade.es\/wp-content\/uploads\/2024\/03\/EMINA-RESERVA-2015-D.O.-RIBERA-DEL-DUERO-189x300.jpg 189w, http:\/\/holdingtrade.es\/wp-content\/uploads\/2024\/03\/EMINA-RESERVA-2015-D.O.-RIBERA-DEL-DUERO-150x238.jpg 150w\" sizes=\"(max-width: 504px) 100vw, 504px\" \/>\t\t\t\t\t\t\t\t\t\t\t\t\t<\/div>\n\t\t\t\t<\/div>\n\t\t\t\t<\/div>\n\t\t\t\t\t<\/div>\n\t\t\t\t<\/div>\n\t\t<div class=\"wd-negative-gap elementor-element elementor-element-624ef586 e-flex e-con-boxed wd-section-disabled e-con e-parent\" data-id=\"624ef586\" data-element_type=\"container\" data-settings=\"{&quot;background_background&quot;:&quot;classic&quot;}\">\n\t\t\t\t\t<div class=\"e-con-inner\">\n\t\t<div class=\"elementor-element elementor-element-1ef8ea49 e-con-full e-flex wd-section-disabled e-con e-child\" data-id=\"1ef8ea49\" data-element_type=\"container\" data-settings=\"{&quot;background_background&quot;:&quot;video&quot;}\">\n\t\t\t\t<div class=\"elementor-element elementor-element-32797cdf elementor-widget elementor-widget-video\" data-id=\"32797cdf\" data-element_type=\"widget\" data-settings=\"{&quot;youtube_url&quot;:&quot;https:\\\/\\\/www.youtube.com\\\/watch?v=diguWdbywlI&quot;,&quot;video_type&quot;:&quot;youtube&quot;,&quot;controls&quot;:&quot;yes&quot;}\" data-widget_type=\"video.default\">\n\t\t\t\t<div class=\"elementor-widget-container\">\n\t\t\t<style>\/*! elementor - v3.22.0 - 26-06-2024 *\/\n.elementor-widget-video .elementor-widget-container{overflow:hidden;transform:translateZ(0)}.elementor-widget-video .elementor-wrapper{aspect-ratio:var(--video-aspect-ratio)}.elementor-widget-video .elementor-wrapper iframe,.elementor-widget-video .elementor-wrapper video{height:100%;width:100%;display:flex;border:none;background-color:#000}@supports not (aspect-ratio:1\/1){.elementor-widget-video .elementor-wrapper{position:relative;overflow:hidden;height:0;padding-bottom:calc(100% \/ var(--video-aspect-ratio))}.elementor-widget-video .elementor-wrapper iframe,.elementor-widget-video .elementor-wrapper video{position:absolute;top:0;right:0;bottom:0;left:0}}.elementor-widget-video .elementor-open-inline .elementor-custom-embed-image-overlay{position:absolute;top:0;right:0;bottom:0;left:0;background-size:cover;background-position:50%}.elementor-widget-video .elementor-custom-embed-image-overlay{cursor:pointer;text-align:center}.elementor-widget-video .elementor-custom-embed-image-overlay:hover .elementor-custom-embed-play i{opacity:1}.elementor-widget-video .elementor-custom-embed-image-overlay img{display:block;width:100%;aspect-ratio:var(--video-aspect-ratio);-o-object-fit:cover;object-fit:cover;-o-object-position:center center;object-position:center center}@supports not (aspect-ratio:1\/1){.elementor-widget-video .elementor-custom-embed-image-overlay{position:relative;overflow:hidden;height:0;padding-bottom:calc(100% \/ var(--video-aspect-ratio))}.elementor-widget-video .elementor-custom-embed-image-overlay img{position:absolute;top:0;right:0;bottom:0;left:0}}.elementor-widget-video .e-hosted-video .elementor-video{-o-object-fit:cover;object-fit:cover}.e-con-inner>.elementor-widget-video,.e-con>.elementor-widget-video{width:var(--container-widget-width);--flex-grow:var(--container-widget-flex-grow)}<\/style>\t\t<div class=\"elementor-wrapper elementor-open-inline\">\n\t\t\t<div class=\"elementor-video\"><\/div>\t\t<\/div>\n\t\t\t\t<\/div>\n\t\t\t\t<\/div>\n\t\t\t\t<\/div>\n\t\t<div class=\"elementor-element elementor-element-2f1edca1 e-con-full e-flex wd-section-disabled e-con e-child\" data-id=\"2f1edca1\" data-element_type=\"container\">\n\t\t\t\t<div class=\"elementor-element elementor-element-c52beee elementor-widget elementor-widget-wd_title\" data-id=\"c52beee\" data-element_type=\"widget\" data-widget_type=\"wd_title.default\">\n\t\t\t\t<div class=\"elementor-widget-container\">\n\t\t\t\t\t<div class=\"title-wrapper set-mb-s reset-last-child wd-title-color-primary wd-title-style-default wd-title-size-medium text-left\">\n\n\t\t\t\n\t\t\t<div class=\"liner-continer\">\n\t\t\t\t<h3 class=\"woodmart-title-container title wd-fontsize-xl\">FASES DE CATA<\/h3> \n\t\t\t\t\t\t\t<\/div>\n\n\t\t\t\t\t\t\t<div class=\"title-after_title set-cont-mb-s reset-last-child wd-fontsize-s\">\n\t\t\t\t\t<p><strong>VISUAL <\/strong><\/p><p>Se aprecia una capa alta de color guinda intenso y brillante con fuertes tonos amoratados.<\/p><p><strong> NARIZ <\/strong><\/p><p>Aromas a frutas rojas y negras. Especiados con clavo, torrefactos, tabaco, cacao, cuero y frutos secos de su crianza en barrica, con fondo de primarios varietales de fruta compotada, con algunos l\u00e1cteos. Es un vino franco y penetrante, muy limpio e intenso.<\/p><p><strong>BOCA <\/strong><\/p><p>Se aprecia un vino amplio, intenso, c\u00e1lido y muy elegante. Cuenta con un vivo esqueleto de taninos dulces que equilibran al vino con los aromas de madera. Final largo y muy persistente.<\/p>\t\t\t\t<\/div>\n\t\t\t\t\t<\/div>\n\t\t\t\t<\/div>\n\t\t\t\t<\/div>\n\t\t\t\t<\/div>\n\t\t\t\t\t<\/div>\n\t\t\t\t<\/div>\n\t\t<div class=\"elementor-element elementor-element-40ab7781 e-con-full e-flex wd-section-disabled e-con e-parent\" data-id=\"40ab7781\" data-element_type=\"container\" data-settings=\"{&quot;background_background&quot;:&quot;classic&quot;}\">\n\t\t<div class=\"elementor-element elementor-element-1d244480 e-con-full e-flex wd-section-disabled e-con e-child\" data-id=\"1d244480\" data-element_type=\"container\">\n\t\t\t\t<div class=\"elementor-element elementor-element-2a5f4b1 elementor-widget elementor-widget-wd_title\" data-id=\"2a5f4b1\" data-element_type=\"widget\" data-widget_type=\"wd_title.default\">\n\t\t\t\t<div class=\"elementor-widget-container\">\n\t\t\t\t\t<div class=\"title-wrapper set-mb-s reset-last-child wd-title-color-primary wd-title-style-default wd-title-size-medium text-left\">\n\n\t\t\t\n\t\t\t<div class=\"liner-continer\">\n\t\t\t\t<h3 class=\"woodmart-title-container title wd-fontsize-xl\">MARIDAJE<\/h3> \n\t\t\t\t\t\t\t<\/div>\n\n\t\t\t\t\t\t\t<div class=\"title-after_title set-cont-mb-s reset-last-child wd-fontsize-s\">\n\t\t\t\t\t<p>Emina Reserva es perfecto para combinarlo con carnes rojas, incluso de caza, con el tradicional lechazo y cochinillo castellano, pero tambi\u00e9n con pescados al horno o quesos curados.<\/p>\t\t\t\t<\/div>\n\t\t\t\t\t<\/div>\n\t\t\t\t<\/div>\n\t\t\t\t<\/div>\n\t\t\t\t<\/div>\n\t\t<div class=\"elementor-element elementor-element-696fdea8 e-con-full e-flex wd-section-disabled e-con e-child\" data-id=\"696fdea8\" data-element_type=\"container\" data-settings=\"{&quot;background_background&quot;:&quot;classic&quot;}\">\n\t\t\t\t<\/div>\n\t\t\t\t<\/div>\n\t\t\t\t<\/div>\n\t\t","protected":false},"excerpt":{"rendered":"<p><strong>D.O. Ribera del Duero<\/strong><\/p>\n<p>Emina Reserva es uno de los vinos tintos por excelencia de la Ribera<br \/>\ndel Duero. Procedente de vi\u00f1edos propios de 25 a\u00f1os de antig\u00fcedad.<br \/>\nS\u00f3lo se elabora cuando la a\u00f1ada apta seg\u00fan la calidad exigida. Tiene<br \/>\nuna producci\u00f3n limitada por la minuciosidad y esmero con que<br \/>\nse elabora. Durante la vendimia, pasa una doble selecci\u00f3n de la<br \/>\nuva (en vi\u00f1edo y en bodega), lo cual garantiza su calidad. Realiza la<br \/>\nfermentaci\u00f3n y maceraci\u00f3n en dep\u00f3sitos de acero inoxidable y m\u00e1s<br \/>\ntarde la fermentaci\u00f3n malol\u00e1ctica parcialmente en barrica de roble<br \/>\nfranc\u00e9s Allier. Su crianza tiene lugar durante 16 meses, durante los<br \/>\nque se perfecciona en barricas de roble franc\u00e9s que han crecido<br \/>\nmediante la t\u00e9cnica &#8220;haute futaire&#8221; o bosque alto.<\/p>\n<p>El vi\u00f1edo<br \/>\nElaborado con uvas procedentes de parcelas calizas orientadas<br \/>\nal sur en el curso medio del r\u00edo Duero, su buen fondo de margas<br \/>\ny arcillas, posibilitan el necesario desarrollo vegetativo para un<br \/>\nreserva de perfil elegante y fresco, con las peculiares caracter\u00edsticas<br \/>\nde concentraci\u00f3n de la caliza.<\/p>\n","protected":false},"featured_media":16912,"template":"","meta":{"_joinchat":[]},"product_cat":[32],"product_tag":[],"_links":{"self":[{"href":"http:\/\/holdingtrade.es\/pt-br\/wp-json\/wp\/v2\/product\/16820"}],"collection":[{"href":"http:\/\/holdingtrade.es\/pt-br\/wp-json\/wp\/v2\/product"}],"about":[{"href":"http:\/\/holdingtrade.es\/pt-br\/wp-json\/wp\/v2\/types\/product"}],"version-history":[{"count":0,"href":"http:\/\/holdingtrade.es\/pt-br\/wp-json\/wp\/v2\/product\/16820\/revisions"}],"wp:featuredmedia":[{"embeddable":true,"href":"http:\/\/holdingtrade.es\/pt-br\/wp-json\/wp\/v2\/media\/16912"}],"wp:attachment":[{"href":"http:\/\/holdingtrade.es\/pt-br\/wp-json\/wp\/v2\/media?parent=16820"}],"wp:term":[{"taxonomy":"product_cat","embeddable":true,"href":"http:\/\/holdingtrade.es\/pt-br\/wp-json\/wp\/v2\/product_cat?post=16820"},{"taxonomy":"product_tag","embeddable":true,"href":"http:\/\/holdingtrade.es\/pt-br\/wp-json\/wp\/v2\/product_tag?post=16820"}],"curies":[{"name":"wp","href":"https:\/\/api.w.org\/{rel}","templated":true}]}}