{"id":16822,"date":"2024-03-23T20:46:35","date_gmt":"2024-03-23T20:46:35","guid":{"rendered":"https:\/\/holdingtrade.es\/producto\/emina-espumoso-brut-nature-d-o-rueda\/"},"modified":"2024-05-18T03:06:37","modified_gmt":"2024-05-18T03:06:37","slug":"emina-espumoso-brut-nature-d-o-rueda","status":"publish","type":"product","link":"http:\/\/holdingtrade.es\/pt-br\/producto\/emina-espumoso-brut-nature-d-o-rueda\/","title":{"rendered":"Emina Espumoso Brut Nature"},"content":{"rendered":"\t\t<div data-elementor-type=\"wp-post\" data-elementor-id=\"16822\" class=\"elementor elementor-16822\" data-elementor-post-type=\"product\">\n\t\t\t\t<div class=\"elementor-element elementor-element-2e3db248 e-con-full wd-section-stretch e-flex e-con e-parent\" data-id=\"2e3db248\" data-element_type=\"container\" data-settings=\"{&quot;background_background&quot;:&quot;video&quot;,&quot;background_video_link&quot;:&quot;https:\\\/\\\/player.vimeo.com\\\/video\\\/461730910&quot;,&quot;background_play_on_mobile&quot;:&quot;yes&quot;}\">\n\t\t<div class=\"elementor-background-video-container\">\n\t\t\t\t\t\t\t<div class=\"elementor-background-video-embed\"><\/div>\n\t\t\t\t\t\t<\/div><div class=\"elementor-element elementor-element-3633d393 e-con-full e-flex wd-section-disabled e-con e-child\" data-id=\"3633d393\" data-element_type=\"container\">\n\t\t\t\t<\/div>\n\t\t<div class=\"elementor-element elementor-element-3a38f155 e-con-full e-flex wd-section-disabled e-con e-child\" data-id=\"3a38f155\" data-element_type=\"container\" data-settings=\"{&quot;background_background&quot;:&quot;classic&quot;}\">\n\t\t\t\t<div class=\"elementor-element elementor-element-197d66a4 elementor-widget__width-initial elementor-widget elementor-widget-image\" data-id=\"197d66a4\" data-element_type=\"widget\" data-widget_type=\"image.default\">\n\t\t\t\t<div class=\"elementor-widget-container\">\n\t\t\t<style>\/*! elementor - v3.22.0 - 26-06-2024 *\/\n.elementor-widget-image{text-align:center}.elementor-widget-image a{display:inline-block}.elementor-widget-image a img[src$=\".svg\"]{width:48px}.elementor-widget-image img{vertical-align:middle;display:inline-block}<\/style>\t\t\t\t\t\t\t\t\t\t<img decoding=\"async\" width=\"300\" height=\"100\" src=\"http:\/\/holdingtrade.es\/wp-content\/uploads\/2024\/04\/logo-emina-webpng.png\" class=\"attachment-full size-full wp-image-16988\" alt=\"\" srcset=\"http:\/\/holdingtrade.es\/wp-content\/uploads\/2024\/04\/logo-emina-webpng.png 300w, http:\/\/holdingtrade.es\/wp-content\/uploads\/2024\/04\/logo-emina-webpng-150x50.png 150w\" sizes=\"(max-width: 300px) 100vw, 300px\" \/>\t\t\t\t\t\t\t\t\t\t\t\t\t<\/div>\n\t\t\t\t<\/div>\n\t\t\t\t<div class=\"elementor-element elementor-element-6c23f377 color-scheme-inherit text-left elementor-widget elementor-widget-text-editor\" data-id=\"6c23f377\" data-element_type=\"widget\" data-widget_type=\"text-editor.default\">\n\t\t\t\t<div class=\"elementor-widget-container\">\n\t\t\t<style>\/*! elementor - v3.22.0 - 26-06-2024 *\/\n.elementor-widget-text-editor.elementor-drop-cap-view-stacked .elementor-drop-cap{background-color:#69727d;color:#fff}.elementor-widget-text-editor.elementor-drop-cap-view-framed .elementor-drop-cap{color:#69727d;border:3px solid;background-color:transparent}.elementor-widget-text-editor:not(.elementor-drop-cap-view-default) .elementor-drop-cap{margin-top:8px}.elementor-widget-text-editor:not(.elementor-drop-cap-view-default) .elementor-drop-cap-letter{width:1em;height:1em}.elementor-widget-text-editor .elementor-drop-cap{float:left;text-align:center;line-height:1;font-size:50px}.elementor-widget-text-editor .elementor-drop-cap-letter{display:inline-block}<\/style>\t\t\t\t<p>Bodega EMINA Ribera fue construida en 2005 en Valbuena de Duero, dentro la prestigiosa zona de la Milla de Oro de la Ribera del Duero, que posee lugares id\u00f3neos para el nacimiento de unos vinos que hacen a esta Denominaci\u00f3n de Origen acreedora del prestigio que atesora. La palabra EMINA evoca a la medida del vino y a la tradici\u00f3n arraigada en la zona situada junto a esta bodega que a\u00fana modernidad y tradici\u00f3n. Vi\u00f1as Rosas, La Caba\u00f1a, Valdelacasa, Hermano Diego, El Tomillar, El Horno, Valuenga, los Apriscos, La Hinojera, Vermilion\u2026<br \/>Son los nombres de los pagos de los que proceden los vinos de esta bodega, ubicada en un edificio de gran apreciaci\u00f3n arquitect\u00f3nica con una est\u00e9tica integrada en el entorno y el paisaje, inspirada en las villas romanas, cuya actividad interior gira alrededor de un atrio central.<\/p>\t\t\t\t\t\t<\/div>\n\t\t\t\t<\/div>\n\t\t\t\t<\/div>\n\t\t<div class=\"elementor-element elementor-element-58ef2794 e-con-full e-flex wd-section-disabled e-con e-child\" data-id=\"58ef2794\" data-element_type=\"container\">\n\t\t\t\t<\/div>\n\t\t\t\t<\/div>\n\t\t<div class=\"wd-negative-gap elementor-element elementor-element-34bc16e8 e-flex e-con-boxed wd-section-disabled e-con e-parent\" data-id=\"34bc16e8\" data-element_type=\"container\">\n\t\t\t\t\t<div class=\"e-con-inner\">\n\t\t<div class=\"elementor-element elementor-element-3e023eb8 e-con-full e-flex wd-section-disabled e-con e-child\" data-id=\"3e023eb8\" data-element_type=\"container\">\n\t\t\t\t<div class=\"elementor-element elementor-element-48fe72bc elementor-widget elementor-widget-wd_title\" data-id=\"48fe72bc\" data-element_type=\"widget\" data-widget_type=\"wd_title.default\">\n\t\t\t\t<div class=\"elementor-widget-container\">\n\t\t\t\t\t<div class=\"title-wrapper set-mb-s reset-last-child wd-title-color-primary wd-title-style-default wd-title-size-medium text-left\">\n\n\t\t\t\n\t\t\t<div class=\"liner-continer\">\n\t\t\t\t<h3 class=\"woodmart-title-container title wd-fontsize-xl\">EL COMPA\u00d1ERO PERFECTO<\/h3> \n\t\t\t\t\t\t\t<\/div>\n\n\t\t\t\t\t\t\t<div class=\"title-after_title set-cont-mb-s reset-last-child wd-fontsize-s\">\n\t\t\t\t\t<p>Procedente de la Finca de Las Marcas, situada en Villalba de Adaja en Valladolid, este espumoso es un vino con una gran personalidad. Junto a la localidad de Matapozuelos, ha sido\u00a0<b><strong>cuidadosamente elaborado por el m\u00e9todo tradicional champenoise por la Bodega Emina Rueda.<\/strong><\/b>\u00a0Sus elegantes y finas burbujas dejan una sensaci\u00f3n muy fresca y agradable.<\/p><p>La mejor uva Verdejo procedente de nuestros\u00a0<b><strong>vi\u00f1edos propios de Emina junto al terreno pobre situado en el acceso del Valle del Adaja,\u00a0<\/strong><\/b>se\u00a0presenta como la materia prima perfecta para la creaci\u00f3n de este espumoso que, despu\u00e9s de su elaboraci\u00f3n,\u00a0<b><strong>pasa al menos 12 meses en botella para lograr una calidad perfecta.<\/strong><\/b><\/p>\t\t\t\t<\/div>\n\t\t\t\t\t<\/div>\n\t\t\t\t<\/div>\n\t\t\t\t<\/div>\n\t\t\t\t<\/div>\n\t\t<div class=\"elementor-element elementor-element-f34b09f e-con-full e-flex wd-section-disabled e-con e-child\" data-id=\"f34b09f\" data-element_type=\"container\">\n\t\t\t\t<div class=\"elementor-element elementor-element-12e092c elementor-widget elementor-widget-image\" data-id=\"12e092c\" data-element_type=\"widget\" data-widget_type=\"image.default\">\n\t\t\t\t<div class=\"elementor-widget-container\">\n\t\t\t\t\t\t\t\t\t\t\t\t\t<img fetchpriority=\"high\" decoding=\"async\" width=\"800\" height=\"800\" src=\"http:\/\/holdingtrade.es\/wp-content\/uploads\/2024\/03\/EMINA-ESPUMOSO-BRUT-NATURE.jpg\" class=\"attachment-large size-large wp-image-16920\" alt=\"\" srcset=\"http:\/\/holdingtrade.es\/wp-content\/uploads\/2024\/03\/EMINA-ESPUMOSO-BRUT-NATURE.jpg 800w, http:\/\/holdingtrade.es\/wp-content\/uploads\/2024\/03\/EMINA-ESPUMOSO-BRUT-NATURE-300x300.jpg 300w, http:\/\/holdingtrade.es\/wp-content\/uploads\/2024\/03\/EMINA-ESPUMOSO-BRUT-NATURE-150x150.jpg 150w, http:\/\/holdingtrade.es\/wp-content\/uploads\/2024\/03\/EMINA-ESPUMOSO-BRUT-NATURE-768x768.jpg 768w, http:\/\/holdingtrade.es\/wp-content\/uploads\/2024\/03\/EMINA-ESPUMOSO-BRUT-NATURE-430x430.jpg 430w, http:\/\/holdingtrade.es\/wp-content\/uploads\/2024\/03\/EMINA-ESPUMOSO-BRUT-NATURE-700x700.jpg 700w\" sizes=\"(max-width: 800px) 100vw, 800px\" \/>\t\t\t\t\t\t\t\t\t\t\t\t\t<\/div>\n\t\t\t\t<\/div>\n\t\t\t\t<\/div>\n\t\t\t\t\t<\/div>\n\t\t\t\t<\/div>\n\t\t<div class=\"wd-negative-gap elementor-element elementor-element-330c886e e-flex e-con-boxed wd-section-disabled e-con e-parent\" data-id=\"330c886e\" data-element_type=\"container\" data-settings=\"{&quot;background_background&quot;:&quot;classic&quot;}\">\n\t\t\t\t\t<div class=\"e-con-inner\">\n\t\t<div class=\"elementor-element elementor-element-6fc1608a e-con-full e-flex wd-section-disabled e-con e-child\" data-id=\"6fc1608a\" data-element_type=\"container\" data-settings=\"{&quot;background_background&quot;:&quot;video&quot;}\">\n\t\t\t\t<div class=\"elementor-element elementor-element-169c4eb elementor-widget elementor-widget-video\" data-id=\"169c4eb\" data-element_type=\"widget\" data-settings=\"{&quot;youtube_url&quot;:&quot;https:\\\/\\\/www.youtube.com\\\/watch?v=V889aVJPMeg&quot;,&quot;video_type&quot;:&quot;youtube&quot;,&quot;controls&quot;:&quot;yes&quot;}\" data-widget_type=\"video.default\">\n\t\t\t\t<div class=\"elementor-widget-container\">\n\t\t\t<style>\/*! elementor - v3.22.0 - 26-06-2024 *\/\n.elementor-widget-video .elementor-widget-container{overflow:hidden;transform:translateZ(0)}.elementor-widget-video .elementor-wrapper{aspect-ratio:var(--video-aspect-ratio)}.elementor-widget-video .elementor-wrapper iframe,.elementor-widget-video .elementor-wrapper video{height:100%;width:100%;display:flex;border:none;background-color:#000}@supports not (aspect-ratio:1\/1){.elementor-widget-video .elementor-wrapper{position:relative;overflow:hidden;height:0;padding-bottom:calc(100% \/ var(--video-aspect-ratio))}.elementor-widget-video .elementor-wrapper iframe,.elementor-widget-video .elementor-wrapper video{position:absolute;top:0;right:0;bottom:0;left:0}}.elementor-widget-video .elementor-open-inline .elementor-custom-embed-image-overlay{position:absolute;top:0;right:0;bottom:0;left:0;background-size:cover;background-position:50%}.elementor-widget-video .elementor-custom-embed-image-overlay{cursor:pointer;text-align:center}.elementor-widget-video .elementor-custom-embed-image-overlay:hover .elementor-custom-embed-play i{opacity:1}.elementor-widget-video .elementor-custom-embed-image-overlay img{display:block;width:100%;aspect-ratio:var(--video-aspect-ratio);-o-object-fit:cover;object-fit:cover;-o-object-position:center center;object-position:center center}@supports not (aspect-ratio:1\/1){.elementor-widget-video .elementor-custom-embed-image-overlay{position:relative;overflow:hidden;height:0;padding-bottom:calc(100% \/ var(--video-aspect-ratio))}.elementor-widget-video .elementor-custom-embed-image-overlay img{position:absolute;top:0;right:0;bottom:0;left:0}}.elementor-widget-video .e-hosted-video .elementor-video{-o-object-fit:cover;object-fit:cover}.e-con-inner>.elementor-widget-video,.e-con>.elementor-widget-video{width:var(--container-widget-width);--flex-grow:var(--container-widget-flex-grow)}<\/style>\t\t<div class=\"elementor-wrapper elementor-open-inline\">\n\t\t\t<div class=\"elementor-video\"><\/div>\t\t<\/div>\n\t\t\t\t<\/div>\n\t\t\t\t<\/div>\n\t\t\t\t<\/div>\n\t\t<div class=\"elementor-element elementor-element-2c165418 e-con-full e-flex wd-section-disabled e-con e-child\" data-id=\"2c165418\" data-element_type=\"container\">\n\t\t\t\t<div class=\"elementor-element elementor-element-340ea325 elementor-widget elementor-widget-wd_title\" data-id=\"340ea325\" data-element_type=\"widget\" data-widget_type=\"wd_title.default\">\n\t\t\t\t<div class=\"elementor-widget-container\">\n\t\t\t\t\t<div class=\"title-wrapper set-mb-s reset-last-child wd-title-color-primary wd-title-style-default wd-title-size-medium text-left\">\n\n\t\t\t\n\t\t\t<div class=\"liner-continer\">\n\t\t\t\t<h3 class=\"woodmart-title-container title wd-fontsize-xl\">FASES DE CATA<\/h3> \n\t\t\t\t\t\t\t<\/div>\n\n\t\t\t\t\t\t\t<div class=\"title-after_title set-cont-mb-s reset-last-child wd-fontsize-s\">\n\t\t\t\t\t<p><b><strong>VISUAL<\/strong><\/b><\/p><p>Se aprecia un color amarillo pajizo con reflejos verde-lim\u00f3n y fina burbuja que forma un rosario continuo y din\u00e1mico. Una vez en superficie se forma de modo persistente una corona en torno al borde de la copa.<\/p><p><b><strong>NARIZ<\/strong><\/b><\/p><p>Aromas de este vino recuerdan a frutas tropicales, c\u00edtricos, levaduras, con tonos l\u00e1cticos acompa\u00f1ados de los aromas a boller\u00eda fresca.\u00a0<\/p><p><b><strong>BOCA<\/strong><\/b><\/p><p>Se aprecia un espumoso muy fresco en boca, de paso agradable, equilibrada acidez y sin contenidos en az\u00facares, pero con un extraordinario equilibrio y potente resultado.<\/p>\t\t\t\t<\/div>\n\t\t\t\t\t<\/div>\n\t\t\t\t<\/div>\n\t\t\t\t<\/div>\n\t\t\t\t<\/div>\n\t\t\t\t\t<\/div>\n\t\t\t\t<\/div>\n\t\t<div class=\"elementor-element elementor-element-7af34f7d e-con-full e-flex wd-section-disabled e-con e-parent\" data-id=\"7af34f7d\" data-element_type=\"container\" data-settings=\"{&quot;background_background&quot;:&quot;classic&quot;}\">\n\t\t<div class=\"elementor-element elementor-element-4894e762 e-con-full e-flex wd-section-disabled e-con e-child\" data-id=\"4894e762\" data-element_type=\"container\">\n\t\t\t\t<div class=\"elementor-element elementor-element-2c268dcc elementor-widget elementor-widget-wd_title\" data-id=\"2c268dcc\" data-element_type=\"widget\" data-widget_type=\"wd_title.default\">\n\t\t\t\t<div class=\"elementor-widget-container\">\n\t\t\t\t\t<div class=\"title-wrapper set-mb-s reset-last-child wd-title-color-primary wd-title-style-default wd-title-size-medium text-left\">\n\n\t\t\t\n\t\t\t<div class=\"liner-continer\">\n\t\t\t\t<h3 class=\"woodmart-title-container title wd-fontsize-xl\">MARIDAJE<\/h3> \n\t\t\t\t\t\t\t<\/div>\n\n\t\t\t\t\t\t\t<div class=\"title-after_title set-cont-mb-s reset-last-child wd-fontsize-s\">\n\t\t\t\t\t<p>Para maridar este\u00a0<b><strong>vino espumoso Emina Brut Nature<\/strong><\/b>\u00a0vamos a apostar por un postre. Como es un espumoso seco, es importante elegir un postre que sea lo suficientemente dulce para contrastar con la acidez del vino.<\/p><p>Una buena opci\u00f3n ser\u00eda un\u00a0<b><strong>postre de frutas, como una tarta de fresas o una macedonia de frutas.<\/strong><\/b>\u00a0Las frutas aportan los sabores dulces que el vino necesita, y la acidez del vino ayuda a limpiar el paladar.<\/p><p>Otra opci\u00f3n ser\u00eda un\u00a0<b><strong>postre de chocolate, como un mousse de chocolate<\/strong><\/b>\u00a0o un coulant de chocolate. El chocolate es un sabor intenso que puede soportar la acidez del vino.<\/p>\t\t\t\t<\/div>\n\t\t\t\t\t<\/div>\n\t\t\t\t<\/div>\n\t\t\t\t<\/div>\n\t\t\t\t<\/div>\n\t\t<div class=\"elementor-element elementor-element-82a8b61 e-con-full e-flex wd-section-disabled e-con e-child\" data-id=\"82a8b61\" data-element_type=\"container\" data-settings=\"{&quot;background_background&quot;:&quot;classic&quot;}\">\n\t\t\t\t<\/div>\n\t\t\t\t<\/div>\n\t\t\t\t<\/div>\n\t\t","protected":false},"excerpt":{"rendered":"<p>Brut Nature Espumoso &#8211; Espumoso Verdejo<br \/>\nD.O. RUEDA<br \/>\nM\u00e9todo tradicional champenoise<\/p>\n<h5><strong>VINO ESPUMOSO\u00a0<\/strong><strong>EMINA\u00a0 BRUT NATURE &#8211; PERSONALIDAD EN CADA UVA<\/strong><\/h5>\n<p><strong>Este vino espumoso<\/strong>\u00a0elaborado con verdejo de la D.O. Rueda se ha convertido en el compa\u00f1ero perfecto de cualquier brindis y celebraci\u00f3n, o para finalizar una buena comida. Cuidadosamente elaborado por el m\u00e9todo tradicional\u00a0<em>champenoise<\/em>\u00a0por la Bodega Emina Rueda. Sus elegantes y finas burbujas dejan una sensaci\u00f3n muy fresca y agradable.<\/p>\n<p><strong>EL VI\u00d1EDO<\/strong><br \/>\nEste vino se elabora con uvas de nuestra Finca de Las Piedras, donde la madured y edad del vi\u00f1edo, ya permite obtener una perfecta y homog\u00e9nea producci\u00f3n en unos suelos pobres arenosos en la vecindad de la Comarca de Pinares. La vecindad de estos pinares y la arena del suelo garantizan la frescura de una uva exclusiva.<\/p>\n<p>&nbsp;<\/p>\n","protected":false},"featured_media":16920,"template":"","meta":{"_joinchat":[]},"product_cat":[32],"product_tag":[],"_links":{"self":[{"href":"http:\/\/holdingtrade.es\/pt-br\/wp-json\/wp\/v2\/product\/16822"}],"collection":[{"href":"http:\/\/holdingtrade.es\/pt-br\/wp-json\/wp\/v2\/product"}],"about":[{"href":"http:\/\/holdingtrade.es\/pt-br\/wp-json\/wp\/v2\/types\/product"}],"version-history":[{"count":0,"href":"http:\/\/holdingtrade.es\/pt-br\/wp-json\/wp\/v2\/product\/16822\/revisions"}],"wp:featuredmedia":[{"embeddable":true,"href":"http:\/\/holdingtrade.es\/pt-br\/wp-json\/wp\/v2\/media\/16920"}],"wp:attachment":[{"href":"http:\/\/holdingtrade.es\/pt-br\/wp-json\/wp\/v2\/media?parent=16822"}],"wp:term":[{"taxonomy":"product_cat","embeddable":true,"href":"http:\/\/holdingtrade.es\/pt-br\/wp-json\/wp\/v2\/product_cat?post=16822"},{"taxonomy":"product_tag","embeddable":true,"href":"http:\/\/holdingtrade.es\/pt-br\/wp-json\/wp\/v2\/product_tag?post=16822"}],"curies":[{"name":"wp","href":"https:\/\/api.w.org\/{rel}","templated":true}]}}