{"id":17678,"date":"2024-05-06T13:21:09","date_gmt":"2024-05-06T13:21:09","guid":{"rendered":"https:\/\/holdingtrade.es\/?post_type=product&#038;p=17678"},"modified":"2024-06-21T19:38:31","modified_gmt":"2024-06-21T19:38:31","slug":"azucar","status":"publish","type":"product","link":"http:\/\/holdingtrade.es\/pt-br\/producto\/azucar\/","title":{"rendered":"Azucar"},"content":{"rendered":"\t\t<div data-elementor-type=\"wp-post\" data-elementor-id=\"17678\" class=\"elementor elementor-17678\" data-elementor-post-type=\"product\">\n\t\t\t\t<div class=\"wd-negative-gap elementor-element elementor-element-9b6f0e5 wd-section-stretch-content e-flex e-con-boxed e-con e-parent\" data-id=\"9b6f0e5\" data-element_type=\"container\" data-settings=\"{&quot;background_background&quot;:&quot;video&quot;,&quot;background_video_link&quot;:&quot;https:\\\/\\\/www.youtube.com\\\/watch?v=MKL4sKWHuYk&quot;,&quot;background_play_on_mobile&quot;:&quot;yes&quot;}\">\n\t\t\t\t\t<div class=\"e-con-inner\">\n\t\t<div class=\"elementor-background-video-container\">\n\t\t\t\t\t\t\t<div class=\"elementor-background-video-embed\"><\/div>\n\t\t\t\t\t\t<\/div>\t\t<div class=\"elementor-element elementor-element-204a43a elementor-widget elementor-widget-spacer\" data-id=\"204a43a\" data-element_type=\"widget\" data-widget_type=\"spacer.default\">\n\t\t\t\t<div class=\"elementor-widget-container\">\n\t\t\t<style>\/*! elementor - v3.22.0 - 26-06-2024 *\/\n.elementor-column .elementor-spacer-inner{height:var(--spacer-size)}.e-con{--container-widget-width:100%}.e-con-inner>.elementor-widget-spacer,.e-con>.elementor-widget-spacer{width:var(--container-widget-width,var(--spacer-size));--align-self:var(--container-widget-align-self,initial);--flex-shrink:0}.e-con-inner>.elementor-widget-spacer>.elementor-widget-container,.e-con>.elementor-widget-spacer>.elementor-widget-container{height:100%;width:100%}.e-con-inner>.elementor-widget-spacer>.elementor-widget-container>.elementor-spacer,.e-con>.elementor-widget-spacer>.elementor-widget-container>.elementor-spacer{height:100%}.e-con-inner>.elementor-widget-spacer>.elementor-widget-container>.elementor-spacer>.elementor-spacer-inner,.e-con>.elementor-widget-spacer>.elementor-widget-container>.elementor-spacer>.elementor-spacer-inner{height:var(--container-widget-height,var(--spacer-size))}.e-con-inner>.elementor-widget-spacer.elementor-widget-empty,.e-con>.elementor-widget-spacer.elementor-widget-empty{position:relative;min-height:22px;min-width:22px}.e-con-inner>.elementor-widget-spacer.elementor-widget-empty .elementor-widget-empty-icon,.e-con>.elementor-widget-spacer.elementor-widget-empty .elementor-widget-empty-icon{position:absolute;top:0;bottom:0;left:0;right:0;margin:auto;padding:0;width:22px;height:22px}<\/style>\t\t<div class=\"elementor-spacer\">\n\t\t\t<div class=\"elementor-spacer-inner\"><\/div>\n\t\t<\/div>\n\t\t\t\t<\/div>\n\t\t\t\t<\/div>\n\t\t\t\t\t<\/div>\n\t\t\t\t<\/div>\n\t\t<div class=\"wd-negative-gap elementor-element elementor-element-bd2346c e-flex e-con-boxed wd-section-disabled e-con e-parent\" data-id=\"bd2346c\" data-element_type=\"container\">\n\t\t\t\t\t<div class=\"e-con-inner\">\n\t\t\t\t<div class=\"elementor-element elementor-element-0019897 elementor-widget elementor-widget-wd_title\" data-id=\"0019897\" data-element_type=\"widget\" data-widget_type=\"wd_title.default\">\n\t\t\t\t<div class=\"elementor-widget-container\">\n\t\t\t\t\t<div class=\"title-wrapper set-mb-s reset-last-child wd-title-color-default wd-title-style-default wd-title-size-default text-center\">\n\n\t\t\t\n\t\t\t<div class=\"liner-continer\">\n\t\t\t\t<h4 class=\"woodmart-title-container title wd-fontsize-l\">INFORMACI\u00d3N DEL PRODUCTO<\/h4> \n\t\t\t\t\t\t\t<\/div>\n\n\t\t\t\t\t<\/div>\n\t\t\t\t<\/div>\n\t\t\t\t<\/div>\n\t\t\t\t\t<\/div>\n\t\t\t\t<\/div>\n\t\t<div class=\"wd-negative-gap elementor-element elementor-element-6c39b8b e-flex e-con-boxed wd-section-disabled e-con e-parent\" data-id=\"6c39b8b\" data-element_type=\"container\">\n\t\t\t\t\t<div class=\"e-con-inner\">\n\t\t<div class=\"elementor-element elementor-element-022a07a e-con-full e-flex wd-section-disabled e-con e-child\" data-id=\"022a07a\" data-element_type=\"container\">\n\t\t\t\t<div class=\"elementor-element elementor-element-46966e2 elementor-widget elementor-widget-wd_image_or_svg\" data-id=\"46966e2\" data-element_type=\"widget\" data-widget_type=\"wd_image_or_svg.default\">\n\t\t\t\t<div class=\"elementor-widget-container\">\n\t\t\t\n\t\t<div class=\"wd-image text-center\">\n\t\t\t\t\t\t\t\t<img fetchpriority=\"high\" width=\"400\" height=\"400\" src=\"http:\/\/holdingtrade.es\/wp-content\/uploads\/2024\/05\/Site-sugar-icumsa-45-1-400x400.jpg\" class=\"attachment-400x400 size-400x400\" alt=\"\" decoding=\"async\" srcset=\"http:\/\/holdingtrade.es\/wp-content\/uploads\/2024\/05\/Site-sugar-icumsa-45-1-400x400.jpg 400w, http:\/\/holdingtrade.es\/wp-content\/uploads\/2024\/05\/Site-sugar-icumsa-45-1-300x300.jpg 300w, http:\/\/holdingtrade.es\/wp-content\/uploads\/2024\/05\/Site-sugar-icumsa-45-1-800x800.jpg 800w, http:\/\/holdingtrade.es\/wp-content\/uploads\/2024\/05\/Site-sugar-icumsa-45-1-150x150.jpg 150w, http:\/\/holdingtrade.es\/wp-content\/uploads\/2024\/05\/Site-sugar-icumsa-45-1-768x768.jpg 768w, http:\/\/holdingtrade.es\/wp-content\/uploads\/2024\/05\/Site-sugar-icumsa-45-1-860x860.jpg 860w, http:\/\/holdingtrade.es\/wp-content\/uploads\/2024\/05\/Site-sugar-icumsa-45-1-430x430.jpg 430w, http:\/\/holdingtrade.es\/wp-content\/uploads\/2024\/05\/Site-sugar-icumsa-45-1-700x700.jpg 700w, http:\/\/holdingtrade.es\/wp-content\/uploads\/2024\/05\/Site-sugar-icumsa-45-1.jpg 1000w\" sizes=\"(max-width: 400px) 100vw, 400px\" \/>\t\t\t\t\t<\/div>\n\n\t\t\t\t<\/div>\n\t\t\t\t<\/div>\n\t\t\t\t<\/div>\n\t\t<div class=\"elementor-element elementor-element-f672a73 e-con-full e-flex wd-section-disabled e-con e-child\" data-id=\"f672a73\" data-element_type=\"container\">\n\t\t\t\t<div class=\"elementor-element elementor-element-4547486 elementor-widget elementor-widget-wd_text_block\" data-id=\"4547486\" data-element_type=\"widget\" data-widget_type=\"wd_text_block.default\">\n\t\t\t\t<div class=\"elementor-widget-container\">\n\t\t\t\t\t<div class=\"wd-text-block reset-last-child text-left\">\n\t\t\t\n\t\t\t<p><strong>ICUMSA 45<\/strong><\/p><p>Es el az\u00facar m\u00e1s com\u00fan de todos y el m\u00e1s f\u00e1cil de disolver.<\/p>\n\t\t\t\t\t<\/div>\n\t\t\t\t<\/div>\n\t\t\t\t<\/div>\n\t\t\t\t<\/div>\n\t\t\t\t\t<\/div>\n\t\t\t\t<\/div>\n\t\t<div class=\"wd-negative-gap elementor-element elementor-element-250917b e-flex e-con-boxed wd-section-disabled e-con e-parent\" data-id=\"250917b\" data-element_type=\"container\">\n\t\t\t\t\t<div class=\"e-con-inner\">\n\t\t\t\t<div class=\"elementor-element elementor-element-2f93297 elementor-widget elementor-widget-wd_image_or_svg\" data-id=\"2f93297\" data-element_type=\"widget\" data-widget_type=\"wd_image_or_svg.default\">\n\t\t\t\t<div class=\"elementor-widget-container\">\n\t\t\t\n\t\t<div class=\"wd-image text-left\">\n\t\t\t\t\t\t\t\t<img width=\"2499\" height=\"1406\" src=\"http:\/\/holdingtrade.es\/wp-content\/uploads\/2024\/05\/Azucar-4-2500x1000-2.jpg\" class=\"attachment-full size-full\" alt=\"\" decoding=\"async\" srcset=\"http:\/\/holdingtrade.es\/wp-content\/uploads\/2024\/05\/Azucar-4-2500x1000-2.jpg 2499w, http:\/\/holdingtrade.es\/wp-content\/uploads\/2024\/05\/Azucar-4-2500x1000-2-400x225.jpg 400w, http:\/\/holdingtrade.es\/wp-content\/uploads\/2024\/05\/Azucar-4-2500x1000-2-1300x731.jpg 1300w, http:\/\/holdingtrade.es\/wp-content\/uploads\/2024\/05\/Azucar-4-2500x1000-2-768x432.jpg 768w, http:\/\/holdingtrade.es\/wp-content\/uploads\/2024\/05\/Azucar-4-2500x1000-2-1536x864.jpg 1536w, http:\/\/holdingtrade.es\/wp-content\/uploads\/2024\/05\/Azucar-4-2500x1000-2-2048x1152.jpg 2048w, http:\/\/holdingtrade.es\/wp-content\/uploads\/2024\/05\/Azucar-4-2500x1000-2-700x394.jpg 700w, http:\/\/holdingtrade.es\/wp-content\/uploads\/2024\/05\/Azucar-4-2500x1000-2-150x84.jpg 150w\" sizes=\"(max-width: 2499px) 100vw, 2499px\" \/>\t\t\t\t\t<\/div>\n\n\t\t\t\t<\/div>\n\t\t\t\t<\/div>\n\t\t\t\t\t<\/div>\n\t\t\t\t<\/div>\n\t\t<div class=\"wd-negative-gap elementor-element elementor-element-089a209 e-flex e-con-boxed wd-section-disabled e-con e-parent\" data-id=\"089a209\" data-element_type=\"container\">\n\t\t\t\t\t<div class=\"e-con-inner\">\n\t\t<div class=\"elementor-element elementor-element-106587d e-con-full e-flex wd-section-disabled e-con e-child\" data-id=\"106587d\" data-element_type=\"container\">\n\t\t\t\t<div class=\"elementor-element elementor-element-7c425ad elementor-widget elementor-widget-wd_image_or_svg\" data-id=\"7c425ad\" data-element_type=\"widget\" data-widget_type=\"wd_image_or_svg.default\">\n\t\t\t\t<div class=\"elementor-widget-container\">\n\t\t\t\n\t\t<div class=\"wd-image text-center\">\n\t\t\t\t\t\t\t\t<img fetchpriority=\"high\" width=\"400\" height=\"400\" src=\"http:\/\/holdingtrade.es\/wp-content\/uploads\/2024\/05\/Site-sugar-icumsa-45-1-400x400.jpg\" class=\"attachment-400x400 size-400x400\" alt=\"\" decoding=\"async\" srcset=\"http:\/\/holdingtrade.es\/wp-content\/uploads\/2024\/05\/Site-sugar-icumsa-45-1-400x400.jpg 400w, http:\/\/holdingtrade.es\/wp-content\/uploads\/2024\/05\/Site-sugar-icumsa-45-1-300x300.jpg 300w, http:\/\/holdingtrade.es\/wp-content\/uploads\/2024\/05\/Site-sugar-icumsa-45-1-800x800.jpg 800w, http:\/\/holdingtrade.es\/wp-content\/uploads\/2024\/05\/Site-sugar-icumsa-45-1-150x150.jpg 150w, http:\/\/holdingtrade.es\/wp-content\/uploads\/2024\/05\/Site-sugar-icumsa-45-1-768x768.jpg 768w, http:\/\/holdingtrade.es\/wp-content\/uploads\/2024\/05\/Site-sugar-icumsa-45-1-860x860.jpg 860w, http:\/\/holdingtrade.es\/wp-content\/uploads\/2024\/05\/Site-sugar-icumsa-45-1-430x430.jpg 430w, http:\/\/holdingtrade.es\/wp-content\/uploads\/2024\/05\/Site-sugar-icumsa-45-1-700x700.jpg 700w, http:\/\/holdingtrade.es\/wp-content\/uploads\/2024\/05\/Site-sugar-icumsa-45-1.jpg 1000w\" sizes=\"(max-width: 400px) 100vw, 400px\" \/>\t\t\t\t\t<\/div>\n\n\t\t\t\t<\/div>\n\t\t\t\t<\/div>\n\t\t\t\t<\/div>\n\t\t<div class=\"elementor-element elementor-element-48ba0ca e-con-full e-flex wd-section-disabled e-con e-child\" data-id=\"48ba0ca\" data-element_type=\"container\">\n\t\t\t\t<div class=\"elementor-element elementor-element-46abef3 elementor-widget elementor-widget-wd_text_block\" data-id=\"46abef3\" data-element_type=\"widget\" data-widget_type=\"wd_text_block.default\">\n\t\t\t\t<div class=\"elementor-widget-container\">\n\t\t\t\t\t<div class=\"wd-text-block reset-last-child text-left\">\n\t\t\t\n\t\t\t<p><strong>ICUMSA 150<\/strong><\/p><p>Az\u00facar en forma cristalina, con color controlado dentro del rango especi\ufb01cado, producido directamente en el ingenio y sin re\ufb01nar.<\/p>\n\t\t\t\t\t<\/div>\n\t\t\t\t<\/div>\n\t\t\t\t<\/div>\n\t\t\t\t<\/div>\n\t\t\t\t\t<\/div>\n\t\t\t\t<\/div>\n\t\t<div class=\"wd-negative-gap elementor-element elementor-element-60763e4 e-flex e-con-boxed wd-section-disabled e-con e-parent\" data-id=\"60763e4\" data-element_type=\"container\">\n\t\t\t\t\t<div class=\"e-con-inner\">\n\t\t<div class=\"elementor-element elementor-element-1160419 e-con-full e-flex wd-section-disabled e-con e-child\" data-id=\"1160419\" data-element_type=\"container\">\n\t\t\t\t<div class=\"elementor-element elementor-element-4090a06 elementor-widget elementor-widget-wd_image_or_svg\" data-id=\"4090a06\" data-element_type=\"widget\" data-widget_type=\"wd_image_or_svg.default\">\n\t\t\t\t<div class=\"elementor-widget-container\">\n\t\t\t\n\t\t<div class=\"wd-image text-center\">\n\t\t\t\t\t\t\t\t<img width=\"400\" height=\"400\" src=\"http:\/\/holdingtrade.es\/wp-content\/uploads\/2024\/05\/Site-Sugar-VHP600-2-400x400.jpg\" class=\"attachment-400x400 size-400x400\" alt=\"\" decoding=\"async\" srcset=\"http:\/\/holdingtrade.es\/wp-content\/uploads\/2024\/05\/Site-Sugar-VHP600-2.jpg 400w, http:\/\/holdingtrade.es\/wp-content\/uploads\/2024\/05\/Site-Sugar-VHP600-2-300x300.jpg 300w, http:\/\/holdingtrade.es\/wp-content\/uploads\/2024\/05\/Site-Sugar-VHP600-2-150x150.jpg 150w\" sizes=\"(max-width: 400px) 100vw, 400px\" \/>\t\t\t\t\t<\/div>\n\n\t\t\t\t<\/div>\n\t\t\t\t<\/div>\n\t\t\t\t<\/div>\n\t\t<div class=\"elementor-element elementor-element-24d8a8e e-con-full e-flex wd-section-disabled e-con e-child\" data-id=\"24d8a8e\" data-element_type=\"container\">\n\t\t\t\t<div class=\"elementor-element elementor-element-52c0c06 elementor-widget elementor-widget-wd_text_block\" data-id=\"52c0c06\" data-element_type=\"widget\" data-widget_type=\"wd_text_block.default\">\n\t\t\t\t<div class=\"elementor-widget-container\">\n\t\t\t\t\t<div class=\"wd-text-block reset-last-child text-left\">\n\t\t\t\n\t\t\t<p><strong>VHP 600-1200<\/strong><\/p><p>El az\u00facar VHP que significa Very High Polarization es az\u00facar crudo, menos h\u00famedo y a\u00fan con la capa de miel que recubre el cristal de az\u00facar, por lo que su color se asemeja a la miel.<\/p>\n\t\t\t\t\t<\/div>\n\t\t\t\t<\/div>\n\t\t\t\t<\/div>\n\t\t\t\t<\/div>\n\t\t\t\t\t<\/div>\n\t\t\t\t<\/div>\n\t\t<div class=\"wd-negative-gap elementor-element elementor-element-0ec80db e-flex e-con-boxed wd-section-disabled e-con e-parent\" data-id=\"0ec80db\" data-element_type=\"container\">\n\t\t\t\t\t<div class=\"e-con-inner\">\n\t\t<div class=\"elementor-element elementor-element-a2c3e83 e-con-full e-flex wd-section-disabled e-con e-child\" data-id=\"a2c3e83\" data-element_type=\"container\">\n\t\t\t\t<div class=\"elementor-element elementor-element-d0ae36f elementor-widget elementor-widget-wd_image_or_svg\" data-id=\"d0ae36f\" data-element_type=\"widget\" data-widget_type=\"wd_image_or_svg.default\">\n\t\t\t\t<div class=\"elementor-widget-container\">\n\t\t\t\n\t\t<div class=\"wd-image text-center\">\n\t\t\t\t\t\t\t\t<img loading=\"lazy\" width=\"400\" height=\"400\" src=\"http:\/\/holdingtrade.es\/wp-content\/uploads\/2024\/05\/site-acucar-invertido-400x400.jpg\" class=\"attachment-400x400 size-400x400\" alt=\"\" decoding=\"async\" srcset=\"http:\/\/holdingtrade.es\/wp-content\/uploads\/2024\/05\/site-acucar-invertido.jpg 400w, http:\/\/holdingtrade.es\/wp-content\/uploads\/2024\/05\/site-acucar-invertido-300x300.jpg 300w, http:\/\/holdingtrade.es\/wp-content\/uploads\/2024\/05\/site-acucar-invertido-150x150.jpg 150w\" sizes=\"(max-width: 400px) 100vw, 400px\" \/>\t\t\t\t\t<\/div>\n\n\t\t\t\t<\/div>\n\t\t\t\t<\/div>\n\t\t\t\t<\/div>\n\t\t<div class=\"elementor-element elementor-element-c4a97d6 e-con-full e-flex wd-section-disabled e-con e-child\" data-id=\"c4a97d6\" data-element_type=\"container\">\n\t\t\t\t<div class=\"elementor-element elementor-element-23f6986 elementor-widget elementor-widget-wd_text_block\" data-id=\"23f6986\" data-element_type=\"widget\" data-widget_type=\"wd_text_block.default\">\n\t\t\t\t<div class=\"elementor-widget-container\">\n\t\t\t\t\t<div class=\"wd-text-block reset-last-child text-left\">\n\t\t\t\n\t\t\t<p><strong>AZ\u00daCAR INVERTIDO<\/strong><\/p><p>El az\u00facar com\u00fan, conocido como sacarosa, est\u00e1 formado por mol\u00e9culas de otros dos az\u00facares m\u00e1s simples: glucosa y fructosa. Cuando la sacarosa se mezcla con agua, se produce una reacci\u00f3n qu\u00edmica llamada az\u00facar invertido.<\/p><p>Este az\u00facar es muy utilizado en la elaboraci\u00f3n de dulces y galletas. La aplicaci\u00f3n a caramelos previene la cristalizaci\u00f3n del az\u00facar. La funci\u00f3n del az\u00facar invertido en las galletas es aportar suavidad y color caramelo al producto.<\/p>\n\t\t\t\t\t<\/div>\n\t\t\t\t<\/div>\n\t\t\t\t<\/div>\n\t\t\t\t<\/div>\n\t\t\t\t\t<\/div>\n\t\t\t\t<\/div>\n\t\t\t\t<\/div>\n\t\t","protected":false},"excerpt":{"rendered":"<ul>\n<li>ICUMSA 45<\/li>\n<li>ICUMSA 150<\/li>\n<li>VHP 600-1200<\/li>\n<li>Az\u00facar Invertido<\/li>\n<\/ul>\n<p>Origen &#8211; Brasil<\/p>\n<p>El az\u00facar aparece en el puesto 11 entre los principales productos exportados por Brasil en los \u00faltimos a\u00f1os, el az\u00facar est\u00e1 dentro de la categor\u00eda de productos semimanufacturados.<\/p>\n","protected":false},"featured_media":17692,"template":"","meta":{"_joinchat":[]},"product_cat":[286],"product_tag":[],"_links":{"self":[{"href":"http:\/\/holdingtrade.es\/pt-br\/wp-json\/wp\/v2\/product\/17678"}],"collection":[{"href":"http:\/\/holdingtrade.es\/pt-br\/wp-json\/wp\/v2\/product"}],"about":[{"href":"http:\/\/holdingtrade.es\/pt-br\/wp-json\/wp\/v2\/types\/product"}],"version-history":[{"count":0,"href":"http:\/\/holdingtrade.es\/pt-br\/wp-json\/wp\/v2\/product\/17678\/revisions"}],"wp:featuredmedia":[{"embeddable":true,"href":"http:\/\/holdingtrade.es\/pt-br\/wp-json\/wp\/v2\/media\/17692"}],"wp:attachment":[{"href":"http:\/\/holdingtrade.es\/pt-br\/wp-json\/wp\/v2\/media?parent=17678"}],"wp:term":[{"taxonomy":"product_cat","embeddable":true,"href":"http:\/\/holdingtrade.es\/pt-br\/wp-json\/wp\/v2\/product_cat?post=17678"},{"taxonomy":"product_tag","embeddable":true,"href":"http:\/\/holdingtrade.es\/pt-br\/wp-json\/wp\/v2\/product_tag?post=17678"}],"curies":[{"name":"wp","href":"https:\/\/api.w.org\/{rel}","templated":true}]}}