{"id":15972,"date":"2023-10-10T16:24:29","date_gmt":"2023-10-10T16:24:29","guid":{"rendered":"https:\/\/holdingtrade.es\/producto\/vizar-prestigio-2018-vino-de-pago\/"},"modified":"2024-05-13T02:06:32","modified_gmt":"2024-05-13T02:06:32","slug":"vizar-prestigio-2018-vino-de-pago","status":"publish","type":"product","link":"https:\/\/holdingtrade.es\/en\/producto\/vizar-prestigio-2018-vino-de-pago\/","title":{"rendered":"Vizar Prestigio 2018 Vino De Pago"},"content":{"rendered":"\t\t<div data-elementor-type=\"wp-post\" data-elementor-id=\"15972\" class=\"elementor elementor-15972\" data-elementor-post-type=\"product\">\n\t\t\t\t<div class=\"wd-negative-gap elementor-element elementor-element-7ef83754 e-flex e-con-boxed wd-section-disabled e-con e-parent\" data-id=\"7ef83754\" data-element_type=\"container\">\n\t\t\t\t\t<div class=\"e-con-inner\">\n\t\t\t\t<div class=\"elementor-element elementor-element-27cb925d color-scheme-inherit text-left elementor-widget elementor-widget-text-editor\" data-id=\"27cb925d\" data-element_type=\"widget\" data-widget_type=\"text-editor.default\">\n\t\t\t\t<div class=\"elementor-widget-container\">\n\t\t\t<style>\/*! elementor - v3.22.0 - 26-06-2024 *\/\n.elementor-widget-text-editor.elementor-drop-cap-view-stacked .elementor-drop-cap{background-color:#69727d;color:#fff}.elementor-widget-text-editor.elementor-drop-cap-view-framed .elementor-drop-cap{color:#69727d;border:3px solid;background-color:transparent}.elementor-widget-text-editor:not(.elementor-drop-cap-view-default) .elementor-drop-cap{margin-top:8px}.elementor-widget-text-editor:not(.elementor-drop-cap-view-default) .elementor-drop-cap-letter{width:1em;height:1em}.elementor-widget-text-editor .elementor-drop-cap{float:left;text-align:center;line-height:1;font-size:50px}.elementor-widget-text-editor .elementor-drop-cap-letter{display:inline-block}<\/style>\t\t\t\tAltamente gastron\u00f3mico, el Vizar Prestigio es perfecto para disfrutar de una comida de principio a fin, uno de esos tintos que no defraudan cuando presentados ante un guiso contundente o una carne asada. Un vino de pago proveniente de los vi\u00f1edos ecol\u00f3gicos de la bodega en una denominaci\u00f3n creada muy recientemente, Dehesa Pe\u00f1alba. Sin duda un gran descubrimiento.\t\t\t\t\t\t<\/div>\n\t\t\t\t<\/div>\n\t\t\t\t\t<\/div>\n\t\t\t\t<\/div>\n\t\t<div class=\"wd-negative-gap elementor-element elementor-element-62f06cf9 wd-section-stretch e-flex e-con-boxed e-con e-parent\" data-id=\"62f06cf9\" data-element_type=\"container\" data-settings=\"{&quot;background_background&quot;:&quot;video&quot;,&quot;background_video_link&quot;:&quot;https:\\\/\\\/www.bodegasvizar.es\\\/wp-content\\\/uploads\\\/2023\\\/07\\\/bodegas-Vizar-video-web-V1.mp4&quot;}\">\n\t\t\t\t\t<div class=\"e-con-inner\">\n\t\t<div class=\"elementor-background-video-container elementor-hidden-phone\">\n\t\t\t\t\t\t\t<video class=\"elementor-background-video-hosted elementor-html5-video\" autoplay muted playsinline loop><\/video>\n\t\t\t\t\t<\/div><div class=\"elementor-element elementor-element-2fe519f5 e-con-full e-flex wd-section-disabled e-con e-child\" data-id=\"2fe519f5\" data-element_type=\"container\" data-settings=\"{&quot;background_background&quot;:&quot;classic&quot;}\">\n\t\t\t\t<div class=\"elementor-element elementor-element-64b0601a elementor-widget elementor-widget-image\" data-id=\"64b0601a\" data-element_type=\"widget\" data-widget_type=\"image.default\">\n\t\t\t\t<div class=\"elementor-widget-container\">\n\t\t\t<style>\/*! elementor - v3.22.0 - 26-06-2024 *\/\n.elementor-widget-image{text-align:center}.elementor-widget-image a{display:inline-block}.elementor-widget-image a img[src$=\".svg\"]{width:48px}.elementor-widget-image img{vertical-align:middle;display:inline-block}<\/style>\t\t\t\t\t\t\t\t\t\t<img decoding=\"async\" width=\"320\" height=\"128\" src=\"https:\/\/holdingtrade.es\/wp-content\/uploads\/2023\/10\/Logo-Blanco.png\" class=\"attachment-full size-full wp-image-16102\" alt=\"\" srcset=\"https:\/\/holdingtrade.es\/wp-content\/uploads\/2023\/10\/Logo-Blanco.png 320w, https:\/\/holdingtrade.es\/wp-content\/uploads\/2023\/10\/Logo-Blanco-150x60.png 150w\" sizes=\"(max-width: 320px) 100vw, 320px\" \/>\t\t\t\t\t\t\t\t\t\t\t\t\t<\/div>\n\t\t\t\t<\/div>\n\t\t\t\t<div class=\"elementor-element elementor-element-78aa778e color-scheme-inherit text-left elementor-widget elementor-widget-text-editor\" data-id=\"78aa778e\" data-element_type=\"widget\" data-widget_type=\"text-editor.default\">\n\t\t\t\t<div class=\"elementor-widget-container\">\n\t\t\t\t\t\t\t<p>El c\u00e1lido elixir que nace en nuestra tierra tiene cuerpo y tiene alma. Y acompa\u00f1a en la historia a nuestro hidalgo m\u00e1s universal, sanando sus mortales heridas despu\u00e9s de la batalla. &#8220;La receta del b\u00e1lsamo de Fierabr\u00e1s se compone de aceite, sal, romero y vino&#8221;. En efecto, el microclima de nuestros vi\u00f1edos otorga al Quixote la cualidad de vino de Pago, corroborando las propiedades que ya anunci\u00f3 nuestro admirado Cervantes. A\u00f1o a a\u00f1o nuestra p\u00f3cima culmina el buen hacer de generaciones, que desde mediados del siglo XIX dedicaron sus d\u00edas y sus noches, sus sue\u00f1os y sus desvelos, a envolver nuestras papilas. As\u00ed que cerremos los ojos, brindemos juntos y confundamos a los molinos con gigantes.<\/p>\t\t\t\t\t\t<\/div>\n\t\t\t\t<\/div>\n\t\t\t\t<\/div>\n\t\t\t\t\t<\/div>\n\t\t\t\t<\/div>\n\t\t\t\t<section class=\"elementor-section elementor-top-section elementor-element elementor-element-506d9dfa elementor-section-content-middle elementor-section-full_width wd-section-stretch elementor-section-height-default elementor-section-height-default\" data-id=\"506d9dfa\" data-element_type=\"section\" data-settings=\"{&quot;background_background&quot;:&quot;classic&quot;}\">\n\t\t\t\t\t\t<div class=\"elementor-container elementor-column-gap-default\">\n\t\t\t\t\t<div class=\"elementor-column elementor-col-50 elementor-top-column elementor-element elementor-element-56cf7ce1\" data-id=\"56cf7ce1\" data-element_type=\"column\">\n\t\t\t<div class=\"elementor-widget-wrap elementor-element-populated\">\n\t\t\t\t\t\t<div class=\"elementor-element elementor-element-c59fd43 elementor-widget elementor-widget-wd_video\" data-id=\"c59fd43\" data-element_type=\"widget\" data-widget_type=\"wd_video.default\">\n\t\t\t\t<div class=\"elementor-widget-container\">\n\t\t\t\n\t\t<div class=\"wd-el-video wd-action-without wd-video-youtube\">\n\t\t\t\t\t\t\t<iframe src=\"https:\/\/www.youtube.com\/embed\/JqCR4PLqsvY?feature=oembed&loop=0&mute=0&controls=1\" allowfullscreen allow=\"accelerometer; autoplay; encrypted-media; gyroscope; picture-in-picture\" width=\"100%\" height=\"100%\" loading=\"lazy\"><\/iframe>\t\t\t\n\t\t\t\n\t\t\t\n\t\t\t\t\t<\/div>\n\t\t\t\t<\/div>\n\t\t\t\t<\/div>\n\t\t\t\t\t<\/div>\n\t\t<\/div>\n\t\t\t\t<div class=\"elementor-column elementor-col-50 elementor-top-column elementor-element elementor-element-49a35230 text-center\" data-id=\"49a35230\" data-element_type=\"column\">\n\t\t\t<div class=\"elementor-widget-wrap elementor-element-populated\">\n\t\t\t\t\t\t<div class=\"elementor-element elementor-element-395efb0 elementor-widget elementor-widget-wd_title\" data-id=\"395efb0\" data-element_type=\"widget\" data-widget_type=\"wd_title.default\">\n\t\t\t\t<div class=\"elementor-widget-container\">\n\t\t\t\t\t<div class=\"title-wrapper set-mb-s reset-last-child wd-title-color-default wd-title-style-default wd-title-size-extra-large text-center\">\n\n\t\t\t\n\t\t\t<div class=\"liner-continer\">\n\t\t\t\t<h4 class=\"woodmart-title-container title wd-fontsize-xxxl\">Cata ONLINE<\/h4> \n\t\t\t\t\t\t\t<\/div>\n\n\t\t\t\t\t<\/div>\n\t\t\t\t<\/div>\n\t\t\t\t<\/div>\n\t\t<div class=\"wd-negative-gap elementor-element elementor-element-20790744 e-flex e-con-boxed wd-section-disabled e-con e-parent\" data-id=\"20790744\" data-element_type=\"container\">\n\t\t\t\t\t<div class=\"e-con-inner\">\n\t\t<div class=\"wd-negative-gap elementor-element elementor-element-540e5e8b e-flex e-con-boxed wd-section-disabled e-con e-child\" data-id=\"540e5e8b\" data-element_type=\"container\">\n\t\t\t\t\t<div class=\"e-con-inner\">\n\t\t\t\t<div class=\"elementor-element elementor-element-117472a7 color-scheme-inherit text-left elementor-widget elementor-widget-text-editor\" data-id=\"117472a7\" data-element_type=\"widget\" data-widget_type=\"text-editor.default\">\n\t\t\t\t<div class=\"elementor-widget-container\">\n\t\t\t\t\t\t\t<p><strong>CATA VISUAL<\/strong><\/p><p>Color p\u00farpura, intenso y brillante. Capa alta<\/p>\t\t\t\t\t\t<\/div>\n\t\t\t\t<\/div>\n\t\t\t\t\t<\/div>\n\t\t\t\t<\/div>\n\t\t<div class=\"wd-negative-gap elementor-element elementor-element-6025c8c5 e-flex e-con-boxed wd-section-disabled e-con e-child\" data-id=\"6025c8c5\" data-element_type=\"container\">\n\t\t\t\t\t<div class=\"e-con-inner\">\n\t\t\t\t<div class=\"elementor-element elementor-element-49f63a83 color-scheme-inherit text-left elementor-widget elementor-widget-text-editor\" data-id=\"49f63a83\" data-element_type=\"widget\" data-widget_type=\"text-editor.default\">\n\t\t\t\t<div class=\"elementor-widget-container\">\n\t\t\t\t\t\t\t<p><strong>CATA OLFATIVA:<\/strong><\/p><p>Elegante, compleja y sutil. Notas de fruta negra (ar\u00e1ndano y mora), notas florales (violetas), especiado (pimienta negra y clavo) y toques de regaliz<\/p>\t\t\t\t\t\t<\/div>\n\t\t\t\t<\/div>\n\t\t\t\t\t<\/div>\n\t\t\t\t<\/div>\n\t\t<div class=\"wd-negative-gap elementor-element elementor-element-370f6a4d e-flex e-con-boxed wd-section-disabled e-con e-child\" data-id=\"370f6a4d\" data-element_type=\"container\">\n\t\t\t\t\t<div class=\"e-con-inner\">\n\t\t\t\t<div class=\"elementor-element elementor-element-7df66cd8 color-scheme-inherit text-left elementor-widget elementor-widget-text-editor\" data-id=\"7df66cd8\" data-element_type=\"widget\" data-widget_type=\"text-editor.default\">\n\t\t\t\t<div class=\"elementor-widget-container\">\n\t\t\t\t\t\t\t<p><strong>CATA GUSTATIVA<\/strong>:<\/p><p>Entrada amable con textura aterciopelada, gran armon\u00eda y final persistente. Conjunto muy elegante y sutil. Un vino gastron\u00f3mico singular<\/p>\t\t\t\t\t\t<\/div>\n\t\t\t\t<\/div>\n\t\t\t\t\t<\/div>\n\t\t\t\t<\/div>\n\t\t\t\t\t<\/div>\n\t\t\t\t<\/div>\n\t\t\t\t\t<\/div>\n\t\t<\/div>\n\t\t\t\t\t<\/div>\n\t\t<\/section>\n\t\t<div class=\"wd-negative-gap elementor-element elementor-element-51f8ee40 e-flex e-con-boxed wd-section-disabled e-con e-parent\" data-id=\"51f8ee40\" data-element_type=\"container\">\n\t\t\t\t\t<div class=\"e-con-inner\">\n\t\t\t\t<div class=\"elementor-element elementor-element-3ebe2523 elementor-widget elementor-widget-heading\" data-id=\"3ebe2523\" data-element_type=\"widget\" data-widget_type=\"heading.default\">\n\t\t\t\t<div class=\"elementor-widget-container\">\n\t\t\t<style>\/*! elementor - v3.22.0 - 26-06-2024 *\/\n.elementor-heading-title{padding:0;margin:0;line-height:1}.elementor-widget-heading .elementor-heading-title[class*=elementor-size-]>a{color:inherit;font-size:inherit;line-height:inherit}.elementor-widget-heading .elementor-heading-title.elementor-size-small{font-size:15px}.elementor-widget-heading .elementor-heading-title.elementor-size-medium{font-size:19px}.elementor-widget-heading .elementor-heading-title.elementor-size-large{font-size:29px}.elementor-widget-heading .elementor-heading-title.elementor-size-xl{font-size:39px}.elementor-widget-heading .elementor-heading-title.elementor-size-xxl{font-size:59px}<\/style><h2 class=\"elementor-heading-title elementor-size-default\">PREMIOS<\/h2>\t\t<\/div>\n\t\t\t\t<\/div>\n\t\t\t\t\t<\/div>\n\t\t\t\t<\/div>\n\t\t<div class=\"wd-negative-gap elementor-element elementor-element-1946db54 e-flex e-con-boxed wd-section-disabled e-con e-parent\" data-id=\"1946db54\" data-element_type=\"container\">\n\t\t\t\t\t<div class=\"e-con-inner\">\n\t\t<div class=\"elementor-element elementor-element-7e42cacb e-con-full e-flex wd-section-disabled e-con e-child\" data-id=\"7e42cacb\" data-element_type=\"container\">\n\t\t\t\t<div class=\"elementor-element elementor-element-5cb0ab85 color-scheme-inherit text-left elementor-widget elementor-widget-text-editor\" data-id=\"5cb0ab85\" data-element_type=\"widget\" data-widget_type=\"text-editor.default\">\n\t\t\t\t<div class=\"elementor-widget-container\">\n\t\t\t\t\t\t\t<h4 class=\"elementor-widget-container\">A\u00f1ada 2005<\/h4><p>\u00b7 Medalla de plata \u201cVinalies Internacionales de Par\u00eds\u201d A\u00f1o 2008\u00a0<br \/>\u00b7 Medalla de plata \u201cTempranillos del mundo\u201d A\u00f1o 2008<\/p><h4>A\u00f1ada 2006<\/h4><p>\u00b7 Medalla de plata \u201cTempranillos del mundo\u201d<br \/>A\u00f1o 2008 \u00a0<br \/>\u00b7 Medalla de plata \u201cMondial de Bruxelles\u201d \u00b7 A\u00f1o 2009\u00a0<br \/>\u00b7 Medalla de oro \u201cMondial de Bruxelles\u201d \u00b7 A\u00f1o 2009<\/p>\t\t\t\t\t\t<\/div>\n\t\t\t\t<\/div>\n\t\t\t\t<\/div>\n\t\t<div class=\"elementor-element elementor-element-54edfc6a e-con-full e-flex wd-section-disabled e-con e-child\" data-id=\"54edfc6a\" data-element_type=\"container\">\n\t\t\t\t<div class=\"elementor-element elementor-element-367c28a1 color-scheme-inherit text-left elementor-widget elementor-widget-text-editor\" data-id=\"367c28a1\" data-element_type=\"widget\" data-widget_type=\"text-editor.default\">\n\t\t\t\t<div class=\"elementor-widget-container\">\n\t\t\t\t\t\t\t<h4>A\u00f1ada 2007<\/h4><p>\u00b7 Medalla de plata en \u201cTerravino\u201d Israel \u00b7 A\u00f1o 2010\u00a0<br \/>\u00b7 Medalla de plata \u201cVinalies Internacionales de Par\u00eds\u201d<br \/>A\u00f1o 2011\u00a0<br \/>\u00b7 Medalla de plata \u201cInter. Wine Challenge\u201d \u00b7 A\u00f1o 2014\u00a0<\/p><h4 class=\"elementor-widget-container\">A\u00f1ada 2008<\/h4><p>\u00b7 Bacchus de Oro \u00b7 A\u00f1o 2008<\/p><h4>A\u00f1ada 2009<\/h4><p>\u00b7 Bacchus de Oro \u00b7 A\u00f1o 2014\u00a0<br \/>\u00b7 Medalla de Plata \u201cInternational Wine Challenge\u201d<br \/>A\u00f1o 2014<\/p><p>\u00a0<\/p>\t\t\t\t\t\t<\/div>\n\t\t\t\t<\/div>\n\t\t\t\t<\/div>\n\t\t<div class=\"elementor-element elementor-element-717a077 e-con-full e-flex wd-section-disabled e-con e-child\" data-id=\"717a077\" data-element_type=\"container\">\n\t\t\t\t<div class=\"elementor-element elementor-element-113327df color-scheme-inherit text-left elementor-widget elementor-widget-text-editor\" data-id=\"113327df\" data-element_type=\"widget\" data-widget_type=\"text-editor.default\">\n\t\t\t\t<div class=\"elementor-widget-container\">\n\t\t\t\t\t\t\t<h4>A\u00f1ada 2015<\/h4><p>\u00b7 James Suckling: 91 puntos \u00b7 A\u00f1o 2018<\/p><h4 class=\"elementor-widget-container\">A\u00f1ada 2018<\/h4><p>\u00b7 Medalla de oro en Premios Zarcillo \u00b7 A\u00f1o 2021<br \/>\u00b7 Medalla de oro en Premios Ecovino \u00b7 A\u00f1o 2022<br \/>\u00b7 Bacchus de oro \u00b7 A\u00f1o 2023<\/p>\t\t\t\t\t\t<\/div>\n\t\t\t\t<\/div>\n\t\t\t\t<\/div>\n\t\t\t\t\t<\/div>\n\t\t\t\t<\/div>\n\t\t\t\t<\/div>\n\t\t","protected":false},"excerpt":{"rendered":"<p><img decoding=\"async\" class=\"alignnone size-full wp-image-16376\" src=\"http:\/\/holdingtrade.es\/wp-content\/uploads\/2023\/10\/Prestigio-Bodegas-Vizar.png\" alt=\"\" width=\"276\" height=\"100\" srcset=\"https:\/\/holdingtrade.es\/wp-content\/uploads\/2023\/10\/Prestigio-Bodegas-Vizar.png 276w, https:\/\/holdingtrade.es\/wp-content\/uploads\/2023\/10\/Prestigio-Bodegas-Vizar-150x54.png 150w\" sizes=\"(max-width: 276px) 100vw, 276px\" \/><\/p>\n<p><strong>Variedades:<\/strong>\u00a0Syrah, Merlot, Tempranillo, Cabernet Sauvignon<br \/>\n<strong>Grado Alcoh\u00f3lico:<\/strong>\u00a014%<br \/>\n<strong>Temperatura de servir<\/strong>: 16 -18 \u00baC<br \/>\n<strong>Elaboraci\u00f3n:<\/strong>\u00a0en dep\u00f3sito de acero inoxidable de 140 hl.<br \/>\n<strong>Crianza:<\/strong>\u00a012 meses en barrica de roble franc\u00e9s<\/p>\n<p><img decoding=\"async\" class=\"alignnone size-full wp-image-16412\" src=\"http:\/\/holdingtrade.es\/wp-content\/uploads\/2023\/10\/Sello-Vino-de-Pago-Dehesa-Penalba-1t3.png\" alt=\"\" width=\"149\" height=\"150\" \/><\/p>\n<style>\n.product-design-default .entry-summary:not(.col-lg-4) .wd-product-brands a {<br \/>    background-color: #000;<br \/>}<br \/><\/style>\n","protected":false},"featured_media":16059,"template":"","meta":{"_joinchat":[]},"product_cat":[32],"product_tag":[],"_links":{"self":[{"href":"https:\/\/holdingtrade.es\/en\/wp-json\/wp\/v2\/product\/15972"}],"collection":[{"href":"https:\/\/holdingtrade.es\/en\/wp-json\/wp\/v2\/product"}],"about":[{"href":"https:\/\/holdingtrade.es\/en\/wp-json\/wp\/v2\/types\/product"}],"version-history":[{"count":0,"href":"https:\/\/holdingtrade.es\/en\/wp-json\/wp\/v2\/product\/15972\/revisions"}],"wp:featuredmedia":[{"embeddable":true,"href":"https:\/\/holdingtrade.es\/en\/wp-json\/wp\/v2\/media\/16059"}],"wp:attachment":[{"href":"https:\/\/holdingtrade.es\/en\/wp-json\/wp\/v2\/media?parent=15972"}],"wp:term":[{"taxonomy":"product_cat","embeddable":true,"href":"https:\/\/holdingtrade.es\/en\/wp-json\/wp\/v2\/product_cat?post=15972"},{"taxonomy":"product_tag","embeddable":true,"href":"https:\/\/holdingtrade.es\/en\/wp-json\/wp\/v2\/product_tag?post=15972"}],"curies":[{"name":"wp","href":"https:\/\/api.w.org\/{rel}","templated":true}]}}