{"id":15974,"date":"2023-10-10T16:24:29","date_gmt":"2023-10-10T16:24:29","guid":{"rendered":"https:\/\/holdingtrade.es\/producto\/vizar-seleccion-especial-2019-vino-de-pago\/"},"modified":"2024-05-18T03:22:23","modified_gmt":"2024-05-18T03:22:23","slug":"vizar-seleccion-especial-2019-vino-de-pago","status":"publish","type":"product","link":"https:\/\/holdingtrade.es\/en\/producto\/vizar-seleccion-especial-2019-vino-de-pago\/","title":{"rendered":"Vizar Selecci\u00f3n Especial 2019 Vino De Pago"},"content":{"rendered":"\t\t<div data-elementor-type=\"wp-post\" data-elementor-id=\"15974\" class=\"elementor elementor-15974\" data-elementor-post-type=\"product\">\n\t\t\t\t<div class=\"wd-negative-gap elementor-element elementor-element-2e3926a0 wd-section-stretch e-flex e-con-boxed e-con e-parent\" data-id=\"2e3926a0\" data-element_type=\"container\" data-settings=\"{&quot;background_background&quot;:&quot;video&quot;,&quot;background_video_link&quot;:&quot;https:\\\/\\\/www.bodegasvizar.es\\\/wp-content\\\/uploads\\\/2023\\\/07\\\/bodegas-Vizar-video-web-V1.mp4&quot;}\">\n\t\t\t\t\t<div class=\"e-con-inner\">\n\t\t<div class=\"elementor-background-video-container elementor-hidden-phone\">\n\t\t\t\t\t\t\t<video class=\"elementor-background-video-hosted elementor-html5-video\" autoplay muted playsinline loop><\/video>\n\t\t\t\t\t<\/div><div class=\"elementor-element elementor-element-62540444 e-con-full e-flex wd-section-disabled e-con e-child\" data-id=\"62540444\" data-element_type=\"container\" data-settings=\"{&quot;background_background&quot;:&quot;classic&quot;}\">\n\t\t\t\t<div class=\"elementor-element elementor-element-2c19a1f7 elementor-widget elementor-widget-image\" data-id=\"2c19a1f7\" data-element_type=\"widget\" data-widget_type=\"image.default\">\n\t\t\t\t<div class=\"elementor-widget-container\">\n\t\t\t<style>\/*! elementor - v3.22.0 - 26-06-2024 *\/\n.elementor-widget-image{text-align:center}.elementor-widget-image a{display:inline-block}.elementor-widget-image a img[src$=\".svg\"]{width:48px}.elementor-widget-image img{vertical-align:middle;display:inline-block}<\/style>\t\t\t\t\t\t\t\t\t\t<img decoding=\"async\" width=\"320\" height=\"128\" src=\"https:\/\/holdingtrade.es\/wp-content\/uploads\/2023\/10\/Logo-Blanco.png\" class=\"attachment-full size-full wp-image-16102\" alt=\"\" srcset=\"https:\/\/holdingtrade.es\/wp-content\/uploads\/2023\/10\/Logo-Blanco.png 320w, https:\/\/holdingtrade.es\/wp-content\/uploads\/2023\/10\/Logo-Blanco-150x60.png 150w\" sizes=\"(max-width: 320px) 100vw, 320px\" \/>\t\t\t\t\t\t\t\t\t\t\t\t\t<\/div>\n\t\t\t\t<\/div>\n\t\t\t\t<div class=\"elementor-element elementor-element-143cb7f7 color-scheme-inherit text-left elementor-widget elementor-widget-text-editor\" data-id=\"143cb7f7\" data-element_type=\"widget\" data-widget_type=\"text-editor.default\">\n\t\t\t\t<div class=\"elementor-widget-container\">\n\t\t\t<style>\/*! elementor - v3.22.0 - 26-06-2024 *\/\n.elementor-widget-text-editor.elementor-drop-cap-view-stacked .elementor-drop-cap{background-color:#69727d;color:#fff}.elementor-widget-text-editor.elementor-drop-cap-view-framed .elementor-drop-cap{color:#69727d;border:3px solid;background-color:transparent}.elementor-widget-text-editor:not(.elementor-drop-cap-view-default) .elementor-drop-cap{margin-top:8px}.elementor-widget-text-editor:not(.elementor-drop-cap-view-default) .elementor-drop-cap-letter{width:1em;height:1em}.elementor-widget-text-editor .elementor-drop-cap{float:left;text-align:center;line-height:1;font-size:50px}.elementor-widget-text-editor .elementor-drop-cap-letter{display:inline-block}<\/style>\t\t\t\t<p>El c\u00e1lido elixir que nace en nuestra tierra tiene cuerpo y tiene alma. Y acompa\u00f1a en la historia a nuestro hidalgo m\u00e1s universal, sanando sus mortales heridas despu\u00e9s de la batalla. &#8220;La receta del b\u00e1lsamo de Fierabr\u00e1s se compone de aceite, sal, romero y vino&#8221;. En efecto, el microclima de nuestros vi\u00f1edos otorga al Quixote la cualidad de vino de Pago, corroborando las propiedades que ya anunci\u00f3 nuestro admirado Cervantes. A\u00f1o a a\u00f1o nuestra p\u00f3cima culmina el buen hacer de generaciones, que desde mediados del siglo XIX dedicaron sus d\u00edas y sus noches, sus sue\u00f1os y sus desvelos, a envolver nuestras papilas. As\u00ed que cerremos los ojos, brindemos juntos y confundamos a los molinos con gigantes.<\/p>\t\t\t\t\t\t<\/div>\n\t\t\t\t<\/div>\n\t\t\t\t<\/div>\n\t\t\t\t\t<\/div>\n\t\t\t\t<\/div>\n\t\t<div class=\"wd-negative-gap elementor-element elementor-element-46d4c95a e-flex e-con-boxed wd-section-disabled e-con e-parent\" data-id=\"46d4c95a\" data-element_type=\"container\">\n\t\t\t\t\t<div class=\"e-con-inner\">\n\t\t\t\t<div class=\"elementor-element elementor-element-bf26244 elementor-widget elementor-widget-wd_title\" data-id=\"bf26244\" data-element_type=\"widget\" data-widget_type=\"wd_title.default\">\n\t\t\t\t<div class=\"elementor-widget-container\">\n\t\t\t\t\t<div class=\"title-wrapper set-mb-s reset-last-child wd-title-color-default wd-title-style-default wd-title-size-large text-center\">\n\n\t\t\t\n\t\t\t<div class=\"liner-continer\">\n\t\t\t\t<h4 class=\"woodmart-title-container title wd-fontsize-xxl\">Informaci\u00f3n del Producto<\/h4> \n\t\t\t\t\t\t\t<\/div>\n\n\t\t\t\t\t<\/div>\n\t\t\t\t<\/div>\n\t\t\t\t<\/div>\n\t\t\t\t<div class=\"elementor-element elementor-element-eb53ef5 color-scheme-inherit text-left elementor-widget elementor-widget-text-editor\" data-id=\"eb53ef5\" data-element_type=\"widget\" data-widget_type=\"text-editor.default\">\n\t\t\t\t<div class=\"elementor-widget-container\">\n\t\t\t\t\t\t\tRecientemente en plena Milla de Oro se ha creado la denominaci\u00f3n Dehesa Pe\u00f1alba, un pago \u00fanico y singular en el que el r\u00edo Duero y un pinar centenario act\u00faan como agentes delimitadores del territorio a la vez que ayudan a favorecer una oscilaci\u00f3n t\u00e9rmica suave en medio de un clima continental extremo. Este es el vi\u00f1edo del que provienen una Tempranillo y una Syrah ecol\u00f3gicas, que nos ofrecen aromas complejos y sutiles donde regaliz, chocolate y fruta madura son las protagonistas de este vino de Vizar.\t\t\t\t\t\t<\/div>\n\t\t\t\t<\/div>\n\t\t\t\t<div class=\"elementor-element elementor-element-299e706 color-scheme-inherit text-left elementor-widget elementor-widget-text-editor\" data-id=\"299e706\" data-element_type=\"widget\" data-widget_type=\"text-editor.default\">\n\t\t\t\t<div class=\"elementor-widget-container\">\n\t\t\t\t\t\t\tLa Syrah que encontramos en el pago de Dehesa Pe\u00f1alba crece en vi\u00f1edos cultivados con m\u00e9todos sostenibles, y una atenci\u00f3n m\u00e1xima a su cuidado que se traslada a su posterior vinificaci\u00f3n. Tras 16 meses en barrica francesa, y las manos m\u00e1gicas de Vizar, es un tinto poderoso, lleno de matices t\u00edpicos de su variedad. Complejo, con frutos negros tipo grosella y mora, adem\u00e1s de infinitos matices especiados. Una delicia de la que disfrutar pausadamente.\t\t\t\t\t\t<\/div>\n\t\t\t\t<\/div>\n\t\t\t\t\t<\/div>\n\t\t\t\t<\/div>\n\t\t\t\t<section class=\"elementor-section elementor-top-section elementor-element elementor-element-3a2138c9 elementor-section-content-middle elementor-section-full_width wd-section-stretch elementor-section-height-default elementor-section-height-default\" data-id=\"3a2138c9\" data-element_type=\"section\" data-settings=\"{&quot;background_background&quot;:&quot;classic&quot;}\">\n\t\t\t\t\t\t<div class=\"elementor-container elementor-column-gap-default\">\n\t\t\t\t\t<div class=\"elementor-column elementor-col-50 elementor-top-column elementor-element elementor-element-7c4c58fe\" data-id=\"7c4c58fe\" data-element_type=\"column\">\n\t\t\t<div class=\"elementor-widget-wrap elementor-element-populated\">\n\t\t\t\t\t\t<div class=\"elementor-element elementor-element-9f9ccf9 elementor-widget elementor-widget-wd_video\" data-id=\"9f9ccf9\" data-element_type=\"widget\" data-widget_type=\"wd_video.default\">\n\t\t\t\t<div class=\"elementor-widget-container\">\n\t\t\t\n\t\t<div class=\"wd-el-video wd-action-without wd-video-youtube\">\n\t\t\t\t\t\t\t<iframe src=\"https:\/\/www.youtube.com\/embed\/zevb9XmmLAE?feature=oembed&loop=0&mute=0&controls=1\" allowfullscreen allow=\"accelerometer; autoplay; encrypted-media; gyroscope; picture-in-picture\" width=\"100%\" height=\"100%\" loading=\"lazy\"><\/iframe>\t\t\t\n\t\t\t\n\t\t\t\n\t\t\t\t\t<\/div>\n\t\t\t\t<\/div>\n\t\t\t\t<\/div>\n\t\t\t\t\t<\/div>\n\t\t<\/div>\n\t\t\t\t<div class=\"elementor-column elementor-col-50 elementor-top-column elementor-element elementor-element-127ca93c text-center\" data-id=\"127ca93c\" data-element_type=\"column\">\n\t\t\t<div class=\"elementor-widget-wrap elementor-element-populated\">\n\t\t\t\t\t\t<div class=\"elementor-element elementor-element-7cc6a810 elementor-widget elementor-widget-wd_title\" data-id=\"7cc6a810\" data-element_type=\"widget\" data-widget_type=\"wd_title.default\">\n\t\t\t\t<div class=\"elementor-widget-container\">\n\t\t\t\t\t<div class=\"title-wrapper set-mb-s reset-last-child wd-title-color-default wd-title-style-default wd-title-size-extra-large text-center\">\n\n\t\t\t\n\t\t\t<div class=\"liner-continer\">\n\t\t\t\t<h4 class=\"woodmart-title-container title wd-fontsize-xxxl\">Cata ONLINE<\/h4> \n\t\t\t\t\t\t\t<\/div>\n\n\t\t\t\t\t<\/div>\n\t\t\t\t<\/div>\n\t\t\t\t<\/div>\n\t\t<div class=\"wd-negative-gap elementor-element elementor-element-41c69e44 e-flex e-con-boxed wd-section-disabled e-con e-parent\" data-id=\"41c69e44\" data-element_type=\"container\">\n\t\t\t\t\t<div class=\"e-con-inner\">\n\t\t<div class=\"wd-negative-gap elementor-element elementor-element-3b0188ac e-flex e-con-boxed wd-section-disabled e-con e-child\" data-id=\"3b0188ac\" data-element_type=\"container\">\n\t\t\t\t\t<div class=\"e-con-inner\">\n\t\t\t\t<div class=\"elementor-element elementor-element-7a3430cc color-scheme-inherit text-left elementor-widget elementor-widget-text-editor\" data-id=\"7a3430cc\" data-element_type=\"widget\" data-widget_type=\"text-editor.default\">\n\t\t\t\t<div class=\"elementor-widget-container\">\n\t\t\t\t\t\t\t<p><strong>CATA VISUAL<\/strong><\/p><p>Color guinda, intenso y brillante. Capa alta<\/p>\t\t\t\t\t\t<\/div>\n\t\t\t\t<\/div>\n\t\t\t\t\t<\/div>\n\t\t\t\t<\/div>\n\t\t<div class=\"wd-negative-gap elementor-element elementor-element-142bb0b7 e-flex e-con-boxed wd-section-disabled e-con e-child\" data-id=\"142bb0b7\" data-element_type=\"container\">\n\t\t\t\t\t<div class=\"e-con-inner\">\n\t\t\t\t<div class=\"elementor-element elementor-element-281cc7bd color-scheme-inherit text-left elementor-widget elementor-widget-text-editor\" data-id=\"281cc7bd\" data-element_type=\"widget\" data-widget_type=\"text-editor.default\">\n\t\t\t\t<div class=\"elementor-widget-container\">\n\t\t\t\t\t\t\t<p><strong>CATA OLFATIVA:<\/strong><\/p><p>Compleja e intensa. Destacan los cueros, cacao, fondo de chocolates y mezcla de fruta madura con regaliz<\/p>\t\t\t\t\t\t<\/div>\n\t\t\t\t<\/div>\n\t\t\t\t\t<\/div>\n\t\t\t\t<\/div>\n\t\t<div class=\"wd-negative-gap elementor-element elementor-element-27f73864 e-flex e-con-boxed wd-section-disabled e-con e-child\" data-id=\"27f73864\" data-element_type=\"container\">\n\t\t\t\t\t<div class=\"e-con-inner\">\n\t\t\t\t<div class=\"elementor-element elementor-element-b7d0047 color-scheme-inherit text-left elementor-widget elementor-widget-text-editor\" data-id=\"b7d0047\" data-element_type=\"widget\" data-widget_type=\"text-editor.default\">\n\t\t\t\t<div class=\"elementor-widget-container\">\n\t\t\t\t\t\t\t<p><strong>CATA GUSTATIVA<\/strong>:<\/p><p>Textura aterciopelada y taninos integrados. Perfecta acidez que conlleva larga vida en el tiempo y buena evoluci\u00f3n. En el post-gusto, nos encontramos con un vino sabroso, con recuerdos bals\u00e1micos, finas hierbas y, sobre todo, porte elegante y persistente<\/p>\t\t\t\t\t\t<\/div>\n\t\t\t\t<\/div>\n\t\t\t\t\t<\/div>\n\t\t\t\t<\/div>\n\t\t\t\t\t<\/div>\n\t\t\t\t<\/div>\n\t\t\t\t\t<\/div>\n\t\t<\/div>\n\t\t\t\t\t<\/div>\n\t\t<\/section>\n\t\t<div class=\"wd-negative-gap elementor-element elementor-element-6c483de8 e-flex e-con-boxed wd-section-disabled e-con e-parent\" data-id=\"6c483de8\" data-element_type=\"container\">\n\t\t\t\t\t<div class=\"e-con-inner\">\n\t\t\t\t<div class=\"elementor-element elementor-element-32941ff1 elementor-widget elementor-widget-heading\" data-id=\"32941ff1\" data-element_type=\"widget\" data-widget_type=\"heading.default\">\n\t\t\t\t<div class=\"elementor-widget-container\">\n\t\t\t<style>\/*! elementor - v3.22.0 - 26-06-2024 *\/\n.elementor-heading-title{padding:0;margin:0;line-height:1}.elementor-widget-heading .elementor-heading-title[class*=elementor-size-]>a{color:inherit;font-size:inherit;line-height:inherit}.elementor-widget-heading .elementor-heading-title.elementor-size-small{font-size:15px}.elementor-widget-heading .elementor-heading-title.elementor-size-medium{font-size:19px}.elementor-widget-heading .elementor-heading-title.elementor-size-large{font-size:29px}.elementor-widget-heading .elementor-heading-title.elementor-size-xl{font-size:39px}.elementor-widget-heading .elementor-heading-title.elementor-size-xxl{font-size:59px}<\/style><h2 class=\"elementor-heading-title elementor-size-default\">PREMIOS<\/h2>\t\t<\/div>\n\t\t\t\t<\/div>\n\t\t\t\t\t<\/div>\n\t\t\t\t<\/div>\n\t\t<div class=\"wd-negative-gap elementor-element elementor-element-3f69cfcb e-flex e-con-boxed wd-section-disabled e-con e-parent\" data-id=\"3f69cfcb\" data-element_type=\"container\">\n\t\t\t\t\t<div class=\"e-con-inner\">\n\t\t<div class=\"elementor-element elementor-element-7eea693a e-con-full e-flex wd-section-disabled e-con e-child\" data-id=\"7eea693a\" data-element_type=\"container\">\n\t\t\t\t<div class=\"elementor-element elementor-element-56636e98 color-scheme-inherit text-left elementor-widget elementor-widget-text-editor\" data-id=\"56636e98\" data-element_type=\"widget\" data-widget_type=\"text-editor.default\">\n\t\t\t\t<div class=\"elementor-widget-container\">\n\t\t\t\t\t\t\t<h4 class=\"elementor-widget-container\">A\u00f1ada 2005<\/h4><p>\u00b7 Bacchus de plata \u00b7 A\u00f1o 2008<\/p><h4>A\u00f1ada 2006<\/h4><p>\u00b7 Bacchus de oro \u00b7 A\u00f1o 2008\u00a0<br \/>\u00b7 Medalla de plata \u201cMondial de Canad\u00e1\u201d \u00b7 A\u00f1o 2008\u00a0<br \/>\u00b7 Medalla de oro en \u201cTerravino\u201d Israel \u00b7 A\u00f1o 2008<\/p><h4>A\u00f1ada 2007<\/h4><p>\u00b7 Medalla de Doble oro en \u201cTerravino\u201d Israel \u00b7 A\u00f1o 2009\u00a0<br \/>\u00b7 Champion country Spain en \u201cTerravino\u201d Israel \u00b7 A\u00f1o 2009<\/p><h4>A\u00f1ada 2009<\/h4><p>\u00b7 Medalla de Doble oro en \u201cTerravino\u201d Israel \u00b7 A\u00f1o 2011\u00a0<br \/>(Champion country of Spain)\u00a0<br \/>\u00b7 Medalla de plata \u201cMondial de Bruxelles \u00a0<br \/>\u00b7 Wine Enthusiast (2015): 91 puntos\u00a0<br \/>\u00b7 Gu\u00eda Pe\u00f1\u00edn (2017): 93 puntos\u00a0<\/p>\t\t\t\t\t\t<\/div>\n\t\t\t\t<\/div>\n\t\t\t\t<\/div>\n\t\t<div class=\"elementor-element elementor-element-1cb3cf3c e-con-full e-flex wd-section-disabled e-con e-child\" data-id=\"1cb3cf3c\" data-element_type=\"container\">\n\t\t\t\t<div class=\"elementor-element elementor-element-26c15c54 color-scheme-inherit text-left elementor-widget elementor-widget-text-editor\" data-id=\"26c15c54\" data-element_type=\"widget\" data-widget_type=\"text-editor.default\">\n\t\t\t\t<div class=\"elementor-widget-container\">\n\t\t\t\t\t\t\t<h4 class=\"elementor-widget-container\">A\u00f1ada 2010<\/h4><p>\u00b7 Medalla de oro en \u201cTerravino\u201d Israel \u00b7 A\u00f1o 2015\u00a0<br \/>\u00b7 Medalla de oro \u201cMondial de Bruxelles\u201d \u00b7 A\u00f1o 2018<\/p><h4>A\u00f1ada 2011<\/h4><p>\u00b7 Medalla de plata \u201cMondial de Bruxelles \u00b7 A\u00f1o 2019\u00a0<br \/>\u00b7 James Suckling: 91 puntos. A\u00f1o 2019<\/p><h4>A\u00f1ada 2017<\/h4><p>\u00b7 Medalla de bronce \u201cDecanter\u201d \u00b7 A\u00f1o 2020 \u00a0<br \/>\u00b7 Medalla Oro- Asia Wine Trophy \u00b7 A\u00f1o 2020<br \/>\u00b7 Gu\u00eda Pe\u00f1\u00edn: 92 puntos \u00b7 A\u00f1o 2022<\/p><h4 class=\"elementor-widget-container\">A\u00f1ada 2019<\/h4><p>\u00b7 Bacchus de Plata \u00b7 A\u00f1o 2023<br \/>\u00b7 Medalla de oro \u201cMondial de Bruxelles\u201d \u00b7 A\u00f1o 2023<\/p>\t\t\t\t\t\t<\/div>\n\t\t\t\t<\/div>\n\t\t\t\t<\/div>\n\t\t\t\t\t<\/div>\n\t\t\t\t<\/div>\n\t\t\t\t<\/div>\n\t\t","protected":false},"excerpt":{"rendered":"<p><img decoding=\"async\" class=\"alignnone size-medium wp-image-16371\" src=\"http:\/\/holdingtrade.es\/wp-content\/uploads\/2023\/10\/Seleccion-Especial-Bodegas-Vizar-400x71.png\" alt=\"\" width=\"400\" height=\"71\" srcset=\"https:\/\/holdingtrade.es\/wp-content\/uploads\/2023\/10\/Seleccion-Especial-Bodegas-Vizar-400x71.png 400w, https:\/\/holdingtrade.es\/wp-content\/uploads\/2023\/10\/Seleccion-Especial-Bodegas-Vizar-150x27.png 150w, https:\/\/holdingtrade.es\/wp-content\/uploads\/2023\/10\/Seleccion-Especial-Bodegas-Vizar.png 565w\" sizes=\"(max-width: 400px) 100vw, 400px\" \/><\/p>\n<p><strong>Variedades:<\/strong>\u00a0Tempranillo y Syrah<br \/>\n<strong>Grado Alcoh\u00f3lico:<\/strong>\u00a014\u20195%<br \/>\n<strong>Temperatura de servir:<\/strong>\u00a016 \u2013 18\u00baC<br \/>\n<strong>Elaboraci\u00f3n:<\/strong>\u00a0en dep\u00f3sito de acero inoxidable de 140 hl. y en barricas de 225 L francesas<br \/>\n<strong>Crianza:<\/strong>\u00a020 meses en barrica de roble franc\u00e9s<\/p>\n<p><strong><img decoding=\"async\" class=\"wp-image-201 alignnone size-full\" src=\"https:\/\/www.bodegasvizar.es\/wp-content\/uploads\/2023\/05\/Vizar-ecologico-1.png\" alt=\"\" width=\"14\" height=\"20\" \/>\u00a0Ecol\u00f3gico<\/strong><br \/>\nContiene sulfitos<\/p>\n<p><img loading=\"lazy\" decoding=\"async\" class=\"alignnone size-full wp-image-16412\" src=\"http:\/\/holdingtrade.es\/wp-content\/uploads\/2023\/10\/Sello-Vino-de-Pago-Dehesa-Penalba-1t3.png\" alt=\"\" width=\"149\" height=\"150\" \/><\/p>\n<style>\n.product-design-default .entry-summary:not(.col-lg-4) .wd-product-brands a {<br \/>    background-color: #000;<br \/>}<br \/><\/style>\n","protected":false},"featured_media":16060,"template":"","meta":{"_joinchat":[]},"product_cat":[32],"product_tag":[],"_links":{"self":[{"href":"https:\/\/holdingtrade.es\/en\/wp-json\/wp\/v2\/product\/15974"}],"collection":[{"href":"https:\/\/holdingtrade.es\/en\/wp-json\/wp\/v2\/product"}],"about":[{"href":"https:\/\/holdingtrade.es\/en\/wp-json\/wp\/v2\/types\/product"}],"version-history":[{"count":0,"href":"https:\/\/holdingtrade.es\/en\/wp-json\/wp\/v2\/product\/15974\/revisions"}],"wp:featuredmedia":[{"embeddable":true,"href":"https:\/\/holdingtrade.es\/en\/wp-json\/wp\/v2\/media\/16060"}],"wp:attachment":[{"href":"https:\/\/holdingtrade.es\/en\/wp-json\/wp\/v2\/media?parent=15974"}],"wp:term":[{"taxonomy":"product_cat","embeddable":true,"href":"https:\/\/holdingtrade.es\/en\/wp-json\/wp\/v2\/product_cat?post=15974"},{"taxonomy":"product_tag","embeddable":true,"href":"https:\/\/holdingtrade.es\/en\/wp-json\/wp\/v2\/product_tag?post=15974"}],"curies":[{"name":"wp","href":"https:\/\/api.w.org\/{rel}","templated":true}]}}