{"id":15976,"date":"2023-10-10T16:24:29","date_gmt":"2023-10-10T16:24:29","guid":{"rendered":"https:\/\/holdingtrade.es\/producto\/vizar-syrah-vino-de-pago\/"},"modified":"2024-05-18T03:20:45","modified_gmt":"2024-05-18T03:20:45","slug":"vizar-syrah-vino-de-pago","status":"publish","type":"product","link":"https:\/\/holdingtrade.es\/en\/producto\/vizar-syrah-vino-de-pago\/","title":{"rendered":"Vizar Syrah Vino De Pago"},"content":{"rendered":"\t\t<div data-elementor-type=\"wp-post\" data-elementor-id=\"15976\" class=\"elementor elementor-15976\" data-elementor-post-type=\"product\">\n\t\t\t\t<div class=\"wd-negative-gap elementor-element elementor-element-59070717 wd-section-stretch e-flex e-con-boxed e-con e-parent\" data-id=\"59070717\" data-element_type=\"container\" data-settings=\"{&quot;background_background&quot;:&quot;video&quot;,&quot;background_video_link&quot;:&quot;https:\\\/\\\/www.bodegasvizar.es\\\/wp-content\\\/uploads\\\/2023\\\/07\\\/bodegas-Vizar-video-web-V1.mp4&quot;}\">\n\t\t\t\t\t<div class=\"e-con-inner\">\n\t\t<div class=\"elementor-background-video-container elementor-hidden-phone\">\n\t\t\t\t\t\t\t<video class=\"elementor-background-video-hosted elementor-html5-video\" autoplay muted playsinline loop><\/video>\n\t\t\t\t\t<\/div><div class=\"elementor-element elementor-element-4414244 e-con-full e-flex wd-section-disabled e-con e-child\" data-id=\"4414244\" data-element_type=\"container\" data-settings=\"{&quot;background_background&quot;:&quot;classic&quot;}\">\n\t\t\t\t<div class=\"elementor-element elementor-element-90387dd elementor-widget elementor-widget-image\" data-id=\"90387dd\" data-element_type=\"widget\" data-widget_type=\"image.default\">\n\t\t\t\t<div class=\"elementor-widget-container\">\n\t\t\t<style>\/*! elementor - v3.22.0 - 26-06-2024 *\/\n.elementor-widget-image{text-align:center}.elementor-widget-image a{display:inline-block}.elementor-widget-image a img[src$=\".svg\"]{width:48px}.elementor-widget-image img{vertical-align:middle;display:inline-block}<\/style>\t\t\t\t\t\t\t\t\t\t<img decoding=\"async\" width=\"320\" height=\"128\" src=\"https:\/\/holdingtrade.es\/wp-content\/uploads\/2023\/10\/Logo-Blanco.png\" class=\"attachment-full size-full wp-image-16102\" alt=\"\" srcset=\"https:\/\/holdingtrade.es\/wp-content\/uploads\/2023\/10\/Logo-Blanco.png 320w, https:\/\/holdingtrade.es\/wp-content\/uploads\/2023\/10\/Logo-Blanco-150x60.png 150w\" sizes=\"(max-width: 320px) 100vw, 320px\" \/>\t\t\t\t\t\t\t\t\t\t\t\t\t<\/div>\n\t\t\t\t<\/div>\n\t\t\t\t<div class=\"elementor-element elementor-element-330a50 color-scheme-inherit text-left elementor-widget elementor-widget-text-editor\" data-id=\"330a50\" data-element_type=\"widget\" data-widget_type=\"text-editor.default\">\n\t\t\t\t<div class=\"elementor-widget-container\">\n\t\t\t<style>\/*! elementor - v3.22.0 - 26-06-2024 *\/\n.elementor-widget-text-editor.elementor-drop-cap-view-stacked .elementor-drop-cap{background-color:#69727d;color:#fff}.elementor-widget-text-editor.elementor-drop-cap-view-framed .elementor-drop-cap{color:#69727d;border:3px solid;background-color:transparent}.elementor-widget-text-editor:not(.elementor-drop-cap-view-default) .elementor-drop-cap{margin-top:8px}.elementor-widget-text-editor:not(.elementor-drop-cap-view-default) .elementor-drop-cap-letter{width:1em;height:1em}.elementor-widget-text-editor .elementor-drop-cap{float:left;text-align:center;line-height:1;font-size:50px}.elementor-widget-text-editor .elementor-drop-cap-letter{display:inline-block}<\/style>\t\t\t\t<p>El c\u00e1lido elixir que nace en nuestra tierra tiene cuerpo y tiene alma. Y acompa\u00f1a en la historia a nuestro hidalgo m\u00e1s universal, sanando sus mortales heridas despu\u00e9s de la batalla. &#8220;La receta del b\u00e1lsamo de Fierabr\u00e1s se compone de aceite, sal, romero y vino&#8221;. En efecto, el microclima de nuestros vi\u00f1edos otorga al Quixote la cualidad de vino de Pago, corroborando las propiedades que ya anunci\u00f3 nuestro admirado Cervantes. A\u00f1o a a\u00f1o nuestra p\u00f3cima culmina el buen hacer de generaciones, que desde mediados del siglo XIX dedicaron sus d\u00edas y sus noches, sus sue\u00f1os y sus desvelos, a envolver nuestras papilas. As\u00ed que cerremos los ojos, brindemos juntos y confundamos a los molinos con gigantes.<\/p>\t\t\t\t\t\t<\/div>\n\t\t\t\t<\/div>\n\t\t\t\t<\/div>\n\t\t\t\t\t<\/div>\n\t\t\t\t<\/div>\n\t\t<div class=\"wd-negative-gap elementor-element elementor-element-74ddb0b0 e-flex e-con-boxed wd-section-disabled e-con e-parent\" data-id=\"74ddb0b0\" data-element_type=\"container\">\n\t\t\t\t\t<div class=\"e-con-inner\">\n\t\t\t\t<div class=\"elementor-element elementor-element-cb8e535 elementor-widget elementor-widget-wd_title\" data-id=\"cb8e535\" data-element_type=\"widget\" data-widget_type=\"wd_title.default\">\n\t\t\t\t<div class=\"elementor-widget-container\">\n\t\t\t\t\t<div class=\"title-wrapper set-mb-s reset-last-child wd-title-color-default wd-title-style-default wd-title-size-large text-center\">\n\n\t\t\t\n\t\t\t<div class=\"liner-continer\">\n\t\t\t\t<h4 class=\"woodmart-title-container title wd-fontsize-xxl\">Informaci\u00f3n del Producto<\/h4> \n\t\t\t\t\t\t\t<\/div>\n\n\t\t\t\t\t<\/div>\n\t\t\t\t<\/div>\n\t\t\t\t<\/div>\n\t\t\t\t<div class=\"elementor-element elementor-element-30896355 color-scheme-inherit text-left elementor-widget elementor-widget-text-editor\" data-id=\"30896355\" data-element_type=\"widget\" data-widget_type=\"text-editor.default\">\n\t\t\t\t<div class=\"elementor-widget-container\">\n\t\t\t\t\t\t\tLa Syrah que encontramos en el pago de Dehesa Pe\u00f1alba crece en vi\u00f1edos cultivados con m\u00e9todos sostenibles, y una atenci\u00f3n m\u00e1xima a su cuidado que se traslada a su posterior vinificaci\u00f3n. Tras 16 meses en barrica francesa, y las manos m\u00e1gicas de Vizar, es un tinto poderoso, lleno de matices t\u00edpicos de su variedad. Complejo, con frutos negros tipo grosella y mora, adem\u00e1s de infinitos matices especiados. Una delicia de la que disfrutar pausadamente.\t\t\t\t\t\t<\/div>\n\t\t\t\t<\/div>\n\t\t\t\t\t<\/div>\n\t\t\t\t<\/div>\n\t\t\t\t<section class=\"elementor-section elementor-top-section elementor-element elementor-element-0170601 elementor-section-content-middle elementor-section-full_width wd-section-stretch elementor-section-height-default elementor-section-height-default\" data-id=\"0170601\" data-element_type=\"section\" data-settings=\"{&quot;background_background&quot;:&quot;classic&quot;}\">\n\t\t\t\t\t\t<div class=\"elementor-container elementor-column-gap-default\">\n\t\t\t\t\t<div class=\"elementor-column elementor-col-50 elementor-top-column elementor-element elementor-element-aa8b1e8\" data-id=\"aa8b1e8\" data-element_type=\"column\">\n\t\t\t<div class=\"elementor-widget-wrap elementor-element-populated\">\n\t\t\t\t\t\t<div class=\"elementor-element elementor-element-b1b17e1 elementor-widget elementor-widget-wd_video\" data-id=\"b1b17e1\" data-element_type=\"widget\" data-widget_type=\"wd_video.default\">\n\t\t\t\t<div class=\"elementor-widget-container\">\n\t\t\t\n\t\t<div class=\"wd-el-video wd-action-without wd-video-youtube\">\n\t\t\t\t\t\t\t<iframe src=\"https:\/\/www.youtube.com\/embed\/qVtWLT-uGfY?feature=oembed&loop=0&mute=0&controls=1\" allowfullscreen allow=\"accelerometer; autoplay; encrypted-media; gyroscope; picture-in-picture\" width=\"100%\" height=\"100%\" loading=\"lazy\"><\/iframe>\t\t\t\n\t\t\t\n\t\t\t\n\t\t\t\t\t<\/div>\n\t\t\t\t<\/div>\n\t\t\t\t<\/div>\n\t\t\t\t\t<\/div>\n\t\t<\/div>\n\t\t\t\t<div class=\"elementor-column elementor-col-50 elementor-top-column elementor-element elementor-element-40cd5c2 text-center\" data-id=\"40cd5c2\" data-element_type=\"column\">\n\t\t\t<div class=\"elementor-widget-wrap elementor-element-populated\">\n\t\t\t\t\t\t<div class=\"elementor-element elementor-element-5c25bef elementor-widget elementor-widget-wd_title\" data-id=\"5c25bef\" data-element_type=\"widget\" data-widget_type=\"wd_title.default\">\n\t\t\t\t<div class=\"elementor-widget-container\">\n\t\t\t\t\t<div class=\"title-wrapper set-mb-s reset-last-child wd-title-color-default wd-title-style-default wd-title-size-extra-large text-center\">\n\n\t\t\t\n\t\t\t<div class=\"liner-continer\">\n\t\t\t\t<h4 class=\"woodmart-title-container title wd-fontsize-xxxl\">Cata ONLINE<\/h4> \n\t\t\t\t\t\t\t<\/div>\n\n\t\t\t\t\t<\/div>\n\t\t\t\t<\/div>\n\t\t\t\t<\/div>\n\t\t<div class=\"wd-negative-gap elementor-element elementor-element-0feecb7 e-flex e-con-boxed wd-section-disabled e-con e-parent\" data-id=\"0feecb7\" data-element_type=\"container\">\n\t\t\t\t\t<div class=\"e-con-inner\">\n\t\t<div class=\"wd-negative-gap elementor-element elementor-element-191244a e-flex e-con-boxed wd-section-disabled e-con e-child\" data-id=\"191244a\" data-element_type=\"container\">\n\t\t\t\t\t<div class=\"e-con-inner\">\n\t\t\t\t<div class=\"elementor-element elementor-element-eb6b6bf color-scheme-inherit text-left elementor-widget elementor-widget-text-editor\" data-id=\"eb6b6bf\" data-element_type=\"widget\" data-widget_type=\"text-editor.default\">\n\t\t\t\t<div class=\"elementor-widget-container\">\n\t\t\t\t\t\t\t<p><strong>CATA VISUAL<\/strong><\/p><p>Color cereza de capa alta.<\/p>\t\t\t\t\t\t<\/div>\n\t\t\t\t<\/div>\n\t\t\t\t\t<\/div>\n\t\t\t\t<\/div>\n\t\t<div class=\"wd-negative-gap elementor-element elementor-element-3b5da29 e-flex e-con-boxed wd-section-disabled e-con e-child\" data-id=\"3b5da29\" data-element_type=\"container\">\n\t\t\t\t\t<div class=\"e-con-inner\">\n\t\t\t\t<div class=\"elementor-element elementor-element-d6ab8f5 color-scheme-inherit text-left elementor-widget elementor-widget-text-editor\" data-id=\"d6ab8f5\" data-element_type=\"widget\" data-widget_type=\"text-editor.default\">\n\t\t\t\t<div class=\"elementor-widget-container\">\n\t\t\t\t\t\t\t<p><strong>CATA OLFATIVA:<\/strong><\/p><p>Muy potente con recuerdos de monte bajo y bals\u00e1micos.<\/p>\t\t\t\t\t\t<\/div>\n\t\t\t\t<\/div>\n\t\t\t\t\t<\/div>\n\t\t\t\t<\/div>\n\t\t<div class=\"wd-negative-gap elementor-element elementor-element-e005460 e-flex e-con-boxed wd-section-disabled e-con e-child\" data-id=\"e005460\" data-element_type=\"container\">\n\t\t\t\t\t<div class=\"e-con-inner\">\n\t\t\t\t<div class=\"elementor-element elementor-element-7a08a30 color-scheme-inherit text-left elementor-widget elementor-widget-text-editor\" data-id=\"7a08a30\" data-element_type=\"widget\" data-widget_type=\"text-editor.default\">\n\t\t\t\t<div class=\"elementor-widget-container\">\n\t\t\t\t\t\t\t<p><strong>CATA GUSTATIVA<\/strong>:<\/p><p>En boca se muestra un perfecto equilibrio entre las maderas nobles y las frutas rojas. Presenta una marcada personalidad, potente, con final especiado y persistente.<\/p>\t\t\t\t\t\t<\/div>\n\t\t\t\t<\/div>\n\t\t\t\t\t<\/div>\n\t\t\t\t<\/div>\n\t\t\t\t\t<\/div>\n\t\t\t\t<\/div>\n\t\t\t\t\t<\/div>\n\t\t<\/div>\n\t\t\t\t\t<\/div>\n\t\t<\/section>\n\t\t<div class=\"wd-negative-gap elementor-element elementor-element-3a9d8eab e-flex e-con-boxed wd-section-disabled e-con e-parent\" data-id=\"3a9d8eab\" data-element_type=\"container\">\n\t\t\t\t\t<div class=\"e-con-inner\">\n\t\t\t\t<div class=\"elementor-element elementor-element-def6bf2 elementor-widget elementor-widget-heading\" data-id=\"def6bf2\" data-element_type=\"widget\" data-widget_type=\"heading.default\">\n\t\t\t\t<div class=\"elementor-widget-container\">\n\t\t\t<style>\/*! elementor - v3.22.0 - 26-06-2024 *\/\n.elementor-heading-title{padding:0;margin:0;line-height:1}.elementor-widget-heading .elementor-heading-title[class*=elementor-size-]>a{color:inherit;font-size:inherit;line-height:inherit}.elementor-widget-heading .elementor-heading-title.elementor-size-small{font-size:15px}.elementor-widget-heading .elementor-heading-title.elementor-size-medium{font-size:19px}.elementor-widget-heading .elementor-heading-title.elementor-size-large{font-size:29px}.elementor-widget-heading .elementor-heading-title.elementor-size-xl{font-size:39px}.elementor-widget-heading .elementor-heading-title.elementor-size-xxl{font-size:59px}<\/style><h2 class=\"elementor-heading-title elementor-size-default\">PREMIOS<\/h2>\t\t<\/div>\n\t\t\t\t<\/div>\n\t\t\t\t\t<\/div>\n\t\t\t\t<\/div>\n\t\t<div class=\"wd-negative-gap elementor-element elementor-element-c030e60 e-flex e-con-boxed wd-section-disabled e-con e-parent\" data-id=\"c030e60\" data-element_type=\"container\">\n\t\t\t\t\t<div class=\"e-con-inner\">\n\t\t<div class=\"elementor-element elementor-element-3032ec0 e-con-full e-flex wd-section-disabled e-con e-child\" data-id=\"3032ec0\" data-element_type=\"container\">\n\t\t\t\t<div class=\"elementor-element elementor-element-6c6054f color-scheme-inherit text-left elementor-widget elementor-widget-text-editor\" data-id=\"6c6054f\" data-element_type=\"widget\" data-widget_type=\"text-editor.default\">\n\t\t\t\t<div class=\"elementor-widget-container\">\n\t\t\t\t\t\t\t<h4 class=\"elementor-widget-container\">A\u00f1ada 2006<\/h4><p class=\"elementor-widget-container\">\u00b7 Medalla de plata, Syrah du monde (Francia)\u00a0A\u00f1o 2008<\/p><p class=\"elementor-widget-container\">\u00b7 Medalla de oro en \u201cTerravino\u201d Israel \u00b7 A\u00f1o 2008<\/p><h4 class=\"elementor-widget-container\">A\u00f1ada 2007<\/h4><p class=\"elementor-widget-container\">\u00b7 Medalla de oro en \u201cTerravino\u201d Israel A\u00f1o 2008<\/p><h4 class=\"elementor-widget-container\">A\u00f1ada 2008<\/h4><p class=\"elementor-widget-container\">\u00b7 Medalla de oro en \u201cTerravino\u201d Israel A\u00f1o 2009<\/p><h4 class=\"elementor-widget-container\">A\u00f1ada 2009<\/h4><p class=\"elementor-widget-container\">\u00b7 Medalla de Oro en \u201cTerravino\u201d Israel A\u00f1o 2010<\/p><p class=\"elementor-widget-container\">\u00b7 Medalla de Oro \u201cSyrah du Monde\u201d A\u00f1o 2011<\/p>\t\t\t\t\t\t<\/div>\n\t\t\t\t<\/div>\n\t\t\t\t<\/div>\n\t\t<div class=\"elementor-element elementor-element-fecfb81 e-con-full e-flex wd-section-disabled e-con e-child\" data-id=\"fecfb81\" data-element_type=\"container\">\n\t\t\t\t<div class=\"elementor-element elementor-element-67aa049 color-scheme-inherit text-left elementor-widget elementor-widget-text-editor\" data-id=\"67aa049\" data-element_type=\"widget\" data-widget_type=\"text-editor.default\">\n\t\t\t\t<div class=\"elementor-widget-container\">\n\t\t\t\t\t\t\t<h4 class=\"elementor-widget-container\">A\u00f1ada 2010<\/h4><p>\u00b7 Medalla de Doble Oro en \u201cTerravino\u201d Israel A\u00f1o 2010\u00a0<br \/>\u00b7 Best of Category 2010 en \u201cTerravino\u201d Israel A\u00f1o 2010\u00a0<br \/>\u00b7 Best of Spain 2010 en \u201cTerravino\u201d Israel A\u00f1o 2010\u00a0<\/p><h4>A\u00f1ada 2011<\/h4><p>\u00b7 Medalla de plata \u201cMondial de Bruxelles \u00b7 A\u00f1o 2019\u00a0<br \/>\u00b7 James Suckling: 92 puntos \u00b7 A\u00f1o 2019<\/p><h4>A\u00f1ada 2015<\/h4><p>\u00b7 Medalla de Bronce \u201cSyrah du Monde\u201d \u00b7 A\u00f1o 2020\u00a0<br \/>\u00b7 Medalla Oro- Asia Wine Trophy \u00b7 A\u00f1o 2020<br \/>\u00b7 Medalla de Bronce \u201cDecanter\u201d \u00b7 A\u00f1o 2021<\/p>\t\t\t\t\t\t<\/div>\n\t\t\t\t<\/div>\n\t\t\t\t<\/div>\n\t\t<div class=\"elementor-element elementor-element-dd771e4 e-con-full e-flex wd-section-disabled e-con e-child\" data-id=\"dd771e4\" data-element_type=\"container\">\n\t\t\t\t<div class=\"elementor-element elementor-element-e7ae05c color-scheme-inherit text-left elementor-widget elementor-widget-text-editor\" data-id=\"e7ae05c\" data-element_type=\"widget\" data-widget_type=\"text-editor.default\">\n\t\t\t\t<div class=\"elementor-widget-container\">\n\t\t\t\t\t\t\t<h4 class=\"elementor-widget-container\">A\u00f1ada 2019<\/h4><p>\u00a0Medalla de Oro \u201cPremios Zarcillos\u201d \u00b7 A\u00f1o 2023<\/p>\t\t\t\t\t\t<\/div>\n\t\t\t\t<\/div>\n\t\t\t\t<\/div>\n\t\t\t\t\t<\/div>\n\t\t\t\t<\/div>\n\t\t\t\t<\/div>\n\t\t","protected":false},"excerpt":{"rendered":"<p><strong>Variedades:<\/strong>\u00a0Syrah, BIO<br \/>\n<strong>Grado Alcoh\u00f3lico:<\/strong>\u00a014%<br \/>\n<strong>Temperatura de servir:<\/strong>\u00a016\u00baC \u2013 18\u00baC<br \/>\n<strong>Elaboraci\u00f3n:<\/strong>\u00a0Malol\u00e1ctica en barrica francesa de 225 L.<br \/>\n<strong>Crianza:<\/strong>\u00a016 meses en roble franc\u00e9s<br \/>\nContiene sulfitos<\/p>\n<p><img decoding=\"async\" class=\"alignnone size-full wp-image-16412\" src=\"http:\/\/holdingtrade.es\/wp-content\/uploads\/2023\/10\/Sello-Vino-de-Pago-Dehesa-Penalba-1t3.png\" alt=\"\" width=\"149\" height=\"150\" \/><\/p>\n<style>\n.product-design-default .entry-summary:not(.col-lg-4) .wd-product-brands a {<br \/>    background-color: #000;<br \/>}<br \/><\/style>\n","protected":false},"featured_media":16061,"template":"","meta":{"_joinchat":[]},"product_cat":[32],"product_tag":[],"_links":{"self":[{"href":"https:\/\/holdingtrade.es\/en\/wp-json\/wp\/v2\/product\/15976"}],"collection":[{"href":"https:\/\/holdingtrade.es\/en\/wp-json\/wp\/v2\/product"}],"about":[{"href":"https:\/\/holdingtrade.es\/en\/wp-json\/wp\/v2\/types\/product"}],"version-history":[{"count":0,"href":"https:\/\/holdingtrade.es\/en\/wp-json\/wp\/v2\/product\/15976\/revisions"}],"wp:featuredmedia":[{"embeddable":true,"href":"https:\/\/holdingtrade.es\/en\/wp-json\/wp\/v2\/media\/16061"}],"wp:attachment":[{"href":"https:\/\/holdingtrade.es\/en\/wp-json\/wp\/v2\/media?parent=15976"}],"wp:term":[{"taxonomy":"product_cat","embeddable":true,"href":"https:\/\/holdingtrade.es\/en\/wp-json\/wp\/v2\/product_cat?post=15976"},{"taxonomy":"product_tag","embeddable":true,"href":"https:\/\/holdingtrade.es\/en\/wp-json\/wp\/v2\/product_tag?post=15976"}],"curies":[{"name":"wp","href":"https:\/\/api.w.org\/{rel}","templated":true}]}}