{"id":16800,"date":"2024-03-23T20:46:28","date_gmt":"2024-03-23T20:46:28","guid":{"rendered":"https:\/\/holdingtrade.es\/producto\/emina-verdejo-fermentado-en-barrica-2018-d-o-rueda\/"},"modified":"2024-05-18T03:10:23","modified_gmt":"2024-05-18T03:10:23","slug":"emina-verdejo-fermentado-en-barrica-2018-d-o-rueda","status":"publish","type":"product","link":"https:\/\/holdingtrade.es\/en\/producto\/emina-verdejo-fermentado-en-barrica-2018-d-o-rueda\/","title":{"rendered":"Emina Verdejo Fermentado En Barrica 2018"},"content":{"rendered":"\t\t<div data-elementor-type=\"wp-post\" data-elementor-id=\"16800\" class=\"elementor elementor-16800\" data-elementor-post-type=\"product\">\n\t\t\t\t<div class=\"elementor-element elementor-element-533f25a3 e-con-full wd-section-stretch e-flex e-con e-parent\" data-id=\"533f25a3\" data-element_type=\"container\" data-settings=\"{&quot;background_background&quot;:&quot;video&quot;,&quot;background_video_link&quot;:&quot;https:\\\/\\\/player.vimeo.com\\\/video\\\/461730910&quot;,&quot;background_play_on_mobile&quot;:&quot;yes&quot;}\">\n\t\t<div class=\"elementor-background-video-container\">\n\t\t\t\t\t\t\t<div class=\"elementor-background-video-embed\"><\/div>\n\t\t\t\t\t\t<\/div><div class=\"elementor-element elementor-element-7dfdfadd e-con-full e-flex wd-section-disabled e-con e-child\" data-id=\"7dfdfadd\" data-element_type=\"container\">\n\t\t\t\t<\/div>\n\t\t<div class=\"elementor-element elementor-element-34a2bf48 e-con-full e-flex wd-section-disabled e-con e-child\" data-id=\"34a2bf48\" data-element_type=\"container\" data-settings=\"{&quot;background_background&quot;:&quot;classic&quot;}\">\n\t\t\t\t<div class=\"elementor-element elementor-element-20994af6 elementor-widget__width-initial elementor-widget elementor-widget-image\" data-id=\"20994af6\" data-element_type=\"widget\" data-widget_type=\"image.default\">\n\t\t\t\t<div class=\"elementor-widget-container\">\n\t\t\t<style>\/*! elementor - v3.22.0 - 26-06-2024 *\/\n.elementor-widget-image{text-align:center}.elementor-widget-image a{display:inline-block}.elementor-widget-image a img[src$=\".svg\"]{width:48px}.elementor-widget-image img{vertical-align:middle;display:inline-block}<\/style>\t\t\t\t\t\t\t\t\t\t<img decoding=\"async\" width=\"300\" height=\"100\" src=\"https:\/\/holdingtrade.es\/wp-content\/uploads\/2024\/04\/logo-emina-webpng.png\" class=\"attachment-full size-full wp-image-16988\" alt=\"\" srcset=\"https:\/\/holdingtrade.es\/wp-content\/uploads\/2024\/04\/logo-emina-webpng.png 300w, https:\/\/holdingtrade.es\/wp-content\/uploads\/2024\/04\/logo-emina-webpng-150x50.png 150w\" sizes=\"(max-width: 300px) 100vw, 300px\" \/>\t\t\t\t\t\t\t\t\t\t\t\t\t<\/div>\n\t\t\t\t<\/div>\n\t\t\t\t<div class=\"elementor-element elementor-element-5f36a17c color-scheme-inherit text-left elementor-widget elementor-widget-text-editor\" data-id=\"5f36a17c\" data-element_type=\"widget\" data-widget_type=\"text-editor.default\">\n\t\t\t\t<div class=\"elementor-widget-container\">\n\t\t\t<style>\/*! elementor - v3.22.0 - 26-06-2024 *\/\n.elementor-widget-text-editor.elementor-drop-cap-view-stacked .elementor-drop-cap{background-color:#69727d;color:#fff}.elementor-widget-text-editor.elementor-drop-cap-view-framed .elementor-drop-cap{color:#69727d;border:3px solid;background-color:transparent}.elementor-widget-text-editor:not(.elementor-drop-cap-view-default) .elementor-drop-cap{margin-top:8px}.elementor-widget-text-editor:not(.elementor-drop-cap-view-default) .elementor-drop-cap-letter{width:1em;height:1em}.elementor-widget-text-editor .elementor-drop-cap{float:left;text-align:center;line-height:1;font-size:50px}.elementor-widget-text-editor .elementor-drop-cap-letter{display:inline-block}<\/style>\t\t\t\t<p>Bodega EMINA Ribera fue construida en 2005 en Valbuena de Duero, dentro la prestigiosa zona de la Milla de Oro de la Ribera del Duero, que posee lugares id\u00f3neos para el nacimiento de unos vinos que hacen a esta Denominaci\u00f3n de Origen acreedora del prestigio que atesora. La palabra EMINA evoca a la medida del vino y a la tradici\u00f3n arraigada en la zona situada junto a esta bodega que a\u00fana modernidad y tradici\u00f3n. Vi\u00f1as Rosas, La Caba\u00f1a, Valdelacasa, Hermano Diego, El Tomillar, El Horno, Valuenga, los Apriscos, La Hinojera, Vermilion\u2026<br \/>Son los nombres de los pagos de los que proceden los vinos de esta bodega, ubicada en un edificio de gran apreciaci\u00f3n arquitect\u00f3nica con una est\u00e9tica integrada en el entorno y el paisaje, inspirada en las villas romanas, cuya actividad interior gira alrededor de un atrio central.<\/p>\t\t\t\t\t\t<\/div>\n\t\t\t\t<\/div>\n\t\t\t\t<\/div>\n\t\t<div class=\"elementor-element elementor-element-46dfd683 e-con-full e-flex wd-section-disabled e-con e-child\" data-id=\"46dfd683\" data-element_type=\"container\">\n\t\t\t\t<\/div>\n\t\t\t\t<\/div>\n\t\t<div class=\"wd-negative-gap elementor-element elementor-element-7c77922c e-flex e-con-boxed wd-section-disabled e-con e-parent\" data-id=\"7c77922c\" data-element_type=\"container\">\n\t\t\t\t\t<div class=\"e-con-inner\">\n\t\t<div class=\"elementor-element elementor-element-2457b48d e-con-full e-flex wd-section-disabled e-con e-child\" data-id=\"2457b48d\" data-element_type=\"container\">\n\t\t\t\t<div class=\"elementor-element elementor-element-1724d7 elementor-widget elementor-widget-wd_title\" data-id=\"1724d7\" data-element_type=\"widget\" data-widget_type=\"wd_title.default\">\n\t\t\t\t<div class=\"elementor-widget-container\">\n\t\t\t\t\t<div class=\"title-wrapper set-mb-s reset-last-child wd-title-color-primary wd-title-style-default wd-title-size-medium text-left\">\n\n\t\t\t\n\t\t\t<div class=\"liner-continer\">\n\t\t\t\t<h3 class=\"woodmart-title-container title wd-fontsize-xl\">FRESCURA Y EXCLUSIVIDAD<\/h3> \n\t\t\t\t\t\t\t<\/div>\n\n\t\t\t\t\t\t\t<div class=\"title-after_title set-cont-mb-s reset-last-child wd-fontsize-s\">\n\t\t\t\t\t<p>En Bodega Emina siempre hemos apostado por el potencial y exclusividad que tienen nuestros vi\u00f1edos. Este vino es fiel reflejo de esta apuesta, un Verdejo afrutado potente en nariz, perfectamente ensamblada con la madera de crianza, una boca voluminosa y con longevidad en botella, conservando los\u00a0<b><strong>toques caracter\u00edsticos de la variedad de uva Verdejo.<\/strong><\/b><\/p><p>Este vino se elabora con uvas de nuestra Finca de Las Piedras, donde la madurez y edad del vi\u00f1edo permiten obtener una perfecta y homog\u00e9nea producci\u00f3n. La proximidad de la zona de pinares y la arena del suelo garantizan la frescura de una uva exclusiva. Despu\u00e9s de una cuidada elaboraci\u00f3n, este vino blanco de la D.O. Rueda ha fermentado durante al menos\u00a0<b><strong>2 meses en dep\u00f3sito y despu\u00e9s 7 meses en barricas nuevas de roble franc\u00e9s,<\/strong><\/b>\u00a0lo que le da una exclusividad, delicadeza y elegancia impolutas.<\/p>\t\t\t\t<\/div>\n\t\t\t\t\t<\/div>\n\t\t\t\t<\/div>\n\t\t\t\t<\/div>\n\t\t\t\t<\/div>\n\t\t<div class=\"elementor-element elementor-element-7d8df0fd e-con-full e-flex wd-section-disabled e-con e-child\" data-id=\"7d8df0fd\" data-element_type=\"container\">\n\t\t\t\t<div class=\"elementor-element elementor-element-1b94925f elementor-widget elementor-widget-image\" data-id=\"1b94925f\" data-element_type=\"widget\" data-widget_type=\"image.default\">\n\t\t\t\t<div class=\"elementor-widget-container\">\n\t\t\t\t\t\t\t\t\t\t\t\t\t<img fetchpriority=\"high\" decoding=\"async\" width=\"800\" height=\"800\" src=\"https:\/\/holdingtrade.es\/wp-content\/uploads\/2024\/03\/EMINA-VERDEJO-FERMENTADO-EN-BARRICA-2.jpg\" class=\"attachment-large size-large wp-image-16934\" alt=\"\" srcset=\"https:\/\/holdingtrade.es\/wp-content\/uploads\/2024\/03\/EMINA-VERDEJO-FERMENTADO-EN-BARRICA-2.jpg 800w, https:\/\/holdingtrade.es\/wp-content\/uploads\/2024\/03\/EMINA-VERDEJO-FERMENTADO-EN-BARRICA-2-300x300.jpg 300w, https:\/\/holdingtrade.es\/wp-content\/uploads\/2024\/03\/EMINA-VERDEJO-FERMENTADO-EN-BARRICA-2-150x150.jpg 150w, https:\/\/holdingtrade.es\/wp-content\/uploads\/2024\/03\/EMINA-VERDEJO-FERMENTADO-EN-BARRICA-2-768x768.jpg 768w, https:\/\/holdingtrade.es\/wp-content\/uploads\/2024\/03\/EMINA-VERDEJO-FERMENTADO-EN-BARRICA-2-430x430.jpg 430w, https:\/\/holdingtrade.es\/wp-content\/uploads\/2024\/03\/EMINA-VERDEJO-FERMENTADO-EN-BARRICA-2-700x700.jpg 700w\" sizes=\"(max-width: 800px) 100vw, 800px\" \/>\t\t\t\t\t\t\t\t\t\t\t\t\t<\/div>\n\t\t\t\t<\/div>\n\t\t\t\t<\/div>\n\t\t\t\t\t<\/div>\n\t\t\t\t<\/div>\n\t\t<div class=\"wd-negative-gap elementor-element elementor-element-781024b8 e-flex e-con-boxed wd-section-disabled e-con e-parent\" data-id=\"781024b8\" data-element_type=\"container\" data-settings=\"{&quot;background_background&quot;:&quot;classic&quot;}\">\n\t\t\t\t\t<div class=\"e-con-inner\">\n\t\t<div class=\"elementor-element elementor-element-62600c08 e-con-full e-flex wd-section-disabled e-con e-child\" data-id=\"62600c08\" data-element_type=\"container\" data-settings=\"{&quot;background_background&quot;:&quot;video&quot;}\">\n\t\t\t\t<div class=\"elementor-element elementor-element-5d29627a elementor-widget elementor-widget-video\" data-id=\"5d29627a\" data-element_type=\"widget\" data-settings=\"{&quot;youtube_url&quot;:&quot;https:\\\/\\\/www.youtube.com\\\/watch?v=diguWdbywlI&quot;,&quot;video_type&quot;:&quot;youtube&quot;,&quot;controls&quot;:&quot;yes&quot;}\" data-widget_type=\"video.default\">\n\t\t\t\t<div class=\"elementor-widget-container\">\n\t\t\t<style>\/*! elementor - v3.22.0 - 26-06-2024 *\/\n.elementor-widget-video .elementor-widget-container{overflow:hidden;transform:translateZ(0)}.elementor-widget-video .elementor-wrapper{aspect-ratio:var(--video-aspect-ratio)}.elementor-widget-video .elementor-wrapper iframe,.elementor-widget-video .elementor-wrapper video{height:100%;width:100%;display:flex;border:none;background-color:#000}@supports not (aspect-ratio:1\/1){.elementor-widget-video .elementor-wrapper{position:relative;overflow:hidden;height:0;padding-bottom:calc(100% \/ var(--video-aspect-ratio))}.elementor-widget-video .elementor-wrapper iframe,.elementor-widget-video .elementor-wrapper video{position:absolute;top:0;right:0;bottom:0;left:0}}.elementor-widget-video .elementor-open-inline .elementor-custom-embed-image-overlay{position:absolute;top:0;right:0;bottom:0;left:0;background-size:cover;background-position:50%}.elementor-widget-video .elementor-custom-embed-image-overlay{cursor:pointer;text-align:center}.elementor-widget-video .elementor-custom-embed-image-overlay:hover .elementor-custom-embed-play i{opacity:1}.elementor-widget-video .elementor-custom-embed-image-overlay img{display:block;width:100%;aspect-ratio:var(--video-aspect-ratio);-o-object-fit:cover;object-fit:cover;-o-object-position:center center;object-position:center center}@supports not (aspect-ratio:1\/1){.elementor-widget-video .elementor-custom-embed-image-overlay{position:relative;overflow:hidden;height:0;padding-bottom:calc(100% \/ var(--video-aspect-ratio))}.elementor-widget-video .elementor-custom-embed-image-overlay img{position:absolute;top:0;right:0;bottom:0;left:0}}.elementor-widget-video .e-hosted-video .elementor-video{-o-object-fit:cover;object-fit:cover}.e-con-inner>.elementor-widget-video,.e-con>.elementor-widget-video{width:var(--container-widget-width);--flex-grow:var(--container-widget-flex-grow)}<\/style>\t\t<div class=\"elementor-wrapper elementor-open-inline\">\n\t\t\t<div class=\"elementor-video\"><\/div>\t\t<\/div>\n\t\t\t\t<\/div>\n\t\t\t\t<\/div>\n\t\t\t\t<\/div>\n\t\t<div class=\"elementor-element elementor-element-45661d2a e-con-full e-flex wd-section-disabled e-con e-child\" data-id=\"45661d2a\" data-element_type=\"container\">\n\t\t\t\t<div class=\"elementor-element elementor-element-593cf32c elementor-widget elementor-widget-wd_title\" data-id=\"593cf32c\" data-element_type=\"widget\" data-widget_type=\"wd_title.default\">\n\t\t\t\t<div class=\"elementor-widget-container\">\n\t\t\t\t\t<div class=\"title-wrapper set-mb-s reset-last-child wd-title-color-primary wd-title-style-default wd-title-size-medium text-left\">\n\n\t\t\t\n\t\t\t<div class=\"liner-continer\">\n\t\t\t\t<h3 class=\"woodmart-title-container title wd-fontsize-xl\">FASES DE CATA<\/h3> \n\t\t\t\t\t\t\t<\/div>\n\n\t\t\t\t\t\t\t<div class=\"title-after_title set-cont-mb-s reset-last-child wd-fontsize-s\">\n\t\t\t\t\t<p><b><strong>VISUAL<\/strong><\/b><\/p><p>Se aprecia un color amarillo paja con reflejos dorados, limpio y brillante.<\/p><p><b><strong>NARIZ<\/strong><\/b><\/p><p>Aromas a fruta tropical que se entrelazan con aromas anisados y de romero t\u00edpicos de la variedad verdejo, con aromas especiados, a boller\u00eda fresca tipo brioche de su paso por barrica francesa, as\u00ed como a deliciosa mantequilla.<\/p><p><b><strong>BOCA<\/strong><\/b><\/p><p>Se aprecia un vino con gran estructura, untuosa y una amplitud que recae en un gran volumen a su paso por boca.<\/p>\t\t\t\t<\/div>\n\t\t\t\t\t<\/div>\n\t\t\t\t<\/div>\n\t\t\t\t<\/div>\n\t\t\t\t<\/div>\n\t\t\t\t\t<\/div>\n\t\t\t\t<\/div>\n\t\t<div class=\"elementor-element elementor-element-16b8641c e-con-full e-flex wd-section-disabled e-con e-parent\" data-id=\"16b8641c\" data-element_type=\"container\" data-settings=\"{&quot;background_background&quot;:&quot;classic&quot;}\">\n\t\t<div class=\"elementor-element elementor-element-62225474 e-con-full e-flex wd-section-disabled e-con e-child\" data-id=\"62225474\" data-element_type=\"container\">\n\t\t\t\t<div class=\"elementor-element elementor-element-5ecd6671 elementor-widget elementor-widget-wd_title\" data-id=\"5ecd6671\" data-element_type=\"widget\" data-widget_type=\"wd_title.default\">\n\t\t\t\t<div class=\"elementor-widget-container\">\n\t\t\t\t\t<div class=\"title-wrapper set-mb-s reset-last-child wd-title-color-primary wd-title-style-default wd-title-size-medium text-left\">\n\n\t\t\t\n\t\t\t<div class=\"liner-continer\">\n\t\t\t\t<h3 class=\"woodmart-title-container title wd-fontsize-xl\">MARIDAJE<\/h3> \n\t\t\t\t\t\t\t<\/div>\n\n\t\t\t\t\t\t\t<div class=\"title-after_title set-cont-mb-s reset-last-child wd-fontsize-s\">\n\t\t\t\t\t<p>Por su crianza en barrica es un vino que resulta muy vers\u00e1til para cualquier maridaje, ya sea con carnes o pescados. Estupendo para acompa\u00f1ar durante toda la comida o cena. Ideal para carnes blancas, legumbres y pescados de tipo azul y blanco.<\/p>\t\t\t\t<\/div>\n\t\t\t\t\t<\/div>\n\t\t\t\t<\/div>\n\t\t\t\t<\/div>\n\t\t\t\t<\/div>\n\t\t<div class=\"elementor-element elementor-element-54a8f5bb e-con-full e-flex wd-section-disabled e-con e-child\" data-id=\"54a8f5bb\" data-element_type=\"container\" data-settings=\"{&quot;background_background&quot;:&quot;classic&quot;}\">\n\t\t\t\t<\/div>\n\t\t\t\t<\/div>\n\t\t\t\t<\/div>\n\t\t","protected":false},"excerpt":{"rendered":"<p><strong>Emina Verdejo Fermentado en Barrica<\/strong>\u00a0es un elegante vino blanco 100% de la variedad Verdejo, que ha\u00a0<strong>fermentado en barrica durante 7 meses en barricas nuevas de roble franc\u00e9s<\/strong>. Este vino tiene una fruta potente en nariz, perfectamente ensamblada con la madera de crianza, una boca voluminosa y con longevidad en botella, conservando los toques caracter\u00edsticos de la variedad de uva Verdejo.<\/p>\n","protected":false},"featured_media":16936,"template":"","meta":{"_joinchat":[]},"product_cat":[32],"product_tag":[],"_links":{"self":[{"href":"https:\/\/holdingtrade.es\/en\/wp-json\/wp\/v2\/product\/16800"}],"collection":[{"href":"https:\/\/holdingtrade.es\/en\/wp-json\/wp\/v2\/product"}],"about":[{"href":"https:\/\/holdingtrade.es\/en\/wp-json\/wp\/v2\/types\/product"}],"version-history":[{"count":0,"href":"https:\/\/holdingtrade.es\/en\/wp-json\/wp\/v2\/product\/16800\/revisions"}],"wp:featuredmedia":[{"embeddable":true,"href":"https:\/\/holdingtrade.es\/en\/wp-json\/wp\/v2\/media\/16936"}],"wp:attachment":[{"href":"https:\/\/holdingtrade.es\/en\/wp-json\/wp\/v2\/media?parent=16800"}],"wp:term":[{"taxonomy":"product_cat","embeddable":true,"href":"https:\/\/holdingtrade.es\/en\/wp-json\/wp\/v2\/product_cat?post=16800"},{"taxonomy":"product_tag","embeddable":true,"href":"https:\/\/holdingtrade.es\/en\/wp-json\/wp\/v2\/product_tag?post=16800"}],"curies":[{"name":"wp","href":"https:\/\/api.w.org\/{rel}","templated":true}]}}