{"id":16810,"date":"2024-03-23T20:46:35","date_gmt":"2024-03-23T20:46:35","guid":{"rendered":"https:\/\/holdingtrade.es\/producto\/emina-emocion-2019-d-o-ribera-del-duero\/"},"modified":"2024-05-18T03:04:33","modified_gmt":"2024-05-18T03:04:33","slug":"emina-emocion-2019-d-o-ribera-del-duero","status":"publish","type":"product","link":"https:\/\/holdingtrade.es\/en\/producto\/emina-emocion-2019-d-o-ribera-del-duero\/","title":{"rendered":"Emina Emoci\u00f3n 2019"},"content":{"rendered":"\t\t<div data-elementor-type=\"wp-post\" data-elementor-id=\"16810\" class=\"elementor elementor-16810\" data-elementor-post-type=\"product\">\n\t\t\t\t<div class=\"elementor-element elementor-element-bae5458 e-con-full wd-section-stretch e-flex e-con e-parent\" data-id=\"bae5458\" data-element_type=\"container\" data-settings=\"{&quot;background_background&quot;:&quot;video&quot;,&quot;background_video_link&quot;:&quot;https:\\\/\\\/player.vimeo.com\\\/video\\\/461730910&quot;,&quot;background_play_on_mobile&quot;:&quot;yes&quot;}\">\n\t\t<div class=\"elementor-background-video-container\">\n\t\t\t\t\t\t\t<div class=\"elementor-background-video-embed\"><\/div>\n\t\t\t\t\t\t<\/div><div class=\"elementor-element elementor-element-58c564f1 e-con-full e-flex wd-section-disabled e-con e-child\" data-id=\"58c564f1\" data-element_type=\"container\">\n\t\t\t\t<\/div>\n\t\t<div class=\"elementor-element elementor-element-2176546a e-con-full e-flex wd-section-disabled e-con e-child\" data-id=\"2176546a\" data-element_type=\"container\" data-settings=\"{&quot;background_background&quot;:&quot;classic&quot;}\">\n\t\t\t\t<div class=\"elementor-element elementor-element-13f0fce elementor-widget__width-initial elementor-widget elementor-widget-image\" data-id=\"13f0fce\" data-element_type=\"widget\" data-widget_type=\"image.default\">\n\t\t\t\t<div class=\"elementor-widget-container\">\n\t\t\t<style>\/*! elementor - v3.22.0 - 26-06-2024 *\/\n.elementor-widget-image{text-align:center}.elementor-widget-image a{display:inline-block}.elementor-widget-image a img[src$=\".svg\"]{width:48px}.elementor-widget-image img{vertical-align:middle;display:inline-block}<\/style>\t\t\t\t\t\t\t\t\t\t<img decoding=\"async\" width=\"300\" height=\"100\" src=\"https:\/\/holdingtrade.es\/wp-content\/uploads\/2024\/04\/logo-emina-webpng.png\" class=\"attachment-full size-full wp-image-16988\" alt=\"\" srcset=\"https:\/\/holdingtrade.es\/wp-content\/uploads\/2024\/04\/logo-emina-webpng.png 300w, https:\/\/holdingtrade.es\/wp-content\/uploads\/2024\/04\/logo-emina-webpng-150x50.png 150w\" sizes=\"(max-width: 300px) 100vw, 300px\" \/>\t\t\t\t\t\t\t\t\t\t\t\t\t<\/div>\n\t\t\t\t<\/div>\n\t\t\t\t<div class=\"elementor-element elementor-element-3f76e507 color-scheme-inherit text-left elementor-widget elementor-widget-text-editor\" data-id=\"3f76e507\" data-element_type=\"widget\" data-widget_type=\"text-editor.default\">\n\t\t\t\t<div class=\"elementor-widget-container\">\n\t\t\t<style>\/*! elementor - v3.22.0 - 26-06-2024 *\/\n.elementor-widget-text-editor.elementor-drop-cap-view-stacked .elementor-drop-cap{background-color:#69727d;color:#fff}.elementor-widget-text-editor.elementor-drop-cap-view-framed .elementor-drop-cap{color:#69727d;border:3px solid;background-color:transparent}.elementor-widget-text-editor:not(.elementor-drop-cap-view-default) .elementor-drop-cap{margin-top:8px}.elementor-widget-text-editor:not(.elementor-drop-cap-view-default) .elementor-drop-cap-letter{width:1em;height:1em}.elementor-widget-text-editor .elementor-drop-cap{float:left;text-align:center;line-height:1;font-size:50px}.elementor-widget-text-editor .elementor-drop-cap-letter{display:inline-block}<\/style>\t\t\t\t<p>Bodega EMINA Ribera fue construida en 2005 en Valbuena de Duero, dentro la prestigiosa zona de la Milla de Oro de la Ribera del Duero, que posee lugares id\u00f3neos para el nacimiento de unos vinos que hacen a esta Denominaci\u00f3n de Origen acreedora del prestigio que atesora. La palabra EMINA evoca a la medida del vino y a la tradici\u00f3n arraigada en la zona situada junto a esta bodega que a\u00fana modernidad y tradici\u00f3n. Vi\u00f1as Rosas, La Caba\u00f1a, Valdelacasa, Hermano Diego, El Tomillar, El Horno, Valuenga, los Apriscos, La Hinojera, Vermilion\u2026<br \/>Son los nombres de los pagos de los que proceden los vinos de esta bodega, ubicada en un edificio de gran apreciaci\u00f3n arquitect\u00f3nica con una est\u00e9tica integrada en el entorno y el paisaje, inspirada en las villas romanas, cuya actividad interior gira alrededor de un atrio central.<\/p>\t\t\t\t\t\t<\/div>\n\t\t\t\t<\/div>\n\t\t\t\t<\/div>\n\t\t<div class=\"elementor-element elementor-element-3c538c02 e-con-full e-flex wd-section-disabled e-con e-child\" data-id=\"3c538c02\" data-element_type=\"container\">\n\t\t\t\t<\/div>\n\t\t\t\t<\/div>\n\t\t<div class=\"wd-negative-gap elementor-element elementor-element-156bd49 e-flex e-con-boxed wd-section-disabled e-con e-parent\" data-id=\"156bd49\" data-element_type=\"container\">\n\t\t\t\t\t<div class=\"e-con-inner\">\n\t\t<div class=\"elementor-element elementor-element-b496717 e-con-full e-flex wd-section-disabled e-con e-child\" data-id=\"b496717\" data-element_type=\"container\">\n\t\t\t\t<div class=\"elementor-element elementor-element-45875b44 elementor-widget elementor-widget-wd_title\" data-id=\"45875b44\" data-element_type=\"widget\" data-widget_type=\"wd_title.default\">\n\t\t\t\t<div class=\"elementor-widget-container\">\n\t\t\t\t\t<div class=\"title-wrapper set-mb-s reset-last-child wd-title-color-primary wd-title-style-default wd-title-size-medium text-left\">\n\n\t\t\t\n\t\t\t<div class=\"liner-continer\">\n\t\t\t\t<h3 class=\"woodmart-title-container title wd-fontsize-xl\">UN PROYECTO LARGAMENTE ACARICIADO<br \/>\n<\/h3> \n\t\t\t\t\t\t\t<\/div>\n\n\t\t\t\t\t\t\t<div class=\"title-after_title set-cont-mb-s reset-last-child wd-fontsize-s\">\n\t\t\t\t\t<p>Emina Emoci\u00f3n es un vino de autor, complejo y elegante.\u00a0Un vino puro, tradicional y moderno elaborado con uvas seleccionadas de la zona de Valdebaniego.\u00a0En concreto, de las vides de la parte baja de las laderas de la Ribera del Duero elegidas por la composici\u00f3n especial de sus suelos calizos. Gracias a una\u00a0triple vendimia se selecciona una uva de calidad superior, sin enmascarar ning\u00fan sabor ni olor propio de la variedad. Pura emoci\u00f3n en cada copa.<\/p><p>Emina conjuga los\u00a0valores tradicionales de la elaboraci\u00f3n vitivin\u00edcola con los conocimientos actuales, lo que lleva a este vino a realizar su fermentaci\u00f3n y maceraci\u00f3n en dep\u00f3sitos de acero inoxidable, para despu\u00e9s reposar durante\u00a016 meses en barricas de roble franc\u00e9s\u00a0y terminar acunado en su botella durante el tiempo necesario para que los taninos se redondeen y le aporten esa elegancia sin picos ni aristas que proporciona un sabor prolongado y un gran recuerdo, al igual que las emociones.<\/p>\t\t\t\t<\/div>\n\t\t\t\t\t<\/div>\n\t\t\t\t<\/div>\n\t\t\t\t<\/div>\n\t\t\t\t<\/div>\n\t\t<div class=\"elementor-element elementor-element-5709142d e-con-full e-flex wd-section-disabled e-con e-child\" data-id=\"5709142d\" data-element_type=\"container\">\n\t\t\t\t<div class=\"elementor-element elementor-element-3d5f9c98 elementor-widget elementor-widget-video\" data-id=\"3d5f9c98\" data-element_type=\"widget\" data-settings=\"{&quot;youtube_url&quot;:&quot;https:\\\/\\\/www.youtube.com\\\/watch?v=bWeJdNCOEVc&quot;,&quot;video_type&quot;:&quot;youtube&quot;,&quot;controls&quot;:&quot;yes&quot;}\" data-widget_type=\"video.default\">\n\t\t\t\t<div class=\"elementor-widget-container\">\n\t\t\t<style>\/*! elementor - v3.22.0 - 26-06-2024 *\/\n.elementor-widget-video .elementor-widget-container{overflow:hidden;transform:translateZ(0)}.elementor-widget-video .elementor-wrapper{aspect-ratio:var(--video-aspect-ratio)}.elementor-widget-video .elementor-wrapper iframe,.elementor-widget-video .elementor-wrapper video{height:100%;width:100%;display:flex;border:none;background-color:#000}@supports not (aspect-ratio:1\/1){.elementor-widget-video .elementor-wrapper{position:relative;overflow:hidden;height:0;padding-bottom:calc(100% \/ var(--video-aspect-ratio))}.elementor-widget-video .elementor-wrapper iframe,.elementor-widget-video .elementor-wrapper video{position:absolute;top:0;right:0;bottom:0;left:0}}.elementor-widget-video .elementor-open-inline .elementor-custom-embed-image-overlay{position:absolute;top:0;right:0;bottom:0;left:0;background-size:cover;background-position:50%}.elementor-widget-video .elementor-custom-embed-image-overlay{cursor:pointer;text-align:center}.elementor-widget-video .elementor-custom-embed-image-overlay:hover .elementor-custom-embed-play i{opacity:1}.elementor-widget-video .elementor-custom-embed-image-overlay img{display:block;width:100%;aspect-ratio:var(--video-aspect-ratio);-o-object-fit:cover;object-fit:cover;-o-object-position:center center;object-position:center center}@supports not (aspect-ratio:1\/1){.elementor-widget-video .elementor-custom-embed-image-overlay{position:relative;overflow:hidden;height:0;padding-bottom:calc(100% \/ var(--video-aspect-ratio))}.elementor-widget-video .elementor-custom-embed-image-overlay img{position:absolute;top:0;right:0;bottom:0;left:0}}.elementor-widget-video .e-hosted-video .elementor-video{-o-object-fit:cover;object-fit:cover}.e-con-inner>.elementor-widget-video,.e-con>.elementor-widget-video{width:var(--container-widget-width);--flex-grow:var(--container-widget-flex-grow)}<\/style>\t\t<div class=\"elementor-wrapper elementor-open-inline\">\n\t\t\t<div class=\"elementor-video\"><\/div>\t\t<\/div>\n\t\t\t\t<\/div>\n\t\t\t\t<\/div>\n\t\t\t\t<\/div>\n\t\t\t\t\t<\/div>\n\t\t\t\t<\/div>\n\t\t<div class=\"wd-negative-gap elementor-element elementor-element-7dc907fe e-flex e-con-boxed wd-section-disabled e-con e-parent\" data-id=\"7dc907fe\" data-element_type=\"container\" data-settings=\"{&quot;background_background&quot;:&quot;classic&quot;}\">\n\t\t\t\t\t<div class=\"e-con-inner\">\n\t\t<div class=\"elementor-element elementor-element-3f897761 e-con-full e-flex wd-section-disabled e-con e-child\" data-id=\"3f897761\" data-element_type=\"container\" data-settings=\"{&quot;background_background&quot;:&quot;video&quot;}\">\n\t\t\t\t<div class=\"elementor-element elementor-element-7b50fdb4 elementor-widget elementor-widget-image\" data-id=\"7b50fdb4\" data-element_type=\"widget\" data-widget_type=\"image.default\">\n\t\t\t\t<div class=\"elementor-widget-container\">\n\t\t\t\t\t\t\t\t\t\t\t\t\t<img fetchpriority=\"high\" decoding=\"async\" width=\"381\" height=\"492\" src=\"https:\/\/holdingtrade.es\/wp-content\/uploads\/2024\/03\/EMINA-EMOCION-2019-D.O.-RIBERA-DEL-DUERO-1.jpg\" class=\"attachment-full size-full wp-image-16678\" alt=\"\" srcset=\"https:\/\/holdingtrade.es\/wp-content\/uploads\/2024\/03\/EMINA-EMOCION-2019-D.O.-RIBERA-DEL-DUERO-1.jpg 381w, https:\/\/holdingtrade.es\/wp-content\/uploads\/2024\/03\/EMINA-EMOCION-2019-D.O.-RIBERA-DEL-DUERO-1-232x300.jpg 232w, https:\/\/holdingtrade.es\/wp-content\/uploads\/2024\/03\/EMINA-EMOCION-2019-D.O.-RIBERA-DEL-DUERO-1-150x194.jpg 150w\" sizes=\"(max-width: 381px) 100vw, 381px\" \/>\t\t\t\t\t\t\t\t\t\t\t\t\t<\/div>\n\t\t\t\t<\/div>\n\t\t\t\t<\/div>\n\t\t<div class=\"elementor-element elementor-element-3d8551f1 e-con-full e-flex wd-section-disabled e-con e-child\" data-id=\"3d8551f1\" data-element_type=\"container\">\n\t\t\t\t<div class=\"elementor-element elementor-element-bf38ca6 elementor-widget elementor-widget-wd_title\" data-id=\"bf38ca6\" data-element_type=\"widget\" data-widget_type=\"wd_title.default\">\n\t\t\t\t<div class=\"elementor-widget-container\">\n\t\t\t\t\t<div class=\"title-wrapper set-mb-s reset-last-child wd-title-color-primary wd-title-style-default wd-title-size-medium text-left\">\n\n\t\t\t\n\t\t\t<div class=\"liner-continer\">\n\t\t\t\t<h3 class=\"woodmart-title-container title wd-fontsize-xl\">FASES DE CATA<\/h3> \n\t\t\t\t\t\t\t<\/div>\n\n\t\t\t\t\t\t\t<div class=\"title-after_title set-cont-mb-s reset-last-child wd-fontsize-s\">\n\t\t\t\t\t<p><b><strong>VISUAL<\/strong><\/b><\/p><p>Se aprecia un color cardenal oscuro con una capa muy intensa redondeada por tonos amoratados.<\/p><p><b><strong>NARIZ<\/strong><\/b><\/p><p>Aromas a frutas rojas maduras y a frutas negras especiadas con toques de cacao sin lactonas. Se aprecia un vino complejo, lleno de matices equilibrados que evocan toques minerales.\u00a0<\/p><p><b><strong>BOCA<\/strong><\/b><\/p><p>Se aprecia un vino con car\u00e1cter, con un tanino firme y rotundo, con gran longitud, sin picos ni aristas, redondeado gracias a su crianza lo que otorga un sabor prolongado en boca. Su elegancia y complejidad se asimilan a las de un reserva pero con el toque desenfadado y amable que resalta en todos los vinos de Bodega Emina.<\/p>\t\t\t\t<\/div>\n\t\t\t\t\t<\/div>\n\t\t\t\t<\/div>\n\t\t\t\t<\/div>\n\t\t\t\t<\/div>\n\t\t\t\t\t<\/div>\n\t\t\t\t<\/div>\n\t\t<div class=\"elementor-element elementor-element-3a5083c4 e-con-full e-flex wd-section-disabled e-con e-parent\" data-id=\"3a5083c4\" data-element_type=\"container\" data-settings=\"{&quot;background_background&quot;:&quot;classic&quot;}\">\n\t\t<div class=\"elementor-element elementor-element-32ad4ecf e-con-full e-flex wd-section-disabled e-con e-child\" data-id=\"32ad4ecf\" data-element_type=\"container\">\n\t\t\t\t<div class=\"elementor-element elementor-element-546a8784 elementor-widget elementor-widget-wd_title\" data-id=\"546a8784\" data-element_type=\"widget\" data-widget_type=\"wd_title.default\">\n\t\t\t\t<div class=\"elementor-widget-container\">\n\t\t\t\t\t<div class=\"title-wrapper set-mb-s reset-last-child wd-title-color-primary wd-title-style-default wd-title-size-medium text-left\">\n\n\t\t\t\n\t\t\t<div class=\"liner-continer\">\n\t\t\t\t<h3 class=\"woodmart-title-container title wd-fontsize-xl\">MARIDAJE<\/h3> \n\t\t\t\t\t\t\t<\/div>\n\n\t\t\t\t\t\t\t<div class=\"title-after_title set-cont-mb-s reset-last-child wd-fontsize-s\">\n\t\t\t\t\t<p><b><strong>Emina Atio es un vino tinto de autor<\/strong><\/b>\u00a0<b><strong>de la Ribera del Duero<\/strong><\/b>\u00a0elaborado con las mejores uvas de la finca Atio. Es un vino de autor, con un gran potencial de guarda, que se caracteriza por su sabor intenso y carnoso, sus taninos firmes y redondos y su largo final.<\/p><p>Una receta ideal para acompa\u00f1ar con\u00a0<b><strong>Emina Atio es el rabo de toro al vino tinto.<\/strong><\/b>\u00a0El sabor intenso y carnoso del rabo de toro se complementa bien con los taninos y el sabor a fruta madura del vino.<\/p><p>Otras opciones de platos con los que celebrar,\u00a0<b><strong>compartir y dsifrutar de Emina Atio son:<\/strong><\/b><\/p><p>- Asado de cordero<\/p><p>- Guiso de jabal\u00ed<\/p><p>- Carne roja a la brasa<\/p><p>- Quesos curados de oveja o cabra<\/p>\t\t\t\t<\/div>\n\t\t\t\t\t<\/div>\n\t\t\t\t<\/div>\n\t\t\t\t<\/div>\n\t\t\t\t<\/div>\n\t\t<div class=\"elementor-element elementor-element-353de0f9 e-con-full e-flex wd-section-disabled e-con e-child\" data-id=\"353de0f9\" data-element_type=\"container\" data-settings=\"{&quot;background_background&quot;:&quot;classic&quot;}\">\n\t\t\t\t<\/div>\n\t\t\t\t<\/div>\n\t\t\t\t<\/div>\n\t\t","protected":false},"excerpt":{"rendered":"<p>D.O. RIBERA DEL DUERO<\/p>\n<p><strong>Emina Emoci\u00f3n es un vino tinto de la Ribera del Duero<\/strong>\u00a0elaborado por Bodega Emina. Es un vino de car\u00e1cter, con un gran potencial de guarda, que podr\u00eda asimilarse a un reserva. Sin embargo, Emina Emoci\u00f3n se elabora con la \u00faltima tecnolog\u00eda, lo que le confiere un car\u00e1cter moderno y vanguardista.<\/p>\n<p>Un vino \u00fanico que combina la\u00a0<strong>seriedad y la tradici\u00f3n de la Ribera del Duero con la modernidad y la vanguardia<\/strong>\u00a0de la \u00faltima tecnolog\u00eda. Es un vino perfecto para disfrutar en ocasiones especiales.<\/p>\n<p><strong>EL VI\u00d1EDO<\/strong><br \/>\nParcelas calizas orientadas al sur en el curso medio del r\u00edo Duero, su buen fondo de margas y arcillas, posibilitan el necesario desarrollo vegetativo para este vino de perfil elegante y fresco, con las peculiares caracter\u00edsticas de concentraci\u00f3n de la caliza.<\/p>\n","protected":false},"featured_media":16924,"template":"","meta":{"_joinchat":[]},"product_cat":[32],"product_tag":[],"_links":{"self":[{"href":"https:\/\/holdingtrade.es\/en\/wp-json\/wp\/v2\/product\/16810"}],"collection":[{"href":"https:\/\/holdingtrade.es\/en\/wp-json\/wp\/v2\/product"}],"about":[{"href":"https:\/\/holdingtrade.es\/en\/wp-json\/wp\/v2\/types\/product"}],"version-history":[{"count":0,"href":"https:\/\/holdingtrade.es\/en\/wp-json\/wp\/v2\/product\/16810\/revisions"}],"wp:featuredmedia":[{"embeddable":true,"href":"https:\/\/holdingtrade.es\/en\/wp-json\/wp\/v2\/media\/16924"}],"wp:attachment":[{"href":"https:\/\/holdingtrade.es\/en\/wp-json\/wp\/v2\/media?parent=16810"}],"wp:term":[{"taxonomy":"product_cat","embeddable":true,"href":"https:\/\/holdingtrade.es\/en\/wp-json\/wp\/v2\/product_cat?post=16810"},{"taxonomy":"product_tag","embeddable":true,"href":"https:\/\/holdingtrade.es\/en\/wp-json\/wp\/v2\/product_tag?post=16810"}],"curies":[{"name":"wp","href":"https:\/\/api.w.org\/{rel}","templated":true}]}}