{"id":16814,"date":"2024-03-23T20:46:35","date_gmt":"2024-03-23T20:46:35","guid":{"rendered":"https:\/\/holdingtrade.es\/producto\/emina-verdejo-sobre-lias-2022-magnum-150cl-d-o-rueda\/"},"modified":"2024-05-18T03:10:43","modified_gmt":"2024-05-18T03:10:43","slug":"emina-verdejo-sobre-lias-2022-magnum-150cl-d-o-rueda","status":"publish","type":"product","link":"https:\/\/holdingtrade.es\/en\/producto\/emina-verdejo-sobre-lias-2022-magnum-150cl-d-o-rueda\/","title":{"rendered":"Emina Verdejo Sobre L\u00edas 2022 &#8211; Magnum 150 CL"},"content":{"rendered":"\t\t<div data-elementor-type=\"wp-post\" data-elementor-id=\"16814\" class=\"elementor elementor-16814\" data-elementor-post-type=\"product\">\n\t\t\t\t<div class=\"elementor-element elementor-element-7d865212 e-con-full wd-section-stretch e-flex e-con e-parent\" data-id=\"7d865212\" data-element_type=\"container\" data-settings=\"{&quot;background_background&quot;:&quot;video&quot;,&quot;background_video_link&quot;:&quot;https:\\\/\\\/player.vimeo.com\\\/video\\\/461730910&quot;,&quot;background_play_on_mobile&quot;:&quot;yes&quot;}\">\n\t\t<div class=\"elementor-background-video-container\">\n\t\t\t\t\t\t\t<div class=\"elementor-background-video-embed\"><\/div>\n\t\t\t\t\t\t<\/div><div class=\"elementor-element elementor-element-152aee63 e-con-full e-flex wd-section-disabled e-con e-child\" data-id=\"152aee63\" data-element_type=\"container\">\n\t\t\t\t<\/div>\n\t\t<div class=\"elementor-element elementor-element-45f8dbdd e-con-full e-flex wd-section-disabled e-con e-child\" data-id=\"45f8dbdd\" data-element_type=\"container\" data-settings=\"{&quot;background_background&quot;:&quot;classic&quot;}\">\n\t\t\t\t<div class=\"elementor-element elementor-element-5041f7b2 elementor-widget__width-initial elementor-widget elementor-widget-image\" data-id=\"5041f7b2\" data-element_type=\"widget\" data-widget_type=\"image.default\">\n\t\t\t\t<div class=\"elementor-widget-container\">\n\t\t\t<style>\/*! elementor - v3.22.0 - 26-06-2024 *\/\n.elementor-widget-image{text-align:center}.elementor-widget-image a{display:inline-block}.elementor-widget-image a img[src$=\".svg\"]{width:48px}.elementor-widget-image img{vertical-align:middle;display:inline-block}<\/style>\t\t\t\t\t\t\t\t\t\t<img decoding=\"async\" width=\"300\" height=\"100\" src=\"https:\/\/holdingtrade.es\/wp-content\/uploads\/2024\/04\/logo-emina-webpng.png\" class=\"attachment-full size-full wp-image-16988\" alt=\"\" srcset=\"https:\/\/holdingtrade.es\/wp-content\/uploads\/2024\/04\/logo-emina-webpng.png 300w, https:\/\/holdingtrade.es\/wp-content\/uploads\/2024\/04\/logo-emina-webpng-150x50.png 150w\" sizes=\"(max-width: 300px) 100vw, 300px\" \/>\t\t\t\t\t\t\t\t\t\t\t\t\t<\/div>\n\t\t\t\t<\/div>\n\t\t\t\t<div class=\"elementor-element elementor-element-9dd256b color-scheme-inherit text-left elementor-widget elementor-widget-text-editor\" data-id=\"9dd256b\" data-element_type=\"widget\" data-widget_type=\"text-editor.default\">\n\t\t\t\t<div class=\"elementor-widget-container\">\n\t\t\t<style>\/*! elementor - v3.22.0 - 26-06-2024 *\/\n.elementor-widget-text-editor.elementor-drop-cap-view-stacked .elementor-drop-cap{background-color:#69727d;color:#fff}.elementor-widget-text-editor.elementor-drop-cap-view-framed .elementor-drop-cap{color:#69727d;border:3px solid;background-color:transparent}.elementor-widget-text-editor:not(.elementor-drop-cap-view-default) .elementor-drop-cap{margin-top:8px}.elementor-widget-text-editor:not(.elementor-drop-cap-view-default) .elementor-drop-cap-letter{width:1em;height:1em}.elementor-widget-text-editor .elementor-drop-cap{float:left;text-align:center;line-height:1;font-size:50px}.elementor-widget-text-editor .elementor-drop-cap-letter{display:inline-block}<\/style>\t\t\t\t<p>Bodega EMINA Ribera fue construida en 2005 en Valbuena de Duero, dentro la prestigiosa zona de la Milla de Oro de la Ribera del Duero, que posee lugares id\u00f3neos para el nacimiento de unos vinos que hacen a esta Denominaci\u00f3n de Origen acreedora del prestigio que atesora. La palabra EMINA evoca a la medida del vino y a la tradici\u00f3n arraigada en la zona situada junto a esta bodega que a\u00fana modernidad y tradici\u00f3n. Vi\u00f1as Rosas, La Caba\u00f1a, Valdelacasa, Hermano Diego, El Tomillar, El Horno, Valuenga, los Apriscos, La Hinojera, Vermilion\u2026<br \/>Son los nombres de los pagos de los que proceden los vinos de esta bodega, ubicada en un edificio de gran apreciaci\u00f3n arquitect\u00f3nica con una est\u00e9tica integrada en el entorno y el paisaje, inspirada en las villas romanas, cuya actividad interior gira alrededor de un atrio central.<\/p>\t\t\t\t\t\t<\/div>\n\t\t\t\t<\/div>\n\t\t\t\t<\/div>\n\t\t<div class=\"elementor-element elementor-element-3436ae6e e-con-full e-flex wd-section-disabled e-con e-child\" data-id=\"3436ae6e\" data-element_type=\"container\">\n\t\t\t\t<\/div>\n\t\t\t\t<\/div>\n\t\t<div class=\"wd-negative-gap elementor-element elementor-element-4e202e04 e-flex e-con-boxed wd-section-disabled e-con e-parent\" data-id=\"4e202e04\" data-element_type=\"container\">\n\t\t\t\t\t<div class=\"e-con-inner\">\n\t\t<div class=\"elementor-element elementor-element-6ae39d46 e-con-full e-flex wd-section-disabled e-con e-child\" data-id=\"6ae39d46\" data-element_type=\"container\">\n\t\t\t\t<div class=\"elementor-element elementor-element-3d7a1568 elementor-widget elementor-widget-wd_title\" data-id=\"3d7a1568\" data-element_type=\"widget\" data-widget_type=\"wd_title.default\">\n\t\t\t\t<div class=\"elementor-widget-container\">\n\t\t\t\t\t<div class=\"title-wrapper set-mb-s reset-last-child wd-title-color-primary wd-title-style-default wd-title-size-medium text-left\">\n\n\t\t\t\n\t\t\t<div class=\"liner-continer\">\n\t\t\t\t<h3 class=\"woodmart-title-container title wd-fontsize-xl\">SELECCI\u00d3N LIMITADA<\/h3> \n\t\t\t\t\t\t\t<\/div>\n\n\t\t\t\t\t\t\t<div class=\"title-after_title set-cont-mb-s reset-last-child wd-fontsize-s\">\n\t\t\t\t\t<p>Fruto de un largo y cuidado proyecto de investigaci\u00f3n, Emina Verdejo es el primer vino de la bodega que ha sido\u00a0<strong>fermentado con una levadura aut\u00f3ctona<\/strong>, es decir, procedente de sus propias parcelas. El resultado de este proceso fermentativo es un vino con mayores propiedades organol\u00e9pticas y unos elegantes toques de frescas frutas tropicales de pi\u00f1a y maracuy\u00e1.<\/p><p>Para la fermentaci\u00f3n de Emina Verdejo, se ha utilizado una levadura bautizada como \u201cSchacaromyces Cerevisae EMINA\u201d procedente de nuestras propias vi\u00f1as.<\/p><p>Las Marcas\u00a0es una de nuestras fincas m\u00e1s importantes, localizada en Villalba de Adaja, en Valladolid. Esta finca est\u00e1 dividida en varias partes, la mayor de ellas est\u00e1 plantada con uvas de la variedad\u00a0<strong>Verdejo<\/strong>\u00a0en espaldera. Este vi\u00f1edo tiene un marco de plantaci\u00f3n de 5.000 cepas por hect\u00e1rea y est\u00e1 situado en la ribera del r\u00edo Adaja.<\/p><p>Este sensacional vino se elabora en contacto con las\u00a0<strong>l\u00edas finas<\/strong>\u00a0de fermentaci\u00f3n, y este formato es perfecto para que la evoluci\u00f3n de este vino sea lenta y diferente, lo que permite transferir al vino\u00a0<strong>estilo, car\u00e1cter y equilibrio.<\/strong><\/p><p><strong>EL VI\u00d1EDO<\/strong><br \/>Las Marcas es una de nuestras fincas m\u00e1s importantes, localizada en Villalba de Adaja, en Valladolid. Esta finca est\u00e1 dividida en varias partes, la mayor de ellas est\u00e1 plantada con uvas de la variedad Verdejo en espaldera. Este vi\u00f1edo tiene un marco de plantaci\u00f3n de 5.000 cepas por hect\u00e1rea y situado en la ribera del rio Adaja, su suelo es franco arenoso<\/p>\t\t\t\t<\/div>\n\t\t\t\t\t<\/div>\n\t\t\t\t<\/div>\n\t\t\t\t<\/div>\n\t\t\t\t<\/div>\n\t\t<div class=\"elementor-element elementor-element-48bd279b e-con-full e-flex wd-section-disabled e-con e-child\" data-id=\"48bd279b\" data-element_type=\"container\">\n\t\t\t\t<div class=\"elementor-element elementor-element-422c9df2 elementor-widget elementor-widget-image\" data-id=\"422c9df2\" data-element_type=\"widget\" data-widget_type=\"image.default\">\n\t\t\t\t<div class=\"elementor-widget-container\">\n\t\t\t\t\t\t\t\t\t\t\t\t\t<img fetchpriority=\"high\" decoding=\"async\" width=\"381\" height=\"492\" src=\"https:\/\/holdingtrade.es\/wp-content\/uploads\/2024\/03\/EMINA-VERDEJO-SOBRE-LIAS-2022-1.jpg\" class=\"attachment-large size-large wp-image-16693\" alt=\"\" srcset=\"https:\/\/holdingtrade.es\/wp-content\/uploads\/2024\/03\/EMINA-VERDEJO-SOBRE-LIAS-2022-1.jpg 381w, https:\/\/holdingtrade.es\/wp-content\/uploads\/2024\/03\/EMINA-VERDEJO-SOBRE-LIAS-2022-1-232x300.jpg 232w, https:\/\/holdingtrade.es\/wp-content\/uploads\/2024\/03\/EMINA-VERDEJO-SOBRE-LIAS-2022-1-150x194.jpg 150w\" sizes=\"(max-width: 381px) 100vw, 381px\" \/>\t\t\t\t\t\t\t\t\t\t\t\t\t<\/div>\n\t\t\t\t<\/div>\n\t\t\t\t<\/div>\n\t\t\t\t\t<\/div>\n\t\t\t\t<\/div>\n\t\t<div class=\"wd-negative-gap elementor-element elementor-element-1e5b4791 e-flex e-con-boxed wd-section-disabled e-con e-parent\" data-id=\"1e5b4791\" data-element_type=\"container\" data-settings=\"{&quot;background_background&quot;:&quot;classic&quot;}\">\n\t\t\t\t\t<div class=\"e-con-inner\">\n\t\t<div class=\"elementor-element elementor-element-1fd974d1 e-con-full e-flex wd-section-disabled e-con e-child\" data-id=\"1fd974d1\" data-element_type=\"container\" data-settings=\"{&quot;background_background&quot;:&quot;video&quot;}\">\n\t\t\t\t<div class=\"elementor-element elementor-element-5992f834 elementor-widget elementor-widget-video\" data-id=\"5992f834\" data-element_type=\"widget\" data-settings=\"{&quot;youtube_url&quot;:&quot;https:\\\/\\\/www.youtube.com\\\/watch?v=q0QdtSPYqC8&quot;,&quot;video_type&quot;:&quot;youtube&quot;,&quot;controls&quot;:&quot;yes&quot;}\" data-widget_type=\"video.default\">\n\t\t\t\t<div class=\"elementor-widget-container\">\n\t\t\t<style>\/*! elementor - v3.22.0 - 26-06-2024 *\/\n.elementor-widget-video .elementor-widget-container{overflow:hidden;transform:translateZ(0)}.elementor-widget-video .elementor-wrapper{aspect-ratio:var(--video-aspect-ratio)}.elementor-widget-video .elementor-wrapper iframe,.elementor-widget-video .elementor-wrapper video{height:100%;width:100%;display:flex;border:none;background-color:#000}@supports not (aspect-ratio:1\/1){.elementor-widget-video .elementor-wrapper{position:relative;overflow:hidden;height:0;padding-bottom:calc(100% \/ var(--video-aspect-ratio))}.elementor-widget-video .elementor-wrapper iframe,.elementor-widget-video .elementor-wrapper video{position:absolute;top:0;right:0;bottom:0;left:0}}.elementor-widget-video .elementor-open-inline .elementor-custom-embed-image-overlay{position:absolute;top:0;right:0;bottom:0;left:0;background-size:cover;background-position:50%}.elementor-widget-video .elementor-custom-embed-image-overlay{cursor:pointer;text-align:center}.elementor-widget-video .elementor-custom-embed-image-overlay:hover .elementor-custom-embed-play i{opacity:1}.elementor-widget-video .elementor-custom-embed-image-overlay img{display:block;width:100%;aspect-ratio:var(--video-aspect-ratio);-o-object-fit:cover;object-fit:cover;-o-object-position:center center;object-position:center center}@supports not (aspect-ratio:1\/1){.elementor-widget-video .elementor-custom-embed-image-overlay{position:relative;overflow:hidden;height:0;padding-bottom:calc(100% \/ var(--video-aspect-ratio))}.elementor-widget-video .elementor-custom-embed-image-overlay img{position:absolute;top:0;right:0;bottom:0;left:0}}.elementor-widget-video .e-hosted-video .elementor-video{-o-object-fit:cover;object-fit:cover}.e-con-inner>.elementor-widget-video,.e-con>.elementor-widget-video{width:var(--container-widget-width);--flex-grow:var(--container-widget-flex-grow)}<\/style>\t\t<div class=\"elementor-wrapper elementor-open-inline\">\n\t\t\t<div class=\"elementor-video\"><\/div>\t\t<\/div>\n\t\t\t\t<\/div>\n\t\t\t\t<\/div>\n\t\t\t\t<\/div>\n\t\t<div class=\"elementor-element elementor-element-663f2dbd e-con-full e-flex wd-section-disabled e-con e-child\" data-id=\"663f2dbd\" data-element_type=\"container\">\n\t\t\t\t<div class=\"elementor-element elementor-element-2e6102a2 elementor-widget elementor-widget-wd_title\" data-id=\"2e6102a2\" data-element_type=\"widget\" data-widget_type=\"wd_title.default\">\n\t\t\t\t<div class=\"elementor-widget-container\">\n\t\t\t\t\t<div class=\"title-wrapper set-mb-s reset-last-child wd-title-color-primary wd-title-style-default wd-title-size-medium text-left\">\n\n\t\t\t\n\t\t\t<div class=\"liner-continer\">\n\t\t\t\t<h3 class=\"woodmart-title-container title wd-fontsize-xl\">FASES DE CATA<\/h3> \n\t\t\t\t\t\t\t<\/div>\n\n\t\t\t\t\t\t\t<div class=\"title-after_title set-cont-mb-s reset-last-child wd-fontsize-s\">\n\t\t\t\t\t<p><b><strong>VISUAL<\/strong><\/b><\/p><p>Se aprecia un vino blanco con color amarillo pajizo con reflejo verdoso, limpio y muy brillante.<\/p><p><b><strong>NARIZ<\/strong><\/b><\/p><p>Aromas de fresa, fruta de hueso, sensaciones de pi\u00f1a fresca, con fondo de hinojo y pomelo.<\/p><p><b><strong>BOCA<\/strong><\/b><\/p><p>Se aprecia un vino estructurado, con una excelente longitud y equilibrio entre las sensaciones frescas de la acidez con el elegante amargor de la variedad Verdejo, e intensos sabores de albaricoque, suaves tropicales y vivos c\u00edtricos.<\/p>\t\t\t\t<\/div>\n\t\t\t\t\t<\/div>\n\t\t\t\t<\/div>\n\t\t\t\t<\/div>\n\t\t\t\t<\/div>\n\t\t\t\t\t<\/div>\n\t\t\t\t<\/div>\n\t\t<div class=\"elementor-element elementor-element-7bf6f6bd e-con-full e-flex wd-section-disabled e-con e-parent\" data-id=\"7bf6f6bd\" data-element_type=\"container\" data-settings=\"{&quot;background_background&quot;:&quot;classic&quot;}\">\n\t\t<div class=\"elementor-element elementor-element-29c41b48 e-con-full e-flex wd-section-disabled e-con e-child\" data-id=\"29c41b48\" data-element_type=\"container\">\n\t\t\t\t<div class=\"elementor-element elementor-element-1cb9aab2 elementor-widget elementor-widget-wd_title\" data-id=\"1cb9aab2\" data-element_type=\"widget\" data-widget_type=\"wd_title.default\">\n\t\t\t\t<div class=\"elementor-widget-container\">\n\t\t\t\t\t<div class=\"title-wrapper set-mb-s reset-last-child wd-title-color-primary wd-title-style-default wd-title-size-medium text-left\">\n\n\t\t\t\n\t\t\t<div class=\"liner-continer\">\n\t\t\t\t<h3 class=\"woodmart-title-container title wd-fontsize-xl\">MARIDAJE<\/h3> \n\t\t\t\t\t\t\t<\/div>\n\n\t\t\t\t\t\t\t<div class=\"title-after_title set-cont-mb-s reset-last-child wd-fontsize-s\">\n\t\t\t\t\t<p>Para maridar este\u00a0<b><strong>Magnum de Emina Verdejo,<\/strong><\/b>\u00a0te proponemos<b><strong>\u00a0una cena con amigos y unos pokes variados.<\/strong><\/b>\u00a0En general, el Emina Verdejo Magnum<b><strong>\u00a0combina bien con pokes de pescados grasos, como el salm\u00f3n o el at\u00fan.<\/strong><\/b>\u00a0Los sabores afrutados y c\u00edtricos del vino complementan los sabores del pescado y las verduras.<\/p><p>Aqu\u00ed te dejamos algunas sugerencias de pokes para que disfrutes con tus amigos o familiares de este\u00a0<b><strong>Magnum de Emina Verdejo:<\/strong><\/b><\/p><p><b><strong>Poke de salm\u00f3n:<\/strong><\/b>\u00a0El salm\u00f3n es un pescado graso con un sabor delicado. El\u00a0<b><strong>Emina Verdejo Magnum<\/strong><\/b>\u00a0realzar\u00e1 los sabores del salm\u00f3n y le dar\u00e1 un toque fresco.<\/p><p><b><strong>Poke de pulpo:<\/strong><\/b>\u00a0El pulpo es un ingrediente vers\u00e1til que se puede preparar de muchas maneras. Este verdejo combina bien con pokes de pulpo a la parrilla o al horno.<\/p><p><b><strong>Poke de camarones<\/strong><\/b>: Los camarones son un ingrediente ligero y fresco, ideal para este tipo de vino.<\/p>\t\t\t\t<\/div>\n\t\t\t\t\t<\/div>\n\t\t\t\t<\/div>\n\t\t\t\t<\/div>\n\t\t\t\t<\/div>\n\t\t<div class=\"elementor-element elementor-element-247da6eb e-con-full e-flex wd-section-disabled e-con e-child\" data-id=\"247da6eb\" data-element_type=\"container\" data-settings=\"{&quot;background_background&quot;:&quot;classic&quot;}\">\n\t\t\t\t<\/div>\n\t\t\t\t<\/div>\n\t\t\t\t<\/div>\n\t\t","protected":false},"excerpt":{"rendered":"<p>D.O. RUEDA<br \/>\n<strong>Formato magnum exclusivo<\/strong><br \/>\n<strong>Levaduras propias seleccionadas<\/strong><\/p>\n<p>En Bodega Emina siempre hemos apostado por el potencial y exclusividad que tienen nuestros vi\u00f1edos. Este\u00a0<strong>Magnum<\/strong>\u00a0de\u00a0<strong>Emina Verdejo\u00a0<\/strong>sobre l\u00edas es un vino blanco que se elabora a partir de\u00a0vi\u00f1edos propios, en los que para respetar al m\u00e1ximo la exclusividad del terru\u00f1o,\u00a0la levadura\u00a0que realiza la fermentaci\u00f3n ha sido\u00a0seleccionada\u00a0tambi\u00e9n de nuestras propias parcelas de verdejo en la\u00a0<strong>Denominaci\u00f3n de Origen Rueda.<\/strong><\/p>\n","protected":false},"featured_media":16922,"template":"","meta":{"_joinchat":[]},"product_cat":[32],"product_tag":[],"_links":{"self":[{"href":"https:\/\/holdingtrade.es\/en\/wp-json\/wp\/v2\/product\/16814"}],"collection":[{"href":"https:\/\/holdingtrade.es\/en\/wp-json\/wp\/v2\/product"}],"about":[{"href":"https:\/\/holdingtrade.es\/en\/wp-json\/wp\/v2\/types\/product"}],"version-history":[{"count":0,"href":"https:\/\/holdingtrade.es\/en\/wp-json\/wp\/v2\/product\/16814\/revisions"}],"wp:featuredmedia":[{"embeddable":true,"href":"https:\/\/holdingtrade.es\/en\/wp-json\/wp\/v2\/media\/16922"}],"wp:attachment":[{"href":"https:\/\/holdingtrade.es\/en\/wp-json\/wp\/v2\/media?parent=16814"}],"wp:term":[{"taxonomy":"product_cat","embeddable":true,"href":"https:\/\/holdingtrade.es\/en\/wp-json\/wp\/v2\/product_cat?post=16814"},{"taxonomy":"product_tag","embeddable":true,"href":"https:\/\/holdingtrade.es\/en\/wp-json\/wp\/v2\/product_tag?post=16814"}],"curies":[{"name":"wp","href":"https:\/\/api.w.org\/{rel}","templated":true}]}}