{"id":16818,"date":"2024-03-23T20:46:35","date_gmt":"2024-03-23T20:46:35","guid":{"rendered":"https:\/\/holdingtrade.es\/producto\/emina-crianza-2019-magnum-150cl-d-o-ribera-del-duero\/"},"modified":"2024-05-18T03:04:12","modified_gmt":"2024-05-18T03:04:12","slug":"emina-crianza-2019-magnum-150cl-d-o-ribera-del-duero","status":"publish","type":"product","link":"https:\/\/holdingtrade.es\/en\/producto\/emina-crianza-2019-magnum-150cl-d-o-ribera-del-duero\/","title":{"rendered":"Emina Crianza 2019 &#8211; Magnum 150CL."},"content":{"rendered":"\t\t<div data-elementor-type=\"wp-post\" data-elementor-id=\"16818\" class=\"elementor elementor-16818\" data-elementor-post-type=\"product\">\n\t\t\t\t<div class=\"elementor-element elementor-element-46609c33 e-con-full wd-section-stretch e-flex e-con e-parent\" data-id=\"46609c33\" data-element_type=\"container\" data-settings=\"{&quot;background_background&quot;:&quot;video&quot;,&quot;background_video_link&quot;:&quot;https:\\\/\\\/player.vimeo.com\\\/video\\\/461730910&quot;,&quot;background_play_on_mobile&quot;:&quot;yes&quot;}\">\n\t\t<div class=\"elementor-background-video-container\">\n\t\t\t\t\t\t\t<div class=\"elementor-background-video-embed\"><\/div>\n\t\t\t\t\t\t<\/div><div class=\"elementor-element elementor-element-3cfc5592 e-con-full e-flex wd-section-disabled e-con e-child\" data-id=\"3cfc5592\" data-element_type=\"container\">\n\t\t\t\t<\/div>\n\t\t<div class=\"elementor-element elementor-element-e05336f e-con-full e-flex wd-section-disabled e-con e-child\" data-id=\"e05336f\" data-element_type=\"container\" data-settings=\"{&quot;background_background&quot;:&quot;classic&quot;}\">\n\t\t\t\t<div class=\"elementor-element elementor-element-18a081e4 elementor-widget__width-initial elementor-widget elementor-widget-image\" data-id=\"18a081e4\" data-element_type=\"widget\" data-widget_type=\"image.default\">\n\t\t\t\t<div class=\"elementor-widget-container\">\n\t\t\t<style>\/*! elementor - v3.22.0 - 26-06-2024 *\/\n.elementor-widget-image{text-align:center}.elementor-widget-image a{display:inline-block}.elementor-widget-image a img[src$=\".svg\"]{width:48px}.elementor-widget-image img{vertical-align:middle;display:inline-block}<\/style>\t\t\t\t\t\t\t\t\t\t<img decoding=\"async\" width=\"300\" height=\"100\" src=\"https:\/\/holdingtrade.es\/wp-content\/uploads\/2024\/04\/logo-emina-webpng.png\" class=\"attachment-full size-full wp-image-16988\" alt=\"\" srcset=\"https:\/\/holdingtrade.es\/wp-content\/uploads\/2024\/04\/logo-emina-webpng.png 300w, https:\/\/holdingtrade.es\/wp-content\/uploads\/2024\/04\/logo-emina-webpng-150x50.png 150w\" sizes=\"(max-width: 300px) 100vw, 300px\" \/>\t\t\t\t\t\t\t\t\t\t\t\t\t<\/div>\n\t\t\t\t<\/div>\n\t\t\t\t<div class=\"elementor-element elementor-element-6134d3a5 color-scheme-inherit text-left elementor-widget elementor-widget-text-editor\" data-id=\"6134d3a5\" data-element_type=\"widget\" data-widget_type=\"text-editor.default\">\n\t\t\t\t<div class=\"elementor-widget-container\">\n\t\t\t<style>\/*! elementor - v3.22.0 - 26-06-2024 *\/\n.elementor-widget-text-editor.elementor-drop-cap-view-stacked .elementor-drop-cap{background-color:#69727d;color:#fff}.elementor-widget-text-editor.elementor-drop-cap-view-framed .elementor-drop-cap{color:#69727d;border:3px solid;background-color:transparent}.elementor-widget-text-editor:not(.elementor-drop-cap-view-default) .elementor-drop-cap{margin-top:8px}.elementor-widget-text-editor:not(.elementor-drop-cap-view-default) .elementor-drop-cap-letter{width:1em;height:1em}.elementor-widget-text-editor .elementor-drop-cap{float:left;text-align:center;line-height:1;font-size:50px}.elementor-widget-text-editor .elementor-drop-cap-letter{display:inline-block}<\/style>\t\t\t\t<p>Bodega EMINA Ribera fue construida en 2005 en Valbuena de Duero, dentro la prestigiosa zona de la Milla de Oro de la Ribera del Duero, que posee lugares id\u00f3neos para el nacimiento de unos vinos que hacen a esta Denominaci\u00f3n de Origen acreedora del prestigio que atesora. La palabra EMINA evoca a la medida del vino y a la tradici\u00f3n arraigada en la zona situada junto a esta bodega que a\u00fana modernidad y tradici\u00f3n. Vi\u00f1as Rosas, La Caba\u00f1a, Valdelacasa, Hermano Diego, El Tomillar, El Horno, Valuenga, los Apriscos, La Hinojera, Vermilion\u2026<br \/>Son los nombres de los pagos de los que proceden los vinos de esta bodega, ubicada en un edificio de gran apreciaci\u00f3n arquitect\u00f3nica con una est\u00e9tica integrada en el entorno y el paisaje, inspirada en las villas romanas, cuya actividad interior gira alrededor de un atrio central.<\/p>\t\t\t\t\t\t<\/div>\n\t\t\t\t<\/div>\n\t\t\t\t<\/div>\n\t\t<div class=\"elementor-element elementor-element-6d3c1e3 e-con-full e-flex wd-section-disabled e-con e-child\" data-id=\"6d3c1e3\" data-element_type=\"container\">\n\t\t\t\t<\/div>\n\t\t\t\t<\/div>\n\t\t<div class=\"wd-negative-gap elementor-element elementor-element-c235b2a e-flex e-con-boxed wd-section-disabled e-con e-parent\" data-id=\"c235b2a\" data-element_type=\"container\">\n\t\t\t\t\t<div class=\"e-con-inner\">\n\t\t<div class=\"elementor-element elementor-element-38074c17 e-con-full e-flex wd-section-disabled e-con e-child\" data-id=\"38074c17\" data-element_type=\"container\">\n\t\t\t\t<div class=\"elementor-element elementor-element-30828f3 elementor-widget elementor-widget-wd_title\" data-id=\"30828f3\" data-element_type=\"widget\" data-widget_type=\"wd_title.default\">\n\t\t\t\t<div class=\"elementor-widget-container\">\n\t\t\t\t\t<div class=\"title-wrapper set-mb-s reset-last-child wd-title-color-primary wd-title-style-default wd-title-size-medium text-left\">\n\n\t\t\t\n\t\t\t<div class=\"liner-continer\">\n\t\t\t\t<h3 class=\"woodmart-title-container title wd-fontsize-xl\">UN PROYECTO ELEGANTE Y MODERNO<\/h3> \n\t\t\t\t\t\t\t<\/div>\n\n\t\t\t\t\t\t\t<div class=\"title-after_title set-cont-mb-s reset-last-child wd-fontsize-s\">\n\t\t\t\t\t<p>Emina Crianza es \u00a0un Tempranillo muy moderno, donde la expresi\u00f3n de su elegante\u00a0<strong>fruta negra y roja<\/strong>\u00a0combina a la perfecci\u00f3n con los aromas especiados, con\u00a0<strong>maderas nobles<\/strong>\u00a0de los bosques de Francia y EEUU, de donde provienen las barricas en las que permanece 12 meses.<\/p><p>Este vino proviene de las mejores parcelas que Bodega Emina Ribera tiene en Valbuena de Duero, ba\u00f1adas por las aguas del r\u00edo Duero.\u00a0Vi\u00f1edos situados en las proximidades del Monasterio de Santa Mar\u00eda de Valbuena, cuna del nacimiento del vino donde los monjes cistercienses reintrodujeron el cultivo de la vid en la Edad Media y que se encuentran entre los 750 metros y los 910 metros de altitud de la zona del p\u00e1ramo.<\/p><p>La combinaci\u00f3n de ambos terru\u00f1os consigue un equilibrio entre<strong>\u00a0frescura y voluptuosidad<\/strong>\u00a0que le dota de un perfecto equilibrio.\u00a0<\/p>\t\t\t\t<\/div>\n\t\t\t\t\t<\/div>\n\t\t\t\t<\/div>\n\t\t\t\t<\/div>\n\t\t\t\t<\/div>\n\t\t<div class=\"elementor-element elementor-element-51500ba5 e-con-full e-flex wd-section-disabled e-con e-child\" data-id=\"51500ba5\" data-element_type=\"container\">\n\t\t\t\t<div class=\"elementor-element elementor-element-51c3d496 elementor-widget elementor-widget-image\" data-id=\"51c3d496\" data-element_type=\"widget\" data-widget_type=\"image.default\">\n\t\t\t\t<div class=\"elementor-widget-container\">\n\t\t\t\t\t\t\t\t\t\t\t\t\t<img fetchpriority=\"high\" decoding=\"async\" width=\"800\" height=\"800\" src=\"https:\/\/holdingtrade.es\/wp-content\/uploads\/2024\/03\/EMINA-CRIANZA-2019-D.O.-RIBERA-DEL-DUERO-1.jpg\" class=\"attachment-full size-full wp-image-16926\" alt=\"\" srcset=\"https:\/\/holdingtrade.es\/wp-content\/uploads\/2024\/03\/EMINA-CRIANZA-2019-D.O.-RIBERA-DEL-DUERO-1.jpg 800w, https:\/\/holdingtrade.es\/wp-content\/uploads\/2024\/03\/EMINA-CRIANZA-2019-D.O.-RIBERA-DEL-DUERO-1-300x300.jpg 300w, https:\/\/holdingtrade.es\/wp-content\/uploads\/2024\/03\/EMINA-CRIANZA-2019-D.O.-RIBERA-DEL-DUERO-1-150x150.jpg 150w, https:\/\/holdingtrade.es\/wp-content\/uploads\/2024\/03\/EMINA-CRIANZA-2019-D.O.-RIBERA-DEL-DUERO-1-768x768.jpg 768w, https:\/\/holdingtrade.es\/wp-content\/uploads\/2024\/03\/EMINA-CRIANZA-2019-D.O.-RIBERA-DEL-DUERO-1-430x430.jpg 430w, https:\/\/holdingtrade.es\/wp-content\/uploads\/2024\/03\/EMINA-CRIANZA-2019-D.O.-RIBERA-DEL-DUERO-1-700x700.jpg 700w\" sizes=\"(max-width: 800px) 100vw, 800px\" \/>\t\t\t\t\t\t\t\t\t\t\t\t\t<\/div>\n\t\t\t\t<\/div>\n\t\t\t\t<\/div>\n\t\t\t\t\t<\/div>\n\t\t\t\t<\/div>\n\t\t<div class=\"wd-negative-gap elementor-element elementor-element-104ec0a5 e-flex e-con-boxed wd-section-disabled e-con e-parent\" data-id=\"104ec0a5\" data-element_type=\"container\" data-settings=\"{&quot;background_background&quot;:&quot;classic&quot;}\">\n\t\t\t\t\t<div class=\"e-con-inner\">\n\t\t<div class=\"elementor-element elementor-element-3bdfb0b8 e-con-full e-flex wd-section-disabled e-con e-child\" data-id=\"3bdfb0b8\" data-element_type=\"container\" data-settings=\"{&quot;background_background&quot;:&quot;video&quot;}\">\n\t\t\t\t<div class=\"elementor-element elementor-element-11cb555b elementor-widget elementor-widget-video\" data-id=\"11cb555b\" data-element_type=\"widget\" data-settings=\"{&quot;youtube_url&quot;:&quot;https:\\\/\\\/www.youtube.com\\\/watch?v=Ppkt-3CgyUE&quot;,&quot;video_type&quot;:&quot;youtube&quot;,&quot;controls&quot;:&quot;yes&quot;}\" data-widget_type=\"video.default\">\n\t\t\t\t<div class=\"elementor-widget-container\">\n\t\t\t<style>\/*! elementor - v3.22.0 - 26-06-2024 *\/\n.elementor-widget-video .elementor-widget-container{overflow:hidden;transform:translateZ(0)}.elementor-widget-video .elementor-wrapper{aspect-ratio:var(--video-aspect-ratio)}.elementor-widget-video .elementor-wrapper iframe,.elementor-widget-video .elementor-wrapper video{height:100%;width:100%;display:flex;border:none;background-color:#000}@supports not (aspect-ratio:1\/1){.elementor-widget-video .elementor-wrapper{position:relative;overflow:hidden;height:0;padding-bottom:calc(100% \/ var(--video-aspect-ratio))}.elementor-widget-video .elementor-wrapper iframe,.elementor-widget-video .elementor-wrapper video{position:absolute;top:0;right:0;bottom:0;left:0}}.elementor-widget-video .elementor-open-inline .elementor-custom-embed-image-overlay{position:absolute;top:0;right:0;bottom:0;left:0;background-size:cover;background-position:50%}.elementor-widget-video .elementor-custom-embed-image-overlay{cursor:pointer;text-align:center}.elementor-widget-video .elementor-custom-embed-image-overlay:hover .elementor-custom-embed-play i{opacity:1}.elementor-widget-video .elementor-custom-embed-image-overlay img{display:block;width:100%;aspect-ratio:var(--video-aspect-ratio);-o-object-fit:cover;object-fit:cover;-o-object-position:center center;object-position:center center}@supports not (aspect-ratio:1\/1){.elementor-widget-video .elementor-custom-embed-image-overlay{position:relative;overflow:hidden;height:0;padding-bottom:calc(100% \/ var(--video-aspect-ratio))}.elementor-widget-video .elementor-custom-embed-image-overlay img{position:absolute;top:0;right:0;bottom:0;left:0}}.elementor-widget-video .e-hosted-video .elementor-video{-o-object-fit:cover;object-fit:cover}.e-con-inner>.elementor-widget-video,.e-con>.elementor-widget-video{width:var(--container-widget-width);--flex-grow:var(--container-widget-flex-grow)}<\/style>\t\t<div class=\"elementor-wrapper elementor-open-inline\">\n\t\t\t<div class=\"elementor-video\"><\/div>\t\t<\/div>\n\t\t\t\t<\/div>\n\t\t\t\t<\/div>\n\t\t\t\t<\/div>\n\t\t<div class=\"elementor-element elementor-element-7a0d107 e-con-full e-flex wd-section-disabled e-con e-child\" data-id=\"7a0d107\" data-element_type=\"container\">\n\t\t\t\t<div class=\"elementor-element elementor-element-54f08b05 elementor-widget elementor-widget-wd_title\" data-id=\"54f08b05\" data-element_type=\"widget\" data-widget_type=\"wd_title.default\">\n\t\t\t\t<div class=\"elementor-widget-container\">\n\t\t\t\t\t<div class=\"title-wrapper set-mb-s reset-last-child wd-title-color-primary wd-title-style-default wd-title-size-medium text-left\">\n\n\t\t\t\n\t\t\t<div class=\"liner-continer\">\n\t\t\t\t<h3 class=\"woodmart-title-container title wd-fontsize-xl\">FASES DE CATA<\/h3> \n\t\t\t\t\t\t\t<\/div>\n\n\t\t\t\t\t\t\t<div class=\"title-after_title set-cont-mb-s reset-last-child wd-fontsize-s\">\n\t\t\t\t\t<p><b><strong>VISUAL<\/strong><\/b><\/p><p>Se aprecia un color cardenal muy subido con intensos tonos amoratados y capa muy cubierta.<\/p><p><b><strong>NARIZ<\/strong><\/b><\/p><p>Nos encontramos ante un vino vivo, intenso y fresco. Posee aromas de frutas rojas \u00e1cidas como la frambuesa y la grosella y un fondo de suave lavanda. Destacan, adem\u00e1s, sobre los limpios y suaves toques terciarios procedentes de la crianza del vino, especiados de clavo, finos torrefactos, maderas nobles y elegantes matices de chocolate negro.<\/p><p><b><strong>BOCA<\/strong><\/b><\/p><p>Descubrimos un vino con buen nervio y con un vivo esqueleto de taninos dulces que, bien conjuntados con una medida acidez, dan expresividad y longitud al vino. Adem\u00e1s, vamos a volver a encontrar las mismas sensaciones presentes en nariz, ya que aparecen de nuevo fruta fresca, cacao negro, regaliz y suaves torrefactos.<\/p>\t\t\t\t<\/div>\n\t\t\t\t\t<\/div>\n\t\t\t\t<\/div>\n\t\t\t\t<\/div>\n\t\t\t\t<\/div>\n\t\t\t\t\t<\/div>\n\t\t\t\t<\/div>\n\t\t<div class=\"wd-negative-gap elementor-element elementor-element-27cd2449 e-flex e-con-boxed wd-section-disabled e-con e-parent\" data-id=\"27cd2449\" data-element_type=\"container\" data-settings=\"{&quot;background_background&quot;:&quot;classic&quot;}\">\n\t\t\t\t\t<div class=\"e-con-inner\">\n\t\t<div class=\"elementor-element elementor-element-26702429 e-con-full e-flex wd-section-disabled e-con e-child\" data-id=\"26702429\" data-element_type=\"container\">\n\t\t\t\t<div class=\"elementor-element elementor-element-298a570e elementor-widget elementor-widget-wd_title\" data-id=\"298a570e\" data-element_type=\"widget\" data-widget_type=\"wd_title.default\">\n\t\t\t\t<div class=\"elementor-widget-container\">\n\t\t\t\t\t<div class=\"title-wrapper set-mb-s reset-last-child wd-title-color-primary wd-title-style-default wd-title-size-medium text-left\">\n\n\t\t\t\n\t\t\t<div class=\"liner-continer\">\n\t\t\t\t<h3 class=\"woodmart-title-container title wd-fontsize-xl\">MARIDAJE<\/h3> \n\t\t\t\t\t\t\t<\/div>\n\n\t\t\t\t\t\t\t<div class=\"title-after_title set-cont-mb-s reset-last-child wd-fontsize-s\">\n\t\t\t\t\t<p><b><strong>Emina Atio es un vino tinto de autor<\/strong><\/b>\u00a0<b><strong>de la Ribera del Duero<\/strong><\/b>\u00a0elaborado con las mejores uvas de la finca Atio. Es un vino de autor, con un gran potencial de guarda, que se caracteriza por su sabor intenso y carnoso, sus taninos firmes y redondos y su largo final.<\/p><p>Una receta ideal para acompa\u00f1ar con\u00a0<b><strong>Emina Atio es el rabo de toro al vino tinto.<\/strong><\/b>\u00a0El sabor intenso y carnoso del rabo de toro se complementa bien con los taninos y el sabor a fruta madura del vino.<\/p><p>Otras opciones de platos con los que celebrar,\u00a0<b><strong>compartir y dsifrutar de Emina Atio son:<\/strong><\/b><\/p><p>- Asado de cordero<\/p><p>- Guiso de jabal\u00ed<\/p><p>- Carne roja a la brasa<\/p><p>- Quesos curados de oveja o cabra<\/p>\t\t\t\t<\/div>\n\t\t\t\t\t<\/div>\n\t\t\t\t<\/div>\n\t\t\t\t<\/div>\n\t\t\t\t<\/div>\n\t\t<div class=\"elementor-element elementor-element-4f66f841 e-con-full e-flex wd-section-disabled e-con e-child\" data-id=\"4f66f841\" data-element_type=\"container\" data-settings=\"{&quot;background_background&quot;:&quot;classic&quot;}\">\n\t\t\t\t<\/div>\n\t\t\t\t\t<\/div>\n\t\t\t\t<\/div>\n\t\t<div class=\"wd-negative-gap elementor-element elementor-element-69079afb e-flex e-con-boxed wd-section-disabled e-con e-parent\" data-id=\"69079afb\" data-element_type=\"container\">\n\t\t\t\t\t<div class=\"e-con-inner\">\n\t\t\t\t<div class=\"elementor-element elementor-element-c292dc5 color-scheme-inherit text-left elementor-widget elementor-widget-text-editor\" data-id=\"c292dc5\" data-element_type=\"widget\" data-widget_type=\"text-editor.default\">\n\t\t\t\t<div class=\"elementor-widget-container\">\n\t\t\t\t\t\t\t<p>Este vino proviene de las mejores parcelas que Bodega Emina Ribera tiene en Valbuena de Duero, ba\u00f1adas por las aguas del r\u00edo Duero. Vi\u00f1edos situados en las proximidades del Monasterio de Santa Mar\u00eda de Valbuena, cuna del nacimiento del vino donde los monjes cistercienses reintrodujeron el cultivo de la vid en la Edad Media y que se encuentran entre los 750 metros y los 910 metros de altitud de la zona del p\u00e1ramo.<\/p><p>La combinaci\u00f3n de ambos terru\u00f1os consigue un equilibrio entre frescura y voluptuosidad que le dota de un perfecto equilibrio.<\/p><p>EMINA es mucho m\u00e1s que dos bodegas en dos denominaciones de Origen clave de Espa\u00f1a como son Ribera del Duero y Rueda. Debe su nombre a la \u2018hemina\u2019, raci\u00f3n diaria de vino que pod\u00eda beber un monje del C\u00edster.<\/p><p>Carlos Moro dibuja el alma de Emina a finales de los a\u00f1os 90 como dos proyectos de elaboraci\u00f3n de vinos de calidad comprometidos con la sostenibilidad y el medio ambiente. Emina Ribera es el primer proyecto integral de una bodega en el mundo y la primera empresa espa\u00f1ola que calcul\u00f3 la huella de carbono en uno de sus vinos.<\/p><p>La mejor selecci\u00f3n de vino de Bodega Emina. Vino tinto de la Ribera del Duero, vino blanco de Rueda y vino rosado de Cigales.<\/p>\t\t\t\t\t\t<\/div>\n\t\t\t\t<\/div>\n\t\t\t\t\t<\/div>\n\t\t\t\t<\/div>\n\t\t\t\t<\/div>\n\t\t","protected":false},"excerpt":{"rendered":"<p><strong>D.O. RIBERA DEL DUERO<\/strong><br \/>\n92 puntos Wine Enthusiast<br \/>\n12 meses de crianza en roble franc\u00e9s y americano<\/p>\n<p><strong>EMINA CRIANZA 2019 \u2013 FRUTA Y FRESCURA<\/strong><br \/>\nEmina Crianza es un vino tinto elaborado con uvas de la variedad Tempranillo procedentes de los vi\u00f1edos que posee la Bodega ubicados en las laderas norte de Valbuena de Duero, muy pr\u00f3ximas al Monasterio de Santa Mar\u00eda de Valbuena. Sus suelos son profundos y calizos, haciendo que este vino sea fresco y frutal. En esta a\u00f1ada 2019 las heladas condicionaron la producci\u00f3n de uva, posibilitando que la vi\u00f1a concentrase todos los aromas en las uvas y obteniendo as\u00ed una alta concentraci\u00f3n en nariz.<\/p>\n<p><strong>EL VI\u00d1EDO<\/strong><br \/>\nVi\u00f1edos situados en las proximidades del Monasterio de Santa Mar\u00eda de Valbuena, cuna del nacimiento del vino donde los monjes cistercienses reintrodujeron el cultivo de la vid en la Edad Media. En esta zona se encuentran las mejores parcelas de vi\u00f1edo del Duero. El buen fondo del suelo con abundantes margas y arcillas, posibilitan el necesario desarrollo vegetativo para un crianza de perfil elegante, frutal y fresco.<\/p>\n","protected":false},"featured_media":17659,"template":"","meta":{"_joinchat":[]},"product_cat":[32],"product_tag":[],"_links":{"self":[{"href":"https:\/\/holdingtrade.es\/en\/wp-json\/wp\/v2\/product\/16818"}],"collection":[{"href":"https:\/\/holdingtrade.es\/en\/wp-json\/wp\/v2\/product"}],"about":[{"href":"https:\/\/holdingtrade.es\/en\/wp-json\/wp\/v2\/types\/product"}],"version-history":[{"count":0,"href":"https:\/\/holdingtrade.es\/en\/wp-json\/wp\/v2\/product\/16818\/revisions"}],"wp:featuredmedia":[{"embeddable":true,"href":"https:\/\/holdingtrade.es\/en\/wp-json\/wp\/v2\/media\/17659"}],"wp:attachment":[{"href":"https:\/\/holdingtrade.es\/en\/wp-json\/wp\/v2\/media?parent=16818"}],"wp:term":[{"taxonomy":"product_cat","embeddable":true,"href":"https:\/\/holdingtrade.es\/en\/wp-json\/wp\/v2\/product_cat?post=16818"},{"taxonomy":"product_tag","embeddable":true,"href":"https:\/\/holdingtrade.es\/en\/wp-json\/wp\/v2\/product_tag?post=16818"}],"curies":[{"name":"wp","href":"https:\/\/api.w.org\/{rel}","templated":true}]}}