{"id":16824,"date":"2024-03-23T20:46:35","date_gmt":"2024-03-23T20:46:35","guid":{"rendered":"https:\/\/holdingtrade.es\/producto\/emina-verdejo-2022-375-cl-d-o-rueda\/"},"modified":"2024-05-18T03:11:26","modified_gmt":"2024-05-18T03:11:26","slug":"emina-verdejo-2022-375-cl-d-o-rueda","status":"publish","type":"product","link":"https:\/\/holdingtrade.es\/en\/producto\/emina-verdejo-2022-375-cl-d-o-rueda\/","title":{"rendered":"Emina Verdejo 2022 &#8211; 37,5 CL."},"content":{"rendered":"\t\t<div data-elementor-type=\"wp-post\" data-elementor-id=\"16824\" class=\"elementor elementor-16824\" data-elementor-post-type=\"product\">\n\t\t\t\t<div class=\"elementor-element elementor-element-342f4a1 e-con-full wd-section-stretch e-flex e-con e-parent\" data-id=\"342f4a1\" data-element_type=\"container\" data-settings=\"{&quot;background_background&quot;:&quot;video&quot;,&quot;background_video_link&quot;:&quot;https:\\\/\\\/player.vimeo.com\\\/video\\\/461730910&quot;,&quot;background_play_on_mobile&quot;:&quot;yes&quot;}\">\n\t\t<div class=\"elementor-background-video-container\">\n\t\t\t\t\t\t\t<div class=\"elementor-background-video-embed\"><\/div>\n\t\t\t\t\t\t<\/div><div class=\"elementor-element elementor-element-5734213c e-con-full e-flex wd-section-disabled e-con e-child\" data-id=\"5734213c\" data-element_type=\"container\">\n\t\t\t\t<\/div>\n\t\t<div class=\"elementor-element elementor-element-263347b6 e-con-full e-flex wd-section-disabled e-con e-child\" data-id=\"263347b6\" data-element_type=\"container\" data-settings=\"{&quot;background_background&quot;:&quot;classic&quot;}\">\n\t\t\t\t<div class=\"elementor-element elementor-element-54ba2328 elementor-widget__width-initial elementor-widget elementor-widget-image\" data-id=\"54ba2328\" data-element_type=\"widget\" data-widget_type=\"image.default\">\n\t\t\t\t<div class=\"elementor-widget-container\">\n\t\t\t<style>\/*! elementor - v3.22.0 - 26-06-2024 *\/\n.elementor-widget-image{text-align:center}.elementor-widget-image a{display:inline-block}.elementor-widget-image a img[src$=\".svg\"]{width:48px}.elementor-widget-image img{vertical-align:middle;display:inline-block}<\/style>\t\t\t\t\t\t\t\t\t\t<img decoding=\"async\" width=\"300\" height=\"100\" src=\"https:\/\/holdingtrade.es\/wp-content\/uploads\/2024\/04\/logo-emina-webpng.png\" class=\"attachment-full size-full wp-image-16988\" alt=\"\" srcset=\"https:\/\/holdingtrade.es\/wp-content\/uploads\/2024\/04\/logo-emina-webpng.png 300w, https:\/\/holdingtrade.es\/wp-content\/uploads\/2024\/04\/logo-emina-webpng-150x50.png 150w\" sizes=\"(max-width: 300px) 100vw, 300px\" \/>\t\t\t\t\t\t\t\t\t\t\t\t\t<\/div>\n\t\t\t\t<\/div>\n\t\t\t\t<div class=\"elementor-element elementor-element-2e918b39 color-scheme-inherit text-left elementor-widget elementor-widget-text-editor\" data-id=\"2e918b39\" data-element_type=\"widget\" data-widget_type=\"text-editor.default\">\n\t\t\t\t<div class=\"elementor-widget-container\">\n\t\t\t<style>\/*! elementor - v3.22.0 - 26-06-2024 *\/\n.elementor-widget-text-editor.elementor-drop-cap-view-stacked .elementor-drop-cap{background-color:#69727d;color:#fff}.elementor-widget-text-editor.elementor-drop-cap-view-framed .elementor-drop-cap{color:#69727d;border:3px solid;background-color:transparent}.elementor-widget-text-editor:not(.elementor-drop-cap-view-default) .elementor-drop-cap{margin-top:8px}.elementor-widget-text-editor:not(.elementor-drop-cap-view-default) .elementor-drop-cap-letter{width:1em;height:1em}.elementor-widget-text-editor .elementor-drop-cap{float:left;text-align:center;line-height:1;font-size:50px}.elementor-widget-text-editor .elementor-drop-cap-letter{display:inline-block}<\/style>\t\t\t\t<p>Bodega EMINA Ribera fue construida en 2005 en Valbuena de Duero, dentro la prestigiosa zona de la Milla de Oro de la Ribera del Duero, que posee lugares id\u00f3neos para el nacimiento de unos vinos que hacen a esta Denominaci\u00f3n de Origen acreedora del prestigio que atesora. La palabra EMINA evoca a la medida del vino y a la tradici\u00f3n arraigada en la zona situada junto a esta bodega que a\u00fana modernidad y tradici\u00f3n. Vi\u00f1as Rosas, La Caba\u00f1a, Valdelacasa, Hermano Diego, El Tomillar, El Horno, Valuenga, los Apriscos, La Hinojera, Vermilion\u2026<br \/>Son los nombres de los pagos de los que proceden los vinos de esta bodega, ubicada en un edificio de gran apreciaci\u00f3n arquitect\u00f3nica con una est\u00e9tica integrada en el entorno y el paisaje, inspirada en las villas romanas, cuya actividad interior gira alrededor de un atrio central.<\/p>\t\t\t\t\t\t<\/div>\n\t\t\t\t<\/div>\n\t\t\t\t<\/div>\n\t\t<div class=\"elementor-element elementor-element-187b82cf e-con-full e-flex wd-section-disabled e-con e-child\" data-id=\"187b82cf\" data-element_type=\"container\">\n\t\t\t\t<\/div>\n\t\t\t\t<\/div>\n\t\t<div class=\"wd-negative-gap elementor-element elementor-element-4892f253 e-flex e-con-boxed wd-section-disabled e-con e-parent\" data-id=\"4892f253\" data-element_type=\"container\">\n\t\t\t\t\t<div class=\"e-con-inner\">\n\t\t<div class=\"elementor-element elementor-element-4cf24c76 e-con-full e-flex wd-section-disabled e-con e-child\" data-id=\"4cf24c76\" data-element_type=\"container\">\n\t\t\t\t<div class=\"elementor-element elementor-element-3d8031ba elementor-widget elementor-widget-wd_title\" data-id=\"3d8031ba\" data-element_type=\"widget\" data-widget_type=\"wd_title.default\">\n\t\t\t\t<div class=\"elementor-widget-container\">\n\t\t\t\t\t<div class=\"title-wrapper set-mb-s reset-last-child wd-title-color-primary wd-title-style-default wd-title-size-medium text-left\">\n\n\t\t\t\n\t\t\t<div class=\"liner-continer\">\n\t\t\t\t<h3 class=\"woodmart-title-container title wd-fontsize-xl\">UN VERDEJO \u00daNICO<\/h3> \n\t\t\t\t\t\t\t<\/div>\n\n\t\t\t\t\t\t\t<div class=\"title-after_title set-cont-mb-s reset-last-child wd-fontsize-s\">\n\t\t\t\t\t<p>Emina Verdejo se elabora a partir de uvas de vi\u00f1edos propios de dicha variedad, y adem\u00e1s la levadura con la que realiza la fermentaci\u00f3n del vino ha sido seleccionada tambi\u00e9n de nuestros vi\u00f1edos.<\/p><p>Estas levaduras provienen de los hollejos de la uva y son las responsables de conseguir un Emina Verdejo inigualable y diferencial. El resultado de este proceso fermentativo es un vino con mayores propiedades organol\u00e9pticas y un marcado toque de frutas tropicales como el maracuy\u00e1, el pomelo o la pi\u00f1a.<\/p><p>El vi\u00f1edo de Las Marcas es una de nuestras fincas m\u00e1s importantes en Bodega Emina y est\u00e1 localizada en Villalba de Adaja (Valladolid). Esta finca est\u00e1 dividida en varias zonas, la mayor de ellas est\u00e1 plantada con uvas de la variedad Verdejo en espaldera. Sus tierras son arenosas con una tosca situada a un metro que limita el desarrollo radicular, pero que absorben los oligoelementos cargados de minerales.\u00a0<b><strong>Se trata del primer vino al que se calcul\u00f3 la huella de carbono en Espa\u00f1a.<\/strong><\/b><\/p>\t\t\t\t<\/div>\n\t\t\t\t\t<\/div>\n\t\t\t\t<\/div>\n\t\t\t\t<\/div>\n\t\t\t\t<\/div>\n\t\t<div class=\"elementor-element elementor-element-6cec3ad0 e-con-full e-flex wd-section-disabled e-con e-child\" data-id=\"6cec3ad0\" data-element_type=\"container\">\n\t\t\t\t<div class=\"elementor-element elementor-element-2c38239e elementor-widget elementor-widget-image\" data-id=\"2c38239e\" data-element_type=\"widget\" data-widget_type=\"image.default\">\n\t\t\t\t<div class=\"elementor-widget-container\">\n\t\t\t\t\t\t\t\t\t\t\t\t\t<img fetchpriority=\"high\" decoding=\"async\" width=\"763\" height=\"1500\" src=\"https:\/\/holdingtrade.es\/wp-content\/uploads\/2024\/03\/EMINA-VERDEJO-2022-1.webp\" class=\"attachment-full size-full wp-image-16688\" alt=\"\" srcset=\"https:\/\/holdingtrade.es\/wp-content\/uploads\/2024\/03\/EMINA-VERDEJO-2022-1.webp 763w, https:\/\/holdingtrade.es\/wp-content\/uploads\/2024\/03\/EMINA-VERDEJO-2022-1-153x300.webp 153w, https:\/\/holdingtrade.es\/wp-content\/uploads\/2024\/03\/EMINA-VERDEJO-2022-1-407x800.webp 407w, https:\/\/holdingtrade.es\/wp-content\/uploads\/2024\/03\/EMINA-VERDEJO-2022-1-700x1376.webp 700w, https:\/\/holdingtrade.es\/wp-content\/uploads\/2024\/03\/EMINA-VERDEJO-2022-1-150x295.webp 150w\" sizes=\"(max-width: 763px) 100vw, 763px\" \/>\t\t\t\t\t\t\t\t\t\t\t\t\t<\/div>\n\t\t\t\t<\/div>\n\t\t\t\t<\/div>\n\t\t\t\t\t<\/div>\n\t\t\t\t<\/div>\n\t\t<div class=\"wd-negative-gap elementor-element elementor-element-5697157b e-flex e-con-boxed wd-section-disabled e-con e-parent\" data-id=\"5697157b\" data-element_type=\"container\" data-settings=\"{&quot;background_background&quot;:&quot;classic&quot;}\">\n\t\t\t\t\t<div class=\"e-con-inner\">\n\t\t<div class=\"elementor-element elementor-element-3927d9e2 e-con-full e-flex wd-section-disabled e-con e-child\" data-id=\"3927d9e2\" data-element_type=\"container\" data-settings=\"{&quot;background_background&quot;:&quot;video&quot;}\">\n\t\t\t\t<div class=\"elementor-element elementor-element-74b5c0b8 elementor-widget elementor-widget-video\" data-id=\"74b5c0b8\" data-element_type=\"widget\" data-settings=\"{&quot;youtube_url&quot;:&quot;https:\\\/\\\/www.youtube.com\\\/watch?v=zbFObqEJtyg&quot;,&quot;video_type&quot;:&quot;youtube&quot;,&quot;controls&quot;:&quot;yes&quot;}\" data-widget_type=\"video.default\">\n\t\t\t\t<div class=\"elementor-widget-container\">\n\t\t\t<style>\/*! elementor - v3.22.0 - 26-06-2024 *\/\n.elementor-widget-video .elementor-widget-container{overflow:hidden;transform:translateZ(0)}.elementor-widget-video .elementor-wrapper{aspect-ratio:var(--video-aspect-ratio)}.elementor-widget-video .elementor-wrapper iframe,.elementor-widget-video .elementor-wrapper video{height:100%;width:100%;display:flex;border:none;background-color:#000}@supports not (aspect-ratio:1\/1){.elementor-widget-video .elementor-wrapper{position:relative;overflow:hidden;height:0;padding-bottom:calc(100% \/ var(--video-aspect-ratio))}.elementor-widget-video .elementor-wrapper iframe,.elementor-widget-video .elementor-wrapper video{position:absolute;top:0;right:0;bottom:0;left:0}}.elementor-widget-video .elementor-open-inline .elementor-custom-embed-image-overlay{position:absolute;top:0;right:0;bottom:0;left:0;background-size:cover;background-position:50%}.elementor-widget-video .elementor-custom-embed-image-overlay{cursor:pointer;text-align:center}.elementor-widget-video .elementor-custom-embed-image-overlay:hover .elementor-custom-embed-play i{opacity:1}.elementor-widget-video .elementor-custom-embed-image-overlay img{display:block;width:100%;aspect-ratio:var(--video-aspect-ratio);-o-object-fit:cover;object-fit:cover;-o-object-position:center center;object-position:center center}@supports not (aspect-ratio:1\/1){.elementor-widget-video .elementor-custom-embed-image-overlay{position:relative;overflow:hidden;height:0;padding-bottom:calc(100% \/ var(--video-aspect-ratio))}.elementor-widget-video .elementor-custom-embed-image-overlay img{position:absolute;top:0;right:0;bottom:0;left:0}}.elementor-widget-video .e-hosted-video .elementor-video{-o-object-fit:cover;object-fit:cover}.e-con-inner>.elementor-widget-video,.e-con>.elementor-widget-video{width:var(--container-widget-width);--flex-grow:var(--container-widget-flex-grow)}<\/style>\t\t<div class=\"elementor-wrapper elementor-open-inline\">\n\t\t\t<div class=\"elementor-video\"><\/div>\t\t<\/div>\n\t\t\t\t<\/div>\n\t\t\t\t<\/div>\n\t\t\t\t<\/div>\n\t\t<div class=\"elementor-element elementor-element-51bc7408 e-con-full e-flex wd-section-disabled e-con e-child\" data-id=\"51bc7408\" data-element_type=\"container\">\n\t\t\t\t<div class=\"elementor-element elementor-element-590a3c73 elementor-widget elementor-widget-wd_title\" data-id=\"590a3c73\" data-element_type=\"widget\" data-widget_type=\"wd_title.default\">\n\t\t\t\t<div class=\"elementor-widget-container\">\n\t\t\t\t\t<div class=\"title-wrapper set-mb-s reset-last-child wd-title-color-primary wd-title-style-default wd-title-size-medium text-left\">\n\n\t\t\t\n\t\t\t<div class=\"liner-continer\">\n\t\t\t\t<h3 class=\"woodmart-title-container title wd-fontsize-xl\">FASES DE CATA<\/h3> \n\t\t\t\t\t\t\t<\/div>\n\n\t\t\t\t\t\t\t<div class=\"title-after_title set-cont-mb-s reset-last-child wd-fontsize-s\">\n\t\t\t\t\t<p><b><strong>VISUAL<\/strong><\/b><\/p><p>Se aprecia un monovarietal de color amarillo pajizo con reflejo verdoso, limpio y muy brillante.<\/p><p><b><strong>NARIZ<\/strong><\/b><\/p><p>Aromas es un vino de alta intensidad, con aromas de maracuy\u00e1, pomelo, pi\u00f1a o hinojo.<\/p><p><b><strong>BOCA<\/strong><\/b><\/p><p>Se aprecia vino estructurado. Presenta una excelente longitud y equilibrio entre las sensaciones frescas de la acidez con elegante amargor de la variedad verdejo e intensos sabores de frutas tropicales, vivos c\u00edtricos.<\/p>\t\t\t\t<\/div>\n\t\t\t\t\t<\/div>\n\t\t\t\t<\/div>\n\t\t\t\t<\/div>\n\t\t\t\t<\/div>\n\t\t\t\t\t<\/div>\n\t\t\t\t<\/div>\n\t\t<div class=\"elementor-element elementor-element-1dbc56a2 e-con-full e-flex wd-section-disabled e-con e-parent\" data-id=\"1dbc56a2\" data-element_type=\"container\" data-settings=\"{&quot;background_background&quot;:&quot;classic&quot;}\">\n\t\t<div class=\"elementor-element elementor-element-5ea25167 e-con-full e-flex wd-section-disabled e-con e-child\" data-id=\"5ea25167\" data-element_type=\"container\">\n\t\t\t\t<div class=\"elementor-element elementor-element-39981992 elementor-widget elementor-widget-wd_title\" data-id=\"39981992\" data-element_type=\"widget\" data-widget_type=\"wd_title.default\">\n\t\t\t\t<div class=\"elementor-widget-container\">\n\t\t\t\t\t<div class=\"title-wrapper set-mb-s reset-last-child wd-title-color-primary wd-title-style-default wd-title-size-medium text-left\">\n\n\t\t\t\n\t\t\t<div class=\"liner-continer\">\n\t\t\t\t<h3 class=\"woodmart-title-container title wd-fontsize-xl\">MARIDAJE<\/h3> \n\t\t\t\t\t\t\t<\/div>\n\n\t\t\t\t\t\t\t<div class=\"title-after_title set-cont-mb-s reset-last-child wd-fontsize-s\">\n\t\t\t\t\t<p>Emina Verdejo es un vino muy vers\u00e1til, es ideal junto a ensaladas, arroces, mariscos, quesos, pescados, ensaladilla rusa\u2026<\/p><p>D\u00e9jate sorprender con una copa del vino elegido como mejor blanco joven de Espa\u00f1a y un\u00a0<em>carpaccio<\/em>\u00a0de pulpo.\u00a0<\/p>\t\t\t\t<\/div>\n\t\t\t\t\t<\/div>\n\t\t\t\t<\/div>\n\t\t\t\t<\/div>\n\t\t\t\t<\/div>\n\t\t<div class=\"elementor-element elementor-element-5250d950 e-con-full e-flex wd-section-disabled e-con e-child\" data-id=\"5250d950\" data-element_type=\"container\" data-settings=\"{&quot;background_background&quot;:&quot;classic&quot;}\">\n\t\t\t\t<\/div>\n\t\t\t\t<\/div>\n\t\t\t\t<\/div>\n\t\t","protected":false},"excerpt":{"rendered":"<p>Se trata de un vino blanco \u00fanico elaborado con la variedad de uva Verdejo por parte de Bodega Emina Rueda. Tras un proyecto de investigaci\u00f3n, este vino refuerza su tipicidad ya que fermenta\u00a0con levaduras aut\u00f3ctonas de sus propios majuelos. Esto\u00a0aporta al vino un gran potencial arom\u00e1tico y deliciosos recuerdos tropicales y le convierte en un Verdejo \u00fanico.<\/p>\n<p>&nbsp;<\/p>\n<p><strong>Emina Verdejo\u00a0de Rueda<\/strong>, el reconocido sumiller y cr\u00edtico vitivin\u00edcola Ferr\u00e1n Centelles, dice que\u00a0<em>&#8220;es un monovarietal en el que destacan su mineralidad y frescura&#8221;.\u00a0<\/em><\/p>\n","protected":false},"featured_media":16919,"template":"","meta":{"_joinchat":[]},"product_cat":[32],"product_tag":[],"_links":{"self":[{"href":"https:\/\/holdingtrade.es\/en\/wp-json\/wp\/v2\/product\/16824"}],"collection":[{"href":"https:\/\/holdingtrade.es\/en\/wp-json\/wp\/v2\/product"}],"about":[{"href":"https:\/\/holdingtrade.es\/en\/wp-json\/wp\/v2\/types\/product"}],"version-history":[{"count":0,"href":"https:\/\/holdingtrade.es\/en\/wp-json\/wp\/v2\/product\/16824\/revisions"}],"wp:featuredmedia":[{"embeddable":true,"href":"https:\/\/holdingtrade.es\/en\/wp-json\/wp\/v2\/media\/16919"}],"wp:attachment":[{"href":"https:\/\/holdingtrade.es\/en\/wp-json\/wp\/v2\/media?parent=16824"}],"wp:term":[{"taxonomy":"product_cat","embeddable":true,"href":"https:\/\/holdingtrade.es\/en\/wp-json\/wp\/v2\/product_cat?post=16824"},{"taxonomy":"product_tag","embeddable":true,"href":"https:\/\/holdingtrade.es\/en\/wp-json\/wp\/v2\/product_tag?post=16824"}],"curies":[{"name":"wp","href":"https:\/\/api.w.org\/{rel}","templated":true}]}}