{"id":17685,"date":"2024-05-06T13:26:06","date_gmt":"2024-05-06T13:26:06","guid":{"rendered":"https:\/\/holdingtrade.es\/?post_type=product&#038;p=17685"},"modified":"2024-05-09T21:22:54","modified_gmt":"2024-05-09T21:22:54","slug":"melao","status":"publish","type":"product","link":"https:\/\/holdingtrade.es\/en\/producto\/melao\/","title":{"rendered":"Mel\u00e3o"},"content":{"rendered":"\t\t<div data-elementor-type=\"wp-post\" data-elementor-id=\"17685\" class=\"elementor elementor-17685\" data-elementor-post-type=\"product\">\n\t\t\t\t<div class=\"elementor-element elementor-element-78dea5c e-con-full wd-section-stretch-content e-flex e-con e-parent\" data-id=\"78dea5c\" data-element_type=\"container\" data-settings=\"{&quot;background_background&quot;:&quot;video&quot;,&quot;background_video_link&quot;:&quot;https:\\\/\\\/www.youtube.com\\\/watch?v=KLxRV5-K2yU&quot;,&quot;background_play_on_mobile&quot;:&quot;yes&quot;}\">\n\t\t<div class=\"elementor-background-video-container\">\n\t\t\t\t\t\t\t<div class=\"elementor-background-video-embed\"><\/div>\n\t\t\t\t\t\t<\/div>\t\t<\/div>\n\t\t<div class=\"wd-negative-gap elementor-element elementor-element-4c30ebe e-flex e-con-boxed wd-section-disabled e-con e-parent\" data-id=\"4c30ebe\" data-element_type=\"container\">\n\t\t\t\t\t<div class=\"e-con-inner\">\n\t\t\t\t<div class=\"elementor-element elementor-element-fac6dec color-scheme-inherit text-left elementor-widget elementor-widget-text-editor\" data-id=\"fac6dec\" data-element_type=\"widget\" data-widget_type=\"text-editor.default\">\n\t\t\t\t<div class=\"elementor-widget-container\">\n\t\t\t<style>\/*! elementor - v3.22.0 - 26-06-2024 *\/\n.elementor-widget-text-editor.elementor-drop-cap-view-stacked .elementor-drop-cap{background-color:#69727d;color:#fff}.elementor-widget-text-editor.elementor-drop-cap-view-framed .elementor-drop-cap{color:#69727d;border:3px solid;background-color:transparent}.elementor-widget-text-editor:not(.elementor-drop-cap-view-default) .elementor-drop-cap{margin-top:8px}.elementor-widget-text-editor:not(.elementor-drop-cap-view-default) .elementor-drop-cap-letter{width:1em;height:1em}.elementor-widget-text-editor .elementor-drop-cap{float:left;text-align:center;line-height:1;font-size:50px}.elementor-widget-text-editor .elementor-drop-cap-letter{display:inline-block}<\/style>\t\t\t\t<h2>BENEFICIOS DEL MEL\u00d3N PARA LA SALUD<\/h2><h3>Su riqueza en agua, potasio, \u00e1cido f\u00f3lico y vitaminas antioxidantes convierte al mel\u00f3n en un alimento ligero y muy saludable.<\/h3><h3><strong>ES DEPURATIVO<\/strong>\u00a0\u2013 Por su alto contenido en agua y su aporte de fibra y potasio, el mel\u00f3n posee una acci\u00f3n diur\u00e9tica y ligeramente laxante, con lo que ayuda a eliminar los desechos del organismo.<\/h3><h3>Esto lo convierte en un buen aliado de la piel y lo hace recomendable para personas que sufren afecciones de vasos sangu\u00edneos y coraz\u00f3n o retenci\u00f3n de l\u00edquidos. Tiene tambi\u00e9n un efecto beneficioso en los casos de reumatismo, artritis y gota.<\/h3><h3><strong>REDUCE LA TENSI\u00d3N ARTERIAL<\/strong>\u00a0\u2013 A la alta proporci\u00f3n de agua y potasio se suma su escaso contenido en sodio (20 mg\/100 g), lo que permite incluirlo en los reg\u00edmenes sin sal prescritos, una vez m\u00e1s, en casos de hipertensi\u00f3n o retenci\u00f3n de l\u00edquidos.<\/h3><h3><strong>RECOMENDABLE DESDE ANTES DE NACER<\/strong>\u00a0\u2013 Su consumo resulta conveniente durante el embarazo y los meses previos, ya que sus componentes (calcio, magnesio, folatos y vitaminas A y C) son favorables al crecimiento del feto. Su contenido en \u00e1cido f\u00f3lico es especialmente significativo.<\/h3><h3><strong>PARA PERDER PESO<\/strong>\u00a0\u2013 Debido a su escaso aporte cal\u00f3rico y a su bajo porcentaje de az\u00facares, es recomendable en los tratamientos contra la obesidad y la diabetes.<\/h3><h3><strong>ANTIINFLAMATORIO<\/strong><\/h3>\t\t\t\t\t\t<\/div>\n\t\t\t\t<\/div>\n\t\t\t\t\t<\/div>\n\t\t\t\t<\/div>\n\t\t\t\t<\/div>\n\t\t","protected":false},"excerpt":{"rendered":"<p>El mel\u00f3n es una fruta dulce, jugosa, refrescante y sabrosa. es que es una fruta que posee pocas calor\u00edas y abundantes sales minerales, quiz\u00e1s las 2 principales propiedades del mel\u00f3n a nivel nutricional.<br \/>\nExisten unas 850 variedades DE MEL\u00d3N. Las m\u00e1s conocidas son: el Amarillo (dentro de \u00e9ste destaca el Canario y el Oro), el Verde (dentro de \u00e9ste destaca el Piel de Sapo y Tendral), Cantaloup (tra\u00eddo desde Am\u00e9rica a Italia por unos monjes en el s. XVI los cultivaron en el jard\u00edn del Papa Cantaluppi, de donde deriva su nombre), Honeydew y Galia.<\/p>\n","protected":false},"featured_media":17871,"template":"","meta":{"_joinchat":[]},"product_cat":[285],"product_tag":[],"_links":{"self":[{"href":"https:\/\/holdingtrade.es\/en\/wp-json\/wp\/v2\/product\/17685"}],"collection":[{"href":"https:\/\/holdingtrade.es\/en\/wp-json\/wp\/v2\/product"}],"about":[{"href":"https:\/\/holdingtrade.es\/en\/wp-json\/wp\/v2\/types\/product"}],"version-history":[{"count":0,"href":"https:\/\/holdingtrade.es\/en\/wp-json\/wp\/v2\/product\/17685\/revisions"}],"wp:featuredmedia":[{"embeddable":true,"href":"https:\/\/holdingtrade.es\/en\/wp-json\/wp\/v2\/media\/17871"}],"wp:attachment":[{"href":"https:\/\/holdingtrade.es\/en\/wp-json\/wp\/v2\/media?parent=17685"}],"wp:term":[{"taxonomy":"product_cat","embeddable":true,"href":"https:\/\/holdingtrade.es\/en\/wp-json\/wp\/v2\/product_cat?post=17685"},{"taxonomy":"product_tag","embeddable":true,"href":"https:\/\/holdingtrade.es\/en\/wp-json\/wp\/v2\/product_tag?post=17685"}],"curies":[{"name":"wp","href":"https:\/\/api.w.org\/{rel}","templated":true}]}}