{"id":19807,"date":"2024-06-18T21:26:11","date_gmt":"2024-06-18T21:26:11","guid":{"rendered":"https:\/\/holdingtrade.es\/?post_type=product&#038;p=19807"},"modified":"2024-06-21T19:35:00","modified_gmt":"2024-06-21T19:35:00","slug":"aceites","status":"publish","type":"product","link":"https:\/\/holdingtrade.es\/en\/producto\/aceites\/","title":{"rendered":"Aceites"},"content":{"rendered":"\t\t<div data-elementor-type=\"wp-post\" data-elementor-id=\"19807\" class=\"elementor elementor-19807\" data-elementor-post-type=\"product\">\n\t\t\t\t<div class=\"wd-negative-gap elementor-element elementor-element-bb03f68 e-flex e-con-boxed wd-section-disabled e-con e-parent\" data-id=\"bb03f68\" data-element_type=\"container\">\n\t\t\t\t\t<div class=\"e-con-inner\">\n\t\t\t\t\t<\/div>\n\t\t\t\t<\/div>\n\t\t<div class=\"wd-negative-gap elementor-element elementor-element-ebe04c6 e-flex e-con-boxed wd-section-disabled e-con e-parent\" data-id=\"ebe04c6\" data-element_type=\"container\">\n\t\t\t\t\t<div class=\"e-con-inner\">\n\t\t<div class=\"elementor-element elementor-element-f3050e7 e-con-full e-flex wd-section-disabled e-con e-child\" data-id=\"f3050e7\" data-element_type=\"container\">\n\t\t\t\t<div class=\"elementor-element elementor-element-c162de2 elementor-widget elementor-widget-wd_image_or_svg\" data-id=\"c162de2\" data-element_type=\"widget\" data-widget_type=\"wd_image_or_svg.default\">\n\t\t\t\t<div class=\"elementor-widget-container\">\n\t\t\t\n\t\t<div class=\"wd-image text-center\">\n\t\t\t\t\t\t\t\t<img fetchpriority=\"high\" width=\"400\" height=\"400\" src=\"https:\/\/holdingtrade.es\/wp-content\/uploads\/2024\/06\/Site-Aceite-soja-400x400.png\" class=\"attachment-400x400 size-400x400\" alt=\"\" decoding=\"async\" srcset=\"https:\/\/holdingtrade.es\/wp-content\/uploads\/2024\/06\/Site-Aceite-soja-400x400.png 400w, https:\/\/holdingtrade.es\/wp-content\/uploads\/2024\/06\/Site-Aceite-soja-150x150.png 150w, https:\/\/holdingtrade.es\/wp-content\/uploads\/2024\/06\/Site-Aceite-soja-860x860.png 860w, https:\/\/holdingtrade.es\/wp-content\/uploads\/2024\/06\/Site-Aceite-soja-430x430.png 430w\" sizes=\"(max-width: 400px) 100vw, 400px\" \/>\t\t\t\t\t<\/div>\n\n\t\t\t\t<\/div>\n\t\t\t\t<\/div>\n\t\t\t\t<\/div>\n\t\t<div class=\"elementor-element elementor-element-ac68856 e-con-full e-flex wd-section-disabled e-con e-child\" data-id=\"ac68856\" data-element_type=\"container\">\n\t\t\t\t<div class=\"elementor-element elementor-element-92e0e47 elementor-widget elementor-widget-wd_text_block\" data-id=\"92e0e47\" data-element_type=\"widget\" data-widget_type=\"wd_text_block.default\">\n\t\t\t\t<div class=\"elementor-widget-container\">\n\t\t\t\t\t<div class=\"wd-text-block reset-last-child text-left\">\n\t\t\t\n\t\t\t<p><strong>ACEITE DE SOJA<\/strong><\/p><p>El aceite de soja contiene vitaminas K, E y B, que son muy beneficiosas para nuestro organismo, actuando como antioxidantes y protectoras del sistema nervioso y de la piel.<\/p><p>El aceite de soja se extrae de la semilla de soja y se utiliza como fuente de alimento y, con las nuevas tecnolog\u00edas, tambi\u00e9n se puede utilizar como biocombustible. La soja (Glycine max (L) Merrill) pertenece a la familia de las leguminosas, plantas cuyas semillas se encuentran en el interior de las vainas.<\/p>\n\t\t\t\t\t<\/div>\n\t\t\t\t<\/div>\n\t\t\t\t<\/div>\n\t\t\t\t<\/div>\n\t\t\t\t\t<\/div>\n\t\t\t\t<\/div>\n\t\t<div class=\"wd-negative-gap elementor-element elementor-element-b857b03 e-flex e-con-boxed wd-section-disabled e-con e-parent\" data-id=\"b857b03\" data-element_type=\"container\">\n\t\t\t\t\t<div class=\"e-con-inner\">\n\t\t<div class=\"elementor-element elementor-element-9165d23 e-con-full e-flex wd-section-disabled e-con e-child\" data-id=\"9165d23\" data-element_type=\"container\">\n\t\t\t\t<div class=\"elementor-element elementor-element-87d9815 elementor-widget elementor-widget-wd_image_or_svg\" data-id=\"87d9815\" data-element_type=\"widget\" data-widget_type=\"wd_image_or_svg.default\">\n\t\t\t\t<div class=\"elementor-widget-container\">\n\t\t\t\n\t\t<div class=\"wd-image text-center\">\n\t\t\t\t\t\t\t\t<img width=\"400\" height=\"400\" src=\"https:\/\/holdingtrade.es\/wp-content\/uploads\/2024\/06\/Site-aceite-Sunflower-Oil-400x400.jpg\" class=\"attachment-400x400 size-400x400\" alt=\"\" decoding=\"async\" srcset=\"https:\/\/holdingtrade.es\/wp-content\/uploads\/2024\/06\/Site-aceite-Sunflower-Oil-400x400.jpg 400w, https:\/\/holdingtrade.es\/wp-content\/uploads\/2024\/06\/Site-aceite-Sunflower-Oil-300x300.jpg 300w, https:\/\/holdingtrade.es\/wp-content\/uploads\/2024\/06\/Site-aceite-Sunflower-Oil-800x800.jpg 800w, https:\/\/holdingtrade.es\/wp-content\/uploads\/2024\/06\/Site-aceite-Sunflower-Oil-150x150.jpg 150w, https:\/\/holdingtrade.es\/wp-content\/uploads\/2024\/06\/Site-aceite-Sunflower-Oil-768x768.jpg 768w, https:\/\/holdingtrade.es\/wp-content\/uploads\/2024\/06\/Site-aceite-Sunflower-Oil-860x860.jpg 860w, https:\/\/holdingtrade.es\/wp-content\/uploads\/2024\/06\/Site-aceite-Sunflower-Oil-430x430.jpg 430w, https:\/\/holdingtrade.es\/wp-content\/uploads\/2024\/06\/Site-aceite-Sunflower-Oil-700x700.jpg 700w, https:\/\/holdingtrade.es\/wp-content\/uploads\/2024\/06\/Site-aceite-Sunflower-Oil.jpg 900w\" sizes=\"(max-width: 400px) 100vw, 400px\" \/>\t\t\t\t\t<\/div>\n\n\t\t\t\t<\/div>\n\t\t\t\t<\/div>\n\t\t\t\t<\/div>\n\t\t<div class=\"elementor-element elementor-element-ea9cc3f e-con-full e-flex wd-section-disabled e-con e-child\" data-id=\"ea9cc3f\" data-element_type=\"container\">\n\t\t\t\t<div class=\"elementor-element elementor-element-f9934f2 elementor-widget elementor-widget-wd_text_block\" data-id=\"f9934f2\" data-element_type=\"widget\" data-widget_type=\"wd_text_block.default\">\n\t\t\t\t<div class=\"elementor-widget-container\">\n\t\t\t\t\t<div class=\"wd-text-block reset-last-child text-left\">\n\t\t\t\n\t\t\t<p><strong>ACEITE DE GIRASOL<\/strong><\/p><p>Extra\u00eddo de la semilla de la flor, el aceite de girasol est\u00e1 cada vez m\u00e1s indicado como ben\u00e9fico para la salud.<\/p>\n\t\t\t\t\t<\/div>\n\t\t\t\t<\/div>\n\t\t\t\t<\/div>\n\t\t\t\t<\/div>\n\t\t\t\t\t<\/div>\n\t\t\t\t<\/div>\n\t\t<div class=\"wd-negative-gap elementor-element elementor-element-e08f52e e-flex e-con-boxed wd-section-disabled e-con e-parent\" data-id=\"e08f52e\" data-element_type=\"container\">\n\t\t\t\t\t<div class=\"e-con-inner\">\n\t\t<div class=\"elementor-element elementor-element-a8978f8 e-con-full e-flex wd-section-disabled e-con e-child\" data-id=\"a8978f8\" data-element_type=\"container\">\n\t\t\t\t<div class=\"elementor-element elementor-element-7406d67 elementor-widget elementor-widget-wd_image_or_svg\" data-id=\"7406d67\" data-element_type=\"widget\" data-widget_type=\"wd_image_or_svg.default\">\n\t\t\t\t<div class=\"elementor-widget-container\">\n\t\t\t\n\t\t<div class=\"wd-image text-center\">\n\t\t\t\t\t\t\t\t<img width=\"400\" height=\"400\" src=\"https:\/\/holdingtrade.es\/wp-content\/uploads\/2024\/06\/Site-aceite-corn-oil-1296x728-feature-2-400x400.jpg\" class=\"attachment-400x400 size-400x400\" alt=\"\" decoding=\"async\" srcset=\"https:\/\/holdingtrade.es\/wp-content\/uploads\/2024\/06\/Site-aceite-corn-oil-1296x728-feature-2-400x400.jpg 400w, https:\/\/holdingtrade.es\/wp-content\/uploads\/2024\/06\/Site-aceite-corn-oil-1296x728-feature-2-150x150.jpg 150w, https:\/\/holdingtrade.es\/wp-content\/uploads\/2024\/06\/Site-aceite-corn-oil-1296x728-feature-2-430x430.jpg 430w\" sizes=\"(max-width: 400px) 100vw, 400px\" \/>\t\t\t\t\t<\/div>\n\n\t\t\t\t<\/div>\n\t\t\t\t<\/div>\n\t\t\t\t<\/div>\n\t\t<div class=\"elementor-element elementor-element-cf9f442 e-con-full e-flex wd-section-disabled e-con e-child\" data-id=\"cf9f442\" data-element_type=\"container\">\n\t\t\t\t<div class=\"elementor-element elementor-element-53e893d elementor-widget elementor-widget-wd_text_block\" data-id=\"53e893d\" data-element_type=\"widget\" data-widget_type=\"wd_text_block.default\">\n\t\t\t\t<div class=\"elementor-widget-container\">\n\t\t\t\t\t<div class=\"wd-text-block reset-last-child text-left\">\n\t\t\t\n\t\t\t<p><strong>ACEITE DE MA\u00cdZ<\/strong><\/p><p>El aceite de ma\u00edz es m\u00e1s adecuado para fre\u00edr carnes o usarse en recetas que necesitan aceite moderadamente.<\/p>\n\t\t\t\t\t<\/div>\n\t\t\t\t<\/div>\n\t\t\t\t<\/div>\n\t\t\t\t<\/div>\n\t\t\t\t\t<\/div>\n\t\t\t\t<\/div>\n\t\t<div class=\"wd-negative-gap elementor-element elementor-element-08b29b9 e-flex e-con-boxed wd-section-disabled e-con e-parent\" data-id=\"08b29b9\" data-element_type=\"container\">\n\t\t\t\t\t<div class=\"e-con-inner\">\n\t\t<div class=\"elementor-element elementor-element-4686993 e-con-full e-flex wd-section-disabled e-con e-child\" data-id=\"4686993\" data-element_type=\"container\">\n\t\t\t\t<div class=\"elementor-element elementor-element-de2d172 elementor-widget elementor-widget-wd_image_or_svg\" data-id=\"de2d172\" data-element_type=\"widget\" data-widget_type=\"wd_image_or_svg.default\">\n\t\t\t\t<div class=\"elementor-widget-container\">\n\t\t\t\n\t\t<div class=\"wd-image text-center\">\n\t\t\t\t\t\t\t\t<img loading=\"lazy\" width=\"400\" height=\"400\" src=\"https:\/\/holdingtrade.es\/wp-content\/uploads\/2024\/06\/Site-Aceite-canola-1-400x400.png\" class=\"attachment-400x400 size-400x400\" alt=\"\" decoding=\"async\" srcset=\"https:\/\/holdingtrade.es\/wp-content\/uploads\/2024\/06\/Site-Aceite-canola-1-400x400.png 400w, https:\/\/holdingtrade.es\/wp-content\/uploads\/2024\/06\/Site-Aceite-canola-1-300x300.png 300w, https:\/\/holdingtrade.es\/wp-content\/uploads\/2024\/06\/Site-Aceite-canola-1-150x150.png 150w, https:\/\/holdingtrade.es\/wp-content\/uploads\/2024\/06\/Site-Aceite-canola-1-768x768.png 768w, https:\/\/holdingtrade.es\/wp-content\/uploads\/2024\/06\/Site-Aceite-canola-1-430x430.png 430w, https:\/\/holdingtrade.es\/wp-content\/uploads\/2024\/06\/Site-Aceite-canola-1-700x700.png 700w, https:\/\/holdingtrade.es\/wp-content\/uploads\/2024\/06\/Site-Aceite-canola-1.png 800w\" sizes=\"(max-width: 400px) 100vw, 400px\" \/>\t\t\t\t\t<\/div>\n\n\t\t\t\t<\/div>\n\t\t\t\t<\/div>\n\t\t\t\t<\/div>\n\t\t<div class=\"elementor-element elementor-element-57afb59 e-con-full e-flex wd-section-disabled e-con e-child\" data-id=\"57afb59\" data-element_type=\"container\">\n\t\t\t\t<div class=\"elementor-element elementor-element-014b8f1 elementor-widget elementor-widget-wd_text_block\" data-id=\"014b8f1\" data-element_type=\"widget\" data-widget_type=\"wd_text_block.default\">\n\t\t\t\t<div class=\"elementor-widget-container\">\n\t\t\t\t\t<div class=\"wd-text-block reset-last-child text-left\">\n\t\t\t\n\t\t\t<p><strong>ACEITE DE CANOLA<\/strong><\/p><p>El aceite producido a partir de esta planta es extremadamente ben\u00e9fico porque tiene altas cantidades de Omega-3, vitamina E.<\/p>\n\t\t\t\t\t<\/div>\n\t\t\t\t<\/div>\n\t\t\t\t<\/div>\n\t\t\t\t<\/div>\n\t\t\t\t\t<\/div>\n\t\t\t\t<\/div>\n\t\t<div class=\"wd-negative-gap elementor-element elementor-element-025017e e-flex e-con-boxed wd-section-disabled e-con e-parent\" data-id=\"025017e\" data-element_type=\"container\">\n\t\t\t\t\t<div class=\"e-con-inner\">\n\t\t<div class=\"elementor-element elementor-element-70fecff e-con-full e-flex wd-section-disabled e-con e-child\" data-id=\"70fecff\" data-element_type=\"container\">\n\t\t\t\t<div class=\"elementor-element elementor-element-b221f78 elementor-widget elementor-widget-wd_image_or_svg\" data-id=\"b221f78\" data-element_type=\"widget\" data-widget_type=\"wd_image_or_svg.default\">\n\t\t\t\t<div class=\"elementor-widget-container\">\n\t\t\t\n\t\t<div class=\"wd-image text-center\">\n\t\t\t\t\t\t\t\t<img loading=\"lazy\" width=\"400\" height=\"400\" src=\"https:\/\/holdingtrade.es\/wp-content\/uploads\/2024\/06\/Site-aceite-palm-oil-400x400.jpg\" class=\"attachment-400x400 size-400x400\" alt=\"\" decoding=\"async\" srcset=\"https:\/\/holdingtrade.es\/wp-content\/uploads\/2024\/06\/Site-aceite-palm-oil-400x400.jpg 400w, https:\/\/holdingtrade.es\/wp-content\/uploads\/2024\/06\/Site-aceite-palm-oil-150x150.jpg 150w, https:\/\/holdingtrade.es\/wp-content\/uploads\/2024\/06\/Site-aceite-palm-oil-430x430.jpg 430w\" sizes=\"(max-width: 400px) 100vw, 400px\" \/>\t\t\t\t\t<\/div>\n\n\t\t\t\t<\/div>\n\t\t\t\t<\/div>\n\t\t\t\t<\/div>\n\t\t<div class=\"elementor-element elementor-element-42a4830 e-con-full e-flex wd-section-disabled e-con e-child\" data-id=\"42a4830\" data-element_type=\"container\">\n\t\t\t\t<div class=\"elementor-element elementor-element-a263a4a elementor-widget elementor-widget-wd_text_block\" data-id=\"a263a4a\" data-element_type=\"widget\" data-widget_type=\"wd_text_block.default\">\n\t\t\t\t<div class=\"elementor-widget-container\">\n\t\t\t\t\t<div class=\"wd-text-block reset-last-child text-left\">\n\t\t\t\n\t\t\t<p><strong>ACEITE DE PALMA<\/strong><\/p><p>Se produce a partir del fruto de la palma conocida como dendezeiro, originaria de \u00c1frica occidental.<\/p>\n\t\t\t\t\t<\/div>\n\t\t\t\t<\/div>\n\t\t\t\t<\/div>\n\t\t\t\t<\/div>\n\t\t\t\t\t<\/div>\n\t\t\t\t<\/div>\n\t\t\t\t<\/div>\n\t\t","protected":false},"excerpt":{"rendered":"<ul>\n<li>Aceite de Soja<\/li>\n<li>Aceite de Girasol<\/li>\n<li>Aceite de Ma\u00edz<\/li>\n<li>Aceite de Canola<\/li>\n<li>Aceite de Palma<\/li>\n<\/ul>\n<p>Origen &#8211; Brasil<\/p>\n","protected":false},"featured_media":19808,"template":"","meta":{"_joinchat":{"telephone":"+5521972278686"}},"product_cat":[286],"product_tag":[],"_links":{"self":[{"href":"https:\/\/holdingtrade.es\/en\/wp-json\/wp\/v2\/product\/19807"}],"collection":[{"href":"https:\/\/holdingtrade.es\/en\/wp-json\/wp\/v2\/product"}],"about":[{"href":"https:\/\/holdingtrade.es\/en\/wp-json\/wp\/v2\/types\/product"}],"version-history":[{"count":0,"href":"https:\/\/holdingtrade.es\/en\/wp-json\/wp\/v2\/product\/19807\/revisions"}],"wp:featuredmedia":[{"embeddable":true,"href":"https:\/\/holdingtrade.es\/en\/wp-json\/wp\/v2\/media\/19808"}],"wp:attachment":[{"href":"https:\/\/holdingtrade.es\/en\/wp-json\/wp\/v2\/media?parent=19807"}],"wp:term":[{"taxonomy":"product_cat","embeddable":true,"href":"https:\/\/holdingtrade.es\/en\/wp-json\/wp\/v2\/product_cat?post=19807"},{"taxonomy":"product_tag","embeddable":true,"href":"https:\/\/holdingtrade.es\/en\/wp-json\/wp\/v2\/product_tag?post=19807"}],"curies":[{"name":"wp","href":"https:\/\/api.w.org\/{rel}","templated":true}]}}