{"id":19912,"date":"2024-06-19T20:11:36","date_gmt":"2024-06-19T20:11:36","guid":{"rendered":"https:\/\/holdingtrade.es\/?post_type=product&#038;p=19912"},"modified":"2024-06-19T20:34:55","modified_gmt":"2024-06-19T20:34:55","slug":"carne-de-cerdo","status":"publish","type":"product","link":"https:\/\/holdingtrade.es\/en\/producto\/carne-de-cerdo\/","title":{"rendered":"Carne de Cerdo"},"content":{"rendered":"\t\t<div data-elementor-type=\"wp-post\" data-elementor-id=\"19912\" class=\"elementor elementor-19912\" data-elementor-post-type=\"product\">\n\t\t\t\t<div class=\"wd-negative-gap elementor-element elementor-element-4166e4a e-flex e-con-boxed wd-section-disabled e-con e-parent\" data-id=\"4166e4a\" data-element_type=\"container\">\n\t\t\t\t\t<div class=\"e-con-inner\">\n\t\t\t\t\t<\/div>\n\t\t\t\t<\/div>\n\t\t<div class=\"wd-negative-gap elementor-element elementor-element-9b7f70f e-flex e-con-boxed wd-section-disabled e-con e-parent\" data-id=\"9b7f70f\" data-element_type=\"container\">\n\t\t\t\t\t<div class=\"e-con-inner\">\n\t\t\t\t<div class=\"elementor-element elementor-element-c3192a3 elementor-widget elementor-widget-wd_image_or_svg\" data-id=\"c3192a3\" data-element_type=\"widget\" data-widget_type=\"wd_image_or_svg.default\">\n\t\t\t\t<div class=\"elementor-widget-container\">\n\t\t\t\n\t\t<div class=\"wd-image text-center\">\n\t\t\t\t\t\t\t\t<img fetchpriority=\"high\" width=\"959\" height=\"1015\" src=\"https:\/\/holdingtrade.es\/wp-content\/uploads\/2024\/06\/Site-cerdo-cuts.jpg\" class=\"attachment-full size-full\" alt=\"\" decoding=\"async\" srcset=\"https:\/\/holdingtrade.es\/wp-content\/uploads\/2024\/06\/Site-cerdo-cuts.jpg 959w, https:\/\/holdingtrade.es\/wp-content\/uploads\/2024\/06\/Site-cerdo-cuts-283x300.jpg 283w, https:\/\/holdingtrade.es\/wp-content\/uploads\/2024\/06\/Site-cerdo-cuts-756x800.jpg 756w, https:\/\/holdingtrade.es\/wp-content\/uploads\/2024\/06\/Site-cerdo-cuts-768x813.jpg 768w, https:\/\/holdingtrade.es\/wp-content\/uploads\/2024\/06\/Site-cerdo-cuts-700x741.jpg 700w, https:\/\/holdingtrade.es\/wp-content\/uploads\/2024\/06\/Site-cerdo-cuts-150x159.jpg 150w\" sizes=\"(max-width: 959px) 100vw, 959px\" \/>\t\t\t\t\t<\/div>\n\n\t\t\t\t<\/div>\n\t\t\t\t<\/div>\n\t\t\t\t\t<\/div>\n\t\t\t\t<\/div>\n\t\t<div class=\"wd-negative-gap elementor-element elementor-element-2e53365 e-flex e-con-boxed wd-section-disabled e-con e-parent\" data-id=\"2e53365\" data-element_type=\"container\">\n\t\t\t\t\t<div class=\"e-con-inner\">\n\t\t\t\t<div class=\"elementor-element elementor-element-0312c30 elementor-widget elementor-widget-wd_text_block\" data-id=\"0312c30\" data-element_type=\"widget\" data-widget_type=\"wd_text_block.default\">\n\t\t\t\t<div class=\"elementor-widget-container\">\n\t\t\t\t\t<div class=\"wd-text-block reset-last-child text-left\">\n\t\t\t\n\t\t\t\n\t\t\t\t\t<\/div>\n\t\t\t\t<\/div>\n\t\t\t\t<\/div>\n\t\t\t\t\t<\/div>\n\t\t\t\t<\/div>\n\t\t\t\t<\/div>\n\t\t","protected":false},"excerpt":{"rendered":"<p>Como ocurre con cualquier prote\u00edna animal, se pueden utilizar diversos trozos de carne de cerdo para el consumo humano.<\/p>\n<p>Las exportaciones brasile\u00f1as de carne de cerdo (fresca y procesada) alcanzaron 749,2 mil toneladas en los 12 meses de 2023, un aumento del 38% respecto al mismo per\u00edodo del a\u00f1o anterior, seg\u00fan datos de la Asociaci\u00f3n Brasile\u00f1a de Prote\u00edna Animal (ABPA).<\/p>\n<p>Origen &#8211; Brasil<\/p>\n","protected":false},"featured_media":19913,"template":"","meta":{"_joinchat":[]},"product_cat":[286],"product_tag":[],"_links":{"self":[{"href":"https:\/\/holdingtrade.es\/en\/wp-json\/wp\/v2\/product\/19912"}],"collection":[{"href":"https:\/\/holdingtrade.es\/en\/wp-json\/wp\/v2\/product"}],"about":[{"href":"https:\/\/holdingtrade.es\/en\/wp-json\/wp\/v2\/types\/product"}],"version-history":[{"count":0,"href":"https:\/\/holdingtrade.es\/en\/wp-json\/wp\/v2\/product\/19912\/revisions"}],"wp:featuredmedia":[{"embeddable":true,"href":"https:\/\/holdingtrade.es\/en\/wp-json\/wp\/v2\/media\/19913"}],"wp:attachment":[{"href":"https:\/\/holdingtrade.es\/en\/wp-json\/wp\/v2\/media?parent=19912"}],"wp:term":[{"taxonomy":"product_cat","embeddable":true,"href":"https:\/\/holdingtrade.es\/en\/wp-json\/wp\/v2\/product_cat?post=19912"},{"taxonomy":"product_tag","embeddable":true,"href":"https:\/\/holdingtrade.es\/en\/wp-json\/wp\/v2\/product_tag?post=19912"}],"curies":[{"name":"wp","href":"https:\/\/api.w.org\/{rel}","templated":true}]}}