{"id":19992,"date":"2024-06-19T22:26:52","date_gmt":"2024-06-19T22:26:52","guid":{"rendered":"https:\/\/holdingtrade.es\/?post_type=product&#038;p=19992"},"modified":"2024-07-06T17:30:07","modified_gmt":"2024-07-06T17:30:07","slug":"minerales","status":"publish","type":"product","link":"https:\/\/holdingtrade.es\/en\/producto\/minerales\/","title":{"rendered":"Minerales"},"content":{"rendered":"\t\t<div data-elementor-type=\"wp-post\" data-elementor-id=\"19992\" class=\"elementor elementor-19992\" data-elementor-post-type=\"product\">\n\t\t\t\t<div class=\"wd-negative-gap elementor-element elementor-element-edcf497 e-flex e-con-boxed wd-section-disabled e-con e-parent\" data-id=\"edcf497\" data-element_type=\"container\">\n\t\t\t\t\t<div class=\"e-con-inner\">\n\t\t\t\t\t<\/div>\n\t\t\t\t<\/div>\n\t\t<div class=\"wd-negative-gap elementor-element elementor-element-04c1292 e-flex e-con-boxed wd-section-disabled e-con e-parent\" data-id=\"04c1292\" data-element_type=\"container\">\n\t\t\t\t\t<div class=\"e-con-inner\">\n\t\t<div class=\"elementor-element elementor-element-29dc058 e-con-full e-flex wd-section-disabled e-con e-child\" data-id=\"29dc058\" data-element_type=\"container\">\n\t\t\t\t<div class=\"elementor-element elementor-element-8b82b79 elementor-widget elementor-widget-wd_image_or_svg\" data-id=\"8b82b79\" data-element_type=\"widget\" data-widget_type=\"wd_image_or_svg.default\">\n\t\t\t\t<div class=\"elementor-widget-container\">\n\t\t\t\n\t\t<div class=\"wd-image text-center\">\n\t\t\t\t\t\t\t\t<img fetchpriority=\"high\" width=\"400\" height=\"400\" src=\"https:\/\/holdingtrade.es\/wp-content\/uploads\/2024\/06\/site-carvao-400x400.jpg\" class=\"attachment-400x400 size-400x400\" alt=\"\" decoding=\"async\" srcset=\"https:\/\/holdingtrade.es\/wp-content\/uploads\/2024\/06\/site-carvao-400x400.jpg 400w, https:\/\/holdingtrade.es\/wp-content\/uploads\/2024\/06\/site-carvao-300x300.jpg 300w, https:\/\/holdingtrade.es\/wp-content\/uploads\/2024\/06\/site-carvao-150x150.jpg 150w, https:\/\/holdingtrade.es\/wp-content\/uploads\/2024\/06\/site-carvao-768x768.jpg 768w, https:\/\/holdingtrade.es\/wp-content\/uploads\/2024\/06\/site-carvao-430x430.jpg 430w, https:\/\/holdingtrade.es\/wp-content\/uploads\/2024\/06\/site-carvao-700x700.jpg 700w, https:\/\/holdingtrade.es\/wp-content\/uploads\/2024\/06\/site-carvao.jpg 800w\" sizes=\"(max-width: 400px) 100vw, 400px\" \/>\t\t\t\t\t<\/div>\n\n\t\t\t\t<\/div>\n\t\t\t\t<\/div>\n\t\t\t\t<\/div>\n\t\t<div class=\"elementor-element elementor-element-be2d0d2 e-con-full e-flex wd-section-disabled e-con e-child\" data-id=\"be2d0d2\" data-element_type=\"container\">\n\t\t\t\t<div class=\"elementor-element elementor-element-3219ff5 elementor-widget elementor-widget-wd_text_block\" data-id=\"3219ff5\" data-element_type=\"widget\" data-widget_type=\"wd_text_block.default\">\n\t\t\t\t<div class=\"elementor-widget-container\">\n\t\t\t\t\t<div class=\"wd-text-block reset-last-child text-left\">\n\t\t\t\n\t\t\t<p><strong>CARB\u00d3N<\/strong><\/p><p>El carb\u00f3n vegetal se obtiene de la quema o carbonizaci\u00f3n de la madera, luego de este proceso se obtiene una sustancia de color negro.<\/p><p>En la vida cotidiana, el carb\u00f3n vegetal se utiliza como combustible para calentadores, chimeneas, barbacoas y estufas de le\u00f1a, adem\u00e1s de abastecer a algunos sectores industriales con el.<\/p><p>En las acer\u00edas tambi\u00e9n se utiliza carb\u00f3n vegetal, en este caso llamado carb\u00f3n activado, procedente de determinadas maderas blandas y no resinosas.<\/p>\n\t\t\t\t\t<\/div>\n\t\t\t\t<\/div>\n\t\t\t\t<\/div>\n\t\t\t\t<\/div>\n\t\t\t\t\t<\/div>\n\t\t\t\t<\/div>\n\t\t<div class=\"wd-negative-gap elementor-element elementor-element-a24fdd9 e-flex e-con-boxed wd-section-disabled e-con e-parent\" data-id=\"a24fdd9\" data-element_type=\"container\">\n\t\t\t\t\t<div class=\"e-con-inner\">\n\t\t<div class=\"elementor-element elementor-element-8910e46 e-con-full e-flex wd-section-disabled e-con e-child\" data-id=\"8910e46\" data-element_type=\"container\">\n\t\t\t\t<div class=\"elementor-element elementor-element-70b22cb elementor-widget elementor-widget-wd_image_or_svg\" data-id=\"70b22cb\" data-element_type=\"widget\" data-widget_type=\"wd_image_or_svg.default\">\n\t\t\t\t<div class=\"elementor-widget-container\">\n\t\t\t\n\t\t<div class=\"wd-image text-center\">\n\t\t\t\t\t\t\t\t<img width=\"400\" height=\"400\" src=\"https:\/\/holdingtrade.es\/wp-content\/uploads\/2024\/06\/Site-minerio-400x400.jpg\" class=\"attachment-400x400 size-400x400\" alt=\"\" decoding=\"async\" srcset=\"https:\/\/holdingtrade.es\/wp-content\/uploads\/2024\/06\/Site-minerio-400x400.jpg 400w, https:\/\/holdingtrade.es\/wp-content\/uploads\/2024\/06\/Site-minerio-150x150.jpg 150w, https:\/\/holdingtrade.es\/wp-content\/uploads\/2024\/06\/Site-minerio-430x430.jpg 430w\" sizes=\"(max-width: 400px) 100vw, 400px\" \/>\t\t\t\t\t<\/div>\n\n\t\t\t\t<\/div>\n\t\t\t\t<\/div>\n\t\t\t\t<\/div>\n\t\t<div class=\"elementor-element elementor-element-59a75d4 e-con-full e-flex wd-section-disabled e-con e-child\" data-id=\"59a75d4\" data-element_type=\"container\">\n\t\t\t\t<div class=\"elementor-element elementor-element-e3e9bd9 elementor-widget elementor-widget-wd_text_block\" data-id=\"e3e9bd9\" data-element_type=\"widget\" data-widget_type=\"wd_text_block.default\">\n\t\t\t\t<div class=\"elementor-widget-container\">\n\t\t\t\t\t<div class=\"wd-text-block reset-last-child text-left\">\n\t\t\t\n\t\t\t<p><strong>MINERAL DE HIERRO<\/strong><\/p><p>La hematita es un mineral de hierro muy com\u00fan.<\/p><p>Los minerales de hierro son rocas de las que se puede obtener hierro met\u00e1lico de forma econ\u00f3micamente viable. El hierro se encuentra generalmente en forma de \u00f3xidos, como magnetita y hematita, o incluso como carbonato, siderita.<\/p>\n\t\t\t\t\t<\/div>\n\t\t\t\t<\/div>\n\t\t\t\t<\/div>\n\t\t\t\t<\/div>\n\t\t\t\t\t<\/div>\n\t\t\t\t<\/div>\n\t\t<div class=\"wd-negative-gap elementor-element elementor-element-406c46a e-flex e-con-boxed wd-section-disabled e-con e-parent\" data-id=\"406c46a\" data-element_type=\"container\">\n\t\t\t\t\t<div class=\"e-con-inner\">\n\t\t<div class=\"elementor-element elementor-element-3487667 e-con-full e-flex wd-section-disabled e-con e-child\" data-id=\"3487667\" data-element_type=\"container\">\n\t\t\t\t<div class=\"elementor-element elementor-element-5621904 elementor-widget elementor-widget-wd_image_or_svg\" data-id=\"5621904\" data-element_type=\"widget\" data-widget_type=\"wd_image_or_svg.default\">\n\t\t\t\t<div class=\"elementor-widget-container\">\n\t\t\t\n\t\t<div class=\"wd-image text-center\">\n\t\t\t\t\t\t\t\t<img width=\"400\" height=\"400\" src=\"https:\/\/holdingtrade.es\/wp-content\/uploads\/2024\/06\/Site-manganese-2-400x400.jpg\" class=\"attachment-400x400 size-400x400\" alt=\"\" decoding=\"async\" srcset=\"https:\/\/holdingtrade.es\/wp-content\/uploads\/2024\/06\/Site-manganese-2.jpg 400w, https:\/\/holdingtrade.es\/wp-content\/uploads\/2024\/06\/Site-manganese-2-300x300.jpg 300w, https:\/\/holdingtrade.es\/wp-content\/uploads\/2024\/06\/Site-manganese-2-150x150.jpg 150w\" sizes=\"(max-width: 400px) 100vw, 400px\" \/>\t\t\t\t\t<\/div>\n\n\t\t\t\t<\/div>\n\t\t\t\t<\/div>\n\t\t\t\t<\/div>\n\t\t<div class=\"elementor-element elementor-element-c1f6934 e-con-full e-flex wd-section-disabled e-con e-child\" data-id=\"c1f6934\" data-element_type=\"container\">\n\t\t\t\t<div class=\"elementor-element elementor-element-b89eb25 elementor-widget elementor-widget-wd_text_block\" data-id=\"b89eb25\" data-element_type=\"widget\" data-widget_type=\"wd_text_block.default\">\n\t\t\t\t<div class=\"elementor-widget-container\">\n\t\t\t\t\t<div class=\"wd-text-block reset-last-child text-left\">\n\t\t\t\n\t\t\t<p><strong>MANGANESO<\/strong><\/p><p>El manganeso es un metal duro y quebradizo. Tambi\u00e9n es un nutriente esencial para los organismos vivos. Adem\u00e1s, es muy utilizado en metalurgia, aumentando la calidad de las aleaciones.<\/p>\n\t\t\t\t\t<\/div>\n\t\t\t\t<\/div>\n\t\t\t\t<\/div>\n\t\t\t\t<\/div>\n\t\t\t\t\t<\/div>\n\t\t\t\t<\/div>\n\t\t\t\t<\/div>\n\t\t","protected":false},"excerpt":{"rendered":"<ul>\n<li>Carb\u00f3n<\/li>\n<li>Mineral de Hierro<\/li>\n<li>Manganeso<\/li>\n<\/ul>\n<p>Origen \u2013 Brasil<\/p>\n<p>Los minerales de hierro tienen un contenido de hierro variable seg\u00fan el mineral de hierro:<\/p>\n<p>En Brasil, las principales regiones productoras de mineral de hierro son el Cuadr\u00e1ngulo del Hierro, la Provincia Mineral de Caraj\u00e1s y la regi\u00f3n de Corumb\u00e1, que contienen dep\u00f3sitos en rocas que constituyen formaciones de hierro bandeadas (es decir, formadas por rocas finamente bandeadas o laminadas, constituidas principalmente por minerales de s\u00edlice y hierro, como hematita, magnetita y algunas variedades de carbonatos y silicatos), denominados en el pa\u00eds itabirita.<\/p>\n<p>En Brasil, los estados donde se encuentran las mayores reservas de mineral de hierro son: Par\u00e1, Piau\u00ed y Minas Gerais.<\/p>\n","protected":false},"featured_media":19993,"template":"","meta":{"_joinchat":[]},"product_cat":[286],"product_tag":[],"_links":{"self":[{"href":"https:\/\/holdingtrade.es\/en\/wp-json\/wp\/v2\/product\/19992"}],"collection":[{"href":"https:\/\/holdingtrade.es\/en\/wp-json\/wp\/v2\/product"}],"about":[{"href":"https:\/\/holdingtrade.es\/en\/wp-json\/wp\/v2\/types\/product"}],"version-history":[{"count":0,"href":"https:\/\/holdingtrade.es\/en\/wp-json\/wp\/v2\/product\/19992\/revisions"}],"wp:featuredmedia":[{"embeddable":true,"href":"https:\/\/holdingtrade.es\/en\/wp-json\/wp\/v2\/media\/19993"}],"wp:attachment":[{"href":"https:\/\/holdingtrade.es\/en\/wp-json\/wp\/v2\/media?parent=19992"}],"wp:term":[{"taxonomy":"product_cat","embeddable":true,"href":"https:\/\/holdingtrade.es\/en\/wp-json\/wp\/v2\/product_cat?post=19992"},{"taxonomy":"product_tag","embeddable":true,"href":"https:\/\/holdingtrade.es\/en\/wp-json\/wp\/v2\/product_tag?post=19992"}],"curies":[{"name":"wp","href":"https:\/\/api.w.org\/{rel}","templated":true}]}}