{"id":20025,"date":"2024-06-19T23:01:48","date_gmt":"2024-06-19T23:01:48","guid":{"rendered":"https:\/\/holdingtrade.es\/?post_type=product&#038;p=20025"},"modified":"2024-06-19T23:10:57","modified_gmt":"2024-06-19T23:10:57","slug":"arroz","status":"publish","type":"product","link":"https:\/\/holdingtrade.es\/en\/producto\/arroz\/","title":{"rendered":"Arroz"},"content":{"rendered":"\t\t<div data-elementor-type=\"wp-post\" data-elementor-id=\"20025\" class=\"elementor elementor-20025\" data-elementor-post-type=\"product\">\n\t\t\t\t<div class=\"wd-negative-gap elementor-element elementor-element-d84aaa4 e-flex e-con-boxed wd-section-disabled e-con e-parent\" data-id=\"d84aaa4\" data-element_type=\"container\">\n\t\t\t\t\t<div class=\"e-con-inner\">\n\t\t\t\t\t<\/div>\n\t\t\t\t<\/div>\n\t\t<div class=\"wd-negative-gap elementor-element elementor-element-04f7b90 e-flex e-con-boxed wd-section-disabled e-con e-parent\" data-id=\"04f7b90\" data-element_type=\"container\">\n\t\t\t\t\t<div class=\"e-con-inner\">\n\t\t<div class=\"elementor-element elementor-element-b3fd96d e-con-full e-flex wd-section-disabled e-con e-child\" data-id=\"b3fd96d\" data-element_type=\"container\">\n\t\t\t\t<div class=\"elementor-element elementor-element-ca2aeae elementor-widget elementor-widget-wd_image_or_svg\" data-id=\"ca2aeae\" data-element_type=\"widget\" data-widget_type=\"wd_image_or_svg.default\">\n\t\t\t\t<div class=\"elementor-widget-container\">\n\t\t\t\n\t\t<div class=\"wd-image text-center\">\n\t\t\t\t\t\t\t\t<img fetchpriority=\"high\" width=\"400\" height=\"400\" src=\"https:\/\/holdingtrade.es\/wp-content\/uploads\/2024\/06\/Site-ARROZ-400x400.png\" class=\"attachment-400x400 size-400x400\" alt=\"\" decoding=\"async\" srcset=\"https:\/\/holdingtrade.es\/wp-content\/uploads\/2024\/06\/Site-ARROZ-400x400.png 400w, https:\/\/holdingtrade.es\/wp-content\/uploads\/2024\/06\/Site-ARROZ-150x150.png 150w, https:\/\/holdingtrade.es\/wp-content\/uploads\/2024\/06\/Site-ARROZ-430x430.png 430w\" sizes=\"(max-width: 400px) 100vw, 400px\" \/>\t\t\t\t\t<\/div>\n\n\t\t\t\t<\/div>\n\t\t\t\t<\/div>\n\t\t\t\t<\/div>\n\t\t<div class=\"elementor-element elementor-element-38fea91 e-con-full e-flex wd-section-disabled e-con e-child\" data-id=\"38fea91\" data-element_type=\"container\">\n\t\t\t\t<div class=\"elementor-element elementor-element-aa61b3a elementor-widget elementor-widget-wd_text_block\" data-id=\"aa61b3a\" data-element_type=\"widget\" data-widget_type=\"wd_text_block.default\">\n\t\t\t\t<div class=\"elementor-widget-container\">\n\t\t\t\t\t<div class=\"wd-text-block reset-last-child text-left\">\n\t\t\t\n\t\t\t<p><strong>ARROZ BLANCO<\/strong><\/p><p>El arroz blanco es arroz al que se le ha quitado la c\u00e1scara, el salvado y el germen. Esto cambia el sabor, la textura y el aspecto del arroz y ayuda a prevenir su deterioro, adem\u00e1s de prolongar su vida \u00fatil.<\/p>\n\t\t\t\t\t<\/div>\n\t\t\t\t<\/div>\n\t\t\t\t<\/div>\n\t\t\t\t<\/div>\n\t\t\t\t\t<\/div>\n\t\t\t\t<\/div>\n\t\t<div class=\"wd-negative-gap elementor-element elementor-element-2b63bc5 e-flex e-con-boxed wd-section-disabled e-con e-parent\" data-id=\"2b63bc5\" data-element_type=\"container\">\n\t\t\t\t\t<div class=\"e-con-inner\">\n\t\t<div class=\"elementor-element elementor-element-3599cf9 e-con-full e-flex wd-section-disabled e-con e-child\" data-id=\"3599cf9\" data-element_type=\"container\">\n\t\t\t\t<div class=\"elementor-element elementor-element-15609e1 elementor-widget elementor-widget-wd_image_or_svg\" data-id=\"15609e1\" data-element_type=\"widget\" data-widget_type=\"wd_image_or_svg.default\">\n\t\t\t\t<div class=\"elementor-widget-container\">\n\t\t\t\n\t\t<div class=\"wd-image text-center\">\n\t\t\t\t\t\t\t\t<img width=\"400\" height=\"400\" src=\"https:\/\/holdingtrade.es\/wp-content\/uploads\/2024\/06\/Site-Arroz-inteiro-400x400.jpg\" class=\"attachment-400x400 size-400x400\" alt=\"\" decoding=\"async\" srcset=\"https:\/\/holdingtrade.es\/wp-content\/uploads\/2024\/06\/Site-Arroz-inteiro-400x400.jpg 400w, https:\/\/holdingtrade.es\/wp-content\/uploads\/2024\/06\/Site-Arroz-inteiro-150x150.jpg 150w\" sizes=\"(max-width: 400px) 100vw, 400px\" \/>\t\t\t\t\t<\/div>\n\n\t\t\t\t<\/div>\n\t\t\t\t<\/div>\n\t\t\t\t<\/div>\n\t\t<div class=\"elementor-element elementor-element-5734f4e e-con-full e-flex wd-section-disabled e-con e-child\" data-id=\"5734f4e\" data-element_type=\"container\">\n\t\t\t\t<div class=\"elementor-element elementor-element-dc2e733 elementor-widget elementor-widget-wd_text_block\" data-id=\"dc2e733\" data-element_type=\"widget\" data-widget_type=\"wd_text_block.default\">\n\t\t\t\t<div class=\"elementor-widget-container\">\n\t\t\t\t\t<div class=\"wd-text-block reset-last-child text-left\">\n\t\t\t\n\t\t\t<p><strong>ARROZ CON C\u00c1SCARA<\/strong><\/p><p>El Arroz Cateto tiene un aspecto plano y corto, adem\u00e1s de un sabor m\u00e1s fuerte.<\/p><p>Tiene una mayor cantidad de fibra y prote\u00ednas en comparaci\u00f3n con el arroz blanco.<\/p><p>Tambi\u00e9n es una rica fuente de vitamina B, esencial para nuestro organismo, ayuda a combatir el estre\u00f1imiento y mantiene la sensaci\u00f3n de saciedad por m\u00e1s tiempo.<\/p>\n\t\t\t\t\t<\/div>\n\t\t\t\t<\/div>\n\t\t\t\t<\/div>\n\t\t\t\t<\/div>\n\t\t\t\t\t<\/div>\n\t\t\t\t<\/div>\n\t\t\t\t<\/div>\n\t\t","protected":false},"excerpt":{"rendered":"<ul>\n<li>Arroz Blanco<\/li>\n<li>Arroz de Casco<\/li>\n<\/ul>\n<p>Origen \u2013 Brasil<\/p>\n<p>El arroz es una planta de la familia de las gram\u00edneas que alimenta a m\u00e1s de la mitad de la poblaci\u00f3n humana del mundo. Es el tercer cultivo de cereales del mundo, s\u00f3lo superado por el ma\u00edz y el trigo. Es rico en carbohidratos.<\/p>\n","protected":false},"featured_media":20045,"template":"","meta":{"_joinchat":[]},"product_cat":[286],"product_tag":[],"_links":{"self":[{"href":"https:\/\/holdingtrade.es\/en\/wp-json\/wp\/v2\/product\/20025"}],"collection":[{"href":"https:\/\/holdingtrade.es\/en\/wp-json\/wp\/v2\/product"}],"about":[{"href":"https:\/\/holdingtrade.es\/en\/wp-json\/wp\/v2\/types\/product"}],"version-history":[{"count":0,"href":"https:\/\/holdingtrade.es\/en\/wp-json\/wp\/v2\/product\/20025\/revisions"}],"wp:featuredmedia":[{"embeddable":true,"href":"https:\/\/holdingtrade.es\/en\/wp-json\/wp\/v2\/media\/20045"}],"wp:attachment":[{"href":"https:\/\/holdingtrade.es\/en\/wp-json\/wp\/v2\/media?parent=20025"}],"wp:term":[{"taxonomy":"product_cat","embeddable":true,"href":"https:\/\/holdingtrade.es\/en\/wp-json\/wp\/v2\/product_cat?post=20025"},{"taxonomy":"product_tag","embeddable":true,"href":"https:\/\/holdingtrade.es\/en\/wp-json\/wp\/v2\/product_tag?post=20025"}],"curies":[{"name":"wp","href":"https:\/\/api.w.org\/{rel}","templated":true}]}}