{"id":20068,"date":"2024-06-21T02:00:30","date_gmt":"2024-06-21T02:00:30","guid":{"rendered":"https:\/\/holdingtrade.es\/?post_type=product&#038;p=20068"},"modified":"2024-07-06T16:16:53","modified_gmt":"2024-07-06T16:16:53","slug":"leche-en-polvo","status":"publish","type":"product","link":"https:\/\/holdingtrade.es\/en\/producto\/leche-en-polvo\/","title":{"rendered":"Leche en Polvo"},"content":{"rendered":"\t\t<div data-elementor-type=\"wp-post\" data-elementor-id=\"20068\" class=\"elementor elementor-20068\" data-elementor-post-type=\"product\">\n\t\t\t\t<div class=\"wd-negative-gap elementor-element elementor-element-f5e3d07 e-flex e-con-boxed wd-section-disabled e-con e-parent\" data-id=\"f5e3d07\" data-element_type=\"container\">\n\t\t\t\t\t<div class=\"e-con-inner\">\n\t\t\t\t\t<\/div>\n\t\t\t\t<\/div>\n\t\t<div class=\"wd-negative-gap elementor-element elementor-element-d7e339e e-flex e-con-boxed wd-section-disabled e-con e-parent\" data-id=\"d7e339e\" data-element_type=\"container\">\n\t\t\t\t\t<div class=\"e-con-inner\">\n\t\t<div class=\"elementor-element elementor-element-6f5b369 e-con-full e-flex wd-section-disabled e-con e-child\" data-id=\"6f5b369\" data-element_type=\"container\">\n\t\t\t\t<div class=\"elementor-element elementor-element-acacd60 elementor-widget elementor-widget-wd_image_or_svg\" data-id=\"acacd60\" data-element_type=\"widget\" data-widget_type=\"wd_image_or_svg.default\">\n\t\t\t\t<div class=\"elementor-widget-container\">\n\t\t\t\n\t\t<div class=\"wd-image text-center\">\n\t\t\t\t\t\t\t\t<img fetchpriority=\"high\" width=\"400\" height=\"400\" src=\"https:\/\/holdingtrade.es\/wp-content\/uploads\/2024\/06\/Site-LEITEEMPO-integral-400x400.jpg\" class=\"attachment-400x400 size-400x400\" alt=\"\" decoding=\"async\" srcset=\"https:\/\/holdingtrade.es\/wp-content\/uploads\/2024\/06\/Site-LEITEEMPO-integral-400x400.jpg 400w, https:\/\/holdingtrade.es\/wp-content\/uploads\/2024\/06\/Site-LEITEEMPO-integral-300x300.jpg 300w, https:\/\/holdingtrade.es\/wp-content\/uploads\/2024\/06\/Site-LEITEEMPO-integral-150x150.jpg 150w, https:\/\/holdingtrade.es\/wp-content\/uploads\/2024\/06\/Site-LEITEEMPO-integral-430x430.jpg 430w, https:\/\/holdingtrade.es\/wp-content\/uploads\/2024\/06\/Site-LEITEEMPO-integral.jpg 463w\" sizes=\"(max-width: 400px) 100vw, 400px\" \/>\t\t\t\t\t<\/div>\n\n\t\t\t\t<\/div>\n\t\t\t\t<\/div>\n\t\t\t\t<\/div>\n\t\t<div class=\"elementor-element elementor-element-e655d2b e-con-full e-flex wd-section-disabled e-con e-child\" data-id=\"e655d2b\" data-element_type=\"container\">\n\t\t\t\t<div class=\"elementor-element elementor-element-f0bfc54 elementor-widget elementor-widget-wd_text_block\" data-id=\"f0bfc54\" data-element_type=\"widget\" data-widget_type=\"wd_text_block.default\">\n\t\t\t\t<div class=\"elementor-widget-container\">\n\t\t\t\t\t<div class=\"wd-text-block reset-last-child text-left\">\n\t\t\t\n\t\t\t<p><strong>LECHE ENTERA EN POLVO<\/strong><\/p><p>Entre los productos l\u00e1cteos exportados por Brasil, la leche entera es uno de los m\u00e1s importantes para la balanza comercial brasile\u00f1a, especialmente la leche entera en polvo.<\/p><p>A pesar de ser considerado un gran importador de leche en polvo en los a\u00f1os 1990, en 2008 Brasil export\u00f3 alrededor de 82 mil toneladas del producto, o 377 millones de d\u00f3lares, ocupando la octava posici\u00f3n en el ranking mundial de exportaciones del producto.<\/p>\n\t\t\t\t\t<\/div>\n\t\t\t\t<\/div>\n\t\t\t\t<\/div>\n\t\t\t\t<\/div>\n\t\t\t\t<div class=\"elementor-element elementor-element-03fd731 elementor-widget elementor-widget-wd_image_or_svg\" data-id=\"03fd731\" data-element_type=\"widget\" data-widget_type=\"wd_image_or_svg.default\">\n\t\t\t\t<div class=\"elementor-widget-container\">\n\t\t\t\n\t\t<div class=\"wd-image text-left\">\n\t\t\t\t\t\t\t\t\t\t\t\t\t<\/div>\n\n\t\t\t\t<\/div>\n\t\t\t\t<\/div>\n\t\t\t\t\t<\/div>\n\t\t\t\t<\/div>\n\t\t<div class=\"wd-negative-gap elementor-element elementor-element-36b5075 e-flex e-con-boxed wd-section-disabled e-con e-parent\" data-id=\"36b5075\" data-element_type=\"container\">\n\t\t\t\t\t<div class=\"e-con-inner\">\n\t\t<div class=\"elementor-element elementor-element-b0a7ee0 e-con-full e-flex wd-section-disabled e-con e-child\" data-id=\"b0a7ee0\" data-element_type=\"container\">\n\t\t\t\t<div class=\"elementor-element elementor-element-ddfb6cb elementor-widget elementor-widget-wd_image_or_svg\" data-id=\"ddfb6cb\" data-element_type=\"widget\" data-widget_type=\"wd_image_or_svg.default\">\n\t\t\t\t<div class=\"elementor-widget-container\">\n\t\t\t\n\t\t<div class=\"wd-image text-center\">\n\t\t\t\t\t\t\t\t<img width=\"400\" height=\"400\" src=\"https:\/\/holdingtrade.es\/wp-content\/uploads\/2024\/06\/Site-LEITEEMPODESNATADO-400x400.jpg\" class=\"attachment-400x400 size-400x400\" alt=\"\" decoding=\"async\" srcset=\"https:\/\/holdingtrade.es\/wp-content\/uploads\/2024\/06\/Site-LEITEEMPODESNATADO.jpg 400w, https:\/\/holdingtrade.es\/wp-content\/uploads\/2024\/06\/Site-LEITEEMPODESNATADO-300x300.jpg 300w, https:\/\/holdingtrade.es\/wp-content\/uploads\/2024\/06\/Site-LEITEEMPODESNATADO-150x150.jpg 150w\" sizes=\"(max-width: 400px) 100vw, 400px\" \/>\t\t\t\t\t<\/div>\n\n\t\t\t\t<\/div>\n\t\t\t\t<\/div>\n\t\t\t\t<\/div>\n\t\t<div class=\"elementor-element elementor-element-69b18c0 e-con-full e-flex wd-section-disabled e-con e-child\" data-id=\"69b18c0\" data-element_type=\"container\">\n\t\t\t\t<div class=\"elementor-element elementor-element-6594d5a elementor-widget elementor-widget-wd_text_block\" data-id=\"6594d5a\" data-element_type=\"widget\" data-widget_type=\"wd_text_block.default\">\n\t\t\t\t<div class=\"elementor-widget-container\">\n\t\t\t\t\t<div class=\"wd-text-block reset-last-child text-left\">\n\t\t\t\n\t\t\t<p><strong>LECHE DESNATADA EN POLVO<\/strong><\/p><p>Es una leche en polvo con 0% de grasas totales, rica en calcio y cuenta con el exclusivo Mix Restaura, compuesto por 12 vitaminas y minerales, que combinado con una dieta equilibrada, ayuda a reponer los nutrientes que los adultos perdemos cada d\u00eda.<\/p><p>La leche desnatada tiene cantidades similares de prote\u00ednas, potasio, f\u00f3sforo y otros nutrientes, especialmente calcio. Debido al contenido proteico que se encuentra en la leche desnatada, que tiene un excelente perfil de amino\u00e1cidos, se caracteriza por contener prote\u00ednas de alto valor biol\u00f3gico.<\/p>\n\t\t\t\t\t<\/div>\n\t\t\t\t<\/div>\n\t\t\t\t<\/div>\n\t\t\t\t<\/div>\n\t\t\t\t<div class=\"elementor-element elementor-element-32f1ba7 elementor-widget elementor-widget-wd_image_or_svg\" data-id=\"32f1ba7\" data-element_type=\"widget\" data-widget_type=\"wd_image_or_svg.default\">\n\t\t\t\t<div class=\"elementor-widget-container\">\n\t\t\t\n\t\t<div class=\"wd-image text-left\">\n\t\t\t\t\t\t\t\t\t\t\t\t\t<\/div>\n\n\t\t\t\t<\/div>\n\t\t\t\t<\/div>\n\t\t\t\t\t<\/div>\n\t\t\t\t<\/div>\n\t\t\t\t<\/div>\n\t\t","protected":false},"excerpt":{"rendered":"<ul>\n<li>LECHE ENTERA EN POLVO<\/li>\n<li>LECHE DESNATADA EN POLVO<\/li>\n<\/ul>\n<p>Origen \u2013 Brasil<\/p>\n<p>La leche en polvo es una forma moderna de consumir leche que, al deshidratarse, alarga su longevidad. La leche en polvo se elabora a partir de leche deshidratada. Para extraer el agua, que constituye alrededor del 90% de la masa de la leche, la evaporan en un proceso lento, lo que mantiene las prote\u00ednas del producto.<\/p>\n","protected":false},"featured_media":20069,"template":"","meta":{"_joinchat":[]},"product_cat":[286],"product_tag":[],"_links":{"self":[{"href":"https:\/\/holdingtrade.es\/en\/wp-json\/wp\/v2\/product\/20068"}],"collection":[{"href":"https:\/\/holdingtrade.es\/en\/wp-json\/wp\/v2\/product"}],"about":[{"href":"https:\/\/holdingtrade.es\/en\/wp-json\/wp\/v2\/types\/product"}],"version-history":[{"count":0,"href":"https:\/\/holdingtrade.es\/en\/wp-json\/wp\/v2\/product\/20068\/revisions"}],"wp:featuredmedia":[{"embeddable":true,"href":"https:\/\/holdingtrade.es\/en\/wp-json\/wp\/v2\/media\/20069"}],"wp:attachment":[{"href":"https:\/\/holdingtrade.es\/en\/wp-json\/wp\/v2\/media?parent=20068"}],"wp:term":[{"taxonomy":"product_cat","embeddable":true,"href":"https:\/\/holdingtrade.es\/en\/wp-json\/wp\/v2\/product_cat?post=20068"},{"taxonomy":"product_tag","embeddable":true,"href":"https:\/\/holdingtrade.es\/en\/wp-json\/wp\/v2\/product_tag?post=20068"}],"curies":[{"name":"wp","href":"https:\/\/api.w.org\/{rel}","templated":true}]}}