{"id":16786,"date":"2024-03-23T20:46:28","date_gmt":"2024-03-23T20:46:28","guid":{"rendered":"https:\/\/holdingtrade.es\/producto\/san-nicaso-patatas-fritas-con-sal-40gr\/"},"modified":"2024-05-18T03:26:29","modified_gmt":"2024-05-18T03:26:29","slug":"san-nicaso-patatas-fritas-con-sal-40gr","status":"publish","type":"product","link":"https:\/\/holdingtrade.es\/pt-br\/producto\/san-nicaso-patatas-fritas-con-sal-40gr\/","title":{"rendered":"San Nicaso Patatas Fritas Con Sal 40gr"},"content":{"rendered":"\t\t<div data-elementor-type=\"wp-post\" data-elementor-id=\"16786\" class=\"elementor elementor-16786\" data-elementor-post-type=\"product\">\n\t\t\t\t<div class=\"elementor-element elementor-element-d9bb9bf e-con-full wd-section-stretch e-flex e-con e-parent\" data-id=\"d9bb9bf\" data-element_type=\"container\" data-settings=\"{&quot;background_background&quot;:&quot;video&quot;,&quot;background_video_link&quot;:&quot;https:\\\/\\\/almazarasdelasubbetica.com\\\/wp-content\\\/uploads\\\/2022\\\/11\\\/Slide20221-Compressed-with-FlexClip.mp4&quot;}\">\n\t\t<div class=\"elementor-background-video-container elementor-hidden-phone\">\n\t\t\t\t\t\t\t<video class=\"elementor-background-video-hosted elementor-html5-video\" autoplay muted playsinline loop><\/video>\n\t\t\t\t\t<\/div><div class=\"elementor-element elementor-element-f3527db e-con-full e-flex wd-section-disabled e-con e-child\" data-id=\"f3527db\" data-element_type=\"container\">\n\t\t\t\t<\/div>\n\t\t<div class=\"elementor-element elementor-element-207c2e1 e-con-full e-flex wd-section-disabled e-con e-child\" data-id=\"207c2e1\" data-element_type=\"container\" data-settings=\"{&quot;background_background&quot;:&quot;classic&quot;}\">\n\t\t\t\t<div class=\"elementor-element elementor-element-f40ad44 elementor-widget__width-initial elementor-widget elementor-widget-image\" data-id=\"f40ad44\" data-element_type=\"widget\" data-widget_type=\"image.default\">\n\t\t\t\t<div class=\"elementor-widget-container\">\n\t\t\t<style>\/*! elementor - v3.22.0 - 26-06-2024 *\/\n.elementor-widget-image{text-align:center}.elementor-widget-image a{display:inline-block}.elementor-widget-image a img[src$=\".svg\"]{width:48px}.elementor-widget-image img{vertical-align:middle;display:inline-block}<\/style>\t\t\t\t\t\t\t\t\t\t<img decoding=\"async\" width=\"400\" height=\"88\" src=\"https:\/\/holdingtrade.es\/wp-content\/uploads\/2024\/04\/almaras-de-subetica-logo.png\" class=\"attachment-full size-full wp-image-16979\" alt=\"\" srcset=\"https:\/\/holdingtrade.es\/wp-content\/uploads\/2024\/04\/almaras-de-subetica-logo.png 400w, https:\/\/holdingtrade.es\/wp-content\/uploads\/2024\/04\/almaras-de-subetica-logo-150x33.png 150w\" sizes=\"(max-width: 400px) 100vw, 400px\" \/>\t\t\t\t\t\t\t\t\t\t\t\t\t<\/div>\n\t\t\t\t<\/div>\n\t\t\t\t<div class=\"elementor-element elementor-element-abb1aef color-scheme-inherit text-left elementor-widget elementor-widget-text-editor\" data-id=\"abb1aef\" data-element_type=\"widget\" data-widget_type=\"text-editor.default\">\n\t\t\t\t<div class=\"elementor-widget-container\">\n\t\t\t<style>\/*! elementor - v3.22.0 - 26-06-2024 *\/\n.elementor-widget-text-editor.elementor-drop-cap-view-stacked .elementor-drop-cap{background-color:#69727d;color:#fff}.elementor-widget-text-editor.elementor-drop-cap-view-framed .elementor-drop-cap{color:#69727d;border:3px solid;background-color:transparent}.elementor-widget-text-editor:not(.elementor-drop-cap-view-default) .elementor-drop-cap{margin-top:8px}.elementor-widget-text-editor:not(.elementor-drop-cap-view-default) .elementor-drop-cap-letter{width:1em;height:1em}.elementor-widget-text-editor .elementor-drop-cap{float:left;text-align:center;line-height:1;font-size:50px}.elementor-widget-text-editor .elementor-drop-cap-letter{display:inline-block}<\/style>\t\t\t\t<h4 style=\"text-align: center;\"><strong><em>Con m\u00e1s de 60 a\u00f1os de experiencia, somos referente de los aceites de oliva virgen extra a nivel mundial.<\/em><\/strong><\/h4><p>Bienvenidos a Almazaras de la Subb\u00e9tica, una\u00a0<strong>Cooperativa Agr\u00edcola de primer grado<\/strong>\u00a0dedicada a la producci\u00f3n de aceite de oliva virgen extra de la m\u00e1s alta calidad. Situados en pleno\u00a0<strong>Parque Natural de las Sierras Subb\u00e9ticas<\/strong>, trabajamos con pasi\u00f3n y dedicaci\u00f3n para ofrecer a nuestros clientes\u00a0<strong>aceites de oliva virgen\u00a0<em>Extraordinarios<\/em><\/strong><em>\u00a0<\/em>que reflejan el sabor y la tradici\u00f3n de nuestra tierra.<\/p>\t\t\t\t\t\t<\/div>\n\t\t\t\t<\/div>\n\t\t\t\t<\/div>\n\t\t\t\t<\/div>\n\t\t<div class=\"wd-negative-gap elementor-element elementor-element-3ec4fd9a e-flex e-con-boxed wd-section-disabled e-con e-parent\" data-id=\"3ec4fd9a\" data-element_type=\"container\">\n\t\t\t\t\t<div class=\"e-con-inner\">\n\t\t<div class=\"elementor-element elementor-element-183119e9 e-con-full e-flex wd-section-disabled e-con e-child\" data-id=\"183119e9\" data-element_type=\"container\">\n\t\t\t\t<div class=\"elementor-element elementor-element-453dbf8d elementor-widget elementor-widget-wd_title\" data-id=\"453dbf8d\" data-element_type=\"widget\" data-widget_type=\"wd_title.default\">\n\t\t\t\t<div class=\"elementor-widget-container\">\n\t\t\t\t\t<div class=\"title-wrapper set-mb-s reset-last-child wd-title-color-primary wd-title-style-default wd-title-size-medium text-left\">\n\n\t\t\t\n\t\t\t<div class=\"liner-continer\">\n\t\t\t\t<h3 class=\"woodmart-title-container title wd-fontsize-xl\">DESCRIPCI\u00d3N<\/h3> \n\t\t\t\t\t\t\t<\/div>\n\n\t\t\t\t\t\t\t<div class=\"title-after_title set-cont-mb-s reset-last-child wd-fontsize-s\">\n\t\t\t\t\t<p>Desde el coraz\u00f3n de la serran\u00eda cordobesa, Rafael del Rosal ha investigado durante a\u00f1os para desarrollar un nuevo concepto de snack sano, con t\u00e9cnicas culinarias de vanguardia y los mejores ingredientes del mundo.<\/p><p><strong>Calidad<\/strong><br \/>Para garantizar la m\u00e1xima calidad, los lotes de Patatas San Nicasio se producen en ediciones limitadas destinadas al mercado gourmet, siempre bajo el toque maestro de Rafael del Rosal.<br \/>La bolsa rosa de San Nicasio destaca como un producto de referencia para tiendas de delicatessen, hoteles, y restaurantes de prestigio y locales de moda.<\/p><p><strong>Lo lento, como valor a\u00f1adido<\/strong><br \/>El m\u00e9todo de fritura lenta y a baja temperatura que se utiliza en las Patatas San Nicasio evita la formaci\u00f3n de sustancias no deseables y supone la mejor garant\u00eda de integridad y calidad, a la vez que asegura un sabor y textura siempre uniformes.<br \/>Nuestra forma de entender la gastronom\u00eda se inserta perfectamente en la filosof\u00eda del movimiento Slow Food, que defiende una cocina contrapuesta a la idea de \u201ccomida r\u00e1pida\u201d y se opone radicalmente al acelerado estilo de vivir de la sociedad actual, que nos aparta de las cosas buenas y placenteras de la vida.<\/p><p><strong>LA MEJOR PROTECCI\u00d3N<\/strong><br \/>Para garantizar que el producto no pierde ni un \u00e1pice de calidad, las Patatas Fritas San Nicasio se envasan en una bolsa fabricada con material de alta calidad y un sellado ultra-resistente que conserva intactos el sabor y la frescura, como reci\u00e9n hechas, soportando las m\u00e1s duras condiciones de presi\u00f3n y temperatura.<br \/>Realizado a su vez con m\u00e9todos de alta tecnolog\u00eda y atm\u00f3sfera controlada, el envasado especial utilizado en las Patatas Fritas San Nicasio preserva al m\u00e1ximo la perfecta conservaci\u00f3n del producto, que se extiende hasta los seis meses desde la fecha de fabricaci\u00f3n.<\/p>\t\t\t\t<\/div>\n\t\t\t\t\t<\/div>\n\t\t\t\t<\/div>\n\t\t\t\t<\/div>\n\t\t\t\t<\/div>\n\t\t<div class=\"elementor-element elementor-element-48c424de e-con-full e-flex wd-section-disabled e-con e-child\" data-id=\"48c424de\" data-element_type=\"container\" data-settings=\"{&quot;background_background&quot;:&quot;classic&quot;}\">\n\t\t\t\t<\/div>\n\t\t\t\t\t<\/div>\n\t\t\t\t<\/div>\n\t\t<div class=\"wd-negative-gap elementor-element elementor-element-676dbe26 e-flex e-con-boxed wd-section-disabled e-con e-parent\" data-id=\"676dbe26\" data-element_type=\"container\" data-settings=\"{&quot;background_background&quot;:&quot;classic&quot;}\">\n\t\t\t\t\t<div class=\"e-con-inner\">\n\t\t<div class=\"elementor-element elementor-element-154e924c e-con-full e-flex wd-section-disabled e-con e-child\" data-id=\"154e924c\" data-element_type=\"container\">\n\t\t\t\t<div class=\"elementor-element elementor-element-4935ca36 elementor-widget elementor-widget-wd_title\" data-id=\"4935ca36\" data-element_type=\"widget\" data-widget_type=\"wd_title.default\">\n\t\t\t\t<div class=\"elementor-widget-container\">\n\t\t\t\t\t<div class=\"title-wrapper set-mb-s reset-last-child wd-title-color-primary wd-title-style-default wd-title-size-medium text-left\">\n\n\t\t\t\n\t\t\t<div class=\"liner-continer\">\n\t\t\t\t<h3 class=\"woodmart-title-container title wd-fontsize-xl\">DESCRIPCI\u00d3N SENSORIAL<\/h3> \n\t\t\t\t\t\t\t<\/div>\n\n\t\t\t\t\t\t\t<div class=\"title-after_title set-cont-mb-s reset-last-child wd-fontsize-s\">\n\t\t\t\t\t<p>Un nuevo concepto de patatas fritas: m\u00e1s sabrosas, m\u00e1s sanas, m\u00e1s crujientes y m\u00e1s naturales. Forma: circular; Color: amarillo; Textura: crujiente.<\/p>\t\t\t\t<\/div>\n\t\t\t\t\t<\/div>\n\t\t\t\t<\/div>\n\t\t\t\t<\/div>\n\t\t\t\t<\/div>\n\t\t<div class=\"elementor-element elementor-element-7b7a55fb e-con-full e-flex wd-section-disabled e-con e-child\" data-id=\"7b7a55fb\" data-element_type=\"container\" data-settings=\"{&quot;background_background&quot;:&quot;classic&quot;}\">\n\t\t\t\t<\/div>\n\t\t\t\t\t<\/div>\n\t\t\t\t<\/div>\n\t\t<div class=\"wd-negative-gap elementor-element elementor-element-20870227 e-flex e-con-boxed wd-section-disabled e-con e-parent\" data-id=\"20870227\" data-element_type=\"container\">\n\t\t\t\t\t<div class=\"e-con-inner\">\n\t\t<div class=\"elementor-element elementor-element-4d93516 e-con-full e-flex wd-section-disabled e-con e-child\" data-id=\"4d93516\" data-element_type=\"container\" data-settings=\"{&quot;background_background&quot;:&quot;classic&quot;}\">\n\t\t\t\t<\/div>\n\t\t<div class=\"elementor-element elementor-element-3f1e5989 e-con-full e-flex wd-section-disabled e-con e-child\" data-id=\"3f1e5989\" data-element_type=\"container\">\n\t\t\t\t<div class=\"elementor-element elementor-element-680a2bac elementor-widget elementor-widget-wd_title\" data-id=\"680a2bac\" data-element_type=\"widget\" data-widget_type=\"wd_title.default\">\n\t\t\t\t<div class=\"elementor-widget-container\">\n\t\t\t\t\t<div class=\"title-wrapper set-mb-s reset-last-child wd-title-color-primary wd-title-style-default wd-title-size-medium text-left\">\n\n\t\t\t\n\t\t\t<div class=\"liner-continer\">\n\t\t\t\t<h3 class=\"woodmart-title-container title wd-fontsize-xl\">CONSEJOS DE MARIDAJE<\/h3> \n\t\t\t\t\t\t\t<\/div>\n\n\t\t\t\t\t\t\t<div class=\"title-after_title set-cont-mb-s reset-last-child wd-fontsize-s\">\n\t\t\t\t\t<p>M\u00e1s que un snack, una aut\u00e9ntica delicatessen<\/p>\t\t\t\t<\/div>\n\t\t\t\t\t<\/div>\n\t\t\t\t<\/div>\n\t\t\t\t<\/div>\n\t\t\t\t<\/div>\n\t\t\t\t\t<\/div>\n\t\t\t\t<\/div>\n\t\t<div class=\"wd-negative-gap elementor-element elementor-element-5197e1ca e-flex e-con-boxed wd-section-disabled e-con e-parent\" data-id=\"5197e1ca\" data-element_type=\"container\">\n\t\t\t\t\t<div class=\"e-con-inner\">\n\t\t\t\t<div class=\"elementor-element elementor-element-76b12dd1 elementor-widget elementor-widget-wd_title\" data-id=\"76b12dd1\" data-element_type=\"widget\" data-widget_type=\"wd_title.default\">\n\t\t\t\t<div class=\"elementor-widget-container\">\n\t\t\t\t\t<div class=\"title-wrapper set-mb-s reset-last-child wd-title-color-primary wd-title-style-default wd-title-size-medium text-center\">\n\n\t\t\t\n\t\t\t<div class=\"liner-continer\">\n\t\t\t\t<h3 class=\"woodmart-title-container title wd-fontsize-xl\">AN\u00c1LISIS<\/h3> \n\t\t\t\t\t\t\t<\/div>\n\n\t\t\t\t\t<\/div>\n\t\t\t\t<\/div>\n\t\t\t\t<\/div>\n\t\t\t\t<div class=\"elementor-element elementor-element-6fce7a62 elementor-widget elementor-widget-pdf_viewer\" data-id=\"6fce7a62\" data-element_type=\"widget\" data-widget_type=\"pdf_viewer.default\">\n\t\t\t\t<div class=\"elementor-widget-container\">\n\t\t\t<iframe src=\"https:\/\/docs.google.com\/viewer?url=http:\/\/holdingtrade.es\/wp-content\/uploads\/2024\/04\/PATATAS-FRITAS-SAN-NICASIO-NATURALES-SAL-ROSA-HIMALAYA-HOJA-TECNICA.pdf&amp;embedded=true\" style=\"display: block; margin-left: auto; margin-right: auto; width: 640px; height: 1020px;\" frameborder=\"1\" marginheight=\"0px\" marginwidth=\"0px\" allowfullscreen><\/iframe>\t\t<\/div>\n\t\t\t\t<\/div>\n\t\t\t\t\t<\/div>\n\t\t\t\t<\/div>\n\t\t\t\t<\/div>\n\t\t","protected":false},"excerpt":{"rendered":"<p>Patatas Fritas San Nicasio<\/p>\n<p>Las patatas fritas San Nicasio se elaboran a fuego lento con patata espa\u00f1ola no transg\u00e9nica, sal rosa del Himalaya el mejor Aceite de Oliva Virgen Extra D.O.P Priego de C\u00f3rdoba, producido por Almazaras de la Subb\u00e9tica.<\/p>\n<p>Sabor natural de un producto elaborado con ingredientes que proceden directamente de la naturaleza y no han sido objeto de transformaciones qu\u00edmicas. Saber de generaciones y respeto a unas tradiciones olivareras y culinarias que han ido pasando de padres a hijos y que los gourmets de la actualidad valoran muy especialmente. Salud como valor a\u00f1adido en un producto pensado para paladares exigentes y que est\u00e1n al tanto de lo que se cuece en nutrici\u00f3n.<\/p>\n<p>M\u00e1s que un snack, una aut\u00e9ntica delicatessen para consumidores cosmopolitas, que aprecian lo natural, valoran las tradiciones y cuidan su salud. Descubre un nuevo concepto de patatas fritas: m\u00e1s sabrosas, m\u00e1s sanas, m\u00e1s crujientes y m\u00e1s naturales.<\/p>\n<p>SIN CONSERVANTES, ADITIVOS, NI AZUCARES A\u00d1ADIDOS: aptas para personas con intolerancias alimenticias. Libre de trazas de lactosa o gluten.<\/p>\n<p>15 Medallas de oro consecutivas Monde Selection.<\/p>\n","protected":false},"featured_media":16942,"template":"","meta":{"_joinchat":[]},"product_cat":[187],"product_tag":[],"_links":{"self":[{"href":"https:\/\/holdingtrade.es\/pt-br\/wp-json\/wp\/v2\/product\/16786"}],"collection":[{"href":"https:\/\/holdingtrade.es\/pt-br\/wp-json\/wp\/v2\/product"}],"about":[{"href":"https:\/\/holdingtrade.es\/pt-br\/wp-json\/wp\/v2\/types\/product"}],"version-history":[{"count":0,"href":"https:\/\/holdingtrade.es\/pt-br\/wp-json\/wp\/v2\/product\/16786\/revisions"}],"wp:featuredmedia":[{"embeddable":true,"href":"https:\/\/holdingtrade.es\/pt-br\/wp-json\/wp\/v2\/media\/16942"}],"wp:attachment":[{"href":"https:\/\/holdingtrade.es\/pt-br\/wp-json\/wp\/v2\/media?parent=16786"}],"wp:term":[{"taxonomy":"product_cat","embeddable":true,"href":"https:\/\/holdingtrade.es\/pt-br\/wp-json\/wp\/v2\/product_cat?post=16786"},{"taxonomy":"product_tag","embeddable":true,"href":"https:\/\/holdingtrade.es\/pt-br\/wp-json\/wp\/v2\/product_tag?post=16786"}],"curies":[{"name":"wp","href":"https:\/\/api.w.org\/{rel}","templated":true}]}}