{"id":19853,"date":"2024-06-19T01:56:32","date_gmt":"2024-06-19T01:56:32","guid":{"rendered":"https:\/\/holdingtrade.es\/?post_type=product&#038;p=19853"},"modified":"2024-06-21T19:48:10","modified_gmt":"2024-06-21T19:48:10","slug":"carne-de-pollo","status":"publish","type":"product","link":"https:\/\/holdingtrade.es\/pt-br\/producto\/carne-de-pollo\/","title":{"rendered":"Carne de Pollo"},"content":{"rendered":"\t\t<div data-elementor-type=\"wp-post\" data-elementor-id=\"19853\" class=\"elementor elementor-19853\" data-elementor-post-type=\"product\">\n\t\t\t\t<div class=\"wd-negative-gap elementor-element elementor-element-045f151 e-flex e-con-boxed wd-section-disabled e-con e-parent\" data-id=\"045f151\" data-element_type=\"container\">\n\t\t\t\t\t<div class=\"e-con-inner\">\n\t\t\t\t\t<\/div>\n\t\t\t\t<\/div>\n\t\t<div class=\"wd-negative-gap elementor-element elementor-element-19e303f e-flex e-con-boxed wd-section-disabled e-con e-parent\" data-id=\"19e303f\" data-element_type=\"container\">\n\t\t\t\t\t<div class=\"e-con-inner\">\n\t\t<div class=\"elementor-element elementor-element-d175cf9 e-con-full e-flex wd-section-disabled e-con e-child\" data-id=\"d175cf9\" data-element_type=\"container\">\n\t\t\t\t<div class=\"elementor-element elementor-element-5e16140 elementor-widget elementor-widget-wd_image_or_svg\" data-id=\"5e16140\" data-element_type=\"widget\" data-widget_type=\"wd_image_or_svg.default\">\n\t\t\t\t<div class=\"elementor-widget-container\">\n\t\t\t\n\t\t<div class=\"wd-image text-center\">\n\t\t\t\t\t\t\t\t<img fetchpriority=\"high\" width=\"268\" height=\"282\" src=\"https:\/\/holdingtrade.es\/wp-content\/uploads\/2024\/06\/Site-pollo-pies.png\" class=\"attachment-full size-full\" alt=\"\" decoding=\"async\" srcset=\"https:\/\/holdingtrade.es\/wp-content\/uploads\/2024\/06\/Site-pollo-pies.png 268w, https:\/\/holdingtrade.es\/wp-content\/uploads\/2024\/06\/Site-pollo-pies-150x158.png 150w\" sizes=\"(max-width: 268px) 100vw, 268px\" \/>\t\t\t\t\t<\/div>\n\n\t\t\t\t<\/div>\n\t\t\t\t<\/div>\n\t\t\t\t<\/div>\n\t\t<div class=\"elementor-element elementor-element-458b751 e-con-full e-flex wd-section-disabled e-con e-child\" data-id=\"458b751\" data-element_type=\"container\">\n\t\t\t\t<div class=\"elementor-element elementor-element-8e4bbf3 elementor-widget elementor-widget-wd_text_block\" data-id=\"8e4bbf3\" data-element_type=\"widget\" data-widget_type=\"wd_text_block.default\">\n\t\t\t\t<div class=\"elementor-widget-container\">\n\t\t\t\t\t<div class=\"wd-text-block reset-last-child text-left\">\n\t\t\t\n\t\t\t<p><strong>PIES DE POLLO<\/strong><\/p><p>Los pies de pollo se componen principalmente de tejido conectivo: piel, cart\u00edlagos, tendones y huesos. Sin embargo, no dejan de ser muy nutritivos y aportan una buena cantidad de vitaminas y minerales.<\/p>\n\t\t\t\t\t<\/div>\n\t\t\t\t<\/div>\n\t\t\t\t<\/div>\n\t\t\t\t<\/div>\n\t\t\t\t\t<\/div>\n\t\t\t\t<\/div>\n\t\t<div class=\"wd-negative-gap elementor-element elementor-element-552fef0 e-flex e-con-boxed wd-section-disabled e-con e-parent\" data-id=\"552fef0\" data-element_type=\"container\">\n\t\t\t\t\t<div class=\"e-con-inner\">\n\t\t<div class=\"elementor-element elementor-element-551a8bc e-con-full e-flex wd-section-disabled e-con e-child\" data-id=\"551a8bc\" data-element_type=\"container\">\n\t\t\t\t<div class=\"elementor-element elementor-element-f02769e elementor-widget elementor-widget-wd_image_or_svg\" data-id=\"f02769e\" data-element_type=\"widget\" data-widget_type=\"wd_image_or_svg.default\">\n\t\t\t\t<div class=\"elementor-widget-container\">\n\t\t\t\n\t\t<div class=\"wd-image text-center\">\n\t\t\t\t\t\t\t\t<img width=\"266\" height=\"282\" src=\"https:\/\/holdingtrade.es\/wp-content\/uploads\/2024\/06\/Site-pollo-pattas.png\" class=\"attachment-full size-full\" alt=\"\" decoding=\"async\" srcset=\"https:\/\/holdingtrade.es\/wp-content\/uploads\/2024\/06\/Site-pollo-pattas.png 266w, https:\/\/holdingtrade.es\/wp-content\/uploads\/2024\/06\/Site-pollo-pattas-150x159.png 150w\" sizes=\"(max-width: 266px) 100vw, 266px\" \/>\t\t\t\t\t<\/div>\n\n\t\t\t\t<\/div>\n\t\t\t\t<\/div>\n\t\t\t\t<\/div>\n\t\t<div class=\"elementor-element elementor-element-096ed75 e-con-full e-flex wd-section-disabled e-con e-child\" data-id=\"096ed75\" data-element_type=\"container\">\n\t\t\t\t<div class=\"elementor-element elementor-element-3ca3758 elementor-widget elementor-widget-wd_text_block\" data-id=\"3ca3758\" data-element_type=\"widget\" data-widget_type=\"wd_text_block.default\">\n\t\t\t\t<div class=\"elementor-widget-container\">\n\t\t\t\t\t<div class=\"wd-text-block reset-last-child text-left\">\n\t\t\t\n\t\t\t<p><strong>PATAS DE POLLO<\/strong><\/p><p>Despu\u00e9s de eliminar una capa externa de piel dura, la mayor parte del tejido comestible de los pies se compone de piel y tendones, no de m\u00fasculos. Le da a tus pies una textura distinta al resto de la carne de pollo.<\/p>\n\t\t\t\t\t<\/div>\n\t\t\t\t<\/div>\n\t\t\t\t<\/div>\n\t\t\t\t<\/div>\n\t\t\t\t\t<\/div>\n\t\t\t\t<\/div>\n\t\t<div class=\"wd-negative-gap elementor-element elementor-element-895c68c e-flex e-con-boxed wd-section-disabled e-con e-parent\" data-id=\"895c68c\" data-element_type=\"container\">\n\t\t\t\t\t<div class=\"e-con-inner\">\n\t\t<div class=\"elementor-element elementor-element-a85522b e-con-full e-flex wd-section-disabled e-con e-child\" data-id=\"a85522b\" data-element_type=\"container\">\n\t\t\t\t<div class=\"elementor-element elementor-element-e6f37f8 elementor-widget elementor-widget-wd_image_or_svg\" data-id=\"e6f37f8\" data-element_type=\"widget\" data-widget_type=\"wd_image_or_svg.default\">\n\t\t\t\t<div class=\"elementor-widget-container\">\n\t\t\t\n\t\t<div class=\"wd-image text-center\">\n\t\t\t\t\t\t\t\t<img width=\"267\" height=\"285\" src=\"https:\/\/holdingtrade.es\/wp-content\/uploads\/2024\/06\/Site-pollo-alas-mid-join.png\" class=\"attachment-full size-full\" alt=\"\" decoding=\"async\" srcset=\"https:\/\/holdingtrade.es\/wp-content\/uploads\/2024\/06\/Site-pollo-alas-mid-join.png 267w, https:\/\/holdingtrade.es\/wp-content\/uploads\/2024\/06\/Site-pollo-alas-mid-join-150x160.png 150w\" sizes=\"(max-width: 267px) 100vw, 267px\" \/>\t\t\t\t\t<\/div>\n\n\t\t\t\t<\/div>\n\t\t\t\t<\/div>\n\t\t\t\t<\/div>\n\t\t<div class=\"elementor-element elementor-element-8a44478 e-con-full e-flex wd-section-disabled e-con e-child\" data-id=\"8a44478\" data-element_type=\"container\">\n\t\t\t\t<div class=\"elementor-element elementor-element-899c41c elementor-widget elementor-widget-wd_text_block\" data-id=\"899c41c\" data-element_type=\"widget\" data-widget_type=\"wd_text_block.default\">\n\t\t\t\t<div class=\"elementor-widget-container\">\n\t\t\t\t\t<div class=\"wd-text-block reset-last-child text-left\">\n\t\t\t\n\t\t\t<p><strong>ALAS DE UNI\u00d3N MEDIA<\/strong> \u2013 Mid Join Wing<\/p><p>Un corte muy com\u00fan en las parrilladas y, por su versatilidad, tambi\u00e9n es una excelente opci\u00f3n para las comidas diarias.<\/p><p>Se puede preparar a la plancha, al horno, asado o frito.<\/p>\n\t\t\t\t\t<\/div>\n\t\t\t\t<\/div>\n\t\t\t\t<\/div>\n\t\t\t\t<\/div>\n\t\t\t\t\t<\/div>\n\t\t\t\t<\/div>\n\t\t<div class=\"wd-negative-gap elementor-element elementor-element-d7427e0 e-flex e-con-boxed wd-section-disabled e-con e-parent\" data-id=\"d7427e0\" data-element_type=\"container\">\n\t\t\t\t\t<div class=\"e-con-inner\">\n\t\t<div class=\"elementor-element elementor-element-84bb425 e-con-full e-flex wd-section-disabled e-con e-child\" data-id=\"84bb425\" data-element_type=\"container\">\n\t\t\t\t<div class=\"elementor-element elementor-element-2ba57cf elementor-widget elementor-widget-wd_image_or_svg\" data-id=\"2ba57cf\" data-element_type=\"widget\" data-widget_type=\"wd_image_or_svg.default\">\n\t\t\t\t<div class=\"elementor-widget-container\">\n\t\t\t\n\t\t<div class=\"wd-image text-center\">\n\t\t\t\t\t\t\t\t<img loading=\"lazy\" width=\"265\" height=\"285\" src=\"https:\/\/holdingtrade.es\/wp-content\/uploads\/2024\/06\/Site-pollo-entero.png\" class=\"attachment-full size-full\" alt=\"\" decoding=\"async\" srcset=\"https:\/\/holdingtrade.es\/wp-content\/uploads\/2024\/06\/Site-pollo-entero.png 265w, https:\/\/holdingtrade.es\/wp-content\/uploads\/2024\/06\/Site-pollo-entero-150x161.png 150w\" sizes=\"(max-width: 265px) 100vw, 265px\" \/>\t\t\t\t\t<\/div>\n\n\t\t\t\t<\/div>\n\t\t\t\t<\/div>\n\t\t\t\t<\/div>\n\t\t<div class=\"elementor-element elementor-element-9963c46 e-con-full e-flex wd-section-disabled e-con e-child\" data-id=\"9963c46\" data-element_type=\"container\">\n\t\t\t\t<div class=\"elementor-element elementor-element-2e5cab3 elementor-widget elementor-widget-wd_text_block\" data-id=\"2e5cab3\" data-element_type=\"widget\" data-widget_type=\"wd_text_block.default\">\n\t\t\t\t<div class=\"elementor-widget-container\">\n\t\t\t\t\t<div class=\"wd-text-block reset-last-child text-left\">\n\t\t\t\n\t\t\t<p><strong>POLLO ENTERO<\/strong><\/p><p>Brasil sigue siendo el mayor exportador de prote\u00edna.<\/p>\n\t\t\t\t\t<\/div>\n\t\t\t\t<\/div>\n\t\t\t\t<\/div>\n\t\t\t\t<\/div>\n\t\t\t\t\t<\/div>\n\t\t\t\t<\/div>\n\t\t<div class=\"wd-negative-gap elementor-element elementor-element-3856b11 e-flex e-con-boxed wd-section-disabled e-con e-parent\" data-id=\"3856b11\" data-element_type=\"container\">\n\t\t\t\t\t<div class=\"e-con-inner\">\n\t\t<div class=\"elementor-element elementor-element-7b541d5 e-con-full e-flex wd-section-disabled e-con e-child\" data-id=\"7b541d5\" data-element_type=\"container\">\n\t\t\t\t<div class=\"elementor-element elementor-element-727e906 elementor-widget elementor-widget-wd_image_or_svg\" data-id=\"727e906\" data-element_type=\"widget\" data-widget_type=\"wd_image_or_svg.default\">\n\t\t\t\t<div class=\"elementor-widget-container\">\n\t\t\t\n\t\t<div class=\"wd-image text-center\">\n\t\t\t\t\t\t\t\t<img loading=\"lazy\" width=\"264\" height=\"287\" src=\"https:\/\/holdingtrade.es\/wp-content\/uploads\/2024\/06\/Site-pollo-muslo-y-cuarto.png\" class=\"attachment-full size-full\" alt=\"\" decoding=\"async\" srcset=\"https:\/\/holdingtrade.es\/wp-content\/uploads\/2024\/06\/Site-pollo-muslo-y-cuarto.png 264w, https:\/\/holdingtrade.es\/wp-content\/uploads\/2024\/06\/Site-pollo-muslo-y-cuarto-150x163.png 150w\" sizes=\"(max-width: 264px) 100vw, 264px\" \/>\t\t\t\t\t<\/div>\n\n\t\t\t\t<\/div>\n\t\t\t\t<\/div>\n\t\t\t\t<\/div>\n\t\t<div class=\"elementor-element elementor-element-e04e03d e-con-full e-flex wd-section-disabled e-con e-child\" data-id=\"e04e03d\" data-element_type=\"container\">\n\t\t\t\t<div class=\"elementor-element elementor-element-0415292 elementor-widget elementor-widget-wd_text_block\" data-id=\"0415292\" data-element_type=\"widget\" data-widget_type=\"wd_text_block.default\">\n\t\t\t\t<div class=\"elementor-widget-container\">\n\t\t\t\t\t<div class=\"wd-text-block reset-last-child text-left\">\n\t\t\t\n\t\t\t<p><strong>MUSLO Y CUARTO DE PIERNA DE POLLO<\/strong><\/p><p>Una curiosidad es que, hasta hace unos a\u00f1os, los pollos se exportaban enteros.<\/p>\n\t\t\t\t\t<\/div>\n\t\t\t\t<\/div>\n\t\t\t\t<\/div>\n\t\t\t\t<\/div>\n\t\t\t\t\t<\/div>\n\t\t\t\t<\/div>\n\t\t<div class=\"wd-negative-gap elementor-element elementor-element-82720a8 e-flex e-con-boxed wd-section-disabled e-con e-parent\" data-id=\"82720a8\" data-element_type=\"container\">\n\t\t\t\t\t<div class=\"e-con-inner\">\n\t\t<div class=\"elementor-element elementor-element-bdd332c e-con-full e-flex wd-section-disabled e-con e-child\" data-id=\"bdd332c\" data-element_type=\"container\">\n\t\t\t\t<div class=\"elementor-element elementor-element-ab46752 elementor-widget elementor-widget-wd_image_or_svg\" data-id=\"ab46752\" data-element_type=\"widget\" data-widget_type=\"wd_image_or_svg.default\">\n\t\t\t\t<div class=\"elementor-widget-container\">\n\t\t\t\n\t\t<div class=\"wd-image text-center\">\n\t\t\t\t\t\t\t\t<img loading=\"lazy\" width=\"264\" height=\"280\" src=\"https:\/\/holdingtrade.es\/wp-content\/uploads\/2024\/06\/Site-pollo-allas.png\" class=\"attachment-full size-full\" alt=\"\" decoding=\"async\" srcset=\"https:\/\/holdingtrade.es\/wp-content\/uploads\/2024\/06\/Site-pollo-allas.png 264w, https:\/\/holdingtrade.es\/wp-content\/uploads\/2024\/06\/Site-pollo-allas-150x159.png 150w\" sizes=\"(max-width: 264px) 100vw, 264px\" \/>\t\t\t\t\t<\/div>\n\n\t\t\t\t<\/div>\n\t\t\t\t<\/div>\n\t\t\t\t<\/div>\n\t\t<div class=\"elementor-element elementor-element-f4916dc e-con-full e-flex wd-section-disabled e-con e-child\" data-id=\"f4916dc\" data-element_type=\"container\">\n\t\t\t\t<div class=\"elementor-element elementor-element-98f9678 elementor-widget elementor-widget-wd_text_block\" data-id=\"98f9678\" data-element_type=\"widget\" data-widget_type=\"wd_text_block.default\">\n\t\t\t\t<div class=\"elementor-widget-container\">\n\t\t\t\t\t<div class=\"wd-text-block reset-last-child text-left\">\n\t\t\t\n\t\t\t<p><strong>ALAS DE POLLO<\/strong><\/p><p>Brasil se destaca en el \u00e1rea de exportaci\u00f3n e importaci\u00f3n por su gran capacidad organizativa, compromiso con el cliente y eficiencia.<\/p>\n\t\t\t\t\t<\/div>\n\t\t\t\t<\/div>\n\t\t\t\t<\/div>\n\t\t\t\t<\/div>\n\t\t\t\t\t<\/div>\n\t\t\t\t<\/div>\n\t\t<div class=\"wd-negative-gap elementor-element elementor-element-1f3e1aa e-flex e-con-boxed wd-section-disabled e-con e-parent\" data-id=\"1f3e1aa\" data-element_type=\"container\">\n\t\t\t\t\t<div class=\"e-con-inner\">\n\t\t<div class=\"elementor-element elementor-element-f6dd25e e-con-full e-flex wd-section-disabled e-con e-child\" data-id=\"f6dd25e\" data-element_type=\"container\">\n\t\t\t\t<div class=\"elementor-element elementor-element-daa6d46 elementor-widget elementor-widget-wd_image_or_svg\" data-id=\"daa6d46\" data-element_type=\"widget\" data-widget_type=\"wd_image_or_svg.default\">\n\t\t\t\t<div class=\"elementor-widget-container\">\n\t\t\t\n\t\t<div class=\"wd-image text-center\">\n\t\t\t\t\t\t\t\t<img loading=\"lazy\" width=\"262\" height=\"283\" src=\"https:\/\/holdingtrade.es\/wp-content\/uploads\/2024\/06\/Site-pollo-corazon.png\" class=\"attachment-full size-full\" alt=\"\" decoding=\"async\" srcset=\"https:\/\/holdingtrade.es\/wp-content\/uploads\/2024\/06\/Site-pollo-corazon.png 262w, https:\/\/holdingtrade.es\/wp-content\/uploads\/2024\/06\/Site-pollo-corazon-150x162.png 150w\" sizes=\"(max-width: 262px) 100vw, 262px\" \/>\t\t\t\t\t<\/div>\n\n\t\t\t\t<\/div>\n\t\t\t\t<\/div>\n\t\t\t\t<\/div>\n\t\t<div class=\"elementor-element elementor-element-3c03642 e-con-full e-flex wd-section-disabled e-con e-child\" data-id=\"3c03642\" data-element_type=\"container\">\n\t\t\t\t<div class=\"elementor-element elementor-element-7a4fb53 elementor-widget elementor-widget-wd_text_block\" data-id=\"7a4fb53\" data-element_type=\"widget\" data-widget_type=\"wd_text_block.default\">\n\t\t\t\t<div class=\"elementor-widget-container\">\n\t\t\t\t\t<div class=\"wd-text-block reset-last-child text-left\">\n\t\t\t\n\t\t\t<p><strong>CORAZ\u00d3N DE POLLO<\/strong><\/p><p>Nutritivo. Como prote\u00edna magra, el coraz\u00f3n de pollo es rico en muchos nutrientes.<\/p>\n\t\t\t\t\t<\/div>\n\t\t\t\t<\/div>\n\t\t\t\t<\/div>\n\t\t\t\t<\/div>\n\t\t\t\t\t<\/div>\n\t\t\t\t<\/div>\n\t\t<div class=\"wd-negative-gap elementor-element elementor-element-78278a9 e-flex e-con-boxed wd-section-disabled e-con e-parent\" data-id=\"78278a9\" data-element_type=\"container\">\n\t\t\t\t\t<div class=\"e-con-inner\">\n\t\t<div class=\"elementor-element elementor-element-95ea484 e-con-full e-flex wd-section-disabled e-con e-child\" data-id=\"95ea484\" data-element_type=\"container\">\n\t\t\t\t<div class=\"elementor-element elementor-element-0510d5d elementor-widget elementor-widget-wd_image_or_svg\" data-id=\"0510d5d\" data-element_type=\"widget\" data-widget_type=\"wd_image_or_svg.default\">\n\t\t\t\t<div class=\"elementor-widget-container\">\n\t\t\t\n\t\t<div class=\"wd-image text-center\">\n\t\t\t\t\t\t\t\t<img loading=\"lazy\" width=\"265\" height=\"280\" src=\"https:\/\/holdingtrade.es\/wp-content\/uploads\/2024\/06\/Site-pollo-molleja.png\" class=\"attachment-full size-full\" alt=\"\" decoding=\"async\" srcset=\"https:\/\/holdingtrade.es\/wp-content\/uploads\/2024\/06\/Site-pollo-molleja.png 265w, https:\/\/holdingtrade.es\/wp-content\/uploads\/2024\/06\/Site-pollo-molleja-150x158.png 150w\" sizes=\"(max-width: 265px) 100vw, 265px\" \/>\t\t\t\t\t<\/div>\n\n\t\t\t\t<\/div>\n\t\t\t\t<\/div>\n\t\t\t\t<\/div>\n\t\t<div class=\"elementor-element elementor-element-2c58997 e-con-full e-flex wd-section-disabled e-con e-child\" data-id=\"2c58997\" data-element_type=\"container\">\n\t\t\t\t<div class=\"elementor-element elementor-element-eecfe78 elementor-widget elementor-widget-wd_text_block\" data-id=\"eecfe78\" data-element_type=\"widget\" data-widget_type=\"wd_text_block.default\">\n\t\t\t\t<div class=\"elementor-widget-container\">\n\t\t\t\t\t<div class=\"wd-text-block reset-last-child text-left\">\n\t\t\t\n\t\t\t<p><strong>MOLLEJA<\/strong><\/p><p>Los beneficios del consumo de molleja de pollo son un porcentaje de prote\u00ednas satisfactorio, adem\u00e1s de un bajo contenido de l\u00edpidos totales.<\/p>\n\t\t\t\t\t<\/div>\n\t\t\t\t<\/div>\n\t\t\t\t<\/div>\n\t\t\t\t<\/div>\n\t\t\t\t\t<\/div>\n\t\t\t\t<\/div>\n\t\t<div class=\"wd-negative-gap elementor-element elementor-element-68f6236 e-flex e-con-boxed wd-section-disabled e-con e-parent\" data-id=\"68f6236\" data-element_type=\"container\">\n\t\t\t\t\t<div class=\"e-con-inner\">\n\t\t<div class=\"elementor-element elementor-element-bb70a59 e-con-full e-flex wd-section-disabled e-con e-child\" data-id=\"bb70a59\" data-element_type=\"container\">\n\t\t\t\t<div class=\"elementor-element elementor-element-2ae0cff elementor-widget elementor-widget-wd_image_or_svg\" data-id=\"2ae0cff\" data-element_type=\"widget\" data-widget_type=\"wd_image_or_svg.default\">\n\t\t\t\t<div class=\"elementor-widget-container\">\n\t\t\t\n\t\t<div class=\"wd-image text-center\">\n\t\t\t\t\t\t\t\t<img loading=\"lazy\" width=\"265\" height=\"280\" src=\"https:\/\/holdingtrade.es\/wp-content\/uploads\/2024\/06\/Site-pollo-higado.png\" class=\"attachment-full size-full\" alt=\"\" decoding=\"async\" srcset=\"https:\/\/holdingtrade.es\/wp-content\/uploads\/2024\/06\/Site-pollo-higado.png 265w, https:\/\/holdingtrade.es\/wp-content\/uploads\/2024\/06\/Site-pollo-higado-150x158.png 150w\" sizes=\"(max-width: 265px) 100vw, 265px\" \/>\t\t\t\t\t<\/div>\n\n\t\t\t\t<\/div>\n\t\t\t\t<\/div>\n\t\t\t\t<\/div>\n\t\t<div class=\"elementor-element elementor-element-ce6114b e-con-full e-flex wd-section-disabled e-con e-child\" data-id=\"ce6114b\" data-element_type=\"container\">\n\t\t\t\t<div class=\"elementor-element elementor-element-82a352c elementor-widget elementor-widget-wd_text_block\" data-id=\"82a352c\" data-element_type=\"widget\" data-widget_type=\"wd_text_block.default\">\n\t\t\t\t<div class=\"elementor-widget-container\">\n\t\t\t\t\t<div class=\"wd-text-block reset-last-child text-left\">\n\t\t\t\n\t\t\t<p><strong>H\u00cdGADO<\/strong><\/p><p>El h\u00edgado es una fuente incre\u00edble de vitamina C y tiene una buena variedad de minerales esenciales.<\/p>\n\t\t\t\t\t<\/div>\n\t\t\t\t<\/div>\n\t\t\t\t<\/div>\n\t\t\t\t<\/div>\n\t\t\t\t\t<\/div>\n\t\t\t\t<\/div>\n\t\t\t\t<\/div>\n\t\t","protected":false},"excerpt":{"rendered":"<ul>\n<li>Pies de Pollo<\/li>\n<li>Patas de Pollo<\/li>\n<li>Alas de Uni\u00f3n Media<\/li>\n<li>Pollo Entero<\/li>\n<li>Muslo y Cuarto de Pierna de Pollo<\/li>\n<li>Coraz\u00f3n de Pollo<\/li>\n<li>Molleja de Pollo<\/li>\n<li>H\u00edgado de Pollo<\/li>\n<\/ul>\n<p>Origen &#8211; Brasil<\/p>\n<p>Considerando productos frescos y procesados, las exportaciones brasile\u00f1as de carne de pollo totalizaron 451 mil toneladas en mayo de 2024, seg\u00fan la Asociaci\u00f3n Brasile\u00f1a de Prote\u00edna Animal (ABPA).<\/p>\n","protected":false},"featured_media":19854,"template":"","meta":{"_joinchat":[]},"product_cat":[286],"product_tag":[],"_links":{"self":[{"href":"https:\/\/holdingtrade.es\/pt-br\/wp-json\/wp\/v2\/product\/19853"}],"collection":[{"href":"https:\/\/holdingtrade.es\/pt-br\/wp-json\/wp\/v2\/product"}],"about":[{"href":"https:\/\/holdingtrade.es\/pt-br\/wp-json\/wp\/v2\/types\/product"}],"version-history":[{"count":0,"href":"https:\/\/holdingtrade.es\/pt-br\/wp-json\/wp\/v2\/product\/19853\/revisions"}],"wp:featuredmedia":[{"embeddable":true,"href":"https:\/\/holdingtrade.es\/pt-br\/wp-json\/wp\/v2\/media\/19854"}],"wp:attachment":[{"href":"https:\/\/holdingtrade.es\/pt-br\/wp-json\/wp\/v2\/media?parent=19853"}],"wp:term":[{"taxonomy":"product_cat","embeddable":true,"href":"https:\/\/holdingtrade.es\/pt-br\/wp-json\/wp\/v2\/product_cat?post=19853"},{"taxonomy":"product_tag","embeddable":true,"href":"https:\/\/holdingtrade.es\/pt-br\/wp-json\/wp\/v2\/product_tag?post=19853"}],"curies":[{"name":"wp","href":"https:\/\/api.w.org\/{rel}","templated":true}]}}