{"id":20091,"date":"2024-06-21T02:35:10","date_gmt":"2024-06-21T02:35:10","guid":{"rendered":"https:\/\/holdingtrade.es\/?post_type=product&#038;p=20091"},"modified":"2024-06-21T19:42:35","modified_gmt":"2024-06-21T19:42:35","slug":"cafe","status":"publish","type":"product","link":"https:\/\/holdingtrade.es\/pt-br\/producto\/cafe\/","title":{"rendered":"Cafe"},"content":{"rendered":"\t\t<div data-elementor-type=\"wp-post\" data-elementor-id=\"20091\" class=\"elementor elementor-20091\" data-elementor-post-type=\"product\">\n\t\t\t\t<div class=\"wd-negative-gap elementor-element elementor-element-edf4a5a e-flex e-con-boxed wd-section-disabled e-con e-parent\" data-id=\"edf4a5a\" data-element_type=\"container\">\n\t\t\t\t\t<div class=\"e-con-inner\">\n\t\t\t\t\t<\/div>\n\t\t\t\t<\/div>\n\t\t<div class=\"wd-negative-gap elementor-element elementor-element-afc3121 e-flex e-con-boxed wd-section-disabled e-con e-parent\" data-id=\"afc3121\" data-element_type=\"container\">\n\t\t\t\t\t<div class=\"e-con-inner\">\n\t\t<div class=\"elementor-element elementor-element-c9ba5b1 e-con-full e-flex wd-section-disabled e-con e-child\" data-id=\"c9ba5b1\" data-element_type=\"container\">\n\t\t\t\t<div class=\"elementor-element elementor-element-509d611 elementor-widget elementor-widget-wd_image_or_svg\" data-id=\"509d611\" data-element_type=\"widget\" data-widget_type=\"wd_image_or_svg.default\">\n\t\t\t\t<div class=\"elementor-widget-container\">\n\t\t\t\n\t\t<div class=\"wd-image text-center\">\n\t\t\t\t\t\t\t\t<img fetchpriority=\"high\" width=\"400\" height=\"400\" src=\"https:\/\/holdingtrade.es\/wp-content\/uploads\/2024\/06\/Site-Cafe-1-1.jpg\" class=\"attachment-full size-full\" alt=\"\" decoding=\"async\" srcset=\"https:\/\/holdingtrade.es\/wp-content\/uploads\/2024\/06\/Site-Cafe-1-1.jpg 400w, https:\/\/holdingtrade.es\/wp-content\/uploads\/2024\/06\/Site-Cafe-1-1-300x300.jpg 300w, https:\/\/holdingtrade.es\/wp-content\/uploads\/2024\/06\/Site-Cafe-1-1-150x150.jpg 150w\" sizes=\"(max-width: 400px) 100vw, 400px\" \/>\t\t\t\t\t<\/div>\n\n\t\t\t\t<\/div>\n\t\t\t\t<\/div>\n\t\t\t\t<\/div>\n\t\t<div class=\"elementor-element elementor-element-368666a e-con-full e-flex wd-section-disabled e-con e-child\" data-id=\"368666a\" data-element_type=\"container\">\n\t\t\t\t<div class=\"elementor-element elementor-element-5814d18 elementor-widget elementor-widget-wd_text_block\" data-id=\"5814d18\" data-element_type=\"widget\" data-widget_type=\"wd_text_block.default\">\n\t\t\t\t<div class=\"elementor-widget-container\">\n\t\t\t\t\t<div class=\"wd-text-block reset-last-child text-left\">\n\t\t\t\n\t\t\t<p><strong>CAF\u00c9 ARABICA<\/strong><br \/><strong>CAF\u00c9 ROBUSTA<\/strong><\/p><p>Ya se puede imaginar que Brasil es el mayor productor de caf\u00e9 del mundo y por eso produce dos tipos de caf\u00e9, Ar\u00e1bica y Robusta, que se utiliza en la industria como caf\u00e9 soluble.<\/p><p>S\u00f3lo el a\u00f1o pasado, Brasil cosech\u00f3 alrededor de 40,3 millones de sacos de 60 kilogramos y export\u00f3 alrededor de 36,80 millones de sacos. La producci\u00f3n de caf\u00e9 ar\u00e1bica fue de 32,05 millones de sacos y la de caf\u00e9 conil\u00f3n totaliz\u00f3 alrededor de 11,19 millones de sacos.<\/p>\n\t\t\t\t\t<\/div>\n\t\t\t\t<\/div>\n\t\t\t\t<\/div>\n\t\t\t\t<\/div>\n\t\t\t\t\t<\/div>\n\t\t\t\t<\/div>\n\t\t<div class=\"wd-negative-gap elementor-element elementor-element-104e124 e-flex e-con-boxed wd-section-disabled e-con e-parent\" data-id=\"104e124\" data-element_type=\"container\">\n\t\t\t\t\t<div class=\"e-con-inner\">\n\t\t<div class=\"elementor-element elementor-element-f8f69f1 e-con-full e-flex wd-section-disabled e-con e-child\" data-id=\"f8f69f1\" data-element_type=\"container\">\n\t\t\t\t<div class=\"elementor-element elementor-element-66e6db1 elementor-widget elementor-widget-wd_image_or_svg\" data-id=\"66e6db1\" data-element_type=\"widget\" data-widget_type=\"wd_image_or_svg.default\">\n\t\t\t\t<div class=\"elementor-widget-container\">\n\t\t\t\n\t\t<div class=\"wd-image text-center\">\n\t\t\t\t\t\t\t\t<img width=\"400\" height=\"400\" src=\"https:\/\/holdingtrade.es\/wp-content\/uploads\/2024\/06\/Site-Cafe-VERDE.jpg\" class=\"attachment-full size-full\" alt=\"\" decoding=\"async\" srcset=\"https:\/\/holdingtrade.es\/wp-content\/uploads\/2024\/06\/Site-Cafe-VERDE.jpg 400w, https:\/\/holdingtrade.es\/wp-content\/uploads\/2024\/06\/Site-Cafe-VERDE-300x300.jpg 300w, https:\/\/holdingtrade.es\/wp-content\/uploads\/2024\/06\/Site-Cafe-VERDE-150x150.jpg 150w\" sizes=\"(max-width: 400px) 100vw, 400px\" \/>\t\t\t\t\t<\/div>\n\n\t\t\t\t<\/div>\n\t\t\t\t<\/div>\n\t\t\t\t<\/div>\n\t\t<div class=\"elementor-element elementor-element-5557139 e-con-full e-flex wd-section-disabled e-con e-child\" data-id=\"5557139\" data-element_type=\"container\">\n\t\t\t\t<div class=\"elementor-element elementor-element-0f3b587 elementor-widget elementor-widget-wd_text_block\" data-id=\"0f3b587\" data-element_type=\"widget\" data-widget_type=\"wd_text_block.default\">\n\t\t\t\t<div class=\"elementor-widget-container\">\n\t\t\t\t\t<div class=\"wd-text-block reset-last-child text-left\">\n\t\t\t\n\t\t\t<p><strong>CAF\u00c9 VERDE<\/strong><\/p><p>El gran diferencial del caf\u00e9 verde es que, antes de pasar por el proceso de tostado, se almacena en recipientes cerrados durante mucho tiempo.<\/p><p>Por tanto, su grano es menos arom\u00e1tico y tiene un sabor m\u00e1s amargo que el grano de caf\u00e9 com\u00fan. Su proceso de producci\u00f3n es relativamente sencillo: despu\u00e9s del cultivo, los granos se cosechan, se someten a procesos de lavado, secado, almacenamiento, tostado y envasado. Durante estas etapas el caf\u00e9 verde no pierde sus propiedades (como ocurre con el caf\u00e9 tostado normal). Por tanto, tiene un mayor contenido en nutrientes y suele aportar m\u00e1s beneficios al organismo.<\/p>\n\t\t\t\t\t<\/div>\n\t\t\t\t<\/div>\n\t\t\t\t<\/div>\n\t\t\t\t<\/div>\n\t\t\t\t\t<\/div>\n\t\t\t\t<\/div>\n\t\t\t\t<\/div>\n\t\t","protected":false},"excerpt":{"rendered":"<ul>\n<li>Caf\u00e9 Ar\u00e1bica<\/li>\n<li>Caf\u00e9 Robusta<\/li>\n<li>Caf\u00e9 Verde<\/li>\n<\/ul>\n<p>Origen &#8211; Brasil<\/p>\n","protected":false},"featured_media":20092,"template":"","meta":{"_joinchat":[]},"product_cat":[286],"product_tag":[],"_links":{"self":[{"href":"https:\/\/holdingtrade.es\/pt-br\/wp-json\/wp\/v2\/product\/20091"}],"collection":[{"href":"https:\/\/holdingtrade.es\/pt-br\/wp-json\/wp\/v2\/product"}],"about":[{"href":"https:\/\/holdingtrade.es\/pt-br\/wp-json\/wp\/v2\/types\/product"}],"version-history":[{"count":0,"href":"https:\/\/holdingtrade.es\/pt-br\/wp-json\/wp\/v2\/product\/20091\/revisions"}],"wp:featuredmedia":[{"embeddable":true,"href":"https:\/\/holdingtrade.es\/pt-br\/wp-json\/wp\/v2\/media\/20092"}],"wp:attachment":[{"href":"https:\/\/holdingtrade.es\/pt-br\/wp-json\/wp\/v2\/media?parent=20091"}],"wp:term":[{"taxonomy":"product_cat","embeddable":true,"href":"https:\/\/holdingtrade.es\/pt-br\/wp-json\/wp\/v2\/product_cat?post=20091"},{"taxonomy":"product_tag","embeddable":true,"href":"https:\/\/holdingtrade.es\/pt-br\/wp-json\/wp\/v2\/product_tag?post=20091"}],"curies":[{"name":"wp","href":"https:\/\/api.w.org\/{rel}","templated":true}]}}