{"id":20120,"date":"2024-06-21T03:13:11","date_gmt":"2024-06-21T03:13:11","guid":{"rendered":"https:\/\/holdingtrade.es\/?post_type=product&#038;p=20120"},"modified":"2024-06-21T19:52:27","modified_gmt":"2024-06-21T19:52:27","slug":"pellets","status":"publish","type":"product","link":"https:\/\/holdingtrade.es\/pt-br\/producto\/pellets\/","title":{"rendered":"Pellets"},"content":{"rendered":"","protected":false},"excerpt":{"rendered":"<p>PELLETS<\/p>\n<p>Origen &#8211; Brasil<\/p>\n<p>El principal proveedor de pellets de madera del mundo sigue siendo Estados Unidos, con una participaci\u00f3n del 26% del comercio mundial, sin cambios en los \u00faltimos cuatro a\u00f1os. La gran mayor\u00eda de los env\u00edos ten\u00edan como destino el mercado del Reino Unido, que en 2021 represent\u00f3 el 72% del total de las exportaciones estadounidenses.<\/p>\n","protected":false},"featured_media":20121,"template":"","meta":{"_joinchat":[]},"product_cat":[286],"product_tag":[],"_links":{"self":[{"href":"https:\/\/holdingtrade.es\/pt-br\/wp-json\/wp\/v2\/product\/20120"}],"collection":[{"href":"https:\/\/holdingtrade.es\/pt-br\/wp-json\/wp\/v2\/product"}],"about":[{"href":"https:\/\/holdingtrade.es\/pt-br\/wp-json\/wp\/v2\/types\/product"}],"version-history":[{"count":0,"href":"https:\/\/holdingtrade.es\/pt-br\/wp-json\/wp\/v2\/product\/20120\/revisions"}],"wp:featuredmedia":[{"embeddable":true,"href":"https:\/\/holdingtrade.es\/pt-br\/wp-json\/wp\/v2\/media\/20121"}],"wp:attachment":[{"href":"https:\/\/holdingtrade.es\/pt-br\/wp-json\/wp\/v2\/media?parent=20120"}],"wp:term":[{"taxonomy":"product_cat","embeddable":true,"href":"https:\/\/holdingtrade.es\/pt-br\/wp-json\/wp\/v2\/product_cat?post=20120"},{"taxonomy":"product_tag","embeddable":true,"href":"https:\/\/holdingtrade.es\/pt-br\/wp-json\/wp\/v2\/product_tag?post=20120"}],"curies":[{"name":"wp","href":"https:\/\/api.w.org\/{rel}","templated":true}]}}